{"id":17216,"date":"2020-11-20T11:55:15","date_gmt":"2020-11-20T10:55:15","guid":{"rendered":"http:\/\/serveiseducatius.xtec.cat\/aribagorca-aran\/?page_id=17216"},"modified":"2020-11-23T13:40:40","modified_gmt":"2020-11-23T12:40:40","slug":"robot-edison","status":"publish","type":"page","link":"https:\/\/serveiseducatius.xtec.cat\/aribagorca-aran\/pensament-computacionau-2\/robot-edison\/","title":{"rendered":"Robot Edison"},"content":{"rendered":"<div class=\"hJDwNd-AhqUyc-qWD73c purZT-AhqUyc-II5mzb pSzOP-AhqUyc-qWD73c JNdkSc yYI8W \">\n<div class=\"JNdkSc-SmKAyb\">\n<div class=\"\">\n<div class=\"oKdM2c Kzv0Me\">\n<div id=\"h.5f32df73e53dc7fb_462\" class=\"hJDwNd-AhqUyc-qWD73c jXK9ad D2fZ2 OjCsFc GNzUNc\">\n<div class=\"jXK9ad-SmKAyb\">\n<div class=\"tyJCtd mGzaTb baZpAe\">\n<div><\/div>\n<div><\/div>\n<div><img loading=\"lazy\" decoding=\"async\" class=\"alignright\" src=\"https:\/\/lh6.googleusercontent.com\/Lx_jKM6pt9kybJBrZ71iGXyVWiqgYG3_qFK7oXJFhCDJBaXLCwvg5rUzOlKfdzCF4OSgs70dklQKuHCaUcQeVTXnA9BLCa1DhnL06Zi75ACOqOBiYQDc=w1280\" width=\"631\" height=\"421\" \/><\/div>\n<div><\/div>\n<div><\/div>\n<h6><\/h6>\n<h6 class=\"CjVfdc\">Enlaci generaus<\/h6>\n<div><\/div>\n<ul class=\"n8H08c UVNKR\">\n<li class=\"TYR86d zfr3Q\" dir=\"ltr\">\n<p class=\"CDt4Ke zfr3Q\" dir=\"ltr\"><span class=\" aw5Odc\"><a class=\"XqQF9c\" href=\"https:\/\/www.google.com\/url?q=https%3A%2F%2Fmeetedison.com%2F&amp;sa=D&amp;sntz=1&amp;usg=AFQjCNEfJJHZpPKYJRZ_640m_Br6zc7bAg\" target=\"_blank\" rel=\"noopener noreferrer\">Web oficiau<\/a><\/span>\u00a0(angl\u00e8s)<\/p>\n<\/li>\n<li class=\"TYR86d zfr3Q\" dir=\"ltr\">\n<p class=\"CDt4Ke zfr3Q\" dir=\"ltr\"><span class=\" aw5Odc\"><a class=\"XqQF9c\" href=\"https:\/\/www.google.com\/url?q=https%3A%2F%2Fmarf.es%2Fedison%2F&amp;sa=D&amp;sntz=1&amp;usg=AFQjCNFmkmrGz5ONp1tG3hbiBpTmfaNqSg\" target=\"_blank\" rel=\"noopener noreferrer\">Web en castelhan<\/a><\/span><\/p>\n<\/li>\n<\/ul>\n<h6 class=\"CDt4Ke zfr3Q\" dir=\"ltr\">\u00a0Recorsi:<\/h6>\n<\/div>\n<\/div>\n<\/div>\n<\/div>\n<div class=\"oKdM2c\">\n<div id=\"h.5f32df73e53dc7fb_464\" class=\"hJDwNd-AhqUyc-qWD73c jXK9ad D2fZ2 wHaque GNzUNc\">\n<div class=\"jXK9ad-SmKAyb\">\n<div class=\"tyJCtd mGzaTb baZpAe\">\n<div id=\"h.p_e7vWUPk42DiV\" class=\"GV3q8e aP9Z7e\"><\/div>\n<div class=\"CjVfdc\">\n<div class=\"PPhIP rviiZ\">\n<div class=\"U26fgb mUbCce fKz7Od LRAOtb rm120e\" role=\"presentation\" aria-describedby=\"h.p_e7vWUPk42DiV\" aria-label=\"Copia l'enlla\u00e7 del t\u00edtol\" aria-disabled=\"false\" data-tooltip=\"Copia l'enlla\u00e7 del t\u00edtol\" aria-hidden=\"true\" data-tooltip-position=\"top\" data-tooltip-vertical-offset=\"12\" data-tooltip-horizontal-offset=\"0\">\n<div class=\"VTBa7b MbhUzd\">Ent\u00e0 comen\u00e7ar:<\/div>\n<div><\/div>\n<\/div>\n<\/div>\n<\/div>\n<ul class=\"n8H08c UVNKR\">\n<li class=\"TYR86d zfr3Q\" dir=\"ltr\">\n<p class=\"CDt4Ke zfr3Q\" dir=\"ltr\"><span class=\" aw5Odc\"><a class=\"XqQF9c\" href=\"https:\/\/drive.google.com\/open?id=1nnhZB6h_93voRCvheXQN0krfYj23L8gAj4t2wKhFpOI\" target=\"_blank\" rel=\"noopener noreferrer\">Prum\u00e8rs passi damb es rob\u00f2t Edison (catal\u00e0)<\/a><\/span><\/p>\n<\/li>\n<li class=\"TYR86d zfr3Q\" dir=\"ltr\">\n<p class=\"CDt4Ke zfr3Q\" dir=\"ltr\"><span class=\" aw5Odc\"><a class=\"XqQF9c\" href=\"https:\/\/www.google.com\/url?q=https%3A%2F%2Fserveiseducatius.xtec.cat%2Fnoguera%2Frobotica-educativa%2Frobots-edison%2F&amp;sa=D&amp;sntz=1&amp;usg=AFQjCNEqhHOmNawAPw-JXccxHH9KPbFCdA\" target=\"_blank\" rel=\"noopener noreferrer\">Plana dedicada deth CRP dera Noguera<\/a><\/span><\/p>\n<\/li>\n<li class=\"TYR86d zfr3Q\" dir=\"ltr\">\n<p class=\"CDt4Ke zfr3Q\" dir=\"ltr\"><span class=\" aw5Odc\"><a class=\"XqQF9c\" href=\"https:\/\/www.google.com\/url?q=https%3A%2F%2Fmeetedison.com%2Fcontent%2FGet-started-with-Edison-guide-English.pdf&amp;sa=D&amp;sntz=1&amp;usg=AFQjCNEWMzZJI5o3aZz482wFRpl1xURsig\" target=\"_blank\" rel=\"noopener noreferrer\">Guida generau<\/a><\/span>\u00a0(angl\u00e8s).<\/p>\n<\/li>\n<li class=\"TYR86d zfr3Q\" dir=\"ltr\">\n<p class=\"CDt4Ke zfr3Q\" dir=\"ltr\"><span class=\" aw5Odc\"><a class=\"XqQF9c\" href=\"https:\/\/www.google.com\/url?q=https%3A%2F%2Fmeetedison.com%2Fcontent%2FChecklist-set-up-for-success-with-Edison.pdf&amp;sa=D&amp;sntz=1&amp;usg=AFQjCNG_t1n7tCnHHYJdAAQjESVswUSpOQ\" target=\"_blank\" rel=\"noopener noreferrer\">Targeta d&#8217;inici rapid<\/a><\/span> (angl\u00e8s).<\/p>\n<\/li>\n<li class=\"TYR86d zfr3Q\" dir=\"ltr\">\n<p class=\"CDt4Ke zfr3Q\" dir=\"ltr\"><span class=\" aw5Odc\"><a class=\"XqQF9c\" href=\"http:\/\/www.google.com\/url?q=http%3A%2F%2Ftoolbox.mobileworldcapital.com%2Fexperiencia%2Fracons-de-matem-tiques-amb-edison-robot%2F628&amp;sa=D&amp;sntz=1&amp;usg=AFQjCNHAMOK4WEOrvGsBh2jGE005FNib3w\" target=\"_blank\" rel=\"noopener noreferrer\">Corn\u00e8rs de matematiques damb Edison<\/a><\/span> (TOOLBOX).<\/p>\n<\/li>\n<li class=\"TYR86d zfr3Q\" dir=\"ltr\">\n<p class=\"CDt4Ke zfr3Q\" dir=\"ltr\"><span class=\" aw5Odc\"><a class=\"XqQF9c\" href=\"http:\/\/www.google.com\/url?q=http%3A%2F%2Fateneu.xtec.cat%2Fwikiform%2Fwikiexport%2Fmaterials%2Fstemcat%2Fmetodologies%2Ftm5&amp;sa=D&amp;sntz=1&amp;usg=AFQjCNFEZEULbOSPww00kIkFEHilPKWg9w\" target=\"_blank\" rel=\"noopener noreferrer\">Corn\u00e8rs damb STEAM<\/a><\/span><\/p>\n<\/li>\n<\/ul>\n<\/div>\n<\/div>\n<\/div>\n<\/div>\n<\/div>\n<\/div>\n<\/div>\n<div class=\"hJDwNd-AhqUyc-qWD73c purZT-AhqUyc-II5mzb pSzOP-AhqUyc-qWD73c JNdkSc\">\n<div class=\"JNdkSc-SmKAyb\">\n<div class=\"\">\n<div class=\"oKdM2c Kzv0Me\">\n<div id=\"h.5f32df73e53dc7fb_459\" class=\"hJDwNd-AhqUyc-qWD73c jXK9ad D2fZ2 OjCsFc wHaque GNzUNc\">\n<div class=\"jXK9ad-SmKAyb\">\n<div class=\"tyJCtd mGzaTb baZpAe\">\n<div id=\"h.p_uI29AtKi2DiN\" class=\"CobnVe aP9Z7e\"><\/div>\n<div class=\"CjVfdc\">\n<div class=\"PPhIP rviiZ\">\n<div class=\"U26fgb mUbCce fKz7Od LRAOtb rm120e\" role=\"presentation\" aria-describedby=\"h.p_uI29AtKi2DiN\" aria-label=\"Copia l'enlla\u00e7 del t\u00edtol\" aria-disabled=\"false\" data-tooltip=\"Copia l'enlla\u00e7 del t\u00edtol\" aria-hidden=\"true\" data-tooltip-position=\"top\" data-tooltip-vertical-offset=\"12\" data-tooltip-horizontal-offset=\"0\">\n<div class=\"VTBa7b MbhUzd\"><\/div>\n<\/div>\n<\/div>\n<h6>Ficha basica<\/h6>\n<\/div>\n<div><\/div>\n<ul class=\"n8H08c UVNKR\">\n<li class=\"TYR86d zfr3Q\" dir=\"ltr\">\n<p class=\"CDt4Ke zfr3Q\" dir=\"ltr\">Edats: a compdar de 5 ans ( usatge damb c\u00f2dis de barres). Era programacion per bl\u00f2cs se recomane a compdar de 7 ans.<\/p>\n<\/li>\n<li class=\"TYR86d zfr3Q\" dir=\"ltr\">\n<p class=\"CDt4Ke zfr3Q\" dir=\"ltr\">Pretz: 35 &#8211; 40 \u20ac.<\/p>\n<\/li>\n<li class=\"TYR86d zfr3Q\" dir=\"ltr\">\n<p class=\"CDt4Ke zfr3Q\" dir=\"ltr\">Pack d&#8217;aula (10 rob\u00f2ts ): 295 \u20ac.<\/p>\n<\/li>\n<li class=\"TYR86d zfr3Q\" dir=\"ltr\">\n<p class=\"CDt4Ke zfr3Q\" dir=\"ltr\">Pack d&#8217;aula compl\u00e8t (10 rob\u00f2ts + 10 kits de peces): 470 \u20ac.<\/p>\n<\/li>\n<li class=\"TYR86d zfr3Q\" dir=\"ltr\">\n<p class=\"CDt4Ke zfr3Q\" dir=\"ltr\">Entorn de programacion: propri, multiplataforma. Se p\u00f2t programar damb diuersi\u00a0 lenguatges de despari\u00e8rs niv\u00e8us.<\/p>\n<\/li>\n<li class=\"TYR86d zfr3Q\" dir=\"ltr\">\n<p class=\"CDt4Ke zfr3Q\" dir=\"ltr\">Compatible damb Lego.<\/p>\n<\/li>\n<li class=\"TYR86d zfr3Q\" dir=\"ltr\">\n<p class=\"CDt4Ke zfr3Q\" dir=\"ltr\">Materiaus premanits entath professorat e en aula: \u00f2c.<\/p>\n<\/li>\n<\/ul>\n<\/div>\n<\/div>\n<div><\/div>\n<div><\/div>\n<h6 class=\"CjVfdc\"><strong>Abans de programar: trebalh damb c\u00f2dis de barres<\/strong><\/h6>\n<div><\/div>\n<p class=\"CDt4Ke zfr3Q\" dir=\"ltr\">Eth trebalh damb eth rob\u00f2t sense lenguatge de programacion ei remassat en EdBook1 (a compdar de 4 ans):<\/p>\n<ul class=\"n8H08c UVNKR\">\n<li class=\"TYR86d zfr3Q\" style=\"list-style-type: none;\">\n<ul class=\"n8H08c UVNKR\">\n<li class=\"TYR86d zfr3Q\" dir=\"ltr\"><span class=\" aw5Odc\" style=\"font-family: inherit; font-size: 1em;\"><a class=\"XqQF9c\" href=\"https:\/\/www.google.com\/url?q=https%3A%2F%2Fmeetedison.com%2Fcontent%2FEdison-robot-barcodes.pdf&amp;sa=D&amp;sntz=1&amp;usg=AFQjCNE-8ZpqVidQXPqziUeE2TVCh_bfnQ\" target=\"_blank\" rel=\"noopener noreferrer\">Listrat des c\u00f2dis de barres<\/a><\/span><span style=\"font-family: inherit; font-size: 1em;\"> (angl\u00e8s).<\/span><\/li>\n<\/ul>\n<\/li>\n<\/ul>\n<\/div>\n<\/div>\n<div class=\"hJDwNd-AhqUyc-OiUrBf purZT-AhqUyc-II5mzb pSzOP-AhqUyc-qWD73c JNdkSc\">\n<div class=\"JNdkSc-SmKAyb\">\n<div class=\"\">\n<div class=\"oKdM2c Kzv0Me\">\n<div id=\"h.5f32df73e53dc7fb_488\" class=\"hJDwNd-AhqUyc-OiUrBf jXK9ad D2fZ2 OjCsFc wHaque GNzUNc\">\n<div class=\"jXK9ad-SmKAyb\">\n<div class=\"tyJCtd mGzaTb baZpAe\">\n<div class=\"CjVfdc\">Software de programacion ent\u00e0 Edison<\/div>\n<div id=\"h.p_HmACgkLju3jU\" class=\"GV3q8e aP9Z7e\"><\/div>\n<div class=\"CjVfdc\">\n<div class=\"PPhIP rviiZ\">\n<div class=\"U26fgb mUbCce fKz7Od LRAOtb rm120e\" role=\"presentation\" aria-describedby=\"h.p_HmACgkLju3jU\" aria-label=\"Copia l'enlla\u00e7 del t\u00edtol\" aria-disabled=\"false\" data-tooltip=\"Copia l'enlla\u00e7 del t\u00edtol\" aria-hidden=\"true\" data-tooltip-position=\"top\" data-tooltip-vertical-offset=\"12\" data-tooltip-horizontal-offset=\"0\">\n<div class=\"VTBa7b MbhUzd\"><\/div>\n<\/div>\n<\/div>\n<p><span class=\" aw5Odc\"><a class=\"XqQF9c\" href=\"https:\/\/www.google.com\/url?q=https%3A%2F%2Fwww.edblocksapp.com%2F&amp;sa=D&amp;sntz=1&amp;usg=AFQjCNEzwlfKm4M9Huog410N529GA1ErVQ\" target=\"_blank\" rel=\"noopener noreferrer\">Edblocks<\/a><\/span> (7 -12 ans)<\/p>\n<\/div>\n<h6 class=\"CDt4Ke zfr3Q\" dir=\"ltr\"><strong>Programacion ent\u00e0 bl\u00f2cs online simplificada e sense t\u00e8xte, estil Scratch Jr. d&#8217;Auti recorsi:<\/strong><\/h6>\n<p>&nbsp;<\/p>\n<ul class=\"n8H08c UVNKR\">\n<li class=\"TYR86d zfr3Q\" style=\"list-style-type: none;\">\n<ul class=\"n8H08c UVNKR\">\n<li class=\"TYR86d zfr3Q\" dir=\"ltr\">\n<p class=\"CDt4Ke zfr3Q\" dir=\"ltr\"><span class=\" aw5Odc\"><a class=\"XqQF9c\" href=\"https:\/\/www.google.com\/url?q=https%3A%2F%2Fmeetedison.com%2Fcontent%2FTool-Tips-Catalan.xlsx&amp;sa=D&amp;sntz=1&amp;usg=AFQjCNE4DOgPeL0nu5jf9Hk4GyLB-Pg-Lg\" target=\"_blank\" rel=\"noopener noreferrer\"><strong>Edblocks tool tips<\/strong><\/a><\/span><strong> (catalan). Descripcion ent\u00e0 que serv\u00eds cada bl\u00f2c en format Excel. Alternatiua: <\/strong><span class=\" aw5Odc\"><a class=\"XqQF9c\" href=\"https:\/\/drive.google.com\/open?id=136OWoFT-v10xhvT0vlGg9Y7oerZm88ME\" target=\"_blank\" rel=\"noopener noreferrer\"><strong>PDF ent\u00e0 imprimir<\/strong><\/a><\/span><strong>.<\/strong><\/p>\n<\/li>\n<li class=\"TYR86d zfr3Q\" dir=\"ltr\">\n<p class=\"CDt4Ke zfr3Q\" dir=\"ltr\"><span class=\" aw5Odc\"><a class=\"XqQF9c\" href=\"https:\/\/drive.google.com\/open?id=1dWToYJAOX-RjIX6MPMWRa-sK1_Dk8peg66tbhWUlAIg\" target=\"_blank\" rel=\"noopener noreferrer\">Descripcion dera interf\u00edcie<\/a><\/span> (catal\u00e0).<\/p>\n<\/li>\n<li class=\"TYR86d zfr3Q\" dir=\"ltr\">\n<p class=\"CDt4Ke zfr3Q\" dir=\"ltr\"><span class=\" aw5Odc\"><a class=\"XqQF9c\" href=\"https:\/\/drive.google.com\/open?id=1e3-o8IuOpOGZ9aFQeRaq4fRPahMooayyYJ2ODVbK6PM\" target=\"_blank\" rel=\"noopener noreferrer\">Prum\u00e8rs passi damb EdBlocks<\/a><\/span> (catal\u00e0).<\/p>\n<\/li>\n<li class=\"TYR86d zfr3Q\" dir=\"ltr\">\n<p class=\"CDt4Ke zfr3Q\" dir=\"ltr\"><span class=\" aw5Odc\"><a class=\"XqQF9c\" href=\"https:\/\/drive.google.com\/open?id=1pxEG3BG8amFC83IIsgz7bE_Gqnsgp-D1hMUapRPVRxk\" target=\"_blank\" rel=\"noopener noreferrer\">Targetes EdBlocks<\/a><\/span> (ua auta activitat d&#8217;iniciacion, en catalan).<\/p>\n<\/li>\n<li class=\"TYR86d zfr3Q\" dir=\"ltr\">\n<p class=\"CDt4Ke zfr3Q\" dir=\"ltr\"><span class=\" aw5Odc\"><a class=\"XqQF9c\" href=\"https:\/\/www.google.com\/url?q=https%3A%2F%2Fmeetedison.com%2Fcontent%2FTu-EdAventura-con-EdBlocks.pdf&amp;sa=D&amp;sntz=1&amp;usg=AFQjCNGUEbSTXo3TkCpwt6XgF9lKHn_DMQ\" target=\"_blank\" rel=\"noopener noreferrer\"><strong>EdAventura damb EdBlocks<\/strong><\/a><\/span><strong> (castelhan). Guida generau basica damb activitats.<\/strong><\/p>\n<\/li>\n<li class=\"TYR86d zfr3Q\" dir=\"ltr\">\n<p class=\"CDt4Ke zfr3Q\" dir=\"ltr\"><span class=\" aw5Odc\"><a class=\"XqQF9c\" href=\"https:\/\/www.google.com\/url?q=https%3A%2F%2Fmeetedison.com%2Fcontent%2FEdBlocks-lesson-activity-worksheets.zip&amp;sa=D&amp;sntz=1&amp;usg=AFQjCNFwtIHJo2mD0q6XTCiJI9TonHHQDQ\" target=\"_blank\" rel=\"noopener noreferrer\"><strong>EdBlocks lesson activities set (individual files and complete set)<\/strong><\/a><\/span><strong> (angl\u00e8s).<\/strong><\/p>\n<\/li>\n<li class=\"TYR86d zfr3Q\" dir=\"ltr\">\n<p class=\"CDt4Ke zfr3Q\" dir=\"ltr\"><span class=\" aw5Odc\"><a class=\"XqQF9c\" href=\"https:\/\/www.google.com\/url?q=https%3A%2F%2Fmeetedison.com%2Fcontent%2FEdBlocks-teachers-guide-complete.pdf&amp;sa=D&amp;sntz=1&amp;usg=AFQjCNHYj5V4dud7EG5juV-jh0lMdzxvlw\" target=\"_blank\" rel=\"noopener noreferrer\">Edblocks Teacher&#8217;s guide<\/a><\/span> (angl\u00e8s)<\/p>\n<\/li>\n<\/ul>\n<\/li>\n<\/ul>\n<div id=\"h.p_n_eNID-6yNsW\" class=\"GV3q8e aP9Z7e\"><\/div>\n<div class=\"CjVfdc\">\n<div class=\"PPhIP rviiZ\">\n<div class=\"U26fgb mUbCce fKz7Od LRAOtb rm120e\" role=\"presentation\" aria-describedby=\"h.p_n_eNID-6yNsW\" aria-label=\"Copia l'enlla\u00e7 del t\u00edtol\" aria-disabled=\"false\" data-tooltip=\"Copia l'enlla\u00e7 del t\u00edtol\" aria-hidden=\"true\" data-tooltip-position=\"top\" data-tooltip-vertical-offset=\"12\" data-tooltip-horizontal-offset=\"0\">\n<div class=\"VTBa7b MbhUzd\"><\/div>\n<\/div>\n<\/div>\n<h6><span class=\" aw5Odc\"><a class=\"XqQF9c\" href=\"https:\/\/www.google.com\/url?q=https%3A%2F%2Fwww.edscratchapp.com%2F&amp;sa=D&amp;sntz=1&amp;usg=AFQjCNHbCiQxuoiOE41ogh9pWuoPD-fsLw\" target=\"_blank\" rel=\"noopener noreferrer\"><strong>EdScratch<\/strong><\/a><\/span><strong> (10 &#8211; 100 anys)<\/strong><\/h6>\n<\/div>\n<\/div>\n<div><\/div>\n<div class=\"tyJCtd mGzaTb baZpAe\">\n<p class=\"CDt4Ke zfr3Q\" dir=\"ltr\">Software programacion per bl\u00f2cs, estil Scratch. Ei un programari nau, e peth moment sonque en angl\u00e8s.<\/p>\n<ul class=\"n8H08c UVNKR\">\n<li class=\"TYR86d zfr3Q\" style=\"list-style-type: none;\">\n<ul class=\"n8H08c UVNKR\">\n<li class=\"TYR86d zfr3Q\" dir=\"ltr\">\n<p class=\"CDt4Ke zfr3Q\" dir=\"ltr\"><span class=\" aw5Odc\"><a class=\"XqQF9c\" href=\"https:\/\/www.google.com\/url?q=https%3A%2F%2Fmeetedison.com%2Fcontent%2FEdScratch%2FEdScratch-student-lesson-activities.pdf&amp;sa=D&amp;sntz=1&amp;usg=AFQjCNEXDenxcmGK1g93y_qWfID0yR5NRQ\" target=\"_blank\" rel=\"noopener noreferrer\">Activitats EdScratch ent\u00e0s alumnes<\/a><\/span> (angl\u00e8s).<\/p>\n<\/li>\n<li class=\"TYR86d zfr3Q\" dir=\"ltr\">\n<p class=\"CDt4Ke zfr3Q\" dir=\"ltr\"><span class=\" aw5Odc\"><a class=\"XqQF9c\" href=\"https:\/\/www.google.com\/url?q=https%3A%2F%2Fmeetedison.com%2Fcontent%2FEdScratch%2FEdScratch-teachers-guide.pdf&amp;sa=D&amp;sntz=1&amp;usg=AFQjCNGixYRIWwx80vxtASJB80mXhRt3aw\" target=\"_blank\" rel=\"noopener noreferrer\">Guida ent\u00e0 docents d&#8217;EdScratch<\/a><\/span> (angl\u00e8s).<\/p>\n<\/li>\n<\/ul>\n<\/li>\n<\/ul>\n<div id=\"h.p_fonNRUXV8sBG\" class=\"GV3q8e aP9Z7e\"><\/div>\n<div class=\"CjVfdc\">\n<div class=\"PPhIP rviiZ\">\n<div class=\"U26fgb mUbCce fKz7Od LRAOtb rm120e\" role=\"presentation\" aria-describedby=\"h.p_fonNRUXV8sBG\" aria-label=\"Copia l'enlla\u00e7 del t\u00edtol\" aria-disabled=\"false\" data-tooltip=\"Copia l'enlla\u00e7 del t\u00edtol\" aria-hidden=\"true\" data-tooltip-position=\"top\" data-tooltip-vertical-offset=\"12\" data-tooltip-horizontal-offset=\"0\">\n<div class=\"VTBa7b MbhUzd\"><\/div>\n<\/div>\n<\/div>\n<h6><strong><span class=\" aw5Odc\"><a class=\"XqQF9c\" href=\"http:\/\/www.google.com\/url?q=http%3A%2F%2Fwww.edpyapp.com%2F&amp;sa=D&amp;sntz=1&amp;usg=AFQjCNHINct6owpk9uI-ZoTgeYvp8d3smg\" target=\"_blank\" rel=\"noopener noreferrer\">EdpY<\/a><\/span> (m\u00e9s de 13 anys)<\/strong><\/h6>\n<\/div>\n<div><\/div>\n<p class=\"CDt4Ke zfr3Q\" dir=\"ltr\">Programacion damb lenguatge Python (c\u00f2di reau). Ei en linha e tanben a <span class=\" aw5Odc\"><a class=\"XqQF9c\" href=\"https:\/\/chrome.google.com\/webstore\/detail\/edpy\/bfcdlfdlcemoimjalchcpcelfhhjpcdp\" target=\"_blank\" rel=\"noopener noreferrer\">complement ent\u00e0 Chrome<\/a><\/span>.<\/p>\n<ul class=\"n8H08c UVNKR\">\n<li class=\"TYR86d zfr3Q\" style=\"list-style-type: none;\">\n<ul class=\"n8H08c UVNKR\">\n<li class=\"TYR86d zfr3Q\" dir=\"ltr\">\n<p class=\"CDt4Ke zfr3Q\" dir=\"ltr\"><span class=\" aw5Odc\"><a class=\"XqQF9c\" href=\"https:\/\/www.google.com\/url?q=https%3A%2F%2Fmeetedison.com%2Fcontent%2FEdPy-teachers-guide-complete.pdf&amp;sa=D&amp;sntz=1&amp;usg=AFQjCNFsHEg7rS09LmgfshtpIvJKkpYSZw\" target=\"_blank\" rel=\"noopener noreferrer\">EdPy teacher&#8217;s guide<\/a><\/span> (angl\u00e8s).<\/p>\n<\/li>\n<li class=\"TYR86d zfr3Q\" dir=\"ltr\">\n<p class=\"CDt4Ke zfr3Q\" dir=\"ltr\"><span class=\" aw5Odc\"><a class=\"XqQF9c\" href=\"https:\/\/www.google.com\/url?q=https%3A%2F%2Fmeetedison.com%2Fcontent%2FEdPy-app-documentation-guide.pdf&amp;sa=D&amp;sntz=1&amp;usg=AFQjCNEPmqQNFflt-DSXIv5dFQp9msqdyw\" target=\"_blank\" rel=\"noopener noreferrer\">EdPy app documentation guide<\/a><\/span> (angl\u00e8s).<\/p>\n<\/li>\n<\/ul>\n<\/li>\n<\/ul>\n<\/div>\n<\/div>\n<\/div>\n<\/div>\n<\/div>\n<\/div>\n<\/div>\n<div class=\"hJDwNd-AhqUyc-II5mzb purZT-AhqUyc-II5mzb pSzOP-AhqUyc-II5mzb JNdkSc yYI8W \">\n<div class=\"JNdkSc-SmKAyb\">\n<div class=\"\">\n<div class=\"oKdM2c Kzv0Me\">\n<div id=\"h.5f32df73e53dc7fb_483\" class=\"hJDwNd-AhqUyc-II5mzb pSzOP-AhqUyc-II5mzb jXK9ad D2fZ2 OjCsFc\">\n<div class=\"jXK9ad-SmKAyb\">\n<div class=\"tyJCtd baZpAe\">\n<div class=\"t3iYD\"><a href=\"https:\/\/serveiseducatius.xtec.cat\/aribagorca-aran\/wp-content\/uploads\/usu1143\/2020\/11\/edison-robot-educatif1.jpg\"><img loading=\"lazy\" decoding=\"async\" class=\"size-medium wp-image-17252 alignright\" src=\"https:\/\/serveiseducatius.xtec.cat\/aribagorca-aran\/wp-content\/uploads\/usu1143\/2020\/11\/edison-robot-educatif1-300x197.jpg\" alt=\"\" width=\"300\" height=\"197\" srcset=\"https:\/\/serveiseducatius.xtec.cat\/aribagorca-aran\/wp-content\/uploads\/usu1143\/2020\/11\/edison-robot-educatif1-300x197.jpg 300w, https:\/\/serveiseducatius.xtec.cat\/aribagorca-aran\/wp-content\/uploads\/usu1143\/2020\/11\/edison-robot-educatif1-768x504.jpg 768w, https:\/\/serveiseducatius.xtec.cat\/aribagorca-aran\/wp-content\/uploads\/usu1143\/2020\/11\/edison-robot-educatif1-1024x672.jpg 1024w, https:\/\/serveiseducatius.xtec.cat\/aribagorca-aran\/wp-content\/uploads\/usu1143\/2020\/11\/edison-robot-educatif1.jpg 1648w\" sizes=\"auto, (max-width: 300px) 100vw, 300px\" \/><\/a><\/div>\n<\/div>\n<\/div>\n<\/div>\n<\/div>\n<div class=\"oKdM2c\">\n<div id=\"h.5f32df73e53dc7fb_485\" class=\"hJDwNd-AhqUyc-II5mzb pSzOP-AhqUyc-II5mzb jXK9ad D2fZ2 wHaque QaN0Zc\">\n<div class=\"jXK9ad-SmKAyb\">\n<div class=\"tyJCtd baZpAe\">\n<div class=\"t3iYD\"><\/div>\n<\/div>\n<div>\n<div class=\"hJDwNd-AhqUyc-qWD73c purZT-AhqUyc-II5mzb pSzOP-AhqUyc-qWD73c JNdkSc\">\n<div class=\"JNdkSc-SmKAyb\">\n<div class=\"\">\n<div class=\"oKdM2c Kzv0Me\">\n<div id=\"h.5f32df73e53dc7fb_502\" class=\"hJDwNd-AhqUyc-qWD73c jXK9ad D2fZ2 OjCsFc wHaque GNzUNc\">\n<div class=\"jXK9ad-SmKAyb\">\n<div class=\"tyJCtd mGzaTb baZpAe\">\n<div><\/div>\n<div><\/div>\n<div><\/div>\n<div>D&#8217;auti recorsi:<\/div>\n<\/div>\n<div><\/div>\n<div class=\"tyJCtd mGzaTb baZpAe\">\n<h5><img loading=\"lazy\" decoding=\"async\" class=\"aligncenter\" src=\"https:\/\/lh5.googleusercontent.com\/nNmDVqjUINUwbgSndTiFEYentKSG9RkjoTYxITpLctIEXJYFezdXfkz4UOv_2mOpZQl5LCAUPdIFyZLt2nC-txpohLsX3GHRTtCWw1TUQVf1USQfDaE=w1280\" width=\"424\" height=\"288\" \/><\/h5>\n<div class=\"CjVfdc\">EdCreate<\/div>\n<\/div>\n<div><\/div>\n<div class=\"tyJCtd mGzaTb baZpAe\">\n<p class=\"CDt4Ke zfr3Q\" dir=\"ltr\">EdCreate ei un kit de peces estil Lego que permeten bastir rob\u00f2ts m\u00e9s complexs. Damb aguest kit podem accedir en EdBook 3:<\/p>\n<ul class=\"n8H08c UVNKR\">\n<li class=\"TYR86d zfr3Q\" style=\"list-style-type: none;\">\n<ul class=\"n8H08c UVNKR\">\n<li class=\"TYR86d zfr3Q\" dir=\"ltr\">\n<p class=\"CDt4Ke zfr3Q\" dir=\"ltr\"><span class=\" aw5Odc\"><a class=\"XqQF9c\" href=\"https:\/\/www.google.com\/url?q=https%3A%2F%2Fmeetedison.com%2Fedcreate%2F&amp;sa=D&amp;sntz=1&amp;usg=AFQjCNGQOP9x8TDjsiKr3QrXRU1e3RBROg\" target=\"_blank\" rel=\"noopener noreferrer\"><strong>Plana de EdCreate<\/strong><\/a><\/span><strong> damb guida docent e 5 activitats (tanc, excavadora, pin\u00e7a robotica, grua, impressora).<\/strong><\/p>\n<\/li>\n<li class=\"TYR86d zfr3Q\" dir=\"ltr\">\n<p class=\"CDt4Ke zfr3Q\" dir=\"ltr\"><span class=\" aw5Odc\"><a class=\"XqQF9c\" href=\"http:\/\/www.google.com\/url?q=http%3A%2F%2Fmarf.es%2Fedison%2Fwp-content%2Fuploads%2F2015%2F05%2FEdBook3-Your-EdVenture-into-Robotics-You-re-a-Builder.pdf&amp;sa=D&amp;sntz=1&amp;usg=AFQjCNFhJa3-7lZFxy7eF9Gt-LUSl8nM6A\" target=\"_blank\" rel=\"noopener noreferrer\">EdBook3 Your EdVenture into Robotics \u2013 You\u2019re a Builder<\/a><\/span> (Angl\u00e8s)<\/p>\n<\/li>\n<li class=\"TYR86d zfr3Q\" dir=\"ltr\">\n<p class=\"CDt4Ke zfr3Q\" dir=\"ltr\"><span class=\" aw5Odc\"><a class=\"XqQF9c\" href=\"http:\/\/www.google.com\/url?q=http%3A%2F%2Fmarf.es%2Fedison%2Fwp-content%2Fuploads%2F2015%2F05%2FEdBook3-EdPrinter-programs.zip&amp;sa=D&amp;sntz=1&amp;usg=AFQjCNESWobmkY-0sZkEag01DjjyNXR0Xw\" target=\"_blank\" rel=\"noopener noreferrer\">EdPrinter program from EdBook3<\/a><\/span> (Angl\u00e8s)<\/p>\n<\/li>\n<\/ul>\n<\/li>\n<\/ul>\n<\/div>\n<\/div>\n<\/div>\n<\/div>\n<\/div>\n<\/div>\n<\/div>\n<div class=\"hJDwNd-AhqUyc-ibL1re purZT-AhqUyc-ibL1re pSzOP-AhqUyc-ibL1re JNdkSc\">\n<div class=\"JNdkSc-SmKAyb\">\n<div class=\"\">\n<div class=\"oKdM2c Kzv0Me\">\n<div id=\"h.5f32df73e53dc7fb_499\" class=\"hJDwNd-AhqUyc-ibL1re purZT-AhqUyc-ibL1re pSzOP-AhqUyc-ibL1re jXK9ad D2fZ2 OjCsFc wHaque\">\n<div class=\"jXK9ad-SmKAyb\">\n<div class=\"tyJCtd baZpAe\">\n<div class=\"t3iYD\"><img loading=\"lazy\" decoding=\"async\" class=\"CENy8b\" role=\"img\" src=\"https:\/\/lh5.googleusercontent.com\/DEN1ExLu8LY9ypcDvnakL4NhE4tDaG6FtyZwZejP3_opJnt3fEevZrxvGVsSEP1BLqN9EDY=w1280\" width=\"373\" height=\"373\" \/><\/div>\n<\/div>\n<\/div>\n<\/div>\n<\/div>\n<\/div>\n<\/div>\n<\/div>\n<div class=\"hJDwNd-AhqUyc-II5mzb purZT-AhqUyc-II5mzb pSzOP-AhqUyc-II5mzb JNdkSc\">\n<div class=\"JNdkSc-SmKAyb\">\n<div class=\"\">\n<div class=\"oKdM2c Kzv0Me\">\n<div id=\"h.5f32df73e53dc7fb_496\" class=\"hJDwNd-AhqUyc-II5mzb pSzOP-AhqUyc-II5mzb jXK9ad D2fZ2 OjCsFc wHaque\">\n<div class=\"jXK9ad-SmKAyb\">\n<div class=\"tyJCtd baZpAe\">\n<div class=\"t3iYD\"><img loading=\"lazy\" decoding=\"async\" class=\"CENy8b aligncenter\" role=\"img\" src=\"https:\/\/lh5.googleusercontent.com\/nNmDVqjUINUwbgSndTiFEYentKSG9RkjoTYxITpLctIEXJYFezdXfkz4UOv_2mOpZQl5LCAUPdIFyZLt2nC-txpohLsX3GHRTtCWw1TUQVf1USQfDaE=w1280\" width=\"794\" height=\"539\" \/><\/div>\n<\/div>\n<\/div>\n<\/div>\n<\/div>\n<\/div>\n<\/div>\n<\/div>\n<\/div>\n<\/div>\n<\/div>\n<\/div>\n<\/div>\n<\/div>\n<\/div>\n<\/div>\n<\/div>\n<\/div>\n","protected":false},"excerpt":{"rendered":"<p>Enlaci generaus<\/p>\n<ul class=\"n8H08c UVNKR\">\n<li class=\"TYR86d zfr3Q\" dir=\"ltr\">\n<a class=\"XqQF9c\" href=\"https:\/\/www.google.com\/url?q=https%3A%2F%2Fmeetedison.com%2F&amp;sa=D&amp;sntz=1&amp;usg=AFQjCNEfJJHZpPKYJRZ_640m_Br6zc7bAg\" target=\"_blank\" rel=\"noopener noreferrer\">Web oficiau<\/a>\u00a0(angl\u00e8s)\n<\/li>\n<li class=\"TYR86d zfr3Q\" dir=\"ltr\">\n<a class=\"XqQF9c\" href=\"https:\/\/www.google.com\/url?q=https%3A%2F%2Fmarf.es%2Fedison%2F&amp;sa=D&amp;sntz=1&amp;usg=AFQjCNFmkmrGz5ONp1tG3hbiBpTmfaNqSg\" target=\"_blank\" rel=\"noopener noreferrer\">Web en castelhan<\/a>\n<\/li>\n<\/ul>\n<p>\u00a0Recorsi:<\/p>\n<p>Ent\u00e0 comen\u00e7ar:<\/p>\n<ul class=\"n8H08c UVNKR\">\n<li class=\"TYR86d zfr3Q\" dir=\"ltr\">\n<a class=\"XqQF9c\" href=\"https:\/\/drive.google.com\/open?id=1nnhZB6h_93voRCvheXQN0krfYj23L8gAj4t2wKhFpOI\" target=\"_blank\" rel=\"noopener noreferrer\">Prum\u00e8rs passi damb es rob\u00f2t Edison (catal\u00e0)<\/a>\n<\/li>\n<li class=\"TYR86d zfr3Q\" dir=\"ltr\">\n<a class=\"XqQF9c\" href=\"https:\/\/www.google.com\/url?q=https%3A%2F%2Fserveiseducatius.xtec.cat%2Fnoguera%2Frobotica-educativa%2Frobots-edison%2F&amp;sa=D&amp;sntz=1&amp;usg=AFQjCNEqhHOmNawAPw-JXccxHH9KPbFCdA\"&hellip;  <a href=\"https:\/\/serveiseducatius.xtec.cat\/aribagorca-aran\/pensament-computacionau-2\/robot-edison\/\" title=\"Read Robot Edison\">Llegeix m\u00e9s\u00bb<\/a><\/p>\n","protected":false},"author":1,"featured_media":0,"parent":17241,"menu_order":0,"comment_status":"closed","ping_status":"closed","template":"","meta":{"_bbp_topic_count":0,"_bbp_reply_count":0,"_bbp_total_topic_count":0,"_bbp_total_reply_count":0,"_bbp_voice_count":0,"_bbp_anonymous_reply_count":0,"_bbp_topic_count_hidden":0,"_bbp_reply_count_hidden":0,"_bbp_forum_subforum_count":0,"footnotes":""},"class_list":["post-17216","page","type-page","status-publish","hentry"],"post_mailing_queue_ids":[],"_links":{"self":[{"href":"https:\/\/serveiseducatius.xtec.cat\/aribagorca-aran\/wp-json\/wp\/v2\/pages\/17216","targetHints":{"allow":["GET"]}}],"collection":[{"href":"https:\/\/serveiseducatius.xtec.cat\/aribagorca-aran\/wp-json\/wp\/v2\/pages"}],"about":[{"href":"https:\/\/serveiseducatius.xtec.cat\/aribagorca-aran\/wp-json\/wp\/v2\/types\/page"}],"author":[{"embeddable":true,"href":"https:\/\/serveiseducatius.xtec.cat\/aribagorca-aran\/wp-json\/wp\/v2\/users\/1"}],"replies":[{"embeddable":true,"href":"https:\/\/serveiseducatius.xtec.cat\/aribagorca-aran\/wp-json\/wp\/v2\/comments?post=17216"}],"version-history":[{"count":3,"href":"https:\/\/serveiseducatius.xtec.cat\/aribagorca-aran\/wp-json\/wp\/v2\/pages\/17216\/revisions"}],"predecessor-version":[{"id":17253,"href":"https:\/\/serveiseducatius.xtec.cat\/aribagorca-aran\/wp-json\/wp\/v2\/pages\/17216\/revisions\/17253"}],"up":[{"embeddable":true,"href":"https:\/\/serveiseducatius.xtec.cat\/aribagorca-aran\/wp-json\/wp\/v2\/pages\/17241"}],"wp:attachment":[{"href":"https:\/\/serveiseducatius.xtec.cat\/aribagorca-aran\/wp-json\/wp\/v2\/media?parent=17216"}],"curies":[{"name":"wp","href":"https:\/\/api.w.org\/{rel}","templated":true}]}}