{"id":17213,"date":"2020-11-20T11:24:54","date_gmt":"2020-11-20T10:24:54","guid":{"rendered":"http:\/\/serveiseducatius.xtec.cat\/aribagorca-aran\/?page_id=17213"},"modified":"2020-11-23T09:41:57","modified_gmt":"2020-11-23T08:41:57","slug":"lego-wedo-2-0","status":"publish","type":"page","link":"https:\/\/serveiseducatius.xtec.cat\/aribagorca-aran\/pensament-computacionau-2\/lego-wedo-2-0\/","title":{"rendered":"Lego wedo 2.0"},"content":{"rendered":"<section id=\"h.5f32df73e53dc7fb_431\" class=\"yaqOZd qeLZfd\">\n<div class=\"mYVXT\">\n<div class=\"LS81yb VICjCf\" tabindex=\"-1\">\n<div class=\"hJDwNd-AhqUyc-qWD73c purZT-AhqUyc-II5mzb pSzOP-AhqUyc-qWD73c JNdkSc\">\n<div class=\"JNdkSc-SmKAyb\">\n<div class=\"\">\n<div class=\"oKdM2c Kzv0Me\">\n<div id=\"h.5f32df73e53dc7fb_437\" class=\"hJDwNd-AhqUyc-qWD73c jXK9ad D2fZ2 OjCsFc wHaque GNzUNc\">\n<div class=\"jXK9ad-SmKAyb\">\n<div class=\"tyJCtd mGzaTb baZpAe\">\n<div class=\"CjVfdc\"><\/div>\n<\/div>\n<\/div>\n<\/div>\n<\/div>\n<\/div>\n<\/div>\n<\/div>\n<div class=\"hJDwNd-AhqUyc-wNfPc JNdkSc L6cTce-purZT L6cTce-pSzOP\">\n<div class=\"JNdkSc-SmKAyb\">\n<div class=\"\"><\/div>\n<\/div>\n<\/div>\n<div class=\"hJDwNd-AhqUyc-R6PoUb purZT-AhqUyc-R6PoUb pSzOP-AhqUyc-R6PoUb JNdkSc\">\n<div class=\"JNdkSc-SmKAyb\">\n<div class=\"\">\n<div class=\"oKdM2c Kzv0Me\">\n<div id=\"h.5f32df73e53dc7fb_434\" class=\"hJDwNd-AhqUyc-R6PoUb purZT-AhqUyc-R6PoUb pSzOP-AhqUyc-R6PoUb jXK9ad D2fZ2 OjCsFc wHaque\">\n<div class=\"jXK9ad-SmKAyb\">\n<div class=\"tyJCtd baZpAe\">\n<div class=\"t3iYD\"><img decoding=\"async\" class=\"CENy8b aligncenter\" role=\"img\" src=\"https:\/\/lh3.googleusercontent.com\/WhQhixzotiOpFDEaQ-WDQIR7H1QFIlAgq6rcvCUT0tOccGVVXbqMDOqgLAbtAzFCXt21RuhpU3YTRF9o6K1IvXnJrUE85wsXJajkqHx3SL2Ykp40C2E=w1280\" \/><\/div>\n<\/div>\n<\/div>\n<\/div>\n<\/div>\n<\/div>\n<\/div>\n<\/div>\n<\/div>\n<\/div>\n<\/section>\n<section id=\"h.5f32df73e53dc7fb_438\" class=\"yaqOZd\">\n<div class=\"IFuOkc\"><\/div>\n<div class=\"mYVXT\">\n<div class=\"LS81yb VICjCf\" tabindex=\"-1\">\n<div class=\"hJDwNd-AhqUyc-qWD73c purZT-AhqUyc-II5mzb pSzOP-AhqUyc-qWD73c JNdkSc yYI8W \">\n<div class=\"JNdkSc-SmKAyb\">\n<div class=\"\">\n<div class=\"oKdM2c Kzv0Me\">\n<div id=\"h.5f32df73e53dc7fb_446\" class=\"hJDwNd-AhqUyc-qWD73c jXK9ad D2fZ2 OjCsFc GNzUNc\">\n<div class=\"jXK9ad-SmKAyb\">\n<div class=\"tyJCtd mGzaTb baZpAe\">\n<div id=\"h.p_IgpsVjgTpHT9\" class=\"CobnVe aP9Z7e\"><\/div>\n<div class=\"CjVfdc\" style=\"padding-left: 80px;\">\n<div class=\"PPhIP rviiZ\" style=\"padding-left: 80px;\">\n<div class=\"U26fgb mUbCce fKz7Od LRAOtb rm120e\" style=\"padding-left: 80px;\" role=\"presentation\" aria-describedby=\"h.p_IgpsVjgTpHT9\" aria-label=\"Copia l'enlla\u00e7 del t\u00edtol\" aria-disabled=\"false\" data-tooltip=\"Copia l'enlla\u00e7 del t\u00edtol\" aria-hidden=\"true\" data-tooltip-position=\"top\" data-tooltip-vertical-offset=\"12\" data-tooltip-horizontal-offset=\"0\">\n<div class=\"VTBa7b MbhUzd\" style=\"padding-left: 80px;\"><\/div>\n<\/div>\n<\/div>\n<p><strong>Enlaci generaus<\/strong><\/p>\n<\/div>\n<\/div>\n<\/div>\n<div style=\"padding-left: 80px;\"><\/div>\n<div class=\"jXK9ad-SmKAyb\" style=\"padding-left: 80px;\">\n<div class=\"tyJCtd mGzaTb baZpAe\" style=\"padding-left: 80px;\">\n<ul>\n<li style=\"list-style-type: none;\">\n<ul>\n<li style=\"list-style-type: none;\">\n<ul class=\"n8H08c UVNKR\">\n<li class=\"TYR86d zfr3Q\" dir=\"ltr\">\n<p class=\"CDt4Ke zfr3Q\" dir=\"ltr\"><span class=\" aw5Odc\"><a class=\"XqQF9c\" href=\"https:\/\/www.google.com\/url?q=https%3A%2F%2Feducation.lego.com%2Fen-us%2Felementary%2Fintro%2Fwedo2&amp;sa=D&amp;sntz=1&amp;usg=AFQjCNFWMzjZgPTIS-EKVzajH5PY9vE1MQ\" target=\"_blank\" rel=\"noopener noreferrer\">Web oficiau<\/a><\/span>\u00a0(angl\u00e8s)<\/p>\n<\/li>\n<li class=\"TYR86d zfr3Q\" dir=\"ltr\">\n<p class=\"CDt4Ke zfr3Q\" dir=\"ltr\"><span class=\" aw5Odc\"><a class=\"XqQF9c\" href=\"https:\/\/www.google.com\/url?q=https%3A%2F%2Feducation.lego.com%2Fen-us%2Fdownloads%2Fwedo-2%2Fsoftware&amp;sa=D&amp;sntz=1&amp;usg=AFQjCNFlvmwVwmjMjk5_SegaBRSre7syhQ\" target=\"_blank\" rel=\"noopener noreferrer\">Descarrega deth programari propri<\/a><\/span><\/p>\n<\/li>\n<li class=\"TYR86d zfr3Q\" dir=\"ltr\">\n<p class=\"CDt4Ke zfr3Q\" dir=\"ltr\"><span class=\" aw5Odc\"><a class=\"XqQF9c\" href=\"https:\/\/www.google.com\/url?q=https%3A%2F%2Fscratch.mit.edu%2Fwedo&amp;sa=D&amp;sntz=1&amp;usg=AFQjCNH4DYua0sFa9aVocAFyQonIWxN_xQ\" target=\"_blank\" rel=\"noopener noreferrer\">WeDo 2.0 amb Scratch 3.0<\/a><\/span><\/p>\n<\/li>\n<li class=\"TYR86d zfr3Q\" dir=\"ltr\">\n<p class=\"CDt4Ke zfr3Q\" dir=\"ltr\"><span class=\" aw5Odc\"><a class=\"XqQF9c\" href=\"https:\/\/www.google.com\/url?q=https%3A%2F%2Fscratch.mit.edu%2Fwedo&amp;sa=D&amp;sntz=1&amp;usg=AFQjCNH4DYua0sFa9aVocAFyQonIWxN_xQ\" target=\"_blank\" rel=\"noopener noreferrer\">WeDo 2.0 amb Scratch 2.0<\/a><\/span><\/p>\n<\/li>\n<\/ul>\n<\/li>\n<\/ul>\n<\/li>\n<\/ul>\n<\/div>\n<\/div>\n<\/div>\n<\/div>\n<div class=\"oKdM2c\" style=\"padding-left: 40px;\">\n<div id=\"h.5f32df73e53dc7fb_448\" class=\"hJDwNd-AhqUyc-qWD73c jXK9ad D2fZ2 wHaque GNzUNc\" style=\"padding-left: 40px;\">\n<div class=\"jXK9ad-SmKAyb\" style=\"padding-left: 40px;\">\n<div class=\"tyJCtd mGzaTb baZpAe\" style=\"padding-left: 40px;\">\n<div id=\"h.p_tH5zuus_t08x\" class=\"CobnVe aP9Z7e\" style=\"padding-left: 40px;\"><\/div>\n<div class=\"CjVfdc\" style=\"padding-left: 40px;\">\n<div class=\"PPhIP rviiZ\" style=\"padding-left: 40px;\">\n<div class=\"U26fgb mUbCce fKz7Od LRAOtb rm120e\" style=\"padding-left: 40px;\" role=\"presentation\" aria-describedby=\"h.p_tH5zuus_t08x\" aria-label=\"Copia l'enlla\u00e7 del t\u00edtol\" aria-disabled=\"false\" data-tooltip=\"Copia l'enlla\u00e7 del t\u00edtol\" aria-hidden=\"true\" data-tooltip-position=\"top\" data-tooltip-vertical-offset=\"12\" data-tooltip-horizontal-offset=\"0\">\n<div class=\"VTBa7b MbhUzd\" style=\"padding-left: 40px;\"><\/div>\n<\/div>\n<\/div>\n<p><strong>Recorsi<\/strong><\/p>\n<\/div>\n<div class=\"CjVfdc\" style=\"padding-left: 40px;\">\n<div class=\"PPhIP rviiZ\" style=\"padding-left: 40px;\">\n<div class=\"U26fgb mUbCce fKz7Od LRAOtb rm120e\" style=\"padding-left: 40px;\" role=\"presentation\" aria-describedby=\"h.p_f6QxAPbct2oH\" aria-label=\"Copia l'enlla\u00e7 del t\u00edtol\" aria-disabled=\"false\" data-tooltip=\"Copia l'enlla\u00e7 del t\u00edtol\" aria-hidden=\"true\" data-tooltip-position=\"top\" data-tooltip-vertical-offset=\"12\" data-tooltip-horizontal-offset=\"0\">\n<div class=\"VTBa7b MbhUzd\" style=\"padding-left: 40px;\"><\/div>\n<\/div>\n<\/div>\n<p>Complements<\/p>\n<\/div>\n<ul>\n<li style=\"list-style-type: none;\">\n<ul class=\"n8H08c UVNKR\">\n<li class=\"TYR86d zfr3Q\" dir=\"ltr\">\n<p class=\"CDt4Ke zfr3Q\" dir=\"ltr\"><span class=\" aw5Odc\"><a class=\"XqQF9c\" href=\"https:\/\/www.google.com\/url?q=https%3A%2F%2Feducation.lego.com%2Fen-us%2Felementary%2Fintro%2Fsimple-machines&amp;sa=D&amp;sntz=1&amp;usg=AFQjCNF9jKDgCLZujv6JSbGWN7d5wfJ49g\" target=\"_blank\" rel=\"noopener noreferrer\">Lego Simple Machines<\/a><\/span><\/p>\n<\/li>\n<li class=\"TYR86d zfr3Q\" dir=\"ltr\">\n<p class=\"CDt4Ke zfr3Q\" dir=\"ltr\"><span class=\" aw5Odc\"><a class=\"XqQF9c\" href=\"https:\/\/www.google.com\/url?q=https%3A%2F%2Feducation.lego.com%2Fen-us%2Felementary%2Fintro%2Fearly-simple-machines&amp;sa=D&amp;sntz=1&amp;usg=AFQjCNEFKyUaTlKc0g7ElkvDm534jdPl_A\" target=\"_blank\" rel=\"noopener noreferrer\">Lego Early Simple Machines<\/a><\/span><\/p>\n<\/li>\n<li class=\"TYR86d zfr3Q\" dir=\"ltr\">\n<p class=\"CDt4Ke zfr3Q\" dir=\"ltr\"><span class=\" aw5Odc\"><a class=\"XqQF9c\" href=\"https:\/\/www.google.com\/url?q=https%3A%2F%2Fmakeymakey.com%2F&amp;sa=D&amp;sntz=1&amp;usg=AFQjCNFwqEkBkf2XQCp80HUHUVqbKV6dxQ\" target=\"_blank\" rel=\"noopener noreferrer\">Makey Makey<\/a><\/span>.\u00a0 Ei un dispositiu d&#8217;entrada que balhe f\u00f2r\u00e7a j\u00f2c damb Scratch e WeDo.<\/p>\n<\/li>\n<\/ul>\n<\/li>\n<\/ul>\n<div id=\"h.p_YxERhGgC5OXL\" class=\"GV3q8e aP9Z7e\" style=\"padding-left: 40px;\"><\/div>\n<div class=\"CjVfdc\" style=\"padding-left: 40px;\">\n<div class=\"PPhIP rviiZ\" style=\"padding-left: 40px;\">\n<div class=\"U26fgb mUbCce fKz7Od LRAOtb rm120e\" style=\"padding-left: 40px;\" role=\"presentation\" aria-describedby=\"h.p_YxERhGgC5OXL\" aria-label=\"Copia l'enlla\u00e7 del t\u00edtol\" aria-disabled=\"false\" data-tooltip=\"Copia l'enlla\u00e7 del t\u00edtol\" aria-hidden=\"true\" data-tooltip-position=\"top\" data-tooltip-vertical-offset=\"12\" data-tooltip-horizontal-offset=\"0\">\n<div class=\"VTBa7b MbhUzd\" style=\"padding-left: 40px;\"><\/div>\n<\/div>\n<\/div>\n<p><strong>Recorsi d&#8217;aula<\/strong><\/p>\n<\/div>\n<div style=\"padding-left: 40px;\"><\/div>\n<ul>\n<li style=\"list-style-type: none;\">\n<ul class=\"n8H08c UVNKR\">\n<li class=\"TYR86d zfr3Q\" dir=\"ltr\">\n<p class=\"CDt4Ke zfr3Q\" dir=\"ltr\"><span class=\" aw5Odc\"><a class=\"XqQF9c\" href=\"https:\/\/www.google.com\/url?q=https%3A%2F%2Fle-www-live-s.legocdn.com%2Fsc%2Fmedia%2Ffiles%2Fcurriculum-previews%2Fwedo-2%2F45300-curriculum-preview-es-9a4cc4e204cdba238c72d11ce25e3944.pdf%3Fla%3Den-gb&amp;sa=D&amp;sntz=1&amp;usg=AFQjCNGIs48OeT8Vb_Vcc6wE9Ff3Zxa2cw\" target=\"_blank\" rel=\"noopener noreferrer\">Curr\u00edcululm Lego Wedo 2.0<\/a><\/span><\/p>\n<\/li>\n<li class=\"TYR86d zfr3Q\" dir=\"ltr\">\n<p class=\"CDt4Ke zfr3Q\" dir=\"ltr\"><span class=\" aw5Odc\"><a class=\"XqQF9c\" href=\"https:\/\/www.google.com\/url?q=https%3A%2F%2Fjuegosrobotica.es%2Finstrucciones-lego-wedo%2F&amp;sa=D&amp;sntz=1&amp;usg=AFQjCNFILdGllfs3FAfUjyRkm5lNiIUYkQ\" target=\"_blank\" rel=\"noopener noreferrer\">Instruccions de montatge PDF<\/a><\/span><\/p>\n<\/li>\n<li class=\"TYR86d zfr3Q\" dir=\"ltr\">\n<p class=\"CDt4Ke zfr3Q\" dir=\"ltr\"><span class=\" aw5Odc\"><a class=\"XqQF9c\" href=\"https:\/\/www.google.com\/url?q=https%3A%2F%2Feducation.lego.com%2Fen-us%2Fsupport%2Fwedo-2%2Fteacher-guides&amp;sa=D&amp;sntz=1&amp;usg=AFQjCNE20GBN46vfItlunJoVZ65lLVfZwg\" target=\"_blank\" rel=\"noopener noreferrer\">Teacher guides and preparation materials<\/a><\/span> (spanish)<\/p>\n<\/li>\n<li class=\"TYR86d zfr3Q\" dir=\"ltr\">\n<p class=\"CDt4Ke zfr3Q\" dir=\"ltr\"><span class=\" aw5Odc\"><a class=\"XqQF9c\" href=\"https:\/\/www.google.com\/url?q=https%3A%2F%2Feducation.lego.com%2Fen-us%2Flessons%3FProducts%3DLEGO%2520Education%2520WeDo%25202.0%2520Core%2520Set%26pagesize%3D12&amp;sa=D&amp;sntz=1&amp;usg=AFQjCNFJv07MWJe0bMuckm8nBf2XO6yk8g\" target=\"_blank\" rel=\"noopener noreferrer\">Lesson plans<\/a><\/span><\/p>\n<\/li>\n<\/ul>\n<\/li>\n<\/ul>\n<\/div>\n<\/div>\n<\/div>\n<\/div>\n<\/div>\n<\/div>\n<\/div>\n<\/div>\n<\/div>\n<\/section>\n","protected":false},"excerpt":{"rendered":"<p>Enlaci generaus<\/p>\n<ul>\n<li style=\"list-style-type: none;\">\n<ul>\n<li style=\"list-style-type: none;\">\n<ul class=\"n8H08c UVNKR\">\n<li class=\"TYR86d zfr3Q\" dir=\"ltr\">\n<a class=\"XqQF9c\" href=\"https:\/\/www.google.com\/url?q=https%3A%2F%2Feducation.lego.com%2Fen-us%2Felementary%2Fintro%2Fwedo2&amp;sa=D&amp;sntz=1&amp;usg=AFQjCNFWMzjZgPTIS-EKVzajH5PY9vE1MQ\" target=\"_blank\" rel=\"noopener noreferrer\">Web oficiau<\/a>\u00a0(angl\u00e8s)\n<\/li>\n<li class=\"TYR86d zfr3Q\" dir=\"ltr\">\n<a class=\"XqQF9c\" href=\"https:\/\/www.google.com\/url?q=https%3A%2F%2Feducation.lego.com%2Fen-us%2Fdownloads%2Fwedo-2%2Fsoftware&amp;sa=D&amp;sntz=1&amp;usg=AFQjCNFlvmwVwmjMjk5_SegaBRSre7syhQ\" target=\"_blank\" rel=\"noopener noreferrer\">Descarrega deth programari propri<\/a>\n<\/li>\n<li class=\"TYR86d zfr3Q\" dir=\"ltr\">\n<a class=\"XqQF9c\" href=\"https:\/\/www.google.com\/url?q=https%3A%2F%2Fscratch.mit.edu%2Fwedo&amp;sa=D&amp;sntz=1&amp;usg=AFQjCNH4DYua0sFa9aVocAFyQonIWxN_xQ\" target=\"_blank\" rel=\"noopener noreferrer\">WeDo 2.0 amb Scratch 3.0<\/a>\n<\/li>\n<li class=\"TYR86d zfr3Q\" dir=\"ltr\">\n<a class=\"XqQF9c\" href=\"https:\/\/www.google.com\/url?q=https%3A%2F%2Fscratch.mit.edu%2Fwedo&amp;sa=D&amp;sntz=1&amp;usg=AFQjCNH4DYua0sFa9aVocAFyQonIWxN_xQ\"&hellip;  <a href=\"https:\/\/serveiseducatius.xtec.cat\/aribagorca-aran\/pensament-computacionau-2\/lego-wedo-2-0\/\" title=\"Read Lego wedo 2.0\">Llegeix m\u00e9s\u00bb<\/a><\/p>\n","protected":false},"author":1,"featured_media":0,"parent":17241,"menu_order":0,"comment_status":"closed","ping_status":"closed","template":"","meta":{"_bbp_topic_count":0,"_bbp_reply_count":0,"_bbp_total_topic_count":0,"_bbp_total_reply_count":0,"_bbp_voice_count":0,"_bbp_anonymous_reply_count":0,"_bbp_topic_count_hidden":0,"_bbp_reply_count_hidden":0,"_bbp_forum_subforum_count":0,"footnotes":""},"class_list":["post-17213","page","type-page","status-publish","hentry"],"post_mailing_queue_ids":[],"_links":{"self":[{"href":"https:\/\/serveiseducatius.xtec.cat\/aribagorca-aran\/wp-json\/wp\/v2\/pages\/17213","targetHints":{"allow":["GET"]}}],"collection":[{"href":"https:\/\/serveiseducatius.xtec.cat\/aribagorca-aran\/wp-json\/wp\/v2\/pages"}],"about":[{"href":"https:\/\/serveiseducatius.xtec.cat\/aribagorca-aran\/wp-json\/wp\/v2\/types\/page"}],"author":[{"embeddable":true,"href":"https:\/\/serveiseducatius.xtec.cat\/aribagorca-aran\/wp-json\/wp\/v2\/users\/1"}],"replies":[{"embeddable":true,"href":"https:\/\/serveiseducatius.xtec.cat\/aribagorca-aran\/wp-json\/wp\/v2\/comments?post=17213"}],"version-history":[{"count":2,"href":"https:\/\/serveiseducatius.xtec.cat\/aribagorca-aran\/wp-json\/wp\/v2\/pages\/17213\/revisions"}],"predecessor-version":[{"id":17215,"href":"https:\/\/serveiseducatius.xtec.cat\/aribagorca-aran\/wp-json\/wp\/v2\/pages\/17213\/revisions\/17215"}],"up":[{"embeddable":true,"href":"https:\/\/serveiseducatius.xtec.cat\/aribagorca-aran\/wp-json\/wp\/v2\/pages\/17241"}],"wp:attachment":[{"href":"https:\/\/serveiseducatius.xtec.cat\/aribagorca-aran\/wp-json\/wp\/v2\/media?parent=17213"}],"curies":[{"name":"wp","href":"https:\/\/api.w.org\/{rel}","templated":true}]}}