{"id":17207,"date":"2020-11-20T11:54:27","date_gmt":"2020-11-20T10:54:27","guid":{"rendered":"http:\/\/serveiseducatius.xtec.cat\/aribagorca-aran\/?page_id=17207"},"modified":"2020-11-23T10:10:17","modified_gmt":"2020-11-23T09:10:17","slug":"scratch","status":"publish","type":"page","link":"https:\/\/serveiseducatius.xtec.cat\/aribagorca-aran\/pensament-computacionau-2\/scratch\/","title":{"rendered":"Scratch"},"content":{"rendered":"<h6><span style=\"color: #808000;\">En aguesta plana poiratz trapar enlaci t\u00e0 recorsi ent\u00e0 programar damb Scratch<\/span><\/h6>\n<div><\/div>\n<div><\/div>\n<div><\/div>\n<div class=\"CjVfdc\"><strong><span style=\"color: #808000;\">Scratch Jr<\/span><\/strong><\/div>\n<div><\/div>\n<ul class=\"n8H08c UVNKR\">\n<li class=\"TYR86d zfr3Q\" dir=\"ltr\">\n<p class=\"CDt4Ke zfr3Q\" dir=\"ltr\"><span class=\" aw5Odc\" style=\"color: #808000;\"><a class=\"XqQF9c\" style=\"color: #808000;\" href=\"https:\/\/www.google.com\/url?q=https%3A%2F%2Fjfo8000.github.io%2FScratchJr-Desktop%2F&amp;sa=D&amp;sntz=1&amp;usg=AFQjCNEUY6TvHU0RCzjYjAk5WQRRkPYKmQ\" target=\"_blank\" rel=\"noopener noreferrer\">Desc\u00e0rrega d&#8217;Scratch Jr\u00a0 ent\u00e0 PC (Windows o Mac)<\/a><\/span><\/p>\n<\/li>\n<li class=\"TYR86d zfr3Q\" dir=\"ltr\">\n<p class=\"CDt4Ke zfr3Q\" dir=\"ltr\"><span style=\"color: #808000;\"><span class=\" aw5Odc\"><a class=\"XqQF9c\" style=\"color: #808000;\" href=\"https:\/\/www.google.com\/url?q=https%3A%2F%2Fcodigo21.educacion.navarra.es%2Fautoaprendizaje%2Fguias-de-scratch-junior%2F&amp;sa=D&amp;sntz=1&amp;usg=AFQjCNG80KLfI8ws-_EvVRw8yCatjgbb2w\" target=\"_blank\" rel=\"noopener noreferrer\">Guida Scratck Jr<\/a><\/span> (<em>Gobierno de Navarra<\/em>)<a href=\"https:\/\/serveiseducatius.xtec.cat\/aribagorca-aran\/wp-content\/uploads\/usu1143\/2020\/11\/scratch.jpg\"><img loading=\"lazy\" decoding=\"async\" class=\"size-medium wp-image-17250 alignright\" src=\"https:\/\/serveiseducatius.xtec.cat\/aribagorca-aran\/wp-content\/uploads\/usu1143\/2020\/11\/scratch-300x195.jpg\" alt=\"\" width=\"300\" height=\"195\" srcset=\"https:\/\/serveiseducatius.xtec.cat\/aribagorca-aran\/wp-content\/uploads\/usu1143\/2020\/11\/scratch-300x195.jpg 300w, https:\/\/serveiseducatius.xtec.cat\/aribagorca-aran\/wp-content\/uploads\/usu1143\/2020\/11\/scratch.jpg 512w\" sizes=\"auto, (max-width: 300px) 100vw, 300px\" \/><\/a><\/span><\/p>\n<\/li>\n<li class=\"TYR86d zfr3Q\" dir=\"ltr\">\n<p class=\"CDt4Ke zfr3Q\" dir=\"ltr\"><span style=\"color: #808000;\"><span class=\" aw5Odc\"><a class=\"XqQF9c\" style=\"color: #808000;\" href=\"https:\/\/www.google.com\/url?q=https%3A%2F%2Fprogramamos.es%2Frecursos%2Fscratchjr%2F&amp;sa=D&amp;sntz=1&amp;usg=AFQjCNFx-DliFTx2NTAkHFV23qPan-0Q4w\" target=\"_blank\" rel=\"noopener noreferrer\">Recorsi d&#8217;Scratch Jr<\/a><\/span> (<em>Programamos<\/em>)<\/span><\/p>\n<\/li>\n<\/ul>\n<div id=\"h.p_BliCBWss9Ge7\" class=\"CobnVe aP9Z7e\"><\/div>\n<div class=\"CjVfdc\">\n<div class=\"PPhIP rviiZ\">\n<div class=\"U26fgb mUbCce fKz7Od LRAOtb rm120e\" role=\"presentation\" aria-describedby=\"h.p_BliCBWss9Ge7\" aria-label=\"Copia l'enlla\u00e7 del t\u00edtol\" aria-disabled=\"false\" data-tooltip=\"Copia l'enlla\u00e7 del t\u00edtol\" aria-hidden=\"true\" data-tooltip-position=\"top\" data-tooltip-vertical-offset=\"12\" data-tooltip-horizontal-offset=\"0\">\n<div class=\"VTBa7b MbhUzd\"><\/div>\n<\/div>\n<\/div>\n<p><strong><span style=\"color: #808000;\">Scratch<\/span><\/strong><\/p>\n<\/div>\n<ul class=\"n8H08c UVNKR\">\n<li class=\"TYR86d zfr3Q\" dir=\"ltr\">\n<p class=\"CDt4Ke zfr3Q\" dir=\"ltr\"><span class=\" aw5Odc\" style=\"color: #808000;\"><a class=\"XqQF9c\" style=\"color: #808000;\" href=\"https:\/\/www.google.com\/url?q=https%3A%2F%2Fscratch.mit.edu%2F&amp;sa=D&amp;sntz=1&amp;usg=AFQjCNGovL0Aj1m9QA6kG4dzitvFF6JW9A\" target=\"_blank\" rel=\"noopener noreferrer\">Plana web oficiau d&#8217;Scratch<\/a><\/span><\/p>\n<\/li>\n<li class=\"TYR86d zfr3Q\" dir=\"ltr\">\n<p class=\"CDt4Ke zfr3Q\" dir=\"ltr\"><span style=\"color: #808000;\">Plana damb materiaus: <span class=\" aw5Odc\"><a class=\"XqQF9c\" style=\"color: #808000;\" href=\"http:\/\/www.google.com\/url?q=http%3A%2F%2Fwww.scratchcatala.com%2F&amp;sa=D&amp;sntz=1&amp;usg=AFQjCNH_2pvBkpStLR2V7VE2a8OPpn82-w\" target=\"_blank\" rel=\"noopener noreferrer\">Scratch Catal\u00e0<\/a><\/span> (especiaument interessants es <span class=\" aw5Odc\"><a class=\"XqQF9c\" style=\"color: #808000;\" href=\"https:\/\/www.google.com\/url?q=https%3A%2F%2Fwww.scratchcatala.com%2Frecursos%2F&amp;sa=D&amp;sntz=1&amp;usg=AFQjCNETqcIYaMg_CGCSvtvEIX27gYyB5w\" target=\"_blank\" rel=\"noopener noreferrer\"><strong>recorsi<\/strong><\/a><\/span>)<\/span><\/p>\n<\/li>\n<li class=\"TYR86d zfr3Q\" dir=\"ltr\">\n<p class=\"CDt4Ke zfr3Q\" dir=\"ltr\"><span style=\"color: #808000;\"><span class=\" aw5Odc\"><a class=\"XqQF9c\" style=\"color: #808000;\" href=\"https:\/\/www.google.com\/url?q=https%3A%2F%2Fprogramamos.es%2Frecursos%2Fscratch%2F&amp;sa=D&amp;sntz=1&amp;usg=AFQjCNE0cBPxp85MqBq-EEC80LOEBkfZKw\" target=\"_blank\" rel=\"noopener noreferrer\">Recorsi d&#8217;Scratch<\/a><\/span> de <em>Programamos<\/em>.<\/span><\/p>\n<\/li>\n<li class=\"TYR86d zfr3Q\" dir=\"ltr\">\n<p class=\"CDt4Ke zfr3Q\" dir=\"ltr\"><span style=\"color: #808000;\">Plana damb m\u00e8s recorsi (<span class=\" aw5Odc\"><a class=\"XqQF9c\" style=\"color: #808000;\" href=\"https:\/\/crearjocs.blogspot.com.es\/p\/recursos.html\" target=\"_blank\" rel=\"noopener noreferrer\">crear j\u00f2cs damb Scratch<\/a><\/span>). Plan interessant.<\/span><\/p>\n<\/li>\n<li class=\"TYR86d zfr3Q\" dir=\"ltr\">\n<p class=\"CDt4Ke zfr3Q\" dir=\"ltr\"><span style=\"color: #808000;\"><span class=\" aw5Odc\"><a class=\"XqQF9c\" style=\"color: #808000;\" href=\"https:\/\/www.google.com\/url?q=https%3A%2F%2Fmakeymakey.com%2F&amp;sa=D&amp;sntz=1&amp;usg=AFQjCNFwqEkBkf2XQCp80HUHUVqbKV6dxQ\" target=\"_blank\" rel=\"noopener noreferrer\">Makey Makey<\/a><\/span>. Ei un dispositiu d&#8217;entrada programable que da f\u00f2r\u00e7a j\u00f2c damb l&#8217;Scratch e WeDo.<\/span><\/p>\n<\/li>\n<\/ul>\n<div id=\"h.p_X_xp4fi4D7wA\" class=\"GV3q8e aP9Z7e\"><\/div>\n<div><\/div>\n<div class=\"CjVfdc\">\n<div class=\"PPhIP rviiZ\">\n<div class=\"U26fgb mUbCce fKz7Od LRAOtb rm120e\" role=\"presentation\" aria-describedby=\"h.p_X_xp4fi4D7wA\" aria-label=\"Copia l'enlla\u00e7 del t\u00edtol\" aria-disabled=\"false\" data-tooltip=\"Copia l'enlla\u00e7 del t\u00edtol\" aria-hidden=\"true\" data-tooltip-position=\"top\" data-tooltip-vertical-offset=\"12\" data-tooltip-horizontal-offset=\"0\">\n<div class=\"VTBa7b MbhUzd\"><\/div>\n<\/div>\n<\/div>\n<p><strong><span style=\"color: #808000;\">Enlaci dir\u00e8ctes as targetes d&#8217;Scratch<\/span><\/strong><\/p>\n<\/div>\n<div><\/div>\n<div><\/div>\n<ul class=\"n8H08c UVNKR\">\n<li class=\"TYR86d zfr3Q\" dir=\"ltr\">\n<p class=\"CDt4Ke zfr3Q\" dir=\"ltr\"><span class=\" aw5Odc\" style=\"color: #808000;\"><a class=\"XqQF9c\" style=\"color: #808000;\" href=\"https:\/\/drive.google.com\/file\/d\/1aGtah1NuoTjPzPp1UVKJAyLrrBZuMCb0\/edit\" target=\"_blank\" rel=\"noopener noreferrer\"><strong>Targetes ent\u00e0 l&#8217;Scratch 3.0 (Eul\u00e0lia Canet) &#8211; 1a part<\/strong><\/a><\/span><\/p>\n<\/li>\n<li class=\"TYR86d zfr3Q\" dir=\"ltr\">\n<p class=\"CDt4Ke zfr3Q\" dir=\"ltr\"><span class=\" aw5Odc\" style=\"color: #808000;\"><a class=\"XqQF9c\" style=\"color: #808000;\" href=\"https:\/\/drive.google.com\/file\/d\/1F58Jm7MuX5ElKsCO1MCXHiVIJaxnAg-P\/edit\" target=\"_blank\" rel=\"noopener noreferrer\"><strong>Targetes ent\u00e0 l&#8217;Scratch 3.0 (Eul\u00e0lia Canet) &#8211; 2au part<\/strong><\/a><\/span><\/p>\n<\/li>\n<li class=\"TYR86d zfr3Q\" dir=\"ltr\">\n<p class=\"CDt4Ke zfr3Q\" dir=\"ltr\"><span class=\" aw5Odc\" style=\"color: #808000;\"><a class=\"XqQF9c\" style=\"color: #808000;\" href=\"http:\/\/www.google.com\/url?q=http%3A%2F%2Fscratchcatala.com%2Fsoft%2FScratch-Cards-2-en-catal%25C3%25A0.pdf&amp;sa=D&amp;sntz=1&amp;usg=AFQjCNHVrONJM6lPaIrYI5YKc8MqI4ubhA\" target=\"_blank\" rel=\"noopener noreferrer\">Targetes de Frank Sabat\u00e9<\/a><\/span><\/p>\n<\/li>\n<li class=\"TYR86d zfr3Q\" dir=\"ltr\">\n<p class=\"CDt4Ke zfr3Q\" dir=\"ltr\"><span style=\"color: #808000;\"><span class=\" aw5Odc\"><a class=\"XqQF9c\" style=\"color: #808000;\" href=\"https:\/\/drive.google.com\/file\/d\/0B9Nhf5mBTtMnYTdqYksxRGRySXc\/view\" target=\"_blank\" rel=\"noopener noreferrer\">Targetes d&#8217;Eul\u00e0lia Canet<\/a><\/span> ent\u00e0 Scratch 2 (tematiques)<\/span><\/p>\n<\/li>\n<li class=\"TYR86d zfr3Q\" dir=\"ltr\">\n<p class=\"CDt4Ke zfr3Q\" dir=\"ltr\"><span style=\"color: #808000;\"><span class=\" aw5Odc\"><a class=\"XqQF9c\" style=\"color: #808000;\" href=\"http:\/\/www.google.com\/url?q=http%3A%2F%2Fwww.scratchcatala.com%2Fwp-content%2Fuploads%2F2017%2F02%2FTargetes-Programacio-Scratch.pdf&amp;sa=D&amp;sntz=1&amp;usg=AFQjCNHJuYas-jegKoSu8LeWm_ZpZtOg3g\" target=\"_blank\" rel=\"noopener noreferrer\">Rem\u00e0s de totes es targetes<\/a><\/span> (93 pagines)<\/span><\/p>\n<\/li>\n<\/ul>\n<div id=\"h.cvu6tziib3d\" class=\"CobnVe aP9Z7e\"><\/div>\n<div class=\"CjVfdc\">\n<div class=\"PPhIP rviiZ\">\n<div class=\"U26fgb mUbCce fKz7Od LRAOtb rm120e\" role=\"presentation\" aria-describedby=\"h.cvu6tziib3d\" aria-label=\"Copia l'enlla\u00e7 del t\u00edtol\" aria-disabled=\"false\" data-tooltip=\"Copia l'enlla\u00e7 del t\u00edtol\" aria-hidden=\"true\" data-tooltip-position=\"top\" data-tooltip-vertical-offset=\"12\" data-tooltip-horizontal-offset=\"0\">\n<div class=\"VTBa7b MbhUzd\"><\/div>\n<\/div>\n<\/div>\n<p><strong><span style=\"color: #808000;\">Recorsi Ateneu d&#8217;Scratch<\/span><\/strong><\/p>\n<\/div>\n<ul class=\"n8H08c UVNKR\">\n<li class=\"TYR86d zfr3Q\" dir=\"ltr\">\n<p class=\"CDt4Ke zfr3Q\" dir=\"ltr\"><span style=\"color: #808000;\"><span class=\" aw5Odc\"><a class=\"XqQF9c\" style=\"color: #808000;\" href=\"http:\/\/www.google.com\/url?q=http%3A%2F%2Fateneu.xtec.cat%2Fwikiform%2Fwikiexport%2Fcmd%2Ftac%2Fd009%2Findex&amp;sa=D&amp;sntz=1&amp;usg=AFQjCNGydIAKNEvCpbpQ7W0pb6iwNHzl2A\" target=\"_blank\" rel=\"noopener noreferrer\">Cors d&#8217;Scratch<\/a><\/span> (materiau telem\u00e0tic)<\/span><\/p>\n<\/li>\n<li class=\"TYR86d zfr3Q\" dir=\"ltr\">\n<p class=\"CDt4Ke zfr3Q\" dir=\"ltr\"><span class=\" aw5Odc\" style=\"color: #808000;\"><a class=\"XqQF9c\" style=\"color: #808000;\" href=\"http:\/\/www.google.com\/url?q=http%3A%2F%2Fateneu.xtec.cat%2Fwikiform%2Fwikiexport%2Fcmd%2Ftac%2Fcomputacional%2Fb00_introduccio%2Fesquema&amp;sa=D&amp;sntz=1&amp;usg=AFQjCNGdKbIdtqejLiT5wxemHW3qMKY8lw\" target=\"_blank\" rel=\"noopener noreferrer\">Corsi d&#8217;Scratch e App Inventor<\/a><\/span><\/p>\n<\/li>\n<\/ul>\n","protected":false},"excerpt":{"rendered":"<p>En aguesta plana poiratz trapar enlaci t\u00e0 recorsi ent\u00e0 programar damb Scratch<\/p>\n<p>Scratch Jr<\/p>\n<ul class=\"n8H08c UVNKR\">\n<li class=\"TYR86d zfr3Q\" dir=\"ltr\">\n<a class=\"XqQF9c\" style=\"color: #808000;\" href=\"https:\/\/www.google.com\/url?q=https%3A%2F%2Fjfo8000.github.io%2FScratchJr-Desktop%2F&amp;sa=D&amp;sntz=1&amp;usg=AFQjCNEUY6TvHU0RCzjYjAk5WQRRkPYKmQ\" target=\"_blank\" rel=\"noopener noreferrer\">Desc\u00e0rrega d&#8217;Scratch Jr\u00a0 ent\u00e0 PC (Windows o Mac)<\/a>\n<\/li>\n<li class=\"TYR86d zfr3Q\" dir=\"ltr\">\n<a class=\"XqQF9c\" style=\"color: #808000;\" href=\"https:\/\/www.google.com\/url?q=https%3A%2F%2Fcodigo21.educacion.navarra.es%2Fautoaprendizaje%2Fguias-de-scratch-junior%2F&amp;sa=D&amp;sntz=1&amp;usg=AFQjCNG80KLfI8ws-_EvVRw8yCatjgbb2w\" target=\"_blank\" rel=\"noopener noreferrer\">Guida Scratck Jr<\/a> (Gobierno&hellip;  <a href=\"https:\/\/serveiseducatius.xtec.cat\/aribagorca-aran\/pensament-computacionau-2\/scratch\/\" title=\"Read Scratch\">Llegeix m\u00e9s\u00bb<\/a><\/p>\n","protected":false},"author":1,"featured_media":0,"parent":17241,"menu_order":0,"comment_status":"closed","ping_status":"closed","template":"","meta":{"_bbp_topic_count":0,"_bbp_reply_count":0,"_bbp_total_topic_count":0,"_bbp_total_reply_count":0,"_bbp_voice_count":0,"_bbp_anonymous_reply_count":0,"_bbp_topic_count_hidden":0,"_bbp_reply_count_hidden":0,"_bbp_forum_subforum_count":0,"footnotes":""},"class_list":["post-17207","page","type-page","status-publish","hentry"],"post_mailing_queue_ids":[],"_links":{"self":[{"href":"https:\/\/serveiseducatius.xtec.cat\/aribagorca-aran\/wp-json\/wp\/v2\/pages\/17207","targetHints":{"allow":["GET"]}}],"collection":[{"href":"https:\/\/serveiseducatius.xtec.cat\/aribagorca-aran\/wp-json\/wp\/v2\/pages"}],"about":[{"href":"https:\/\/serveiseducatius.xtec.cat\/aribagorca-aran\/wp-json\/wp\/v2\/types\/page"}],"author":[{"embeddable":true,"href":"https:\/\/serveiseducatius.xtec.cat\/aribagorca-aran\/wp-json\/wp\/v2\/users\/1"}],"replies":[{"embeddable":true,"href":"https:\/\/serveiseducatius.xtec.cat\/aribagorca-aran\/wp-json\/wp\/v2\/comments?post=17207"}],"version-history":[{"count":3,"href":"https:\/\/serveiseducatius.xtec.cat\/aribagorca-aran\/wp-json\/wp\/v2\/pages\/17207\/revisions"}],"predecessor-version":[{"id":17251,"href":"https:\/\/serveiseducatius.xtec.cat\/aribagorca-aran\/wp-json\/wp\/v2\/pages\/17207\/revisions\/17251"}],"up":[{"embeddable":true,"href":"https:\/\/serveiseducatius.xtec.cat\/aribagorca-aran\/wp-json\/wp\/v2\/pages\/17241"}],"wp:attachment":[{"href":"https:\/\/serveiseducatius.xtec.cat\/aribagorca-aran\/wp-json\/wp\/v2\/media?parent=17207"}],"curies":[{"name":"wp","href":"https:\/\/api.w.org\/{rel}","templated":true}]}}