{"id":17204,"date":"2020-11-20T11:48:34","date_gmt":"2020-11-20T10:48:34","guid":{"rendered":"http:\/\/serveiseducatius.xtec.cat\/aribagorca-aran\/?page_id=17204"},"modified":"2020-11-23T09:43:52","modified_gmt":"2020-11-23T08:43:52","slug":"concepte-de-pensament-computacionau-e-eirines-de-desvolopament","status":"publish","type":"page","link":"https:\/\/serveiseducatius.xtec.cat\/aribagorca-aran\/pensament-computacionau-2\/concepte-de-pensament-computacionau-e-eirines-de-desvolopament\/","title":{"rendered":"Conc\u00e8pte de pensament computacionau e eirines de desvolopament"},"content":{"rendered":"<h6><span style=\"color: #808000;\">Qu\u00e9 entenem per pensament computacionau?<\/span><\/h6>\n<p><img loading=\"lazy\" decoding=\"async\" class=\"aligncenter\" src=\"https:\/\/espossible.es\/wp-content\/uploads\/2020\/02\/conf.jpg\" alt=\"El pensamiento computacional en el aula - El blog de Possible Lab\" width=\"487\" height=\"260\" \/><\/p>\n<ul>\n<li><a href=\"https:\/\/drive.google.com\/file\/d\/1QW8h_fyTIBc_j5NFjXBsR7XacEm78g6j\/view\" target=\"_blank\" rel=\"noopener noreferrer\"><span style=\"color: #808000;\">Aguesta presentacion deth Gestor de cultura digitau Joan Jordi Vitores mos ajude a compr\u00e9ner\u00a0<\/span><\/a><\/li>\n<li><span style=\"color: #808000;\"><a style=\"color: #808000;\" href=\"https:\/\/drive.google.com\/drive\/folders\/1YglYIdpjHdYrlIrFvJarefxhwftSmFUC\" target=\"_blank\" rel=\"noopener noreferrer\">En aguest enla\u00e7 poiratz trapar enla\u00e7 a for\u00e7a recorsi\u00a0 der Airau de cultura digitau<\/a><\/span><\/li>\n<li><span style=\"color: #808000;\"><a style=\"color: #808000;\" href=\"http:\/\/xtec.gencat.cat\/ca\/recursos\/tecnologies\/programacio\/\" target=\"_blank\" rel=\"noopener noreferrer\">Plana de recorsi xtec sus robotica<\/a><\/span><\/li>\n<\/ul>\n<p>&nbsp;<\/p>\n","protected":false},"excerpt":{"rendered":"<p>Qu\u00e9 entenem per pensament computacionau?<\/p>\n<ul>\n<li><a href=\"https:\/\/drive.google.com\/file\/d\/1QW8h_fyTIBc_j5NFjXBsR7XacEm78g6j\/view\" target=\"_blank\" rel=\"noopener noreferrer\">Aguesta presentacion deth Gestor de cultura digitau Joan Jordi Vitores mos ajude a compr\u00e9ner\u00a0<\/a><\/li>\n<li><a style=\"color: #808000;\" href=\"https:\/\/drive.google.com\/drive\/folders\/1YglYIdpjHdYrlIrFvJarefxhwftSmFUC\" target=\"_blank\" rel=\"noopener noreferrer\">En aguest enla\u00e7 poiratz trapar enla\u00e7 a for\u00e7a recorsi\u00a0 der Airau de cultura digitau<\/a><\/li>\n<li><a style=\"color: #808000;\" href=\"http:\/\/xtec.gencat.cat\/ca\/recursos\/tecnologies\/programacio\/\" target=\"_blank\"&hellip;  <a href=\"https:\/\/serveiseducatius.xtec.cat\/aribagorca-aran\/pensament-computacionau-2\/concepte-de-pensament-computacionau-e-eirines-de-desvolopament\/\" title=\"Read Conc\u00e8pte de pensament computacionau e eirines de desvolopament\">Llegeix m\u00e9s\u00bb<\/a><br \/>\n","protected":false},"author":1,"featured_media":0,"parent":17241,"menu_order":0,"comment_status":"closed","ping_status":"closed","template":"","meta":{"_bbp_topic_count":0,"_bbp_reply_count":0,"_bbp_total_topic_count":0,"_bbp_total_reply_count":0,"_bbp_voice_count":0,"_bbp_anonymous_reply_count":0,"_bbp_topic_count_hidden":0,"_bbp_reply_count_hidden":0,"_bbp_forum_subforum_count":0,"footnotes":""},"class_list":["post-17204","page","type-page","status-publish","hentry"],"post_mailing_queue_ids":[],"_links":{"self":[{"href":"https:\/\/serveiseducatius.xtec.cat\/aribagorca-aran\/wp-json\/wp\/v2\/pages\/17204","targetHints":{"allow":["GET"]}}],"collection":[{"href":"https:\/\/serveiseducatius.xtec.cat\/aribagorca-aran\/wp-json\/wp\/v2\/pages"}],"about":[{"href":"https:\/\/serveiseducatius.xtec.cat\/aribagorca-aran\/wp-json\/wp\/v2\/types\/page"}],"author":[{"embeddable":true,"href":"https:\/\/serveiseducatius.xtec.cat\/aribagorca-aran\/wp-json\/wp\/v2\/users\/1"}],"replies":[{"embeddable":true,"href":"https:\/\/serveiseducatius.xtec.cat\/aribagorca-aran\/wp-json\/wp\/v2\/comments?post=17204"}],"version-history":[{"count":3,"href":"https:\/\/serveiseducatius.xtec.cat\/aribagorca-aran\/wp-json\/wp\/v2\/pages\/17204\/revisions"}],"predecessor-version":[{"id":17237,"href":"https:\/\/serveiseducatius.xtec.cat\/aribagorca-aran\/wp-json\/wp\/v2\/pages\/17204\/revisions\/17237"}],"up":[{"embeddable":true,"href":"https:\/\/serveiseducatius.xtec.cat\/aribagorca-aran\/wp-json\/wp\/v2\/pages\/17241"}],"wp:attachment":[{"href":"https:\/\/serveiseducatius.xtec.cat\/aribagorca-aran\/wp-json\/wp\/v2\/media?parent=17204"}],"curies":[{"name":"wp","href":"https:\/\/api.w.org\/{rel}","templated":true}]}}