{"id":16960,"date":"2020-11-04T10:08:22","date_gmt":"2020-11-04T09:08:22","guid":{"rendered":"http:\/\/serveiseducatius.xtec.cat\/aribagorca-aran\/?page_id=16960"},"modified":"2021-06-30T10:16:45","modified_gmt":"2021-06-30T08:16:45","slug":"coeducat-presentacion","status":"publish","type":"page","link":"https:\/\/serveiseducatius.xtec.cat\/aribagorca-aran\/coeducat-presentacion\/","title":{"rendered":"COEDUCA&#8217;T presentacion"},"content":{"rendered":"<h4><span style=\"color: #808000;\"><strong>Coeduca&#8217;t<\/strong> <\/span><\/h4>\n<p><span style=\"color: #808000;\">Ei un proj\u00e8cte que s&#8217;a iniciat en cors 2019-2020 per part deth Departament d\u2019Educaci\u00f3, ent\u00e0 ajudar as centres educatius a potenciar e visiblizar era perspectiua de genre, era coeducacion e era educacion afectivosexuau.<\/span><\/p>\n<p><iframe loading=\"lazy\" src=\"\/\/www.youtube.com\/embed\/g_nLjCET8QI\" width=\"560\" height=\"314\"><\/iframe><\/p>\n<p><span style=\"color: #808000;\">Er objectiu ei auan\u00e7ar en un mod\u00e8u de sist\u00e8ma educatiu inclusiu, que incorp\u00f2re era igualdat de genre e era coeducacion, ent\u00e0 contribuir ena milhora dera societat. Una societat a on non i caben es rasons de discriminacion e que balhe eirines ent\u00e0 desvolopar ues relacions afectiues e sexuaus respectuoses.<\/span><\/p>\n<h5><span style=\"color: #808000;\"><b>\u201cEra bastida sociau deth genre e era educacion afectivosociau\u201d<\/b><\/span><\/h5>\n<p><span style=\"color: #808000;\">Coma mos eduquen? Qu\u00e9 mos transmeten? Quines relacions sociaus\u00a0 auem? Quini pensaments e abitudes mos inculquen des de petiti? Educar ena autonomia e era expression liure ei balhar eirines ent\u00e0 poder alistar e plantejar es mod\u00e8us de genre m\u00e8s enl\u00e0 deth binarisme existent.<\/span><\/p>\n<p><iframe loading=\"lazy\" src=\"\/\/www.youtube.com\/embed\/0QlftSEUbzA\" width=\"560\" height=\"314\"><\/iframe><\/p>\n<h5><span style=\"color: #808000;\"><b>\u201cCoeduca\u2019t damb eth curriculum\u201d<\/b><\/span><\/h5>\n<p><span style=\"color: #808000;\">Er objectiu deth programa ei formar persones competentes, critiques, solid\u00e0ries e capables de res\u00f2ler situacions en despari\u00e8rs cont\u00e8xtes. Coeduca\u2019t damb eth curriculum incorp\u00f2re era coeduacion, era perspectiva de g\u00e8nre e\u00a0 era educacion afectivosexuau en toti es encastres curriculars, en tto esvitar que sigue ua mat\u00e8ria soleta e implicant a tot eth professorat e d&#8217;auti professionaus que trebalhen enes centres educatius.<\/span><\/p>\n<p>&nbsp;<\/p>\n<p><iframe loading=\"lazy\" src=\"\/\/www.youtube.com\/embed\/AJnfGQNOLTA\" width=\"560\" height=\"314\"><\/iframe><\/p>\n<h5><span style=\"color: #808000;\"><b>\u201cPrevencion des viol\u00e9ncies masclistes\u201d<\/b><\/span><\/h5>\n<p><span style=\"color: #808000;\">Era viol\u00e9ncia masclista ei era manifestacion d\u2019un sist\u00e8ma heteropatriarcau qu&#8217;interpr\u00e8te, represente e convert\u00eds es difer\u00e9ncies de genre en desigualdats. Es centres educatius son uns espacis privilegiadi ena educacion des valors e dera socializacion enes relacions liures de viol\u00e9ncies masclistes.<\/span><\/p>\n<p><iframe loading=\"lazy\" src=\"\/\/www.youtube.com\/embed\/oASK9N7v89Q\" width=\"560\" height=\"314\"><\/iframe><\/p>\n<h5><span style=\"color: #808000;\"><b>\u201cEra guardada interseccionau de genre\u201d<\/b><\/span><\/h5>\n<p><span style=\"color: #808000;\">Era interseccionalitat ei ua s\u00f2rta de guardada e comprenen\u00e7a des desigualdats, m\u00e8s enl\u00e0 deth classament abituau que h\u00e8m es persones e qu&#8217; obs\u00e8rve es caracteristiques representatiues. Era perspetiua interseccionau neish damb era intencion d&#8217;esvitar simplificacions e exclusions atau coma h\u00e8r visibles es solucions sus es desigualdats des d&#8217;ua perpectiua integrau.<\/span><\/p>\n<p><iframe loading=\"lazy\" src=\"\/\/www.youtube.com\/embed\/jmq1-PtYhdE\" width=\"560\" height=\"314\"><\/iframe><\/p>\n<ul>\n<li><span style=\"color: #808000;\">Se voletz consultar era normatiua, podetz <a style=\"color: #808000;\" href=\"https:\/\/serveiseducatius.xtec.cat\/aribagorca-aran\/wp-content\/uploads\/usu1143\/2020\/11\/Normativa.pdf\" target=\"_blank\" rel=\"noopener noreferrer\">clicar aciu<\/a><\/span><\/li>\n<li><span style=\"color: #808000;\">Se voletz con\u00e9isher eth glosari, podetz <a style=\"color: #808000;\" href=\"https:\/\/serveiseducatius.xtec.cat\/aribagorca-aran\/wp-content\/uploads\/usu1143\/2020\/11\/Glossari-TOT-Coeducat-.pdf\" target=\"_blank\" rel=\"noopener noreferrer\">clicar aciu<\/a><\/span><\/li>\n<li><span style=\"color: #808000;\"><a style=\"color: #808000;\" href=\"https:\/\/serveiseducatius.xtec.cat\/aribagorca-aran\/wp-content\/uploads\/usu1143\/2020\/11\/PRESENTACI\u00d3.pdf\" target=\"_blank\" rel=\"noopener noreferrer\">Ent\u00e0 m\u00e8s informacion podetz consultar aciu<\/a><\/span><\/li>\n<li><span style=\"color: #808000;\">Ent\u00e0 con\u00e9isher es directrius der usatge des elements d&#8217;expression ling\u00fcistica sus era perspectiua coeducatiua, <a style=\"color: #808000;\" href=\"https:\/\/serveiseducatius.xtec.cat\/aribagorca-aran\/wp-content\/uploads\/usu1143\/2020\/11\/Tractament_Ling.pdf\" target=\"_blank\" rel=\"noopener noreferrer\">clicatz aciu<\/a><\/span><\/li>\n<\/ul>\n<p>&nbsp;<\/p>\n","protected":false},"excerpt":{"rendered":"<p>Coeduca&#8217;t<br \/>\nEi un proj\u00e8cte que s&#8217;a iniciat en cors 2019-2020 per part deth Departament d\u2019Educaci\u00f3, ent\u00e0 ajudar as centres educatius a potenciar e visiblizar era perspectiua de genre, era coeducacion e era educacion afectivosexuau.<\/p>\n<p>Er objectiu ei auan\u00e7ar en un mod\u00e8u de sist\u00e8ma educatiu inclusiu, que&hellip;  <a href=\"https:\/\/serveiseducatius.xtec.cat\/aribagorca-aran\/coeducat-presentacion\/\" title=\"Read COEDUCA&#8217;T presentacion\">Llegeix m\u00e9s\u00bb<\/a><\/p>\n","protected":false},"author":1,"featured_media":0,"parent":0,"menu_order":0,"comment_status":"closed","ping_status":"closed","template":"","meta":{"_bbp_topic_count":0,"_bbp_reply_count":0,"_bbp_total_topic_count":0,"_bbp_total_reply_count":0,"_bbp_voice_count":0,"_bbp_anonymous_reply_count":0,"_bbp_topic_count_hidden":0,"_bbp_reply_count_hidden":0,"_bbp_forum_subforum_count":0,"footnotes":""},"class_list":["post-16960","page","type-page","status-publish","hentry"],"post_mailing_queue_ids":[],"_links":{"self":[{"href":"https:\/\/serveiseducatius.xtec.cat\/aribagorca-aran\/wp-json\/wp\/v2\/pages\/16960","targetHints":{"allow":["GET"]}}],"collection":[{"href":"https:\/\/serveiseducatius.xtec.cat\/aribagorca-aran\/wp-json\/wp\/v2\/pages"}],"about":[{"href":"https:\/\/serveiseducatius.xtec.cat\/aribagorca-aran\/wp-json\/wp\/v2\/types\/page"}],"author":[{"embeddable":true,"href":"https:\/\/serveiseducatius.xtec.cat\/aribagorca-aran\/wp-json\/wp\/v2\/users\/1"}],"replies":[{"embeddable":true,"href":"https:\/\/serveiseducatius.xtec.cat\/aribagorca-aran\/wp-json\/wp\/v2\/comments?post=16960"}],"version-history":[{"count":3,"href":"https:\/\/serveiseducatius.xtec.cat\/aribagorca-aran\/wp-json\/wp\/v2\/pages\/16960\/revisions"}],"predecessor-version":[{"id":18149,"href":"https:\/\/serveiseducatius.xtec.cat\/aribagorca-aran\/wp-json\/wp\/v2\/pages\/16960\/revisions\/18149"}],"wp:attachment":[{"href":"https:\/\/serveiseducatius.xtec.cat\/aribagorca-aran\/wp-json\/wp\/v2\/media?parent=16960"}],"curies":[{"name":"wp","href":"https:\/\/api.w.org\/{rel}","templated":true}]}}