{"id":10732,"date":"2019-10-04T12:12:03","date_gmt":"2019-10-04T10:12:03","guid":{"rendered":"http:\/\/serveiseducatius.xtec.cat\/aribagorca-aran\/?page_id=10732"},"modified":"2019-10-09T11:22:59","modified_gmt":"2019-10-09T09:22:59","slug":"maleta-de-calcul","status":"publish","type":"page","link":"https:\/\/serveiseducatius.xtec.cat\/aribagorca-aran\/maletes-pedagogiques\/maleta-de-calcul\/","title":{"rendered":"Maleta de calcul"},"content":{"rendered":"<header class=\"entry-header\">\n<h1 class=\"entry-title\"><\/h1>\n<\/header>\n<div class=\"entry-content\">\n<h1><a href=\"https:\/\/serveiseducatius.xtec.cat\/aribagorca-aran\/wp-content\/uploads\/usu1143\/2019\/10\/imatge-calcul-1.png\"><img loading=\"lazy\" decoding=\"async\" class=\" wp-image-10734 alignleft\" src=\"https:\/\/serveiseducatius.xtec.cat\/aribagorca-aran\/wp-content\/uploads\/usu1143\/2019\/10\/imatge-calcul-1.png\" alt=\"\" width=\"416\" height=\"408\" srcset=\"https:\/\/serveiseducatius.xtec.cat\/aribagorca-aran\/wp-content\/uploads\/usu1143\/2019\/10\/imatge-calcul-1.png 637w, https:\/\/serveiseducatius.xtec.cat\/aribagorca-aran\/wp-content\/uploads\/usu1143\/2019\/10\/imatge-calcul-1-300x294.png 300w\" sizes=\"auto, (max-width: 416px) 100vw, 416px\" \/><\/a><\/h1>\n<\/div>\n<p>&nbsp;<\/p>\n<p>&nbsp;<\/p>\n<h4><span style=\"color: #993300;\">En Servici educatiu auem elaborat materiaus que pensam que p\u00f2den \u00e8ster utils en trebalh deth calcul matematic. Anaram ampliant es fiches e materiaus segontes es v\u00f2sti besonhs e demanes. Atau que, demoram suggeriments!!<\/span><\/h4>\n<p>&nbsp;<\/p>\n<h6><a href=\"https:\/\/drive.google.com\/drive\/folders\/18OoriJeElbknbyKOMM3yh0VhF1j76Bo3\"><span style=\"color: #800000;\"><strong>MATERIAUS ED INFANTILA E CICLE INICIAU<\/strong><\/span><\/a><\/h6>\n<h6><a href=\"https:\/\/drive.google.com\/drive\/folders\/18OoriJeElbknbyKOMM3yh0VhF1j76Bo3\"><span style=\"color: #800000;\"><strong>MATERIAUS CICLE MIEI E CICLE SUPERIOR<\/strong><\/span><\/a><\/h6>\n<div class=\"entry-content\">\n<p>&nbsp;<\/p>\n<table style=\"height: 282px; width: 434px;\" width=\"858\">\n<tbody>\n<tr>\n<td style=\"width: 428px;\">\n<h5><span style=\"color: #993300;\"><strong>PREPAUSA D&#8217;ACTIVITATS<\/strong><\/span><\/h5>\n<\/td>\n<\/tr>\n<tr>\n<td style=\"width: 428px;\">\n<h5><a href=\"https:\/\/drive.google.com\/drive\/folders\/1NQ3AJiPr22_L65SyRDUIY1H3YbVKUYKF\"><span style=\"color: #993300;\">Er arbe numeric<\/span><\/a><\/h5>\n<\/td>\n<\/tr>\n<tr>\n<td style=\"width: 428px;\">\n<h5><a href=\"https:\/\/drive.google.com\/drive\/folders\/1NQ3AJiPr22_L65SyRDUIY1H3YbVKUYKF\"><span style=\"color: #993300;\">Restacam e aprenem<\/span><\/a><\/h5>\n<\/td>\n<\/tr>\n<tr>\n<td style=\"width: 428px;\">\n<h5><a href=\"https:\/\/drive.google.com\/drive\/folders\/1NQ3AJiPr22_L65SyRDUIY1H3YbVKUYKF\"><span style=\"color: #993300;\">Dam valor as grafismes<\/span><\/a><\/h5>\n<\/td>\n<\/tr>\n<tr>\n<td style=\"width: 428px;\">\n<h5><a href=\"https:\/\/drive.google.com\/drive\/folders\/1NQ3AJiPr22_L65SyRDUIY1H3YbVKUYKF\"><span style=\"color: #993300;\">En tot sautar<\/span><\/a><\/h5>\n<\/td>\n<\/tr>\n<tr>\n<td style=\"width: 428px;\">\n<h5><a href=\"https:\/\/drive.google.com\/drive\/folders\/1NQ3AJiPr22_L65SyRDUIY1H3YbVKUYKF\"><span style=\"color: #993300;\">V\u00e8rme grafic<\/span><\/a><\/h5>\n<\/td>\n<\/tr>\n<tr>\n<td style=\"width: 428px;\">\n<h5><a href=\"https:\/\/drive.google.com\/drive\/folders\/1NQ3AJiPr22_L65SyRDUIY1H3YbVKUYKF\"><span style=\"color: #993300;\">Domin\u00f2<\/span><\/a><\/h5>\n<\/td>\n<\/tr>\n<tr>\n<td style=\"width: 428px;\">\n<h5><a href=\"https:\/\/drive.google.com\/drive\/folders\/1NQ3AJiPr22_L65SyRDUIY1H3YbVKUYKF\"><span style=\"color: #993300;\">V\u00e8rme numeric<\/span><\/a><\/h5>\n<\/td>\n<\/tr>\n<tr>\n<td style=\"width: 428px;\">\n<h5><a href=\"https:\/\/drive.google.com\/drive\/folders\/1NQ3AJiPr22_L65SyRDUIY1H3YbVKUYKF\"><span style=\"color: #993300;\">Sudokus<\/span><\/a><\/h5>\n<\/td>\n<\/tr>\n<tr>\n<td style=\"width: 428px;\">\n<h5><a href=\"https:\/\/drive.google.com\/drive\/folders\/1NQ3AJiPr22_L65SyRDUIY1H3YbVKUYKF\"><span style=\"color: #993300;\">Pann\u00e8u numeric<\/span><\/a><\/h5>\n<\/td>\n<\/tr>\n<tr>\n<td style=\"width: 428px;\">\n<h5><a href=\"https:\/\/drive.google.com\/drive\/folders\/1NQ3AJiPr22_L65SyRDUIY1H3YbVKUYKF\"><span style=\"color: #993300;\">Quarrats logics<\/span><\/a><\/h5>\n<\/td>\n<\/tr>\n<tr>\n<td style=\"width: 428px;\">\n<h5><a href=\"https:\/\/drive.google.com\/drive\/folders\/1NQ3AJiPr22_L65SyRDUIY1H3YbVKUYKF\"><span style=\"color: #993300;\">Descompausicion numerica<\/span><\/a><\/h5>\n<\/td>\n<\/tr>\n<tr>\n<td style=\"width: 428px;\">\n<h5><a href=\"https:\/\/drive.google.com\/drive\/folders\/1NQ3AJiPr22_L65SyRDUIY1H3YbVKUYKF\"><span style=\"color: #993300;\">Compausicion numerica<\/span><\/a><\/h5>\n<\/td>\n<\/tr>\n<tr>\n<td style=\"width: 428px;\">\n<h5><a href=\"https:\/\/drive.google.com\/drive\/folders\/1NQ3AJiPr22_L65SyRDUIY1H3YbVKUYKF\"><span style=\"color: #993300;\">Linhes numeriques<\/span><\/a><\/h5>\n<\/td>\n<\/tr>\n<tr>\n<td style=\"width: 428px;\">\n<h5><a href=\"https:\/\/drive.google.com\/drive\/folders\/1NQ3AJiPr22_L65SyRDUIY1H3YbVKUYKF\"><span style=\"color: #993300;\">Arcolan dera soma<\/span><\/a><\/h5>\n<\/td>\n<\/tr>\n<\/tbody>\n<\/table>\n<p>&nbsp;<\/p>\n<\/div>\n","protected":false},"excerpt":{"rendered":"<p><a href=\"https:\/\/serveiseducatius.xtec.cat\/aribagorca-aran\/wp-content\/uploads\/usu1143\/2019\/10\/imatge-calcul-1.png\"><\/a><\/p>\n<p>&nbsp;<br \/>\n&nbsp;<br \/>\nEn Servici educatiu auem elaborat materiaus que pensam que p\u00f2den \u00e8ster utils en trebalh deth calcul matematic. Anaram ampliant es fiches e materiaus segontes es v\u00f2sti besonhs e demanes. Atau que, demoram suggeriments!!<br \/>\n&nbsp;<br \/>\n<a href=\"https:\/\/drive.google.com\/drive\/folders\/18OoriJeElbknbyKOMM3yh0VhF1j76Bo3\">MATERIAUS ED INFANTILA E CICLE INICIAU<\/a><br \/>\n<a href=\"https:\/\/drive.google.com\/drive\/folders\/18OoriJeElbknbyKOMM3yh0VhF1j76Bo3\">MATERIAUS CICLE MIEI E CICLE&hellip;  <a href=\"https:\/\/serveiseducatius.xtec.cat\/aribagorca-aran\/maletes-pedagogiques\/maleta-de-calcul\/\" title=\"Read Maleta de calcul\">Llegeix m\u00e9s\u00bb<\/a><\/p>\n","protected":false},"author":1,"featured_media":0,"parent":541,"menu_order":0,"comment_status":"closed","ping_status":"closed","template":"","meta":{"_bbp_topic_count":0,"_bbp_reply_count":0,"_bbp_total_topic_count":0,"_bbp_total_reply_count":0,"_bbp_voice_count":0,"_bbp_anonymous_reply_count":0,"_bbp_topic_count_hidden":0,"_bbp_reply_count_hidden":0,"_bbp_forum_subforum_count":0,"footnotes":""},"class_list":["post-10732","page","type-page","status-publish","hentry"],"post_mailing_queue_ids":[],"_links":{"self":[{"href":"https:\/\/serveiseducatius.xtec.cat\/aribagorca-aran\/wp-json\/wp\/v2\/pages\/10732","targetHints":{"allow":["GET"]}}],"collection":[{"href":"https:\/\/serveiseducatius.xtec.cat\/aribagorca-aran\/wp-json\/wp\/v2\/pages"}],"about":[{"href":"https:\/\/serveiseducatius.xtec.cat\/aribagorca-aran\/wp-json\/wp\/v2\/types\/page"}],"author":[{"embeddable":true,"href":"https:\/\/serveiseducatius.xtec.cat\/aribagorca-aran\/wp-json\/wp\/v2\/users\/1"}],"replies":[{"embeddable":true,"href":"https:\/\/serveiseducatius.xtec.cat\/aribagorca-aran\/wp-json\/wp\/v2\/comments?post=10732"}],"version-history":[{"count":3,"href":"https:\/\/serveiseducatius.xtec.cat\/aribagorca-aran\/wp-json\/wp\/v2\/pages\/10732\/revisions"}],"predecessor-version":[{"id":10738,"href":"https:\/\/serveiseducatius.xtec.cat\/aribagorca-aran\/wp-json\/wp\/v2\/pages\/10732\/revisions\/10738"}],"up":[{"embeddable":true,"href":"https:\/\/serveiseducatius.xtec.cat\/aribagorca-aran\/wp-json\/wp\/v2\/pages\/541"}],"wp:attachment":[{"href":"https:\/\/serveiseducatius.xtec.cat\/aribagorca-aran\/wp-json\/wp\/v2\/media?parent=10732"}],"curies":[{"name":"wp","href":"https:\/\/api.w.org\/{rel}","templated":true}]}}