{"id":9670,"date":"2025-04-04T10:25:21","date_gmt":"2025-04-04T08:25:21","guid":{"rendered":"https:\/\/serveiseducatius.xtec.cat\/apa\/?page_id=9670"},"modified":"2026-01-07T10:18:36","modified_gmt":"2026-01-07T09:18:36","slug":"mentoria-4-0","status":"publish","type":"page","link":"https:\/\/serveiseducatius.xtec.cat\/apa\/programes\/mentoria-4-0\/","title":{"rendered":"Mentoria 4.0"},"content":{"rendered":"<header class=\"entry-header \">\n<table style=\"border-collapse: collapse; width: 100%;\">\n<tbody>\n<tr>\n<td style=\"width: 33.3333%;\">\n<p style=\"font-family: 'Helvetica Neue', Helvetica, Helvetica, Arial, sans-serif; font-size: 16px;\"><strong>Pallars<\/strong><\/p>\n<p style=\"font-family: 'Helvetica Neue', Helvetica, Helvetica, Arial, sans-serif; font-size: 16px;\">Eduard Requena<\/p>\n<\/td>\n<td style=\"width: 33.3333%;\">\n<p style=\"font-family: 'Helvetica Neue', Helvetica, Helvetica, Arial, sans-serif; font-size: 16px;\"><strong>Alt Urgell i Cerdanya<\/strong><\/p>\n<p style=\"font-family: 'Helvetica Neue', Helvetica, Helvetica, Arial, sans-serif; font-size: 16px;\">Joan Oliv\u00e9<\/p>\n<\/td>\n<td style=\"width: 33.3333%;\">\n<p style=\"font-family: 'Helvetica Neue', Helvetica, Helvetica, Arial, sans-serif; font-size: 16px;\"><strong>Alta Ribagor\u00e7a i Vall d&#8217;Aran<\/strong><\/p>\n<p style=\"font-family: 'Helvetica Neue', Helvetica, Helvetica, Arial, sans-serif; font-size: 16px;\">Joan Edo<\/p>\n<\/td>\n<\/tr>\n<\/tbody>\n<\/table>\n<p class=\"entry-title\"><span style=\"font-family: inherit; font-size: 1em; font-weight: normal;\">El programa de <\/span><strong style=\"font-family: inherit; font-size: 1em;\">Mentories 4.0<\/strong><span style=\"font-family: inherit; font-size: 1em; font-weight: normal;\"> t\u00e9 com a finalitat la millora de les compet\u00e8ncies digitals en l\u2019\u00e0mbit educatiu, en relaci\u00f3 amb les compet\u00e8ncies de l\u2019alumnat, als mitjans tecnol\u00f2gics disponibles i a la seva integraci\u00f3 efectiva i efica\u00e7 en els processos d\u2019ensenyament i aprenentatge.<\/span><\/p>\n<\/header>\n<div class=\"entry-content clear\">\n<div class=\"wp-block-columns alignwide is-layout-flex wp-container-core-columns-is-layout-1 wp-block-columns-is-layout-flex\">\n<div class=\"wp-block-column is-vertically-aligned-center is-layout-flow wp-block-column-is-layout-flow\">\n<p>En concret les tasques de les persones mentores del programa Mentories 4.0 s\u00f3n les seg\u00fcents<\/p>\n<ol>\n<li>1. Acompanyament als docents en la implementaci\u00f3 de compet\u00e8ncies referides al pensament computacional, la programaci\u00f3 i la rob\u00f2tica.<\/li>\n<li>2. Formacions espec\u00edfiques als centres.<\/li>\n<li>3. Xarxes i vincles.<\/li>\n<li>4. Assessorar per a l\u2019actualitzaci\u00f3 de l\u2019Estrat\u00e8gia digital de centre.<\/li>\n<li>5. Coordinaci\u00f3 amb el CRP per atendre les necessitats dels centres educatius.<\/li>\n<li>6. Dinamitzaci\u00f3 de la subxarxa COMD en col\u00b7laboraci\u00f3 amb el CRP.<\/li>\n<\/ol>\n<\/div>\n<div class=\"wp-block-column is-layout-flow wp-block-column-is-layout-flow\">\n<p>&nbsp;<\/p>\n<\/div>\n<\/div>\n<\/div>\n","protected":false},"excerpt":{"rendered":"<p>Pallars<br \/>\nEduard Requena<\/p>\n<p>Alt Urgell i Cerdanya<br \/>\nJoan Oliv\u00e9<\/p>\n<p>Alta Ribagor\u00e7a i Vall d&#8217;Aran<br \/>\nJoan Edo<\/p>\n<p>El programa de Mentories 4.0 t\u00e9 com a finalitat la millora de les compet\u00e8ncies digitals en l\u2019\u00e0mbit educatiu, en relaci\u00f3 amb les compet\u00e8ncies de l\u2019alumnat, als mitjans tecnol\u00f2gics disponibles i a la seva integraci\u00f3 efectiva&hellip;  <a href=\"https:\/\/serveiseducatius.xtec.cat\/apa\/programes\/mentoria-4-0\/\" title=\"Read Mentoria 4.0\">Llegeix m\u00e9s\u00bb<\/a><\/p>\n","protected":false},"author":3,"featured_media":0,"parent":8585,"menu_order":0,"comment_status":"closed","ping_status":"closed","template":"page-templates\/side-menu.php","meta":{"_bbp_topic_count":0,"_bbp_reply_count":0,"_bbp_total_topic_count":0,"_bbp_total_reply_count":0,"_bbp_voice_count":0,"_bbp_anonymous_reply_count":0,"_bbp_topic_count_hidden":0,"_bbp_reply_count_hidden":0,"_bbp_forum_subforum_count":0,"footnotes":""},"class_list":["post-9670","page","type-page","status-publish","hentry"],"post_mailing_queue_ids":[],"_links":{"self":[{"href":"https:\/\/serveiseducatius.xtec.cat\/apa\/wp-json\/wp\/v2\/pages\/9670","targetHints":{"allow":["GET"]}}],"collection":[{"href":"https:\/\/serveiseducatius.xtec.cat\/apa\/wp-json\/wp\/v2\/pages"}],"about":[{"href":"https:\/\/serveiseducatius.xtec.cat\/apa\/wp-json\/wp\/v2\/types\/page"}],"author":[{"embeddable":true,"href":"https:\/\/serveiseducatius.xtec.cat\/apa\/wp-json\/wp\/v2\/users\/3"}],"replies":[{"embeddable":true,"href":"https:\/\/serveiseducatius.xtec.cat\/apa\/wp-json\/wp\/v2\/comments?post=9670"}],"version-history":[{"count":2,"href":"https:\/\/serveiseducatius.xtec.cat\/apa\/wp-json\/wp\/v2\/pages\/9670\/revisions"}],"predecessor-version":[{"id":10793,"href":"https:\/\/serveiseducatius.xtec.cat\/apa\/wp-json\/wp\/v2\/pages\/9670\/revisions\/10793"}],"up":[{"embeddable":true,"href":"https:\/\/serveiseducatius.xtec.cat\/apa\/wp-json\/wp\/v2\/pages\/8585"}],"wp:attachment":[{"href":"https:\/\/serveiseducatius.xtec.cat\/apa\/wp-json\/wp\/v2\/media?parent=9670"}],"curies":[{"name":"wp","href":"https:\/\/api.w.org\/{rel}","templated":true}]}}