{"id":9433,"date":"2025-03-17T13:26:04","date_gmt":"2025-03-17T12:26:04","guid":{"rendered":"https:\/\/serveiseducatius.xtec.cat\/apa\/?page_id=9433"},"modified":"2025-06-30T12:05:32","modified_gmt":"2025-06-30T10:05:32","slug":"acronims","status":"publish","type":"page","link":"https:\/\/serveiseducatius.xtec.cat\/apa\/acronims\/","title":{"rendered":"Acr\u00f2nims"},"content":{"rendered":"<p>Amb la intenci\u00f3 de facilitar la lectura\u00a0 documental del Departament d&#8217;educaci\u00f3 i formaci\u00f3 professional, centres educatius i docents. S&#8217;ha elaborat una llista amb les sigles i acr\u00f2nims m\u00e9s utilitzats en relaci\u00f3 amb els serveis, programes, projectes&#8230;<\/p>\n<p>&nbsp;<\/p>\n<p style=\"text-align: center;\"><a href=\"https:\/\/drive.google.com\/file\/d\/1HAwwbbD1yUtYtsQGN5h48xYFA_W78Rl6\/view\">Acr\u00f2nims juliol<\/a><\/p>\n","protected":false},"excerpt":{"rendered":"<p>Amb la intenci\u00f3 de facilitar la lectura\u00a0 documental del Departament d&#8217;educaci\u00f3 i formaci\u00f3 professional, centres educatius i docents. S&#8217;ha elaborat una llista amb les sigles i acr\u00f2nims m\u00e9s utilitzats en relaci\u00f3 amb els serveis, programes, projectes&#8230;<br \/>\n&nbsp;<br \/>\n<a href=\"https:\/\/drive.google.com\/file\/d\/1HAwwbbD1yUtYtsQGN5h48xYFA_W78Rl6\/view\">Acr\u00f2nims juliol<\/a><\/p>\n","protected":false},"author":3,"featured_media":0,"parent":0,"menu_order":0,"comment_status":"closed","ping_status":"closed","template":"","meta":{"_bbp_topic_count":0,"_bbp_reply_count":0,"_bbp_total_topic_count":0,"_bbp_total_reply_count":0,"_bbp_voice_count":0,"_bbp_anonymous_reply_count":0,"_bbp_topic_count_hidden":0,"_bbp_reply_count_hidden":0,"_bbp_forum_subforum_count":0,"footnotes":""},"class_list":["post-9433","page","type-page","status-publish","hentry"],"post_mailing_queue_ids":[],"_links":{"self":[{"href":"https:\/\/serveiseducatius.xtec.cat\/apa\/wp-json\/wp\/v2\/pages\/9433","targetHints":{"allow":["GET"]}}],"collection":[{"href":"https:\/\/serveiseducatius.xtec.cat\/apa\/wp-json\/wp\/v2\/pages"}],"about":[{"href":"https:\/\/serveiseducatius.xtec.cat\/apa\/wp-json\/wp\/v2\/types\/page"}],"author":[{"embeddable":true,"href":"https:\/\/serveiseducatius.xtec.cat\/apa\/wp-json\/wp\/v2\/users\/3"}],"replies":[{"embeddable":true,"href":"https:\/\/serveiseducatius.xtec.cat\/apa\/wp-json\/wp\/v2\/comments?post=9433"}],"version-history":[{"count":7,"href":"https:\/\/serveiseducatius.xtec.cat\/apa\/wp-json\/wp\/v2\/pages\/9433\/revisions"}],"predecessor-version":[{"id":10390,"href":"https:\/\/serveiseducatius.xtec.cat\/apa\/wp-json\/wp\/v2\/pages\/9433\/revisions\/10390"}],"wp:attachment":[{"href":"https:\/\/serveiseducatius.xtec.cat\/apa\/wp-json\/wp\/v2\/media?parent=9433"}],"curies":[{"name":"wp","href":"https:\/\/api.w.org\/{rel}","templated":true}]}}