{"id":9167,"date":"2025-02-20T14:31:22","date_gmt":"2025-02-20T13:31:22","guid":{"rendered":"https:\/\/serveiseducatius.xtec.cat\/apa\/?page_id=9167"},"modified":"2025-05-19T11:17:32","modified_gmt":"2025-05-19T09:17:32","slug":"credits","status":"publish","type":"page","link":"https:\/\/serveiseducatius.xtec.cat\/apa\/xarxa-escoles-inter-parcs-pirineu\/credits\/","title":{"rendered":"Cr\u00e8dits"},"content":{"rendered":"<p><span style=\"font-size: 12pt;\"><strong><span style=\"color: #993300;\">\u00a9 Xarxa d\u2019escoles interparcs del Pirineu<\/span><\/strong><\/span><\/p>\n<p><span style=\"font-size: 12pt;\"><strong><span style=\"color: #993300;\">\u00a9 Agenda escolar del Pirineu. Curs 2025-26<\/span><\/strong><\/span><\/p>\n<p><span style=\"font-size: 12pt;\"><strong><span style=\"color: #993300;\">\u00a9 Centres participants:\u00a0<\/span><\/strong><\/span><\/p>\n<p><span style=\"color: #993300;\"><strong>SE de l\u2019Alta Ribagor\u00e7a &#8211; Vall d\u2019Aran:<\/strong> Escola Ribagor\u00e7ana. Institut El Pont <\/span><span style=\"color: #993300;\">de Suert. Escola Sant R\u00f2c. Escola Alejandro Casona. Escola Sant Mart\u00ed. <\/span><span style=\"color: #993300;\">Escola Garona. Institut d&#8217;Aran<\/span><br \/>\n<span style=\"color: #993300;\"><strong>SE de la Cerdanya:<\/strong> Escola Mare de D\u00e9u del Tall\u00f3. Escola Santa Cec\u00edlia. <\/span><span style=\"color: #993300;\">Escola Santa Coloma. Escola Potella Blanca. Escola Jaume I. Escola Pere <\/span><span style=\"color: #993300;\">Sarret. Escola Ridolaina. Escola Sant Serni. Escola El Puig.<\/span><br \/>\n<span style=\"color: #993300;\"><strong>SE dels Pallars:<\/strong> Escola la Closa. Institut Hug Roger III. Escola \u00c0ngels <\/span><span style=\"color: #993300;\">Seraf\u00ed i Casanovas. Institut de La Pobla de Segur. Institut de Tremp.<\/span><br \/>\n<span style=\"color: #993300;\"><strong>SE de l\u2019Alt Urgell:<\/strong> Escola Rosa Camp\u00e0. Llar infants Francesc Xavier<\/span><\/p>\n<p><span style=\"font-size: 12pt;\"><strong><span style=\"color: #993300;\">\u00a9 Continguts:<\/span><\/strong><\/span><br \/>\n<a href=\"https:\/\/serveiseducatius.xtec.cat\/cda-valldeboi\/\"><span style=\"color: #993300;\">Camp d\u2019Aprenentatge de la Vall de Bo\u00ed<\/span><\/a><br \/>\n<span style=\"color: #993300;\">Camp d\u2019Aprenentatge de les Valls d\u2019\u00c0neu<\/span><br \/>\n<span style=\"color: #993300;\">Camp d\u2019Aprenentatge de Tuixent<\/span><br \/>\n<span style=\"color: #993300;\">Camp d\u2019Aprenentatge de Tremp<\/span><\/p>\n<p><span style=\"color: #993300;\"><strong>\u00a9 Continguts web: <\/strong>Serveis educatius del Pirineu<\/span><\/p>\n<p><span style=\"color: #993300;\"><strong>\u00a9 Disseny i Il\u00b7lustraci\u00f3:<\/strong> \u00c0lex Mascarell<\/span><\/p>\n<p><span style=\"color: #993300;\"><strong>\u00a9 Correcci\u00f3 ling\u00fc\u00edstica:<\/strong> ALIC<\/span><\/p>\n<p><span style=\"color: #993300;\"><strong>\u00a9 Traducci\u00f3:<\/strong> llengua occitana. Aran\u00e8s: Conselh Generau d\u2019Aran<\/span><\/p>\n<p><strong><span style=\"color: #993300;\">Edita:<\/span><\/strong><br \/>\n<span style=\"color: #993300;\">\u00a9 Parc natural de l\u2019Alt Pirineu<\/span><br \/>\n<span style=\"color: #993300;\">\u00a9 Parc nacional d\u2019Aig\u00fcestortes i estany de Sant Maurici<\/span><br \/>\n<span style=\"color: #993300;\">\u00a9 Parc natural del Cad\u00ed &#8211; Moixer\u00f3<\/span><br \/>\n<span style=\"color: #993300;\">\u00a9 Geoparc mundial UNESCO. Or\u00edgens<\/span><br \/>\n<span style=\"color: #993300;\">\u00a9 Reserva natural del Boumort<\/span><br \/>\n<span style=\"color: #993300;\">\u00a9 Departament d\u2019educaci\u00f3 i formaci\u00f3 professional. ST de l\u2019Alt Pirineu i Aran.<\/span><\/p>\n<p><span style=\"color: #993300;\">\u00a9 Llunna Edicions<\/span><\/p>\n<p><span style=\"color: #993300;\">Tiratge: 4.500 exemplars. Impr\u00e8s en paper ecol\u00f2gic.<\/span><\/p>\n<p><strong><span style=\"color: #993300;\">Drets de reproducci\u00f3 i adaptaci\u00f3.<\/span><\/strong><br \/>\n<em><span style=\"color: #993300;\">La reproducci\u00f3 de la informaci\u00f3 que es troba en aquest espai web est\u00e0 autoritzada i agra\u00efda, tant si se cita com no el seu origen, amb la finalitat de valorar, divulgar i respectar el medi natural. Fora dels casos que es vulgui fer, directament o indirectament, amb algun tipus de finalitat comercial o lucrativa.<\/span><\/em><\/p>\n<p>&nbsp;<\/p>\n<p>&nbsp;<\/p>\n<p><a href=\"https:\/\/serveiseducatius.xtec.cat\/apa\/wp-content\/uploads\/usu2951\/2025\/02\/Tall_muntanyes-Tresnivells.jpg\"><img loading=\"lazy\" decoding=\"async\" class=\"alignnone wp-image-9221\" src=\"https:\/\/serveiseducatius.xtec.cat\/apa\/wp-content\/uploads\/usu2951\/2025\/02\/Tall_muntanyes-Tresnivells.jpg\" alt=\"\" width=\"1390\" height=\"291\" srcset=\"https:\/\/serveiseducatius.xtec.cat\/apa\/wp-content\/uploads\/usu2951\/2025\/02\/Tall_muntanyes-Tresnivells.jpg 831w, https:\/\/serveiseducatius.xtec.cat\/apa\/wp-content\/uploads\/usu2951\/2025\/02\/Tall_muntanyes-Tresnivells-300x63.jpg 300w, https:\/\/serveiseducatius.xtec.cat\/apa\/wp-content\/uploads\/usu2951\/2025\/02\/Tall_muntanyes-Tresnivells-768x161.jpg 768w\" sizes=\"auto, (max-width: 1390px) 100vw, 1390px\" \/><\/a><\/p>\n","protected":false},"excerpt":{"rendered":"<p>\u00a9 Xarxa d\u2019escoles interparcs del Pirineu<br \/>\n\u00a9 Agenda escolar del Pirineu. Curs 2025-26<br \/>\n\u00a9 Centres participants:\u00a0<br \/>\nSE de l\u2019Alta Ribagor\u00e7a &#8211; Vall d\u2019Aran: Escola Ribagor\u00e7ana. Institut El Pont de Suert. Escola Sant R\u00f2c. Escola Alejandro Casona. Escola Sant Mart\u00ed. Escola Garona. Institut d&#8217;Aran<br \/>\nSE de la Cerdanya: Escola Mare&hellip;  <a href=\"https:\/\/serveiseducatius.xtec.cat\/apa\/xarxa-escoles-inter-parcs-pirineu\/credits\/\" title=\"Read Cr\u00e8dits\">Llegeix m\u00e9s\u00bb<\/a><\/p>\n","protected":false},"author":3,"featured_media":0,"parent":9152,"menu_order":0,"comment_status":"closed","ping_status":"closed","template":"","meta":{"_bbp_topic_count":0,"_bbp_reply_count":0,"_bbp_total_topic_count":0,"_bbp_total_reply_count":0,"_bbp_voice_count":0,"_bbp_anonymous_reply_count":0,"_bbp_topic_count_hidden":0,"_bbp_reply_count_hidden":0,"_bbp_forum_subforum_count":0,"footnotes":""},"class_list":["post-9167","page","type-page","status-publish","hentry"],"post_mailing_queue_ids":[],"_links":{"self":[{"href":"https:\/\/serveiseducatius.xtec.cat\/apa\/wp-json\/wp\/v2\/pages\/9167","targetHints":{"allow":["GET"]}}],"collection":[{"href":"https:\/\/serveiseducatius.xtec.cat\/apa\/wp-json\/wp\/v2\/pages"}],"about":[{"href":"https:\/\/serveiseducatius.xtec.cat\/apa\/wp-json\/wp\/v2\/types\/page"}],"author":[{"embeddable":true,"href":"https:\/\/serveiseducatius.xtec.cat\/apa\/wp-json\/wp\/v2\/users\/3"}],"replies":[{"embeddable":true,"href":"https:\/\/serveiseducatius.xtec.cat\/apa\/wp-json\/wp\/v2\/comments?post=9167"}],"version-history":[{"count":6,"href":"https:\/\/serveiseducatius.xtec.cat\/apa\/wp-json\/wp\/v2\/pages\/9167\/revisions"}],"predecessor-version":[{"id":10061,"href":"https:\/\/serveiseducatius.xtec.cat\/apa\/wp-json\/wp\/v2\/pages\/9167\/revisions\/10061"}],"up":[{"embeddable":true,"href":"https:\/\/serveiseducatius.xtec.cat\/apa\/wp-json\/wp\/v2\/pages\/9152"}],"wp:attachment":[{"href":"https:\/\/serveiseducatius.xtec.cat\/apa\/wp-json\/wp\/v2\/media?parent=9167"}],"curies":[{"name":"wp","href":"https:\/\/api.w.org\/{rel}","templated":true}]}}