{"id":9163,"date":"2025-02-20T14:30:18","date_gmt":"2025-02-20T13:30:18","guid":{"rendered":"https:\/\/serveiseducatius.xtec.cat\/apa\/?page_id=9163"},"modified":"2025-05-26T09:36:09","modified_gmt":"2025-05-26T07:36:09","slug":"recull-de-premsa","status":"publish","type":"page","link":"https:\/\/serveiseducatius.xtec.cat\/apa\/xarxa-escoles-inter-parcs-pirineu\/recull-de-premsa\/","title":{"rendered":"Recull de premsa"},"content":{"rendered":"<p>Aquest\u00a0<strong>recull d\u2019articles<\/strong> intenta posar en valor la <span style=\"color: #800080;\"><strong>Xarxa d\u2019escoles interparcs del Pirineu #XEiPP<\/strong><\/span>. Una secci\u00f3 que pot esdevenir un nou punt de trobada entre les escoles i les fam\u00edlies dels municipis del territori.<\/p>\n<p>Des d\u2019aquest espai us animem a difondre les vostres experi\u00e8ncies mitjan\u00e7ant els canals de comunicaci\u00f3 habituals del centre. En aquest cas tamb\u00e9 fem una crida a fer-nos arribar les produccions comunicatives que realitzeu per enlla\u00e7ar-ho en aquest espai i augmentar el valor de la xarxa.<\/p>\n<p>Aquests articles es difondran a les XXSS dels serveis educatius\u00a0amb les etiquetes de:\u00a0<strong>#XEiPP<\/strong> Entre totes i tots augmentarem el valor de la xarxa aix\u00ed com el comprom\u00eds i respecte envers el medi natural.<\/p>\n<p><span style=\"font-size: 18pt;\"><strong><span style=\"color: #800080;\">Recull.<\/span><\/strong><\/span><\/p>\n<h1 class=\"titol\"><a href=\"https:\/\/www.3cat.cat\/324\/les-males-herbes-guanyen-espai-a-girona-amb-el-nou-model-de-jardineria\/noticia\/3352477\/?s=03\"><span style=\"font-size: 12pt;\">Les &#8220;males herbes&#8221; guanyen espai a Girona amb el nou model de jardineria<\/span><\/a><\/h1>\n<h1 class=\"titol\"><a href=\"https:\/\/www.3cat.cat\/324\/les-noves-amenaces-per-les-abelles-i-altres-pollinitzadors-que-pots-fer-per-ajudar-los\/noticia\/3352589\/?s=03\"><span style=\"font-size: 12pt;\">Les noves amenaces per les abelles i altres pol\u00b7linitzadors: qu\u00e8 pots fer per ajudar-los<\/span><\/a><\/h1>\n<p>&nbsp;<\/p>\n<p>&nbsp;<\/p>\n<p>&nbsp;<\/p>\n<p><a href=\"https:\/\/serveiseducatius.xtec.cat\/apa\/wp-content\/uploads\/usu2951\/2025\/02\/Tall_muntanyes-Tresnivells.jpg\"><img loading=\"lazy\" decoding=\"async\" class=\"alignnone wp-image-9221\" src=\"https:\/\/serveiseducatius.xtec.cat\/apa\/wp-content\/uploads\/usu2951\/2025\/02\/Tall_muntanyes-Tresnivells.jpg\" alt=\"\" width=\"1409\" height=\"295\" srcset=\"https:\/\/serveiseducatius.xtec.cat\/apa\/wp-content\/uploads\/usu2951\/2025\/02\/Tall_muntanyes-Tresnivells.jpg 831w, https:\/\/serveiseducatius.xtec.cat\/apa\/wp-content\/uploads\/usu2951\/2025\/02\/Tall_muntanyes-Tresnivells-300x63.jpg 300w, https:\/\/serveiseducatius.xtec.cat\/apa\/wp-content\/uploads\/usu2951\/2025\/02\/Tall_muntanyes-Tresnivells-768x161.jpg 768w\" sizes=\"auto, (max-width: 1409px) 100vw, 1409px\" \/><\/a><\/p>\n<p>&nbsp;<\/p>\n","protected":false},"excerpt":{"rendered":"<p>Aquest\u00a0recull d\u2019articles intenta posar en valor la Xarxa d\u2019escoles interparcs del Pirineu #XEiPP. Una secci\u00f3 que pot esdevenir un nou punt de trobada entre les escoles i les fam\u00edlies dels municipis del territori.<br \/>\nDes d\u2019aquest espai us animem a difondre les vostres experi\u00e8ncies mitjan\u00e7ant els canals&hellip;  <a href=\"https:\/\/serveiseducatius.xtec.cat\/apa\/xarxa-escoles-inter-parcs-pirineu\/recull-de-premsa\/\" title=\"Read Recull de premsa\">Llegeix m\u00e9s\u00bb<\/a><\/p>\n","protected":false},"author":3,"featured_media":0,"parent":9152,"menu_order":0,"comment_status":"closed","ping_status":"closed","template":"","meta":{"_bbp_topic_count":0,"_bbp_reply_count":0,"_bbp_total_topic_count":0,"_bbp_total_reply_count":0,"_bbp_voice_count":0,"_bbp_anonymous_reply_count":0,"_bbp_topic_count_hidden":0,"_bbp_reply_count_hidden":0,"_bbp_forum_subforum_count":0,"footnotes":""},"class_list":["post-9163","page","type-page","status-publish","hentry"],"post_mailing_queue_ids":[],"_links":{"self":[{"href":"https:\/\/serveiseducatius.xtec.cat\/apa\/wp-json\/wp\/v2\/pages\/9163","targetHints":{"allow":["GET"]}}],"collection":[{"href":"https:\/\/serveiseducatius.xtec.cat\/apa\/wp-json\/wp\/v2\/pages"}],"about":[{"href":"https:\/\/serveiseducatius.xtec.cat\/apa\/wp-json\/wp\/v2\/types\/page"}],"author":[{"embeddable":true,"href":"https:\/\/serveiseducatius.xtec.cat\/apa\/wp-json\/wp\/v2\/users\/3"}],"replies":[{"embeddable":true,"href":"https:\/\/serveiseducatius.xtec.cat\/apa\/wp-json\/wp\/v2\/comments?post=9163"}],"version-history":[{"count":6,"href":"https:\/\/serveiseducatius.xtec.cat\/apa\/wp-json\/wp\/v2\/pages\/9163\/revisions"}],"predecessor-version":[{"id":10138,"href":"https:\/\/serveiseducatius.xtec.cat\/apa\/wp-json\/wp\/v2\/pages\/9163\/revisions\/10138"}],"up":[{"embeddable":true,"href":"https:\/\/serveiseducatius.xtec.cat\/apa\/wp-json\/wp\/v2\/pages\/9152"}],"wp:attachment":[{"href":"https:\/\/serveiseducatius.xtec.cat\/apa\/wp-json\/wp\/v2\/media?parent=9163"}],"curies":[{"name":"wp","href":"https:\/\/api.w.org\/{rel}","templated":true}]}}