{"id":9160,"date":"2025-02-20T14:29:27","date_gmt":"2025-02-20T13:29:27","guid":{"rendered":"https:\/\/serveiseducatius.xtec.cat\/apa\/?page_id=9160"},"modified":"2025-02-26T12:51:01","modified_gmt":"2025-02-26T11:51:01","slug":"ods-i-medi","status":"publish","type":"page","link":"https:\/\/serveiseducatius.xtec.cat\/apa\/xarxa-escoles-inter-parcs-pirineu\/ods-i-medi\/","title":{"rendered":"ODS i medi"},"content":{"rendered":"<p><span style=\"color: #993300;\"><strong><span lang=\"CA\">En aquest espai NOM\u00c9S s\u2019han destacat els ODS que fan refer\u00e8ncia a l\u2019\u00e0rea de Medi. A partir de cada enlla\u00e7 hi trobareu propostes rellevants.<\/span><\/strong><\/span><\/p>\n<p><strong>1\/<\/strong>\u00a0Des de la Xarxa de compet\u00e8ncies b\u00e0siques en col\u00b7laboraci\u00f3 amb el Club Super3 ens proposen pr<span lang=\"CA\">opostes did\u00e0ctiques d\u2019enfocament globalitzat al voltant de cadascun dels\u00a0<span style=\"color: #993300;\"><a style=\"color: #993300;\" href=\"https:\/\/projectes.xtec.cat\/xarxacb\/propostes-per-als-ods\/\"><strong>17<\/strong><\/a><\/span><\/span><span lang=\"CA\"><span style=\"color: #993300;\"><strong>\u00a0<a style=\"color: #993300;\" href=\"https:\/\/projectes.xtec.cat\/xarxacb\/propostes-per-als-ods\/\">objectius de desenvolupament sostenible<\/a><\/strong><\/span>\u00a0(ODS).<\/span><span lang=\"CA\">\u00a0Cadascuna de les propostes va acompanyada amb el v\u00eddeo del programa \u201cObjectiu 2030\u201d del Club Super3 que correspon a l\u2019ODS del repte.<\/span><\/p>\n<table>\n<tbody>\n<tr>\n<td><img loading=\"lazy\" decoding=\"async\" class=\"wp-image-19641 aligncenter\" src=\"https:\/\/serveiseducatius.xtec.cat\/altemporda\/wp-content\/uploads\/usu1156\/2023\/02\/Intro-1.png\" alt=\"\" width=\"136\" height=\"148\" \/><\/td>\n<td><strong>Descripci\u00f3:<\/strong>\u00a0Presentaci\u00f3 de les propostes sobre els ODS. Una proposta per cadascun d\u2019ells: objectius d\u2019erradicar la pobresa, lluitar contra la desigualtat i la injust\u00edcia, i posar fre al canvi clim\u00e0tic, entre altres.<\/p>\n<p><a href=\"https:\/\/drive.google.com\/file\/d\/1NSfpdxe-STjVAkgqFmzcqbs41c1EOai4\/preview\" target=\"_blank\" rel=\"noopener\"><strong>Acc\u00e9s a l\u2019activitat<\/strong><\/a><\/td>\n<td><img loading=\"lazy\" decoding=\"async\" class=\"wp-image-19646 aligncenter\" src=\"https:\/\/serveiseducatius.xtec.cat\/altemporda\/wp-content\/uploads\/usu1156\/2023\/02\/ODS6.png\" alt=\"\" width=\"114\" height=\"130\" \/><\/td>\n<td><strong>Descripci\u00f3:<\/strong>\u00a0Garantir la disponibilitat i una gesti\u00f3 sostenible de l\u2019aigua i el sanejament per a totes les persones.<\/p>\n<p><strong><a href=\"https:\/\/drive.google.com\/file\/d\/1JOXUi_HGh6VfIGsVq_kL_LSr2m8tGtPi\/preview\" target=\"_blank\" rel=\"noopener\">Acc\u00e9s a l\u2019activitat<\/a><\/strong><\/td>\n<\/tr>\n<tr>\n<td><img loading=\"lazy\" decoding=\"async\" class=\"wp-image-19650 aligncenter\" src=\"https:\/\/serveiseducatius.xtec.cat\/altemporda\/wp-content\/uploads\/usu1156\/2023\/02\/ODS7.png\" alt=\"\" width=\"120\" height=\"145\" \/><\/td>\n<td><strong>Descripci\u00f3:<\/strong>\u00a0Garantir l\u2019acc\u00e9s a una energia assequible, segura, sostenible i moderna per a totes les persones.<\/p>\n<p><strong><a href=\"https:\/\/drive.google.com\/file\/d\/1Ukfxt0-Ttvu1OXW7nEFxumXtwQcy_FIN\/preview\" target=\"_blank\" rel=\"noopener\">Acc\u00e9s a l\u2019activitat<\/a><\/strong><\/td>\n<td><em><img loading=\"lazy\" decoding=\"async\" class=\"wp-image-19652 aligncenter\" src=\"https:\/\/serveiseducatius.xtec.cat\/altemporda\/wp-content\/uploads\/usu1156\/2023\/02\/ODS11.png\" alt=\"\" width=\"120\" height=\"144\" \/><\/em><\/td>\n<td><strong>Descripci\u00f3:<\/strong>\u00a0Aconseguir que les ciutats i els assentaments humans siguin inclusius, segurs, resilients i sostenibles.<\/p>\n<p>&nbsp;<\/p>\n<p><strong><a href=\"https:\/\/drive.google.com\/file\/d\/1kmnscpu373ybjTRXdbl87T_hEG51LQMS\/preview\" target=\"_blank\" rel=\"noopener\">Acc\u00e9s a l\u2019activitat<\/a><\/strong><\/td>\n<\/tr>\n<tr>\n<td><img loading=\"lazy\" decoding=\"async\" class=\"wp-image-19654 aligncenter\" src=\"https:\/\/serveiseducatius.xtec.cat\/altemporda\/wp-content\/uploads\/usu1156\/2023\/02\/ODS12.png\" alt=\"\" width=\"123\" height=\"143\" \/><\/td>\n<td><strong>Descripci\u00f3:<\/strong>\u00a0 Garantir modalitats de consum i producci\u00f3 sostenible<\/p>\n<p>&nbsp;<\/p>\n<p><a href=\"https:\/\/drive.google.com\/file\/d\/1SVIJv0oHBZ1j3m9k8WxGUL8qmaaa4SKq\/preview\" target=\"_blank\" rel=\"noopener\"><strong>Acc\u00e9s a l\u2019activitat<\/strong><\/a><\/td>\n<td><img loading=\"lazy\" decoding=\"async\" class=\"wp-image-19655 aligncenter\" src=\"https:\/\/serveiseducatius.xtec.cat\/altemporda\/wp-content\/uploads\/usu1156\/2023\/02\/ODS13.png\" alt=\"\" width=\"129\" height=\"155\" \/><\/td>\n<td><strong>Descripci\u00f3:<\/strong>\u00a0Adoptar mesures urgents per a combatre el canvi clim\u00e0tic i els efectes d\u2019aquest<\/p>\n<p>&nbsp;<\/p>\n<p><strong><a href=\"https:\/\/drive.google.com\/file\/d\/1LfCN5FiVC-OuFyaU-yMmooNYbUYxJu_I\/preview\" target=\"_blank\" rel=\"noopener\">Acc\u00e9s a l\u2019activitat<\/a><\/strong><\/td>\n<\/tr>\n<tr>\n<td><a href=\"https:\/\/serveiseducatius.xtec.cat\/altemporda\/wp-content\/uploads\/usu1156\/2023\/02\/ODS14.png\"><img loading=\"lazy\" decoding=\"async\" class=\"wp-image-19657 aligncenter\" src=\"https:\/\/serveiseducatius.xtec.cat\/altemporda\/wp-content\/uploads\/usu1156\/2023\/02\/ODS14.png\" alt=\"\" width=\"120\" height=\"137\" \/><\/a><\/td>\n<td><strong>Descripci\u00f3:<\/strong>\u00a0conservar i utilitzar de forma sostenible els oceans, els mars i els recursos marins per al desenvolupament sostenible.<\/p>\n<p><a href=\"https:\/\/drive.google.com\/file\/d\/143KgSl1I1tfQlS7OHWJtQz8z6OLulkYf\/preview\" target=\"_blank\" rel=\"noopener\"><strong>Acc\u00e9s a l\u2019activitat<\/strong><\/a><\/td>\n<td><img loading=\"lazy\" decoding=\"async\" class=\"wp-image-19658 aligncenter\" src=\"https:\/\/serveiseducatius.xtec.cat\/altemporda\/wp-content\/uploads\/usu1156\/2023\/02\/ODS15.png\" alt=\"\" width=\"108\" height=\"125\" \/><\/td>\n<td><strong>Descripci\u00f3:<\/strong>\u00a0Protegir, restaurar i promoure l\u00b4\u00b4us sostenible dels ecosistemes terrestres, gestionar els boscos de manera sostenible, combatre la desertificaci\u00f3 del s\u00f2l, i aturar la p\u00e8rdua de la biodiversitat.<\/p>\n<p><a href=\"https:\/\/drive.google.com\/file\/d\/1tdLChtuN4E63OQ7W9E6tx-MnyxcFUc10\/preview\" target=\"_blank\" rel=\"noopener\"><strong>Acc\u00e9s a l\u2019activitat<\/strong><\/a><\/td>\n<\/tr>\n<\/tbody>\n<\/table>\n<p><em>Els objectius aborden reptes mundials decisius per a la superviv\u00e8ncia de la humanitat. Per tant, tenim molta feina a fer i no val a badar.<\/em><\/p>\n<p><span style=\"color: #993300;\"><a style=\"color: #993300;\" href=\"https:\/\/www.medicosdelmundo.org\/actualidad-y-publicaciones\/publicaciones\/guias-didacticas-de-ods-para-primaria-el-alumnado-como\" target=\"_blank\" rel=\"noopener\"><strong>2\/\u00a0Guies did\u00e0ctiques dels ODS per a prim\u00e0ria. L\u2019alumnat com a protagonista del canvi.<\/strong><\/a><\/span><\/p>\n<p>Aquestes guies tenen com a finalitat implementar projectes educatius interdisciplinaris i integrals de formaci\u00f3 en els Objectius de Desenvolupament Sostenible (ODS) a\u00a0<strong>prim\u00e0ria<\/strong>. El prop\u00f2sit del projecte \u00e9s que l\u2019alumnat en completar els sis cursos de prim\u00e0ria conegui els 17 ODS mitjan\u00e7ant un itinerari a llarg termini i aconseguint-ne una visi\u00f3 \u00e0mplia, en profunditat i transformadora.\u00a0Els tres pilars que centren aquesta proposta s\u00f3n: contes, di\u00e0leg filos\u00f2fic i metodologia d\u2019aprenentatge basat en projectes.<\/p>\n<table>\n<tbody>\n<tr>\n<td><a href=\"https:\/\/drive.google.com\/file\/d\/1EfH2Df4SjK5RQuBB1FzmHCa-cwD7PWXC\/preview\" target=\"_blank\" rel=\"noopener\"><img loading=\"lazy\" decoding=\"async\" class=\"wp-image-19660 aligncenter\" src=\"https:\/\/serveiseducatius.xtec.cat\/altemporda\/wp-content\/uploads\/usu1156\/2023\/02\/ODSp.png\" sizes=\"auto, (max-width: 218px) 100vw, 218px\" srcset=\"https:\/\/serveiseducatius.xtec.cat\/altemporda\/wp-content\/uploads\/usu1156\/2023\/02\/ODSp.png 335w, https:\/\/serveiseducatius.xtec.cat\/altemporda\/wp-content\/uploads\/usu1156\/2023\/02\/ODSp-300x295.png 300w\" alt=\"\" width=\"218\" height=\"214\" \/><\/a><\/p>\n<p><strong>Orientacions:<\/strong>\u00a0Contes, di\u00e0leg filos\u00f2fic i aprenentatge basat en projectes<\/td>\n<td><a href=\"https:\/\/drive.google.com\/file\/d\/1MjM9ffLviBtnrBpzXoZ9LO_t8uPi47F3\/preview\" target=\"_blank\" rel=\"noopener\"><img loading=\"lazy\" decoding=\"async\" class=\"wp-image-19662 aligncenter\" src=\"https:\/\/serveiseducatius.xtec.cat\/altemporda\/wp-content\/uploads\/usu1156\/2023\/02\/ODS6-1.png\" sizes=\"auto, (max-width: 216px) 100vw, 216px\" srcset=\"https:\/\/serveiseducatius.xtec.cat\/altemporda\/wp-content\/uploads\/usu1156\/2023\/02\/ODS6-1.png 331w, https:\/\/serveiseducatius.xtec.cat\/altemporda\/wp-content\/uploads\/usu1156\/2023\/02\/ODS6-1-300x300.png 300w, https:\/\/serveiseducatius.xtec.cat\/altemporda\/wp-content\/uploads\/usu1156\/2023\/02\/ODS6-1-150x150.png 150w\" alt=\"\" width=\"216\" height=\"217\" \/><\/a><\/p>\n<p><strong>ODS_6:<\/strong>\u00a0On \u00e9s el V\u00e0ter? 1r de prim\u00e0ria<\/td>\n<td><a href=\"https:\/\/drive.google.com\/file\/d\/186IGozskneAO2FRtoX42JDi_54Sbt0NP\/preview\" target=\"_blank\" rel=\"noopener\"><img loading=\"lazy\" decoding=\"async\" class=\"wp-image-19664 aligncenter\" src=\"https:\/\/serveiseducatius.xtec.cat\/altemporda\/wp-content\/uploads\/usu1156\/2023\/02\/ODS7-1.png\" sizes=\"auto, (max-width: 229px) 100vw, 229px\" srcset=\"https:\/\/serveiseducatius.xtec.cat\/altemporda\/wp-content\/uploads\/usu1156\/2023\/02\/ODS7-1.png 316w, https:\/\/serveiseducatius.xtec.cat\/altemporda\/wp-content\/uploads\/usu1156\/2023\/02\/ODS7-1-295x300.png 295w\" alt=\"\" width=\"229\" height=\"232\" \/><\/a><strong>ODS_7:<\/strong>\u00a0Com \u00e9s la teva energia? 4t de prim\u00e0ria<\/td>\n<td><a href=\"https:\/\/drive.google.com\/file\/d\/1niPZN9oUuaOl_GaCxE12VtcTHGNmYkCn\/preview\" target=\"_blank\" rel=\"noopener\"><img loading=\"lazy\" decoding=\"async\" class=\"wp-image-19665 aligncenter\" src=\"https:\/\/serveiseducatius.xtec.cat\/altemporda\/wp-content\/uploads\/usu1156\/2023\/02\/ODS11-1.png\" sizes=\"auto, (max-width: 221px) 100vw, 221px\" srcset=\"https:\/\/serveiseducatius.xtec.cat\/altemporda\/wp-content\/uploads\/usu1156\/2023\/02\/ODS11-1.png 318w, https:\/\/serveiseducatius.xtec.cat\/altemporda\/wp-content\/uploads\/usu1156\/2023\/02\/ODS11-1-297x300.png 297w, https:\/\/serveiseducatius.xtec.cat\/altemporda\/wp-content\/uploads\/usu1156\/2023\/02\/ODS11-1-150x150.png 150w\" alt=\"\" width=\"221\" height=\"223\" \/><\/a><strong>ODS_11:<\/strong>\u00a0El flautista i els autom\u00f2bils. 5\u00e8 de prim\u00e0ria<\/td>\n<\/tr>\n<tr>\n<td>&nbsp;<\/p>\n<p><a href=\"https:\/\/drive.google.com\/file\/d\/1PZkMQOUHJWHmaMZGNroFZNbl9fIMicCk\/preview\" target=\"_blank\" rel=\"noopener\"><img loading=\"lazy\" decoding=\"async\" class=\"wp-image-19667 aligncenter\" src=\"https:\/\/serveiseducatius.xtec.cat\/altemporda\/wp-content\/uploads\/usu1156\/2023\/02\/ODS12-1.png\" sizes=\"auto, (max-width: 184px) 100vw, 184px\" srcset=\"https:\/\/serveiseducatius.xtec.cat\/altemporda\/wp-content\/uploads\/usu1156\/2023\/02\/ODS12-1.png 327w, https:\/\/serveiseducatius.xtec.cat\/altemporda\/wp-content\/uploads\/usu1156\/2023\/02\/ODS12-1-296x300.png 296w\" alt=\"\" width=\"184\" height=\"186\" \/><\/a><strong>ODS_12:<\/strong>\u00a0La f\u00e0brica de les coses noves. 3r de prim\u00e0ria<\/td>\n<td><a href=\"https:\/\/drive.google.com\/file\/d\/14jbzd-oBSqZlNNxYMRwoM2QcJ8UlpbWh\/preview\" target=\"_blank\" rel=\"noopener\"><img loading=\"lazy\" decoding=\"async\" class=\"wp-image-19668 aligncenter\" src=\"https:\/\/serveiseducatius.xtec.cat\/altemporda\/wp-content\/uploads\/usu1156\/2023\/02\/ODS13-1.png\" sizes=\"auto, (max-width: 206px) 100vw, 206px\" srcset=\"https:\/\/serveiseducatius.xtec.cat\/altemporda\/wp-content\/uploads\/usu1156\/2023\/02\/ODS13-1.png 325w, https:\/\/serveiseducatius.xtec.cat\/altemporda\/wp-content\/uploads\/usu1156\/2023\/02\/ODS13-1-300x300.png 300w, https:\/\/serveiseducatius.xtec.cat\/altemporda\/wp-content\/uploads\/usu1156\/2023\/02\/ODS13-1-150x150.png 150w\" alt=\"\" width=\"206\" height=\"206\" \/><\/a><\/p>\n<p><strong>ODS_13:<\/strong>\u00a0Protagonistes de l\u2019aventura m\u00e9s gran del planeta. 5\u00e8 de prim\u00e0ria<\/td>\n<td><a href=\"https:\/\/drive.google.com\/file\/d\/1xcUWtL5mKtolTy8iZKbITJ2WH8AXtfn1\/preview\" target=\"_blank\" rel=\"noopener\"><img loading=\"lazy\" decoding=\"async\" class=\"wp-image-19669 aligncenter\" src=\"https:\/\/serveiseducatius.xtec.cat\/altemporda\/wp-content\/uploads\/usu1156\/2023\/02\/ODS14-1.png\" sizes=\"auto, (max-width: 215px) 100vw, 215px\" srcset=\"https:\/\/serveiseducatius.xtec.cat\/altemporda\/wp-content\/uploads\/usu1156\/2023\/02\/ODS14-1.png 330w, https:\/\/serveiseducatius.xtec.cat\/altemporda\/wp-content\/uploads\/usu1156\/2023\/02\/ODS14-1-300x298.png 300w, https:\/\/serveiseducatius.xtec.cat\/altemporda\/wp-content\/uploads\/usu1156\/2023\/02\/ODS14-1-150x150.png 150w\" alt=\"\" width=\"215\" height=\"213\" \/><\/a><strong>ODS_14:<\/strong>\u00a0Un mar de pl\u00e0stic. 4t de prim\u00e0ria<\/td>\n<td><a href=\"https:\/\/drive.google.com\/file\/d\/1bqF9FOW9ErVyPPrgEfHxqbFQ-ZvGBclr\/preview\" target=\"_blank\" rel=\"noopener\"><img loading=\"lazy\" decoding=\"async\" class=\"wp-image-19670 aligncenter\" src=\"https:\/\/serveiseducatius.xtec.cat\/altemporda\/wp-content\/uploads\/usu1156\/2023\/02\/ODS15-1.png\" sizes=\"auto, (max-width: 231px) 100vw, 231px\" srcset=\"https:\/\/serveiseducatius.xtec.cat\/altemporda\/wp-content\/uploads\/usu1156\/2023\/02\/ODS15-1.png 342w, https:\/\/serveiseducatius.xtec.cat\/altemporda\/wp-content\/uploads\/usu1156\/2023\/02\/ODS15-1-300x268.png 300w\" alt=\"\" width=\"231\" height=\"206\" \/><\/a><strong>ODS_15:<\/strong>\u00a0En el sostre del m\u00f3n. 3r de prim\u00e0ria<\/td>\n<\/tr>\n<\/tbody>\n<\/table>\n<hr \/>\n<table>\n<tbody>\n<tr>\n<td><span style=\"color: #993300;\"><strong>3\/<\/strong>\u00a0<a style=\"color: #993300;\" href=\"https:\/\/serveiseducatius.xtec.cat\/altemporda\/general\/frieda-i-els-ods\/\" target=\"_blank\" rel=\"noopener\">Conte: Frieda i els ODS<\/a><\/span><\/td>\n<td><span style=\"color: #993300;\"><strong>4\/<\/strong>\u00a0<a style=\"color: #993300;\" href=\"https:\/\/serveiseducatius.xtec.cat\/altemporda\/portada\/ods-actualitzacio\/\" target=\"_blank\" rel=\"noopener\">ODS actualitzaci\u00f3 amb propostes did\u00e0ctiques<\/a><\/span><\/td>\n<td><span style=\"color: #993300;\"><strong>5\/<\/strong>\u00a0<a style=\"color: #993300;\" href=\"https:\/\/serveiseducatius.xtec.cat\/altemporda\/general\/exposicio-els-serveis-del-bosc-i-els-ods\/\" target=\"_blank\" rel=\"noopener\">Exposici\u00f3 els serveis del bosc i els ODS<\/a><\/span><\/td>\n<\/tr>\n<tr>\n<td><span style=\"color: #993300;\"><strong>6\/<\/strong>\u00a0<a style=\"color: #993300;\" href=\"https:\/\/serveiseducatius.xtec.cat\/altemporda\/xarxa-descoles-del-pn-cap-de-creus\/biolectures\/\" target=\"_blank\" rel=\"noopener\">BioLectures<\/a><\/span><\/td>\n<td><span style=\"color: #993300;\"><strong>7\/<\/strong>\u00a0<a style=\"color: #993300;\" href=\"https:\/\/serveiseducatius.xtec.cat\/girona\/lic\/llegeix-i-canvia-el-mon\/\" target=\"_blank\" rel=\"noopener\">Llegeix i canvia el m\u00f3n<\/a><\/span><\/td>\n<td><span style=\"color: #993300;\"><strong>8\/<\/strong>\u00a0<a style=\"color: #993300;\" href=\"https:\/\/www.adriver.org\/WebElJocdeODS\/index.php#.Y-pLP3bMI9F\" target=\"_blank\" rel=\"noopener\">Joc de Taula dels ODS<\/a><\/span><\/td>\n<\/tr>\n<tr>\n<td><strong>9\/\u00a0<\/strong><a href=\"https:\/\/sites.google.com\/view\/el-planeta-violeta\/p%C3%A0gina-principal\" target=\"_blank\" rel=\"noopener\">El planeta violeta<\/a><\/td>\n<td><strong>8\/\u00a0<\/strong><a href=\"https:\/\/www.mdsocialesa2030.gob.es\/agenda2030\/herramientas-pedagogicas\/index.htm\">Eines pedag\u00f2giques per treballar els ODS<\/a><\/td>\n<td><strong>\u00a0<\/strong><\/td>\n<\/tr>\n<\/tbody>\n<\/table>\n<p><strong><span style=\"color: #993300;\">Document base<\/span><\/strong><\/p>\n<p><iframe loading=\"lazy\" title=\"Canal de Reporters i els ODS\" src=\"https:\/\/www.youtube.com\/embed\/6aOTlrBexNc\" width=\"891\" height=\"501\" frameborder=\"0\" allowfullscreen=\"allowfullscreen\" data-mce-fragment=\"1\"><\/iframe><\/p>\n<table>\n<tbody>\n<tr>\n<td><iframe loading=\"lazy\" src=\"https:\/\/drive.google.com\/file\/d\/1Qx9vLSmoSZkeDj8HEVFT45J3kurUvCbk\/preview\" width=\"600\" height=\"850\" data-mce-fragment=\"1\"><\/iframe><\/td>\n<td><iframe loading=\"lazy\" src=\"https:\/\/drive.google.com\/file\/d\/1tURR9vPJgBA1d5Q1N8lXvbUR2vVi4Q6A\/preview\" width=\"600\" height=\"850\" data-mce-fragment=\"1\"><\/iframe><\/td>\n<\/tr>\n<\/tbody>\n<\/table>\n<p>&nbsp;<\/p>\n<p><a href=\"https:\/\/serveiseducatius.xtec.cat\/apa\/wp-content\/uploads\/usu2951\/2025\/02\/Tall_muntanyes-Tresnivells.jpg\"><img loading=\"lazy\" decoding=\"async\" class=\"alignnone wp-image-9221\" src=\"https:\/\/serveiseducatius.xtec.cat\/apa\/wp-content\/uploads\/usu2951\/2025\/02\/Tall_muntanyes-Tresnivells.jpg\" alt=\"\" width=\"1256\" height=\"263\" srcset=\"https:\/\/serveiseducatius.xtec.cat\/apa\/wp-content\/uploads\/usu2951\/2025\/02\/Tall_muntanyes-Tresnivells.jpg 831w, https:\/\/serveiseducatius.xtec.cat\/apa\/wp-content\/uploads\/usu2951\/2025\/02\/Tall_muntanyes-Tresnivells-300x63.jpg 300w, https:\/\/serveiseducatius.xtec.cat\/apa\/wp-content\/uploads\/usu2951\/2025\/02\/Tall_muntanyes-Tresnivells-768x161.jpg 768w\" sizes=\"auto, (max-width: 1256px) 100vw, 1256px\" \/><\/a><\/p>\n","protected":false},"excerpt":{"rendered":"<p>En aquest espai NOM\u00c9S s\u2019han destacat els ODS que fan refer\u00e8ncia a l\u2019\u00e0rea de Medi. A partir de cada enlla\u00e7 hi trobareu propostes rellevants.<br \/>\n1\/\u00a0Des de la Xarxa de compet\u00e8ncies b\u00e0siques en col\u00b7laboraci\u00f3 amb el Club Super3 ens proposen propostes did\u00e0ctiques d\u2019enfocament globalitzat al voltant de&hellip;  <a href=\"https:\/\/serveiseducatius.xtec.cat\/apa\/xarxa-escoles-inter-parcs-pirineu\/ods-i-medi\/\" title=\"Read ODS i medi\">Llegeix m\u00e9s\u00bb<\/a><\/p>\n","protected":false},"author":3,"featured_media":0,"parent":9152,"menu_order":0,"comment_status":"closed","ping_status":"closed","template":"","meta":{"_bbp_topic_count":0,"_bbp_reply_count":0,"_bbp_total_topic_count":0,"_bbp_total_reply_count":0,"_bbp_voice_count":0,"_bbp_anonymous_reply_count":0,"_bbp_topic_count_hidden":0,"_bbp_reply_count_hidden":0,"_bbp_forum_subforum_count":0,"footnotes":""},"class_list":["post-9160","page","type-page","status-publish","hentry"],"post_mailing_queue_ids":[],"_links":{"self":[{"href":"https:\/\/serveiseducatius.xtec.cat\/apa\/wp-json\/wp\/v2\/pages\/9160","targetHints":{"allow":["GET"]}}],"collection":[{"href":"https:\/\/serveiseducatius.xtec.cat\/apa\/wp-json\/wp\/v2\/pages"}],"about":[{"href":"https:\/\/serveiseducatius.xtec.cat\/apa\/wp-json\/wp\/v2\/types\/page"}],"author":[{"embeddable":true,"href":"https:\/\/serveiseducatius.xtec.cat\/apa\/wp-json\/wp\/v2\/users\/3"}],"replies":[{"embeddable":true,"href":"https:\/\/serveiseducatius.xtec.cat\/apa\/wp-json\/wp\/v2\/comments?post=9160"}],"version-history":[{"count":5,"href":"https:\/\/serveiseducatius.xtec.cat\/apa\/wp-json\/wp\/v2\/pages\/9160\/revisions"}],"predecessor-version":[{"id":9244,"href":"https:\/\/serveiseducatius.xtec.cat\/apa\/wp-json\/wp\/v2\/pages\/9160\/revisions\/9244"}],"up":[{"embeddable":true,"href":"https:\/\/serveiseducatius.xtec.cat\/apa\/wp-json\/wp\/v2\/pages\/9152"}],"wp:attachment":[{"href":"https:\/\/serveiseducatius.xtec.cat\/apa\/wp-json\/wp\/v2\/media?parent=9160"}],"curies":[{"name":"wp","href":"https:\/\/api.w.org\/{rel}","templated":true}]}}