{"id":9152,"date":"2025-02-20T14:03:35","date_gmt":"2025-02-20T13:03:35","guid":{"rendered":"https:\/\/serveiseducatius.xtec.cat\/apa\/?page_id=9152"},"modified":"2025-06-25T13:57:46","modified_gmt":"2025-06-25T11:57:46","slug":"xarxa-escoles-inter-parcs-pirineu","status":"publish","type":"page","link":"https:\/\/serveiseducatius.xtec.cat\/apa\/xarxa-escoles-inter-parcs-pirineu\/","title":{"rendered":"Xarxa d&#8217;escoles interparcs del Pirineu"},"content":{"rendered":"<p><span style=\"color: #993300;\"><strong>\u00a0\u00a0 Be<\/strong><b>nvingudes i benvinguts,<\/b><\/span><\/p>\n<p><img loading=\"lazy\" decoding=\"async\" class=\"alignleft\" src=\"https:\/\/serveiseducatius.xtec.cat\/apa\/wp-content\/uploads\/usu2951\/2025\/02\/Mesa-de-trabajo-1-copia@2x-100-1.jpg\" width=\"216\" height=\"219\" \/> \u00a0<span style=\"color: #993300;\"><b>Xarxa d\u2019escoles dels interparcs del Pirineu<\/b><\/span>.\u00a0<em>Un territori on endinsar-se a la natura en el seu estat m\u00e9s pur<\/em>.\u00a0Amb un patrimoni geol\u00f2gic, paleontol\u00f2gic, ecol\u00f2gic i cultural de gran valor i bellesa. Mosaic paisatg\u00edstic envejable des de la conca de Tremp fins als cims m\u00e9s alts del Pirineu. De nord a sud i d\u2019est a oest. Contempla les comarques de la Cerdanya, l\u2019Alt Urgell, el Pallars Sobir\u00e0, el Pallars Juss\u00e0, l\u2019Alta Ribagor\u00e7a i la Vall d\u2019Aran.<\/p>\n<p>Terra i aigua esdevenen el nexe conductor que agermana els diferents espais.\u00a0Tant \u00e9s aix\u00ed que el nostre territori compta amb l\u2019\u00fanic parc nacional de Catalunya, dos parcs naturals, un geoparc i la reserva natural de Boumort. Esdevenint un dels territoris amb majors zones protegides dels Pa\u00efsos Catalans amb 135.853 hect\u00e0rees.<\/p>\n<p>Per molts infants del Pirineu el color verd, blau i blanc esdev\u00e9 el seu\u00a0<em>pati de joc on imaginar, crear i aprendre.\u00a0<\/em>Per gaudir, encara m\u00e9s, d\u2019aquest indret privilegiat comptem amb l\u2019expertesa did\u00e0ctica i pedag\u00f2gica dels docents dels centres educatius que participen de la\u00a0<span style=\"color: #993300;\"><strong>Xarxa d\u2019escoles dels interpar<\/strong><strong>cs\u00a0del Pirineu<sup>1<\/sup> (XEiPP)<\/strong><\/span>, dels professionals dels camps d\u2019aprenentatge i dels t\u00e8cnics i educadors dels parcs.<\/p>\n<p>Gaudir i respectar aquesta joia de la natura que anirem desvetllant, a poc a poc, \u00e9s l\u2019objectiu principal d\u2019aquesta xarxa.<\/p>\n<p><span style=\"color: #993300;\"><strong>Objectius clau del projecte de la xarxa d\u2019escoles dels interparcs del Pirineu.\u00a0<\/strong><\/span><\/p>\n<ol>\n<li aria-level=\"1\">Empoderar als docents en el coneixement del medi natural i social.<\/li>\n<li aria-level=\"1\">Generar vincle i sentit de pertinen\u00e7a amb el territori.<\/li>\n<li aria-level=\"1\">Fer-se preguntes rellevants i aportar solucions als reptes del futur.<\/li>\n<li aria-level=\"1\">Posar de manifest la fragilitat dels ecosistemes i el seu incalculable valor.<\/li>\n<li aria-level=\"1\">Esdevenir agents actius del comprom\u00eds ambiental.<\/li>\n<li aria-level=\"1\">Viure i sentir els parcs i el paisatge com una obra d\u2019art irrepetible.<\/li>\n<\/ol>\n<p><span style=\"color: #993300;\"><strong>Qu\u00e8 podem trobar en aquest espai web?<\/strong><\/span><\/p>\n<ol>\n<li><span style=\"color: #993300;\"><strong>Agenda escolar del Pirineu<\/strong><\/span><\/li>\n<\/ol>\n<p><strong>2<\/strong>.\u00a0<span style=\"color: #993300;\"><strong>Oferta d\u2019activitats educatives<\/strong><\/span>\u00a0adre\u00e7ades als centres escolars dels parcs i espais naturals.<\/p>\n<p><strong>3<\/strong>. Web com a\u00a0<span style=\"color: #993300;\"><strong>punt de trobada<\/strong><\/span>\u00a0de recursos did\u00e0ctics per treballar els diferents ecosistemes.<\/p>\n<p><strong>4<\/strong>. Infografies i p\u00f2sters ambientals per generar el<span style=\"color: #993300;\">\u00a0<strong>rac\u00f3 del parc a l\u2019aula<\/strong><\/span>.<\/p>\n<p><strong>5<\/strong>. Propostes per treballar els\u00a0<span style=\"color: #993300;\"><strong>ODS<\/strong><\/span>.<\/p>\n<p><strong>6<\/strong>\u2026 Tot all\u00f2 que imaginem i vulguem compartir.<\/p>\n<p>&nbsp;<\/p>\n<p>La<span style=\"color: #993300;\">\u00a0<b>Xarxa d\u2019escoles dels interparcs del Pirineu (XEiPP)<\/b><\/span>\u00a0preveu dur a terme diferents actuacions col\u00b7laboratives al llarg dels anys. Iniciant el seu cam\u00ed amb la\u00a0<span style=\"color: #993300;\"><b>Primera agenda escolar interparcs del Pirineu<\/b>.<\/span><\/p>\n<p>Aquest projecte ha esdevingut tot un repte nom\u00e9s a l\u2019abast d\u2019estructures organitzatives s\u00f2lides que prioritzen el patrimoni col\u00b7lectiu a l\u2019inter\u00e8s individual. On l\u2019entesa en multiplica el resultat en benefici de tots i totes. Pe\u00e7a clau per garantir un futur harm\u00f2nic per als nostres infants.<\/p>\n<p>Una agenda educativa pensada per a infants de 3 a 16 anys. Nexe d\u2019uni\u00f3 del dia a dia de l\u2019escola entre infants, fam\u00edlies i docents.<\/p>\n<p>Val a dir que aquesta iniciativa tamb\u00e9 veu d\u2019aig\u00fces salades i agermanades amb un altre trosset del territori. All\u00ed on diuen que neix o mort el Pirineu. Com \u00e9s el cas del parc natural del Cap de Creus i la seva\u00a0<a href=\"https:\/\/serveiseducatius.xtec.cat\/altemporda\/categoria\/xarxa-escoles-cap-de-creus\/\">Xarxa d\u2019escoles (XEPNCC).<\/a> La col\u00b7laboraci\u00f3 amb els seus responsables ha estat indispensable per tirar endavant aquesta iniciativa pirinenca.<\/p>\n<p>L\u2019agenda compta amb un il\u00b7lustrador de cap\u00e7alera. Apassionat per la muntanya, ornit\u00f2leg i il\u00b7lustrador cient\u00edfic.<a href=\"https:\/\/www.nuvol.com\/llengua\/alex-mascarell-ornitoleg-il-lustrador-359851\">\u00a0\u00c0lex Mascarell<\/a><\/p>\n<p style=\"text-align: center;\"><span style=\"color: #993300;\"><b>Llegiu cada setmana un retall de natura en fam\u00edlia, o b\u00e9, a classe.<\/b><\/span><\/p>\n<p style=\"text-align: center;\"><span style=\"color: #993300;\"><b>Participeu dels reptes que us proposa l\u2019agenda.<\/b><\/span><\/p>\n<p style=\"text-align: center;\"><span style=\"color: #993300;\"><b>Demaneu l\u2019acompanyament dels professionals del parc.<\/b><\/span><\/p>\n<p style=\"text-align: center;\"><span style=\"color: #993300;\"><b>Visiteu els parcs en fam\u00edlia.<\/b><\/span><\/p>\n<p style=\"text-align: center;\"><span style=\"color: #993300;\"><b>Gaudiu i observeu el paisatge amb respecte.<\/b><\/span><\/p>\n<p style=\"text-align: center;\"><span style=\"color: #993300;\"><b>I sobretot\u2026 teniu cura de la natura. Recorda que no tenim planeta B.<\/b><\/span><\/p>\n<p>&nbsp;<\/p>\n<p>&nbsp;<\/p>\n<p>&nbsp;<\/p>\n<p><img loading=\"lazy\" decoding=\"async\" class=\"alignnone wp-image-10056\" src=\"https:\/\/serveiseducatius.xtec.cat\/apa\/wp-content\/uploads\/usu2951\/2025\/05\/IMG-20250513-WA0015-771x1024.jpg\" alt=\"\" width=\"263\" height=\"349\" srcset=\"https:\/\/serveiseducatius.xtec.cat\/apa\/wp-content\/uploads\/usu2951\/2025\/05\/IMG-20250513-WA0015-771x1024.jpg 771w, https:\/\/serveiseducatius.xtec.cat\/apa\/wp-content\/uploads\/usu2951\/2025\/05\/IMG-20250513-WA0015-226x300.jpg 226w, https:\/\/serveiseducatius.xtec.cat\/apa\/wp-content\/uploads\/usu2951\/2025\/05\/IMG-20250513-WA0015-768x1021.jpg 768w, https:\/\/serveiseducatius.xtec.cat\/apa\/wp-content\/uploads\/usu2951\/2025\/05\/IMG-20250513-WA0015-1156x1536.jpg 1156w, https:\/\/serveiseducatius.xtec.cat\/apa\/wp-content\/uploads\/usu2951\/2025\/05\/IMG-20250513-WA0015.jpg 1204w\" sizes=\"auto, (max-width: 263px) 100vw, 263px\" \/>\u00a0 \u00a0\u00a0 <img loading=\"lazy\" decoding=\"async\" class=\"alignnone wp-image-10055\" src=\"https:\/\/serveiseducatius.xtec.cat\/apa\/wp-content\/uploads\/usu2951\/2025\/05\/IMG-20250515-WA0016-768x1024.jpg\" alt=\"\" width=\"259\" height=\"345\" srcset=\"https:\/\/serveiseducatius.xtec.cat\/apa\/wp-content\/uploads\/usu2951\/2025\/05\/IMG-20250515-WA0016-768x1024.jpg 768w, https:\/\/serveiseducatius.xtec.cat\/apa\/wp-content\/uploads\/usu2951\/2025\/05\/IMG-20250515-WA0016-225x300.jpg 225w, https:\/\/serveiseducatius.xtec.cat\/apa\/wp-content\/uploads\/usu2951\/2025\/05\/IMG-20250515-WA0016-1152x1536.jpg 1152w, https:\/\/serveiseducatius.xtec.cat\/apa\/wp-content\/uploads\/usu2951\/2025\/05\/IMG-20250515-WA0016.jpg 1536w\" sizes=\"auto, (max-width: 259px) 100vw, 259px\" \/><\/p>\n<p><img loading=\"lazy\" decoding=\"async\" class=\"alignnone wp-image-10052\" src=\"https:\/\/serveiseducatius.xtec.cat\/apa\/wp-content\/uploads\/usu2951\/2025\/05\/IMG-20250515-WA0020-1024x457.jpg\" alt=\"\" width=\"543\" height=\"242\" srcset=\"https:\/\/serveiseducatius.xtec.cat\/apa\/wp-content\/uploads\/usu2951\/2025\/05\/IMG-20250515-WA0020-1024x457.jpg 1024w, https:\/\/serveiseducatius.xtec.cat\/apa\/wp-content\/uploads\/usu2951\/2025\/05\/IMG-20250515-WA0020-300x134.jpg 300w, https:\/\/serveiseducatius.xtec.cat\/apa\/wp-content\/uploads\/usu2951\/2025\/05\/IMG-20250515-WA0020-768x343.jpg 768w, https:\/\/serveiseducatius.xtec.cat\/apa\/wp-content\/uploads\/usu2951\/2025\/05\/IMG-20250515-WA0020-1536x685.jpg 1536w, https:\/\/serveiseducatius.xtec.cat\/apa\/wp-content\/uploads\/usu2951\/2025\/05\/IMG-20250515-WA0020.jpg 1600w\" sizes=\"auto, (max-width: 543px) 100vw, 543px\" \/><\/p>\n<p>&nbsp;<\/p>\n<p><img loading=\"lazy\" decoding=\"async\" class=\"alignnone wp-image-10057\" src=\"https:\/\/serveiseducatius.xtec.cat\/apa\/wp-content\/uploads\/usu2951\/2025\/05\/IMG-20250512-WA0012-1024x576.jpg\" alt=\"\" width=\"374\" height=\"210\" srcset=\"https:\/\/serveiseducatius.xtec.cat\/apa\/wp-content\/uploads\/usu2951\/2025\/05\/IMG-20250512-WA0012-1024x576.jpg 1024w, https:\/\/serveiseducatius.xtec.cat\/apa\/wp-content\/uploads\/usu2951\/2025\/05\/IMG-20250512-WA0012-300x169.jpg 300w, https:\/\/serveiseducatius.xtec.cat\/apa\/wp-content\/uploads\/usu2951\/2025\/05\/IMG-20250512-WA0012-768x432.jpg 768w, https:\/\/serveiseducatius.xtec.cat\/apa\/wp-content\/uploads\/usu2951\/2025\/05\/IMG-20250512-WA0012-1536x864.jpg 1536w, https:\/\/serveiseducatius.xtec.cat\/apa\/wp-content\/uploads\/usu2951\/2025\/05\/IMG-20250512-WA0012.jpg 2048w\" sizes=\"auto, (max-width: 374px) 100vw, 374px\" \/> \u00a0\u00a0 <img loading=\"lazy\" decoding=\"async\" class=\"alignnone wp-image-10053\" src=\"https:\/\/serveiseducatius.xtec.cat\/apa\/wp-content\/uploads\/usu2951\/2025\/05\/20250515_174123-1024x768.jpg\" alt=\"\" width=\"285\" height=\"214\" srcset=\"https:\/\/serveiseducatius.xtec.cat\/apa\/wp-content\/uploads\/usu2951\/2025\/05\/20250515_174123-1024x768.jpg 1024w, https:\/\/serveiseducatius.xtec.cat\/apa\/wp-content\/uploads\/usu2951\/2025\/05\/20250515_174123-300x225.jpg 300w, https:\/\/serveiseducatius.xtec.cat\/apa\/wp-content\/uploads\/usu2951\/2025\/05\/20250515_174123-768x576.jpg 768w, https:\/\/serveiseducatius.xtec.cat\/apa\/wp-content\/uploads\/usu2951\/2025\/05\/20250515_174123-1536x1152.jpg 1536w, https:\/\/serveiseducatius.xtec.cat\/apa\/wp-content\/uploads\/usu2951\/2025\/05\/20250515_174123-2048x1536.jpg 2048w, https:\/\/serveiseducatius.xtec.cat\/apa\/wp-content\/uploads\/usu2951\/2025\/05\/20250515_174123-200x150.jpg 200w\" sizes=\"auto, (max-width: 285px) 100vw, 285px\" \/><\/p>\n<p><img loading=\"lazy\" decoding=\"async\" class=\"alignnone wp-image-10054\" src=\"https:\/\/serveiseducatius.xtec.cat\/apa\/wp-content\/uploads\/usu2951\/2025\/05\/IMG-20250515-WA0018-1024x768.jpg\" alt=\"\" width=\"337\" height=\"253\" srcset=\"https:\/\/serveiseducatius.xtec.cat\/apa\/wp-content\/uploads\/usu2951\/2025\/05\/IMG-20250515-WA0018-1024x768.jpg 1024w, https:\/\/serveiseducatius.xtec.cat\/apa\/wp-content\/uploads\/usu2951\/2025\/05\/IMG-20250515-WA0018-300x225.jpg 300w, https:\/\/serveiseducatius.xtec.cat\/apa\/wp-content\/uploads\/usu2951\/2025\/05\/IMG-20250515-WA0018-768x576.jpg 768w, https:\/\/serveiseducatius.xtec.cat\/apa\/wp-content\/uploads\/usu2951\/2025\/05\/IMG-20250515-WA0018-1536x1152.jpg 1536w, https:\/\/serveiseducatius.xtec.cat\/apa\/wp-content\/uploads\/usu2951\/2025\/05\/IMG-20250515-WA0018-200x150.jpg 200w, https:\/\/serveiseducatius.xtec.cat\/apa\/wp-content\/uploads\/usu2951\/2025\/05\/IMG-20250515-WA0018.jpg 2048w\" sizes=\"auto, (max-width: 337px) 100vw, 337px\" \/><\/p>\n<p><img loading=\"lazy\" decoding=\"async\" class=\"alignnone wp-image-10119\" src=\"https:\/\/serveiseducatius.xtec.cat\/apa\/wp-content\/uploads\/usu2951\/2025\/05\/IMG-20250519-WA0025-1024x768.jpg\" alt=\"\" width=\"354\" height=\"265\" srcset=\"https:\/\/serveiseducatius.xtec.cat\/apa\/wp-content\/uploads\/usu2951\/2025\/05\/IMG-20250519-WA0025-1024x768.jpg 1024w, https:\/\/serveiseducatius.xtec.cat\/apa\/wp-content\/uploads\/usu2951\/2025\/05\/IMG-20250519-WA0025-300x225.jpg 300w, https:\/\/serveiseducatius.xtec.cat\/apa\/wp-content\/uploads\/usu2951\/2025\/05\/IMG-20250519-WA0025-768x576.jpg 768w, https:\/\/serveiseducatius.xtec.cat\/apa\/wp-content\/uploads\/usu2951\/2025\/05\/IMG-20250519-WA0025-200x150.jpg 200w, https:\/\/serveiseducatius.xtec.cat\/apa\/wp-content\/uploads\/usu2951\/2025\/05\/IMG-20250519-WA0025.jpg 1288w\" sizes=\"auto, (max-width: 354px) 100vw, 354px\" \/>\u00a0 <img loading=\"lazy\" decoding=\"async\" class=\"alignnone wp-image-10118\" src=\"https:\/\/serveiseducatius.xtec.cat\/apa\/wp-content\/uploads\/usu2951\/2025\/05\/IMG-20250519-WA0028-1024x768.jpg\" alt=\"\" width=\"350\" height=\"263\" srcset=\"https:\/\/serveiseducatius.xtec.cat\/apa\/wp-content\/uploads\/usu2951\/2025\/05\/IMG-20250519-WA0028-1024x768.jpg 1024w, https:\/\/serveiseducatius.xtec.cat\/apa\/wp-content\/uploads\/usu2951\/2025\/05\/IMG-20250519-WA0028-300x225.jpg 300w, https:\/\/serveiseducatius.xtec.cat\/apa\/wp-content\/uploads\/usu2951\/2025\/05\/IMG-20250519-WA0028-768x576.jpg 768w, https:\/\/serveiseducatius.xtec.cat\/apa\/wp-content\/uploads\/usu2951\/2025\/05\/IMG-20250519-WA0028-1536x1152.jpg 1536w, https:\/\/serveiseducatius.xtec.cat\/apa\/wp-content\/uploads\/usu2951\/2025\/05\/IMG-20250519-WA0028-200x150.jpg 200w, https:\/\/serveiseducatius.xtec.cat\/apa\/wp-content\/uploads\/usu2951\/2025\/05\/IMG-20250519-WA0028.jpg 1600w\" sizes=\"auto, (max-width: 350px) 100vw, 350px\" \/><\/p>\n<p><img loading=\"lazy\" decoding=\"async\" class=\"alignnone wp-image-10117\" src=\"https:\/\/serveiseducatius.xtec.cat\/apa\/wp-content\/uploads\/usu2951\/2025\/05\/IMG-20250519-WA0027-1024x768.jpg\" alt=\"\" width=\"348\" height=\"261\" srcset=\"https:\/\/serveiseducatius.xtec.cat\/apa\/wp-content\/uploads\/usu2951\/2025\/05\/IMG-20250519-WA0027-1024x768.jpg 1024w, https:\/\/serveiseducatius.xtec.cat\/apa\/wp-content\/uploads\/usu2951\/2025\/05\/IMG-20250519-WA0027-300x225.jpg 300w, https:\/\/serveiseducatius.xtec.cat\/apa\/wp-content\/uploads\/usu2951\/2025\/05\/IMG-20250519-WA0027-768x576.jpg 768w, https:\/\/serveiseducatius.xtec.cat\/apa\/wp-content\/uploads\/usu2951\/2025\/05\/IMG-20250519-WA0027-1536x1152.jpg 1536w, https:\/\/serveiseducatius.xtec.cat\/apa\/wp-content\/uploads\/usu2951\/2025\/05\/IMG-20250519-WA0027-200x150.jpg 200w, https:\/\/serveiseducatius.xtec.cat\/apa\/wp-content\/uploads\/usu2951\/2025\/05\/IMG-20250519-WA0027.jpg 1600w\" sizes=\"auto, (max-width: 348px) 100vw, 348px\" \/><\/p>\n<p>&nbsp;<\/p>\n<p>&#8212;&#8212;&#8212;&#8212;&#8212;&#8212;&#8212;&#8212;&#8212;&#8212;&#8212;&#8212;&#8212;&#8212;&#8212;&#8212;&#8212;&#8212;&#8212;&#8212;&#8212;&#8212;&#8212;&#8212;&#8212;&#8212;&#8212;&#8212;&#8212;&#8212;&#8212;&#8211;<\/p>\n<p style=\"text-align: justify;\"><span style=\"font-size: 10pt; color: #993300;\"><strong>(*) Pirineu o Pirineus?<\/strong><span style=\"font-size: 8pt; background-color: #ffffff; color: #000000;\"> Despr\u00e9s de consultar diferents fonts etimol\u00f2giques i diccionaris espec\u00edfics. Hem acordat utilitzar el mot <span style=\"color: #993300;\"><strong>PIRINEU<\/strong><\/span>, en singular, en comptes del plural Pirineu pel projecte de la <strong><span style=\"color: #993300;\">Xarxa d&#8217;escoles interparcs<\/span><\/strong>.<\/span><\/span><\/p>\n<p style=\"text-align: justify;\"><em><span style=\"font-size: 8pt;\">&#8220;Els historiadors urgellencs Carles Gasc\u00f3n i Llu\u00eds Obiols han demostrat que la forma monts Pireneus o Pirineus s\u00f3n les m\u00e9s emprades en la documentaci\u00f3 antiga. El Tractat dels Pirineus (1659) corrobora aquesta forma plural topon\u00edmica de la nostra serralada. <\/span><\/em><em><span style=\"font-size: 8pt;\">Ling\u00fc\u00edsticament, en canvi, la forma Pirineu \u00e9s la que t\u00e9 m\u00e9s pes. Verdaguer, a Canig\u00f3, sempre parla del Pirineu. Per aix\u00f2 Carles Gasc\u00f3n fa la pregunta de si el top\u00f2nim Pirineu \u00e9s en realitat originari de la Renaixen\u00e7a. Per\u00f2 la gram\u00e0tica \u00e9s molt clara: ning\u00fa no parla dels Pirineus del Pallars, dels Pirineus de Lleida, dels Pirineus aragonesos&#8230; sin\u00f3 del Pirineu, cosa que no succeeix amb els Alps (Alps francesos, Alps su\u00efssos, Alps del Valais&#8230;), ni amb els Andes (Andes peruans, Andes bolivians, Andes xilens&#8230;). Tanmateix, hi ha serralades al m\u00f3n que tenen el nom en singular: l\u2019Him\u00e0laia, el Caucas, l\u2019Atles&#8230; La meva conclusi\u00f3 \u00e9s que Pirineus (com Pirineos, Pyr\u00e9nees, Pireneus&#8230;) s\u2019identifica amb una visi\u00f3 exterior de la serralada, mentre que la de Pirineu \u00e9s interior. Un pag\u00e8s de la vall de Tena sempre dir\u00e0 que viu \u00aben el Pirineo\u00bb. Per tant, vist des d\u2019una perspectiva o des d\u2019una altra les dues formes poden coexistir i s\u00f3n correctes, tot i que, com a ling\u00fcista, em decanti per Pirineu&#8221;<\/span><\/em>. (<em><span style=\"font-size: 8pt;\">Manel Figuera. Diari ARA)<\/span><\/em><\/p>\n<p><a href=\"https:\/\/serveiseducatius.xtec.cat\/apa\/wp-content\/uploads\/usu2951\/2025\/02\/Tall_muntanyes-Tresnivells.jpg\"><img loading=\"lazy\" decoding=\"async\" class=\"alignnone wp-image-9221\" src=\"https:\/\/serveiseducatius.xtec.cat\/apa\/wp-content\/uploads\/usu2951\/2025\/02\/Tall_muntanyes-Tresnivells.jpg\" alt=\"\" width=\"1414\" height=\"296\" srcset=\"https:\/\/serveiseducatius.xtec.cat\/apa\/wp-content\/uploads\/usu2951\/2025\/02\/Tall_muntanyes-Tresnivells.jpg 831w, https:\/\/serveiseducatius.xtec.cat\/apa\/wp-content\/uploads\/usu2951\/2025\/02\/Tall_muntanyes-Tresnivells-300x63.jpg 300w, https:\/\/serveiseducatius.xtec.cat\/apa\/wp-content\/uploads\/usu2951\/2025\/02\/Tall_muntanyes-Tresnivells-768x161.jpg 768w\" sizes=\"auto, (max-width: 1414px) 100vw, 1414px\" \/><\/a><\/p>\n","protected":false},"excerpt":{"rendered":"<p>\u00a0\u00a0 Benvingudes i benvinguts,<br \/>\n \u00a0Xarxa d\u2019escoles dels interparcs del Pirineu.\u00a0Un territori on endinsar-se a la natura en el seu estat m\u00e9s pur.\u00a0Amb un patrimoni geol\u00f2gic, paleontol\u00f2gic, ecol\u00f2gic i cultural de gran valor i bellesa. Mosaic paisatg\u00edstic envejable des de la conca de Tremp fins als&hellip;  <a href=\"https:\/\/serveiseducatius.xtec.cat\/apa\/xarxa-escoles-inter-parcs-pirineu\/\" title=\"Read Xarxa d&#8217;escoles interparcs del Pirineu\">Llegeix m\u00e9s\u00bb<\/a><\/p>\n","protected":false},"author":3,"featured_media":0,"parent":0,"menu_order":0,"comment_status":"closed","ping_status":"closed","template":"","meta":{"_bbp_topic_count":0,"_bbp_reply_count":0,"_bbp_total_topic_count":0,"_bbp_total_reply_count":0,"_bbp_voice_count":0,"_bbp_anonymous_reply_count":0,"_bbp_topic_count_hidden":0,"_bbp_reply_count_hidden":0,"_bbp_forum_subforum_count":0,"footnotes":""},"class_list":["post-9152","page","type-page","status-publish","hentry"],"post_mailing_queue_ids":[],"_links":{"self":[{"href":"https:\/\/serveiseducatius.xtec.cat\/apa\/wp-json\/wp\/v2\/pages\/9152","targetHints":{"allow":["GET"]}}],"collection":[{"href":"https:\/\/serveiseducatius.xtec.cat\/apa\/wp-json\/wp\/v2\/pages"}],"about":[{"href":"https:\/\/serveiseducatius.xtec.cat\/apa\/wp-json\/wp\/v2\/types\/page"}],"author":[{"embeddable":true,"href":"https:\/\/serveiseducatius.xtec.cat\/apa\/wp-json\/wp\/v2\/users\/3"}],"replies":[{"embeddable":true,"href":"https:\/\/serveiseducatius.xtec.cat\/apa\/wp-json\/wp\/v2\/comments?post=9152"}],"version-history":[{"count":7,"href":"https:\/\/serveiseducatius.xtec.cat\/apa\/wp-json\/wp\/v2\/pages\/9152\/revisions"}],"predecessor-version":[{"id":10375,"href":"https:\/\/serveiseducatius.xtec.cat\/apa\/wp-json\/wp\/v2\/pages\/9152\/revisions\/10375"}],"wp:attachment":[{"href":"https:\/\/serveiseducatius.xtec.cat\/apa\/wp-json\/wp\/v2\/media?parent=9152"}],"curies":[{"name":"wp","href":"https:\/\/api.w.org\/{rel}","templated":true}]}}