{"id":8993,"date":"2025-01-27T09:16:51","date_gmt":"2025-01-27T08:16:51","guid":{"rendered":"https:\/\/serveiseducatius.xtec.cat\/apa\/?page_id=8993"},"modified":"2025-06-03T10:53:34","modified_gmt":"2025-06-03T08:53:34","slug":"agenda-escolar-del-pirineu","status":"publish","type":"page","link":"https:\/\/serveiseducatius.xtec.cat\/apa\/agenda-escolar-del-pirineu\/","title":{"rendered":"Agenda Escolar del Pirineu"},"content":{"rendered":"<p><img loading=\"lazy\" decoding=\"async\" class=\"wp-image-9033 alignleft\" src=\"https:\/\/serveiseducatius.xtec.cat\/apa\/wp-content\/uploads\/usu2951\/2025\/02\/Mesa-de-trabajo-1-copia@2x-100-1.jpg\" alt=\"\" width=\"117\" height=\"118\" srcset=\"https:\/\/serveiseducatius.xtec.cat\/apa\/wp-content\/uploads\/usu2951\/2025\/02\/Mesa-de-trabajo-1-copia@2x-100-1.jpg 505w, https:\/\/serveiseducatius.xtec.cat\/apa\/wp-content\/uploads\/usu2951\/2025\/02\/Mesa-de-trabajo-1-copia@2x-100-1-296x300.jpg 296w, https:\/\/serveiseducatius.xtec.cat\/apa\/wp-content\/uploads\/usu2951\/2025\/02\/Mesa-de-trabajo-1-copia@2x-100-1-150x150.jpg 150w\" sizes=\"auto, (max-width: 117px) 100vw, 117px\" \/><span style=\"color: #993300;\"><strong>Be<\/strong><b>nvingudes i benvinguts, <\/b><\/span><\/p>\n<p><span style=\"font-weight: 400;\">a la <\/span><span style=\"color: #993300;\"><b>Xarxa d\u2019escoles dels interparcs del Pirineu<\/b><\/span><span style=\"font-weight: 400;\">.<\/span> <span style=\"font-weight: 400;\"><span style=\"color: #993300;\"><em>Un territori on endinsar-se a la natura en el seu estat m\u00e9s pur<\/em><\/span>.<\/span><span style=\"font-weight: 400;\"> Amb un patrimoni geol\u00f2gic, paleontol\u00f2gic, ecol\u00f2gic i cultural de gran valor i bellesa. Mosaic paisatg\u00edstic envejable des de la conca de Tremp fins als cims m\u00e9s alts del Pirineu. De nord a sud i d&#8217;est a oest. Contempla les comarques de la Cerdanya, l&#8217;Alt Urgell, el Pallars Sobir\u00e0, el Pallars Juss\u00e0, l&#8217;Alta Ribagor\u00e7a i la Vall d&#8217;Aran.\u00a0<\/span><\/p>\n<p style=\"text-align: justify;\"><span style=\"font-weight: 400;\">Terra i aigua esdevenen el nexe conductor que agermana els diferents espais. <\/span><span style=\"font-weight: 400;\">Tant \u00e9s aix\u00ed que el nostre territori compta amb l\u2019\u00fanic parc nacional de Catalunya, dos parcs naturals, un geoparc i la reserva natural de Boumort. Esdevenint un dels territoris amb majors zones protegides dels Pa\u00efsos Catalans amb 135.853 hect\u00e0rees.<\/span><\/p>\n<p style=\"text-align: justify;\"><span style=\"font-weight: 400;\">Per molts infants del Pirineu el color verd, blau i blanc esdev\u00e9 el seu <em>pati de joc on imaginar, crear i aprendre. <\/em><\/span><span style=\"font-weight: 400;\">Per gaudir, encara m\u00e9s, d&#8217;aquest indret privilegiat comptem amb l\u2019expertesa did\u00e0ctica i pedag\u00f2gica dels docents dels centres educatius que participen de la <span style=\"color: #993300;\"><strong>Xarxa d\u2019escoles dels interpar<\/strong><strong>cs\u00a0del Pirineu<sup>1<\/sup> (XEiPP)<\/strong><\/span>, dels professionals dels camps d\u2019aprenentatge i dels t\u00e8cnics i educadors dels parcs.<\/span><\/p>\n<p><span style=\"font-weight: 400;\">Gaudir i respectar aquesta joia de la natura que anirem desvetllant, a poc a poc, \u00e9s l&#8217;objectiu principal d&#8217;aquesta xarxa.<\/span><\/p>\n<p><span style=\"font-size: 14pt; color: #993300;\"><strong><span style=\"font-size: 18pt;\">O<\/span>bjectius clau del projecte de la xarxa d&#8217;escoles dels interparcs del Pirineu.\u00a0<\/strong><\/span><\/p>\n<ol>\n<li style=\"font-weight: 400;\" aria-level=\"1\"><span style=\"font-weight: 400;\">Empoderar als docents en el coneixement del medi natural i social.<\/span><\/li>\n<li style=\"font-weight: 400;\" aria-level=\"1\"><span style=\"font-weight: 400;\">Generar vincle i sentit de pertinen\u00e7a amb el territori.<\/span><\/li>\n<li style=\"font-weight: 400;\" aria-level=\"1\"><span style=\"font-weight: 400;\">Fer-se preguntes rellevants i aportar solucions als reptes del futur.<\/span><\/li>\n<li style=\"font-weight: 400;\" aria-level=\"1\"><span style=\"font-weight: 400;\">Posar de manifest la fragilitat dels ecosistemes i el seu incalculable valor.<\/span><\/li>\n<li style=\"font-weight: 400;\" aria-level=\"1\"><span style=\"font-weight: 400;\">Esdevenir agents actius del comprom\u00eds ambiental.<\/span><\/li>\n<li style=\"font-weight: 400;\" aria-level=\"1\"><span style=\"font-weight: 400;\">Viure i sentir els parcs i el paisatge com una obra d&#8217;art irrepetible.<\/span><\/li>\n<\/ol>\n<p>&nbsp;<\/p>\n<p align=\"center\"><iframe loading=\"lazy\" src=\"https:\/\/drive.google.com\/file\/d\/1hQ5U7rfjfJftnKZchYLtDpQB3to_A-5W\/preview\" width=\"450\" height=\"430\"><span data-mce-type=\"bookmark\" style=\"display: inline-block; width: 0px; overflow: hidden; line-height: 0;\" class=\"mce_SELRES_start\">\ufeff<\/span><span data-mce-type=\"bookmark\" style=\"display: inline-block; width: 0px; overflow: hidden; line-height: 0;\" class=\"mce_SELRES_start\">\ufeff<\/span><\/iframe><\/p>\n<p style=\"text-align: justify;\"><span style=\"font-weight: 400;\">Val a dir que aquesta iniciativa tamb\u00e9 veu d\u2019aig\u00fces salades i agermanades amb un altre trosset del territori. All\u00ed on diuen que neix o mort el Pirineu. Com \u00e9s el cas del parc natural del Cap de Creus i la seva <\/span><a href=\"https:\/\/serveiseducatius.xtec.cat\/altemporda\/categoria\/xarxa-escoles-cap-de-creus\/\"><span style=\"font-weight: 400;\">Xarxa d\u2019escoles (XEPNCC).<\/span><\/a><span style=\"font-weight: 400;\"> La col\u00b7laboraci\u00f3 amb els seus responsables ha estat indispensable per tirar endavant aquesta iniciativa pirinenca.<\/span><\/p>\n<p><span style=\"font-weight: 400;\">L&#8217;agenda compta amb un il\u00b7lustrador de cap\u00e7alera. Apassionat per la muntanya, ornit\u00f2leg i il\u00b7lustrador cient\u00edfic.<\/span><a href=\"https:\/\/www.nuvol.com\/llengua\/alex-mascarell-ornitoleg-il-lustrador-359851\"> <span style=\"font-weight: 400;\">\u00c0lex Mascarell<\/span><\/a><\/p>\n<p style=\"text-align: center;\"><span style=\"color: #993300;\"><b>Llegiu cada setmana un retall de natura en fam\u00edlia, o b\u00e9, a classe.<\/b><\/span><\/p>\n<p style=\"text-align: center;\"><span style=\"color: #993300;\"><b>Participeu dels reptes que us proposa l&#8217;agenda.<\/b><\/span><\/p>\n<p style=\"text-align: center;\"><span style=\"color: #993300;\"><b>Demaneu l\u2019acompanyament dels professionals del parc.<\/b><\/span><\/p>\n<p style=\"text-align: center;\"><span style=\"color: #993300;\"><b>Visiteu els parcs en fam\u00edlia.<\/b><\/span><\/p>\n<p style=\"text-align: center;\"><span style=\"color: #993300;\"><b>Gaudiu i observeu el paisatge amb respecte.<\/b><\/span><\/p>\n<p style=\"text-align: center;\"><span style=\"color: #993300;\"><b>I sobretot\u2026 teniu cura de la natura. Recorda que no tenim planeta B.<\/b><\/span><\/p>\n<p>&nbsp;<\/p>\n<p style=\"text-align: left;\"><span style=\"color: #993300; font-size: 14pt;\"><strong><span style=\"font-size: 18pt;\">U<\/span>na agenda <\/strong>respectuosa amb el medi ambient. On cada detall compta.<\/span><\/p>\n<p><img loading=\"lazy\" decoding=\"async\" class=\"wp-image-9002 alignleft\" src=\"https:\/\/serveiseducatius.xtec.cat\/apa\/wp-content\/uploads\/usu2951\/2025\/01\/unnamed.png\" alt=\"\" width=\"175\" height=\"175\" srcset=\"https:\/\/serveiseducatius.xtec.cat\/apa\/wp-content\/uploads\/usu2951\/2025\/01\/unnamed.png 450w, https:\/\/serveiseducatius.xtec.cat\/apa\/wp-content\/uploads\/usu2951\/2025\/01\/unnamed-300x300.png 300w, https:\/\/serveiseducatius.xtec.cat\/apa\/wp-content\/uploads\/usu2951\/2025\/01\/unnamed-150x150.png 150w\" sizes=\"auto, (max-width: 175px) 100vw, 175px\" \/><\/p>\n<p>. Impresa en paper ecol\u00f2gic<\/p>\n<p>. Sense tapa de pl\u00e0stic<\/p>\n<p>. Sense espiral de pl\u00e0stic<\/p>\n<p>Eduquem en el valor i respecte de les coses. Com una eina que pot aportar capacitat d\u2019organitzaci\u00f3 i planificaci\u00f3, perseveran\u00e7a, rutines, h\u00e0bits, responsabilitat.<\/p>\n<p>&nbsp;<\/p>\n<p><em>L&#8217;agenda tamb\u00e9 es podr\u00e0 trobar en llengua occitana: variant aran\u00e8s.<\/em><\/p>\n<p><span style=\"color: #993300; font-size: 14pt;\"><strong><span style=\"font-size: 18pt;\">U<\/span>na agenda<\/strong> en xarxa que articula tot el territori educatiu del Pirineu.<\/span><\/p>\n<table style=\"border-collapse: collapse; width: 100%;\">\n<tbody>\n<tr>\n<td style=\"width: 50%;\">Parc natural de l&#8217;Alt Pirineu<\/p>\n<p>Parc nacional d&#8217;Aig\u00fcestortes i estany de Sant Maurici<\/p>\n<p>Parc natural del Cad\u00ed-Moixer\u00f3<\/p>\n<p>Geoparc. UNESCO or\u00edgens<\/p>\n<p>Reserva natural del Boumort<\/td>\n<td style=\"width: 50%;\">Camp d&#8217;aprenentatge de la Vall de Bo\u00ed<\/p>\n<p>Camp d&#8217;aprenentatge de les Valls d&#8217;\u00c0neu<\/p>\n<p>Camp d&#8217;aprenentatge de Cad\u00ed &#8211; Moixer\u00f3<\/p>\n<p>Camp d&#8217;aprenentatge de Tremp<\/td>\n<\/tr>\n<\/tbody>\n<\/table>\n<p style=\"text-align: left;\">Conselh Generau d&#8217;Aran,\u00a0Departament d&#8217;educaci\u00f3 i formaci\u00f3 professional,\u00a0Departament<\/p>\n<p style=\"text-align: justify;\"><span style=\"color: #993300;\"><b><span style=\"font-size: 18pt;\">U<\/span>na agenda <\/b>que ha de permetre que els infants siguin els aut\u00e8ntics protagonistes del canvi<\/span><span style=\"font-weight: 400;\"><span style=\"color: #993300;\">.<\/span> Esdevenint els garants del futur del planeta. Per aix\u00f2 participen en aquesta <\/span><span style=\"color: #993300;\">primera edici\u00f3 <span style=\"font-size: 14pt;\">27<\/span> centres educatius <\/span><span style=\"font-weight: 400;\">de punta a punta del territori. En total uns <strong><span style=\"font-size: 18.6667px; color: #993300;\">4.011<\/span><span style=\"color: #993300;\">\u00a0alumnes<\/span><\/strong> podran gaudir dels continguts elaborats per aut\u00e8ntics especialistes en el medi natural que faran gaudir, con\u00e8ixer i valorar l&#8217;entorn que ens envolta. El Pirineu \u00e9s un lloc m\u00e0gic, per\u00f2 cal tenir cura dels seus valors i esdevenir aut\u00e8ntics defensors de la seva riquesa natural i patrimoni.<\/span><\/p>\n<table style=\"width: 100%; border-collapse: collapse; border-color: #942828;\">\n<tbody>\n<tr>\n<td style=\"text-align: center; width: 77.4835%;\" colspan=\"4\"><span style=\"font-size: 14pt; color: #993300;\"><strong>Xarxa d&#8217;escoles dels interparcs del Pirineu. Curs 2025-2026<\/strong><\/span><\/td>\n<td style=\"width: 102.566%; text-align: center;\"><span style=\"font-size: 14pt; color: #993300;\"><strong>\u00a0<\/strong><\/span><\/td>\n<\/tr>\n<tr>\n<td style=\"width: 22.7649%; text-align: center;\"><span style=\"font-size: 12pt; color: #993300;\"><strong>SE Alta Ribagor\u00e7a &#8211; Vall d&#8217;Aran<\/strong><\/span><\/td>\n<td style=\"width: 17.2186%; text-align: center;\"><span style=\"font-size: 12pt; color: #993300;\"><strong>SE del Pallars<\/strong><\/span><\/td>\n<td style=\"width: 20.1158%; text-align: center;\"><span style=\"font-size: 12pt; color: #993300;\"><strong>SE de la Cerdanya<\/strong><\/span><\/td>\n<td style=\"width: 17.3842%; text-align: center;\"><span style=\"font-size: 12pt; color: #993300;\"><strong>SE Alt Urgell<\/strong><\/span><\/td>\n<td style=\"width: 102.566%; text-align: center;\"><span style=\"font-size: 12pt; color: #993300;\"><strong>SE Bergued\u00e0<\/strong><\/span><\/td>\n<\/tr>\n<tr>\n<td style=\"width: 22.7649%;\">\n<div>Escola Ribagor\u00e7ana<\/div>\n<div><\/div>\n<div><\/div>\n<div>Escola de la Vall de Bo\u00ed<\/div>\n<div>Escola Vidal i Abad<\/div>\n<div><\/div>\n<div>Escola Sant R\u00f2c<\/div>\n<div><\/div>\n<div>Escola Alejandro Casona<\/div>\n<div><\/div>\n<div>Escola Garona<\/div>\n<div><\/div>\n<div>Escola Casteth Leon<\/div>\n<div>Escola Loseron<\/div>\n<div>Escola Ruda<\/div>\n<div>Escola Sant Mart\u00ed<\/div>\n<div><\/div>\n<div><\/div>\n<div>Institut d&#8217;Aran<\/div>\n<div><\/div>\n<div>Institut El Pont de Suert<\/div>\n<\/td>\n<td style=\"width: 17.2186%;\">Escola la Closa<\/p>\n<p>Escola \u00c0ngels Seraf\u00ed i Casanovas<\/p>\n<div>Escola Aeso<\/div>\n<div>Escola de Sal\u00e0s de Pallars<\/div>\n<div>Escola de la Vall fosca<\/div>\n<div><\/div>\n<div><\/div>\n<div><\/div>\n<p>Institut de La Pobla de Segur<\/p>\n<p>Institut de Tremp<\/p>\n<p>Institut Hug Roger III<\/td>\n<td style=\"width: 20.1158%;\">Escola Santa Cec\u00edlia<\/p>\n<p>Escola Santa Coloma<\/p>\n<p>Escola Jaume I<\/p>\n<p>Escola Portella Blanca<\/p>\n<p>Escola Pere Sarret<\/p>\n<p>Escola Sant Serni Escola El Puig<\/p>\n<p>Escola Ridolaina<\/p>\n<p>Institut Escola Bellver de Cerdanya<\/td>\n<td style=\"width: 17.3842%;\"><span style=\"color: #000000;\">Escola Rosa Camp\u00e0<\/span><\/p>\n<p><span style=\"color: #000000;\">Llar infants Francesc Xavier<\/span><\/td>\n<td style=\"width: 102.566%;\"><span style=\"color: #000000;\">Escola de m\u00fasica<\/span><\/p>\n<p><span style=\"color: #000000;\"><br \/>\nEscola Galceran de Pin\u00f3s<br \/>\nEscola Lillet a G\u00fcell<br \/>\nEscola Serrat Voltor<br \/>\nEscola Santa Margarida<br \/>\nEscola Pedraforca<br \/>\nEscola l\u2019Albiol<br \/>\nEscola Sant Lloren\u00e7<\/span><\/p>\n<p><span style=\"color: #000000;\"><br \/>\nInstitut L\u2019Alt Bergued\u00e0<\/span><\/td>\n<\/tr>\n<\/tbody>\n<\/table>\n<p><span style=\"color: #993300;\"><b><span style=\"font-size: 18pt;\">L<\/span>\u2019agenda <\/b>s&#8217;estructura en:<\/span><\/p>\n<p><span style=\"font-weight: 400;\">Presentaci\u00f3 dels interparcs i del seu <\/span><b>cat\u00e0leg d&#8217;activitats educatives.<\/b><\/p>\n<p><b>Retalls de natura:<\/b><span style=\"font-weight: 400;\"> cada setmana els infants, fam\u00edlies i docents podran llegir una curiositat del medi natural que els envolta i fer-se moltes preguntes rellevants en total 41 propostes.<\/span><\/p>\n<p><b>Reptes ambientals<\/b><span style=\"font-weight: 400;\">: es tracta dels centres poden sol\u00b7licitar la pres\u00e8ncia dels educadors del parc per aprofundir en el treball dels reptes.<\/span><\/p>\n<p><span style=\"font-weight: 400;\">L&#8217;agenda tamb\u00e9 vol simular un <\/span><b>quadern de camp<\/b><span style=\"font-weight: 400;\">. Amb un regle, bloc de notes i una petita guia identificativa d&#8217;esp\u00e8cies del territori per esdevenir un aut\u00e8ntic naturalista.<\/span><\/p>\n<p><span style=\"font-weight: 400;\">Altres recursos que hi trobarem: zona d\u2019influ\u00e8ncia dels parcs, jocs, consells per anar a la natura\u2026<\/span><\/p>\n<p>&nbsp;<\/p>\n<p style=\"text-align: center;\"><span style=\"color: #993300;\"><em>&#8220;La natura no necessita als humans, per\u00f2 els humans s\u00ed que necessiten a la natura&#8221;\u00a0 <\/em><em><a style=\"color: #993300;\" href=\"https:\/\/ca.wikipedia.org\/wiki\/Edward_Osborne_Wilson\">Eduard O. Wilson<\/a> (1929 &#8211; 2021).<\/em><\/span><\/p>\n<p style=\"text-align: center;\"><a href=\"https:\/\/serveiseducatius.xtec.cat\/apa\/wp-content\/uploads\/usu2951\/2025\/01\/Captura3.png\"><img loading=\"lazy\" decoding=\"async\" class=\"alignnone size-large wp-image-9012\" src=\"https:\/\/serveiseducatius.xtec.cat\/apa\/wp-content\/uploads\/usu2951\/2025\/01\/Captura3-1024x361.png\" alt=\"\" width=\"1024\" height=\"361\" srcset=\"https:\/\/serveiseducatius.xtec.cat\/apa\/wp-content\/uploads\/usu2951\/2025\/01\/Captura3-1024x361.png 1024w, https:\/\/serveiseducatius.xtec.cat\/apa\/wp-content\/uploads\/usu2951\/2025\/01\/Captura3-300x106.png 300w, https:\/\/serveiseducatius.xtec.cat\/apa\/wp-content\/uploads\/usu2951\/2025\/01\/Captura3-768x271.png 768w, https:\/\/serveiseducatius.xtec.cat\/apa\/wp-content\/uploads\/usu2951\/2025\/01\/Captura3.png 1115w\" sizes=\"auto, (max-width: 1024px) 100vw, 1024px\" \/><\/a><\/p>\n<p><span style=\"font-size: 8pt;\">(1) <i><span style=\"font-weight: 400;\">Conscients de les diferents especificitats jur\u00eddiques que comporten aquests espais: parc nacional, parc natural, reserva natural\u2026, Optem pel terme gen\u00e8ric parc per facilitar la lectura del text als infants.<\/span><\/i><\/span><\/p>\n","protected":false},"excerpt":{"rendered":"<p>Benvingudes i benvinguts,<br \/>\na la Xarxa d\u2019escoles dels interparcs del Pirineu. Un territori on endinsar-se a la natura en el seu estat m\u00e9s pur. Amb un patrimoni geol\u00f2gic, paleontol\u00f2gic, ecol\u00f2gic i cultural de gran valor i bellesa. Mosaic paisatg\u00edstic envejable des de la conca de&hellip;  <a href=\"https:\/\/serveiseducatius.xtec.cat\/apa\/agenda-escolar-del-pirineu\/\" title=\"Read Agenda Escolar del Pirineu\">Llegeix m\u00e9s\u00bb<\/a><\/p>\n","protected":false},"author":3,"featured_media":0,"parent":0,"menu_order":0,"comment_status":"closed","ping_status":"closed","template":"","meta":{"_bbp_topic_count":0,"_bbp_reply_count":0,"_bbp_total_topic_count":0,"_bbp_total_reply_count":0,"_bbp_voice_count":0,"_bbp_anonymous_reply_count":0,"_bbp_topic_count_hidden":0,"_bbp_reply_count_hidden":0,"_bbp_forum_subforum_count":0,"footnotes":""},"class_list":["post-8993","page","type-page","status-publish","hentry"],"post_mailing_queue_ids":[],"_links":{"self":[{"href":"https:\/\/serveiseducatius.xtec.cat\/apa\/wp-json\/wp\/v2\/pages\/8993","targetHints":{"allow":["GET"]}}],"collection":[{"href":"https:\/\/serveiseducatius.xtec.cat\/apa\/wp-json\/wp\/v2\/pages"}],"about":[{"href":"https:\/\/serveiseducatius.xtec.cat\/apa\/wp-json\/wp\/v2\/types\/page"}],"author":[{"embeddable":true,"href":"https:\/\/serveiseducatius.xtec.cat\/apa\/wp-json\/wp\/v2\/users\/3"}],"replies":[{"embeddable":true,"href":"https:\/\/serveiseducatius.xtec.cat\/apa\/wp-json\/wp\/v2\/comments?post=8993"}],"version-history":[{"count":6,"href":"https:\/\/serveiseducatius.xtec.cat\/apa\/wp-json\/wp\/v2\/pages\/8993\/revisions"}],"predecessor-version":[{"id":10193,"href":"https:\/\/serveiseducatius.xtec.cat\/apa\/wp-json\/wp\/v2\/pages\/8993\/revisions\/10193"}],"wp:attachment":[{"href":"https:\/\/serveiseducatius.xtec.cat\/apa\/wp-json\/wp\/v2\/media?parent=8993"}],"curies":[{"name":"wp","href":"https:\/\/api.w.org\/{rel}","templated":true}]}}