{"id":8741,"date":"2024-07-09T13:42:44","date_gmt":"2024-07-09T11:42:44","guid":{"rendered":"https:\/\/serveiseducatius.xtec.cat\/apa\/?page_id=8741"},"modified":"2024-07-09T13:42:44","modified_gmt":"2024-07-09T11:42:44","slug":"dinamitzadores-deducacio-inclusiva-dei","status":"publish","type":"page","link":"https:\/\/serveiseducatius.xtec.cat\/apa\/programes\/dinamitzadores-deducacio-inclusiva-dei\/","title":{"rendered":"Dinamitzadores d\u2019Educaci\u00f3 Inclusiva (DEI)"},"content":{"rendered":"<p>L&#8217;educaci\u00f3 inclusiva \u00e9s un dels fonaments del sistema educatiu catal\u00e0 que t\u00e9 com a objectiu<br \/>\nvetllar per les oportunitats d&#8217;aprenentatge de totes les persones, independentment de les<\/p>\n<p>seves capacitats, de la condici\u00f3 social o cultural, la religi\u00f3, la diversitat sexual o la d&#8217;identitat de<br \/>\ng\u00e8nere.<br \/>\nEl respecte de les difer\u00e8ncies individuals i l&#8217;acceptaci\u00f3 de la diversitat com un fet que enriqueix<br \/>\nles persones \u00e9s l&#8217;ideari d&#8217;una societat avan\u00e7ada i el principi de l&#8217;educaci\u00f3 inclusiva.<br \/>\nD\u2019aquesta manera s\u2019han incorporat les\u00a0DEI, dinamitzadores d\u2019educaci\u00f3 inclusiva,\u00a0unes noves<br \/>\nfigures amb l\u2019enc\u00e0rrec de formar i acompanyar als centres en la inclusi\u00f3.<br \/>\nLes seves funcions s\u00f3n:<br \/>\n&#8211;\u00a0 Acompanyar, juntament amb la persona referent d\u2019inclusi\u00f3 del territori, als centres<br \/>\neducatius i als professionals dels SE en una mirada inclusiva.<br \/>\n&#8211;\u00a0 Acompanyar i assessorar els centres educatius perqu\u00e8 incorporin pr\u00e0ctiques inclusives<br \/>\nque fomentin la igualtat d\u2019oportunitats i l\u2019equitat per a tothom.<br \/>\n&#8211;\u00a0 Col\u00b7laborar en el disseny i l\u2019elaboraci\u00f3 de documents, materials i difusi\u00f3 de recursos<br \/>\ninclusius d\u2019acord amb les directrius del Servei de suports i mesures per a la inclusi\u00f3 de<br \/>\nla Direcci\u00f3 general d\u2019Educaci\u00f3 Inclusiva.<br \/>\n&#8211;\u00a0 Portar a terme actuacions formatives en mesures i suports universals i detecci\u00f3 de<br \/>\nbarreres des del DUA.<br \/>\n&#8211;\u00a0 Col\u00b7laborar en la recollida de dades de la realitat del territori en terme d\u2019inclusi\u00f3.<br \/>\nPer a m\u00e9s informaci\u00f3: <a href=\"https:\/\/projectes.xtec.cat\/educacioinclusiva\/\">https:\/\/projectes.xtec.cat\/educacioinclusiva\/<\/a><\/p>\n<p><a href=\"https:\/\/serveiseducatius.xtec.cat\/apa\/wp-content\/uploads\/usu2951\/2024\/07\/imatge-DEI-1.png\"><img loading=\"lazy\" decoding=\"async\" class=\"alignnone  wp-image-8742\" src=\"https:\/\/serveiseducatius.xtec.cat\/apa\/wp-content\/uploads\/usu2951\/2024\/07\/imatge-DEI-1.png\" alt=\"\" width=\"705\" height=\"279\" srcset=\"https:\/\/serveiseducatius.xtec.cat\/apa\/wp-content\/uploads\/usu2951\/2024\/07\/imatge-DEI-1.png 753w, https:\/\/serveiseducatius.xtec.cat\/apa\/wp-content\/uploads\/usu2951\/2024\/07\/imatge-DEI-1-300x119.png 300w\" sizes=\"auto, (max-width: 705px) 100vw, 705px\" \/><\/a><\/p>\n","protected":false},"excerpt":{"rendered":"<p>L&#8217;educaci\u00f3 inclusiva \u00e9s un dels fonaments del sistema educatiu catal\u00e0 que t\u00e9 com a objectiu<br \/>\nvetllar per les oportunitats d&#8217;aprenentatge de totes les persones, independentment de les<br \/>\nseves capacitats, de la condici\u00f3 social o cultural, la religi\u00f3, la diversitat sexual o la d&#8217;identitat de<br \/>\ng\u00e8nere.<br \/>\nEl respecte de les&hellip;  <a href=\"https:\/\/serveiseducatius.xtec.cat\/apa\/programes\/dinamitzadores-deducacio-inclusiva-dei\/\" title=\"Read Dinamitzadores d\u2019Educaci\u00f3 Inclusiva (DEI)\">Llegeix m\u00e9s\u00bb<\/a><\/p>\n","protected":false},"author":3,"featured_media":0,"parent":8585,"menu_order":0,"comment_status":"closed","ping_status":"closed","template":"page-templates\/side-menu.php","meta":{"_bbp_topic_count":0,"_bbp_reply_count":0,"_bbp_total_topic_count":0,"_bbp_total_reply_count":0,"_bbp_voice_count":0,"_bbp_anonymous_reply_count":0,"_bbp_topic_count_hidden":0,"_bbp_reply_count_hidden":0,"_bbp_forum_subforum_count":0,"footnotes":""},"class_list":["post-8741","page","type-page","status-publish","hentry"],"post_mailing_queue_ids":[],"_links":{"self":[{"href":"https:\/\/serveiseducatius.xtec.cat\/apa\/wp-json\/wp\/v2\/pages\/8741","targetHints":{"allow":["GET"]}}],"collection":[{"href":"https:\/\/serveiseducatius.xtec.cat\/apa\/wp-json\/wp\/v2\/pages"}],"about":[{"href":"https:\/\/serveiseducatius.xtec.cat\/apa\/wp-json\/wp\/v2\/types\/page"}],"author":[{"embeddable":true,"href":"https:\/\/serveiseducatius.xtec.cat\/apa\/wp-json\/wp\/v2\/users\/3"}],"replies":[{"embeddable":true,"href":"https:\/\/serveiseducatius.xtec.cat\/apa\/wp-json\/wp\/v2\/comments?post=8741"}],"version-history":[{"count":1,"href":"https:\/\/serveiseducatius.xtec.cat\/apa\/wp-json\/wp\/v2\/pages\/8741\/revisions"}],"predecessor-version":[{"id":8743,"href":"https:\/\/serveiseducatius.xtec.cat\/apa\/wp-json\/wp\/v2\/pages\/8741\/revisions\/8743"}],"up":[{"embeddable":true,"href":"https:\/\/serveiseducatius.xtec.cat\/apa\/wp-json\/wp\/v2\/pages\/8585"}],"wp:attachment":[{"href":"https:\/\/serveiseducatius.xtec.cat\/apa\/wp-json\/wp\/v2\/media?parent=8741"}],"curies":[{"name":"wp","href":"https:\/\/api.w.org\/{rel}","templated":true}]}}