{"id":8729,"date":"2024-07-09T13:27:01","date_gmt":"2024-07-09T11:27:01","guid":{"rendered":"https:\/\/serveiseducatius.xtec.cat\/apa\/?page_id=8729"},"modified":"2025-04-04T10:33:45","modified_gmt":"2025-04-04T08:33:45","slug":"projecte-daules-de-capacitacio-digital","status":"publish","type":"page","link":"https:\/\/serveiseducatius.xtec.cat\/apa\/programes\/projecte-daules-de-capacitacio-digital\/","title":{"rendered":"Aules de Capacitaci\u00f3 Digital"},"content":{"rendered":"<p>La r\u00e0pida transformaci\u00f3 digital de l&#8217;economia i la societat ha convertit les compet\u00e8ncies digitals<br \/>\nen eines b\u00e0siques per poder aprofitar les oportunitats que ofereixen des del punt de vista<br \/>\necon\u00f2mic, social i ambiental.<br \/>\nPer donar resposta a aquesta necessitat de formaci\u00f3 en compet\u00e8ncies digitals, el Departament<br \/>\nd&#8217;Educaci\u00f3 ha creat una xarxa de centres de capacitaci\u00f3 digital, formada per instituts de<br \/>\nformaci\u00f3 professional i escoles d&#8217;adults d&#8217;arreu de Catalunya que ofereixen un total de cinc<br \/>\ncursos, des del nivell m\u00e9s b\u00e0sic fins a l&#8217;\u00e0mbit professional.<br \/>\nPer a m\u00e9s informaci\u00f3:<a href=\"https:\/\/educacio.gencat.cat\/ca\/serveis-tramits\/formacio-digital\/\"> https:\/\/educacio.gencat.cat\/ca\/serveis-tramits\/formacio-digital\/<\/a><\/p>\n<p><a href=\"https:\/\/serveiseducatius.xtec.cat\/apa\/wp-content\/uploads\/usu2951\/2024\/07\/imatge-Capacitacio-Digital-scaled.jpg\"><img loading=\"lazy\" decoding=\"async\" class=\"wp-image-8731 alignleft\" src=\"https:\/\/serveiseducatius.xtec.cat\/apa\/wp-content\/uploads\/usu2951\/2024\/07\/imatge-Capacitacio-Digital-scaled.jpg\" alt=\"\" width=\"675\" height=\"945\" srcset=\"https:\/\/serveiseducatius.xtec.cat\/apa\/wp-content\/uploads\/usu2951\/2024\/07\/imatge-Capacitacio-Digital-scaled.jpg 1828w, https:\/\/serveiseducatius.xtec.cat\/apa\/wp-content\/uploads\/usu2951\/2024\/07\/imatge-Capacitacio-Digital-214x300.jpg 214w, https:\/\/serveiseducatius.xtec.cat\/apa\/wp-content\/uploads\/usu2951\/2024\/07\/imatge-Capacitacio-Digital-731x1024.jpg 731w, https:\/\/serveiseducatius.xtec.cat\/apa\/wp-content\/uploads\/usu2951\/2024\/07\/imatge-Capacitacio-Digital-768x1075.jpg 768w, https:\/\/serveiseducatius.xtec.cat\/apa\/wp-content\/uploads\/usu2951\/2024\/07\/imatge-Capacitacio-Digital-1097x1536.jpg 1097w, https:\/\/serveiseducatius.xtec.cat\/apa\/wp-content\/uploads\/usu2951\/2024\/07\/imatge-Capacitacio-Digital-1463x2048.jpg 1463w\" sizes=\"auto, (max-width: 675px) 100vw, 675px\" \/><\/a><\/p>\n","protected":false},"excerpt":{"rendered":"<p>La r\u00e0pida transformaci\u00f3 digital de l&#8217;economia i la societat ha convertit les compet\u00e8ncies digitals<br \/>\nen eines b\u00e0siques per poder aprofitar les oportunitats que ofereixen des del punt de vista<br \/>\necon\u00f2mic, social i ambiental.<br \/>\nPer donar resposta a aquesta necessitat de formaci\u00f3 en compet\u00e8ncies digitals, el Departament<br \/>\nd&#8217;Educaci\u00f3 ha creat&hellip;  <a href=\"https:\/\/serveiseducatius.xtec.cat\/apa\/programes\/projecte-daules-de-capacitacio-digital\/\" title=\"Read Aules de Capacitaci\u00f3 Digital\">Llegeix m\u00e9s\u00bb<\/a><\/p>\n","protected":false},"author":3,"featured_media":0,"parent":8585,"menu_order":0,"comment_status":"closed","ping_status":"closed","template":"page-templates\/side-menu.php","meta":{"_bbp_topic_count":0,"_bbp_reply_count":0,"_bbp_total_topic_count":0,"_bbp_total_reply_count":0,"_bbp_voice_count":0,"_bbp_anonymous_reply_count":0,"_bbp_topic_count_hidden":0,"_bbp_reply_count_hidden":0,"_bbp_forum_subforum_count":0,"footnotes":""},"class_list":["post-8729","page","type-page","status-publish","hentry"],"post_mailing_queue_ids":[],"_links":{"self":[{"href":"https:\/\/serveiseducatius.xtec.cat\/apa\/wp-json\/wp\/v2\/pages\/8729","targetHints":{"allow":["GET"]}}],"collection":[{"href":"https:\/\/serveiseducatius.xtec.cat\/apa\/wp-json\/wp\/v2\/pages"}],"about":[{"href":"https:\/\/serveiseducatius.xtec.cat\/apa\/wp-json\/wp\/v2\/types\/page"}],"author":[{"embeddable":true,"href":"https:\/\/serveiseducatius.xtec.cat\/apa\/wp-json\/wp\/v2\/users\/3"}],"replies":[{"embeddable":true,"href":"https:\/\/serveiseducatius.xtec.cat\/apa\/wp-json\/wp\/v2\/comments?post=8729"}],"version-history":[{"count":4,"href":"https:\/\/serveiseducatius.xtec.cat\/apa\/wp-json\/wp\/v2\/pages\/8729\/revisions"}],"predecessor-version":[{"id":9675,"href":"https:\/\/serveiseducatius.xtec.cat\/apa\/wp-json\/wp\/v2\/pages\/8729\/revisions\/9675"}],"up":[{"embeddable":true,"href":"https:\/\/serveiseducatius.xtec.cat\/apa\/wp-json\/wp\/v2\/pages\/8585"}],"wp:attachment":[{"href":"https:\/\/serveiseducatius.xtec.cat\/apa\/wp-json\/wp\/v2\/media?parent=8729"}],"curies":[{"name":"wp","href":"https:\/\/api.w.org\/{rel}","templated":true}]}}