{"id":8585,"date":"2024-02-20T13:57:46","date_gmt":"2024-02-20T12:57:46","guid":{"rendered":"https:\/\/serveiseducatius.xtec.cat\/apa\/?page_id=8585"},"modified":"2025-04-04T09:29:31","modified_gmt":"2025-04-04T07:29:31","slug":"programes","status":"publish","type":"page","link":"https:\/\/serveiseducatius.xtec.cat\/apa\/programes\/","title":{"rendered":"Programes"},"content":{"rendered":"<p>En aquest espai hi trobareu la informaci\u00f3 b\u00e0sica dels programes desplegats al ST de l&#8217;Alt Pirineu i Aran. La caracter\u00edstica principal dels programes \u00e9s:<br \/>\n. Disponibilitat de recursos humans per atendre els centres.<br \/>\n. Programes i plans finan\u00e7ats amb fons europeus. O b\u00e9, del Ministerio de Educaci\u00f3n i Ci\u00e8ncia.<br \/>\n. No es tracta de programes estructurals.<br \/>\n. La seva vig\u00e8ncia va en funci\u00f3 del programa i pla.<\/p>\n<p>1. Aules de Capacitaci\u00f3 digital<br \/>\n2. Cultura i Arts<br \/>\n3. Mentors 4.0<br \/>\n4. DEI: Dinamitzadores d&#8217;educaci\u00f3 inclusiva<br \/>\n5. PCTEI<br \/>\n6. PMOE,PROA+<br \/>\n7. Educadors socials<br \/>\n8. Florence<br \/>\n9. SteamCAT<\/p>\n","protected":false},"excerpt":{"rendered":"<p>En aquest espai hi trobareu la informaci\u00f3 b\u00e0sica dels programes desplegats al ST de l&#8217;Alt Pirineu i Aran. La caracter\u00edstica principal dels programes \u00e9s:<br \/>\n. Disponibilitat de recursos humans per atendre els centres.<br \/>\n. Programes i plans finan\u00e7ats amb fons europeus. O b\u00e9, del Ministerio de Educaci\u00f3n&hellip;  <a href=\"https:\/\/serveiseducatius.xtec.cat\/apa\/programes\/\" title=\"Read Programes\">Llegeix m\u00e9s\u00bb<\/a><\/p>\n","protected":false},"author":3,"featured_media":0,"parent":0,"menu_order":0,"comment_status":"closed","ping_status":"closed","template":"","meta":{"_bbp_topic_count":0,"_bbp_reply_count":0,"_bbp_total_topic_count":0,"_bbp_total_reply_count":0,"_bbp_voice_count":0,"_bbp_anonymous_reply_count":0,"_bbp_topic_count_hidden":0,"_bbp_reply_count_hidden":0,"_bbp_forum_subforum_count":0,"footnotes":""},"class_list":["post-8585","page","type-page","status-publish","hentry"],"post_mailing_queue_ids":[],"_links":{"self":[{"href":"https:\/\/serveiseducatius.xtec.cat\/apa\/wp-json\/wp\/v2\/pages\/8585","targetHints":{"allow":["GET"]}}],"collection":[{"href":"https:\/\/serveiseducatius.xtec.cat\/apa\/wp-json\/wp\/v2\/pages"}],"about":[{"href":"https:\/\/serveiseducatius.xtec.cat\/apa\/wp-json\/wp\/v2\/types\/page"}],"author":[{"embeddable":true,"href":"https:\/\/serveiseducatius.xtec.cat\/apa\/wp-json\/wp\/v2\/users\/3"}],"replies":[{"embeddable":true,"href":"https:\/\/serveiseducatius.xtec.cat\/apa\/wp-json\/wp\/v2\/comments?post=8585"}],"version-history":[{"count":7,"href":"https:\/\/serveiseducatius.xtec.cat\/apa\/wp-json\/wp\/v2\/pages\/8585\/revisions"}],"predecessor-version":[{"id":9656,"href":"https:\/\/serveiseducatius.xtec.cat\/apa\/wp-json\/wp\/v2\/pages\/8585\/revisions\/9656"}],"wp:attachment":[{"href":"https:\/\/serveiseducatius.xtec.cat\/apa\/wp-json\/wp\/v2\/media?parent=8585"}],"curies":[{"name":"wp","href":"https:\/\/api.w.org\/{rel}","templated":true}]}}