{"id":8550,"date":"2024-02-16T09:34:28","date_gmt":"2024-02-16T08:34:28","guid":{"rendered":"https:\/\/serveiseducatius.xtec.cat\/apa\/?page_id=8550"},"modified":"2024-11-04T09:14:23","modified_gmt":"2024-11-04T08:14:23","slug":"aliances","status":"publish","type":"page","link":"https:\/\/serveiseducatius.xtec.cat\/apa\/aliances\/","title":{"rendered":"Aliances"},"content":{"rendered":"<p><em>El treball en xarxa \u00e9s l&#8217;aut\u00e8ntic motor de la transformaci\u00f3 educativa.<\/em><\/p>\n<table style=\"border-collapse: collapse; width: 100%;\">\n<tbody>\n<tr>\n<td style=\"width: 28.3997%;\"><a href=\"https:\/\/parcsnaturals.gencat.cat\/ca\/xarxa-de-parcs\/alt-pirineu\/inici\/index.html\"><img loading=\"lazy\" decoding=\"async\" class=\"alignnone size-large wp-image-8553\" src=\"https:\/\/serveiseducatius.xtec.cat\/apa\/wp-content\/uploads\/usu2951\/2024\/02\/Parc_Natural_de_lAlt_Pirineu.svg_-1024x202.png\" alt=\"\" width=\"1024\" height=\"202\" srcset=\"https:\/\/serveiseducatius.xtec.cat\/apa\/wp-content\/uploads\/usu2951\/2024\/02\/Parc_Natural_de_lAlt_Pirineu.svg_-1024x202.png 1024w, https:\/\/serveiseducatius.xtec.cat\/apa\/wp-content\/uploads\/usu2951\/2024\/02\/Parc_Natural_de_lAlt_Pirineu.svg_-300x59.png 300w, https:\/\/serveiseducatius.xtec.cat\/apa\/wp-content\/uploads\/usu2951\/2024\/02\/Parc_Natural_de_lAlt_Pirineu.svg_-768x151.png 768w, https:\/\/serveiseducatius.xtec.cat\/apa\/wp-content\/uploads\/usu2951\/2024\/02\/Parc_Natural_de_lAlt_Pirineu.svg_-1536x302.png 1536w, https:\/\/serveiseducatius.xtec.cat\/apa\/wp-content\/uploads\/usu2951\/2024\/02\/Parc_Natural_de_lAlt_Pirineu.svg_-2048x403.png 2048w\" sizes=\"auto, (max-width: 1024px) 100vw, 1024px\" \/><\/a><\/td>\n<td style=\"width: 29.4775%;\"><a href=\"https:\/\/parcsnaturals.gencat.cat\/ca\/xarxa-de-parcs\/cadi\/inici\/index.html\"><img loading=\"lazy\" decoding=\"async\" class=\"alignnone size-large wp-image-8554\" src=\"https:\/\/serveiseducatius.xtec.cat\/apa\/wp-content\/uploads\/usu2951\/2024\/02\/ca-1024x167.jpg\" alt=\"\" width=\"1024\" height=\"167\" srcset=\"https:\/\/serveiseducatius.xtec.cat\/apa\/wp-content\/uploads\/usu2951\/2024\/02\/ca-1024x167.jpg 1024w, https:\/\/serveiseducatius.xtec.cat\/apa\/wp-content\/uploads\/usu2951\/2024\/02\/ca-300x49.jpg 300w, https:\/\/serveiseducatius.xtec.cat\/apa\/wp-content\/uploads\/usu2951\/2024\/02\/ca-768x125.jpg 768w, https:\/\/serveiseducatius.xtec.cat\/apa\/wp-content\/uploads\/usu2951\/2024\/02\/ca.jpg 1214w\" sizes=\"auto, (max-width: 1024px) 100vw, 1024px\" \/><\/a><\/td>\n<td style=\"width: 19.3616%;\"><a href=\"https:\/\/parcsnaturals.gencat.cat\/ca\/xarxa-de-parcs\/aiguestortes\/inici\/index.html\"><img loading=\"lazy\" decoding=\"async\" class=\"wp-image-8555 aligncenter\" src=\"https:\/\/serveiseducatius.xtec.cat\/apa\/wp-content\/uploads\/usu2951\/2024\/02\/8bdcad4ce26bf171d09c798c54e47f2a4469fd28.jpg\" alt=\"\" width=\"167\" height=\"111\" srcset=\"https:\/\/serveiseducatius.xtec.cat\/apa\/wp-content\/uploads\/usu2951\/2024\/02\/8bdcad4ce26bf171d09c798c54e47f2a4469fd28.jpg 768w, https:\/\/serveiseducatius.xtec.cat\/apa\/wp-content\/uploads\/usu2951\/2024\/02\/8bdcad4ce26bf171d09c798c54e47f2a4469fd28-300x200.jpg 300w\" sizes=\"auto, (max-width: 167px) 100vw, 167px\" \/><\/a><\/td>\n<td style=\"width: 22.7612%;\"><a href=\"https:\/\/www.geoparcorigens.cat\/\"><img loading=\"lazy\" decoding=\"async\" class=\"wp-image-8556 aligncenter\" src=\"https:\/\/serveiseducatius.xtec.cat\/apa\/wp-content\/uploads\/usu2951\/2024\/02\/logo-geoparc.jpg\" alt=\"\" width=\"205\" height=\"79\" srcset=\"https:\/\/serveiseducatius.xtec.cat\/apa\/wp-content\/uploads\/usu2951\/2024\/02\/logo-geoparc.jpg 391w, https:\/\/serveiseducatius.xtec.cat\/apa\/wp-content\/uploads\/usu2951\/2024\/02\/logo-geoparc-300x115.jpg 300w\" sizes=\"auto, (max-width: 205px) 100vw, 205px\" \/><\/a><\/td>\n<\/tr>\n<\/tbody>\n<\/table>\n<table style=\"border-collapse: collapse; width: 100%;\">\n<tbody>\n<tr>\n<td style=\"width: 25%;\"><a href=\"https:\/\/serveiseducatius.xtec.cat\/apa\/wp-content\/uploads\/usu2951\/2024\/10\/images.png\"><img loading=\"lazy\" decoding=\"async\" class=\"size-full wp-image-8900 aligncenter\" src=\"https:\/\/serveiseducatius.xtec.cat\/apa\/wp-content\/uploads\/usu2951\/2024\/10\/images.png\" alt=\"\" width=\"249\" height=\"88\" \/><\/a><\/td>\n<td style=\"width: 25%;\"><a href=\"https:\/\/serveiseducatius.xtec.cat\/apa\/wp-content\/uploads\/usu2951\/2024\/02\/image_preview.jpg\"><img loading=\"lazy\" decoding=\"async\" class=\"size-full wp-image-8560 aligncenter\" src=\"https:\/\/serveiseducatius.xtec.cat\/apa\/wp-content\/uploads\/usu2951\/2024\/02\/image_preview.jpg\" alt=\"\" width=\"400\" height=\"199\" srcset=\"https:\/\/serveiseducatius.xtec.cat\/apa\/wp-content\/uploads\/usu2951\/2024\/02\/image_preview.jpg 400w, https:\/\/serveiseducatius.xtec.cat\/apa\/wp-content\/uploads\/usu2951\/2024\/02\/image_preview-300x149.jpg 300w\" sizes=\"auto, (max-width: 400px) 100vw, 400px\" \/><\/a><\/td>\n<td style=\"width: 25%;\"><a href=\"https:\/\/serveiseducatius.xtec.cat\/apa\/wp-content\/uploads\/usu2951\/2024\/02\/logo.png\"><img loading=\"lazy\" decoding=\"async\" class=\"wp-image-8561 aligncenter\" src=\"https:\/\/serveiseducatius.xtec.cat\/apa\/wp-content\/uploads\/usu2951\/2024\/02\/logo.png\" alt=\"\" width=\"224\" height=\"168\" srcset=\"https:\/\/serveiseducatius.xtec.cat\/apa\/wp-content\/uploads\/usu2951\/2024\/02\/logo.png 400w, https:\/\/serveiseducatius.xtec.cat\/apa\/wp-content\/uploads\/usu2951\/2024\/02\/logo-300x225.png 300w, https:\/\/serveiseducatius.xtec.cat\/apa\/wp-content\/uploads\/usu2951\/2024\/02\/logo-200x150.png 200w\" sizes=\"auto, (max-width: 224px) 100vw, 224px\" \/><\/a><\/td>\n<td style=\"width: 25%;\"><a href=\"https:\/\/serveiseducatius.xtec.cat\/apa\/wp-content\/uploads\/usu2951\/2024\/02\/laliralogodef_002.jpg\"><img loading=\"lazy\" decoding=\"async\" class=\"wp-image-8597 aligncenter\" src=\"https:\/\/serveiseducatius.xtec.cat\/apa\/wp-content\/uploads\/usu2951\/2024\/02\/laliralogodef_002.jpg\" alt=\"\" width=\"122\" height=\"122\" srcset=\"https:\/\/serveiseducatius.xtec.cat\/apa\/wp-content\/uploads\/usu2951\/2024\/02\/laliralogodef_002.jpg 174w, https:\/\/serveiseducatius.xtec.cat\/apa\/wp-content\/uploads\/usu2951\/2024\/02\/laliralogodef_002-150x150.jpg 150w\" sizes=\"auto, (max-width: 122px) 100vw, 122px\" \/><\/a><\/td>\n<\/tr>\n<\/tbody>\n<\/table>\n<table style=\"border-collapse: collapse; width: 100%;\">\n<tbody>\n<tr>\n<td style=\"width: 25%;\"><a href=\"https:\/\/serveiseducatius.xtec.cat\/apa\/wp-content\/uploads\/usu2951\/2024\/02\/logo-mrp-pirineus.png\"><img loading=\"lazy\" decoding=\"async\" class=\"wp-image-8593 aligncenter\" src=\"https:\/\/serveiseducatius.xtec.cat\/apa\/wp-content\/uploads\/usu2951\/2024\/02\/logo-mrp-pirineus.png\" alt=\"\" width=\"160\" height=\"140\" srcset=\"https:\/\/serveiseducatius.xtec.cat\/apa\/wp-content\/uploads\/usu2951\/2024\/02\/logo-mrp-pirineus.png 583w, https:\/\/serveiseducatius.xtec.cat\/apa\/wp-content\/uploads\/usu2951\/2024\/02\/logo-mrp-pirineus-300x262.png 300w\" sizes=\"auto, (max-width: 160px) 100vw, 160px\" \/><\/a><\/td>\n<td style=\"width: 25%;\"><a href=\"https:\/\/serveiseducatius.xtec.cat\/apa\/wp-content\/uploads\/usu2951\/2024\/02\/Carrulla.png\"><img loading=\"lazy\" decoding=\"async\" class=\"wp-image-8562 aligncenter\" src=\"https:\/\/serveiseducatius.xtec.cat\/apa\/wp-content\/uploads\/usu2951\/2024\/02\/Carrulla.png\" alt=\"\" width=\"158\" height=\"140\" srcset=\"https:\/\/serveiseducatius.xtec.cat\/apa\/wp-content\/uploads\/usu2951\/2024\/02\/Carrulla.png 426w, https:\/\/serveiseducatius.xtec.cat\/apa\/wp-content\/uploads\/usu2951\/2024\/02\/Carrulla-300x265.png 300w\" sizes=\"auto, (max-width: 158px) 100vw, 158px\" \/><\/a><\/td>\n<td style=\"width: 25%;\"><a href=\"https:\/\/serveiseducatius.xtec.cat\/apa\/wp-content\/uploads\/usu2951\/2024\/02\/invesjove.gif_1260233769.gif\"><img loading=\"lazy\" decoding=\"async\" class=\"wp-image-8559 aligncenter\" src=\"https:\/\/serveiseducatius.xtec.cat\/apa\/wp-content\/uploads\/usu2951\/2024\/02\/invesjove.gif_1260233769.gif\" alt=\"\" width=\"109\" height=\"104\" \/><\/a><\/td>\n<td style=\"width: 25%;\"><a href=\"https:\/\/serveiseducatius.xtec.cat\/apa\/wp-content\/uploads\/usu2951\/2024\/02\/fmrpc_logo_gran.png\"><img loading=\"lazy\" decoding=\"async\" class=\"wp-image-8563 aligncenter\" src=\"https:\/\/serveiseducatius.xtec.cat\/apa\/wp-content\/uploads\/usu2951\/2024\/02\/fmrpc_logo_gran.png\" alt=\"\" width=\"211\" height=\"85\" srcset=\"https:\/\/serveiseducatius.xtec.cat\/apa\/wp-content\/uploads\/usu2951\/2024\/02\/fmrpc_logo_gran.png 651w, https:\/\/serveiseducatius.xtec.cat\/apa\/wp-content\/uploads\/usu2951\/2024\/02\/fmrpc_logo_gran-300x121.png 300w\" sizes=\"auto, (max-width: 211px) 100vw, 211px\" \/><\/a><\/td>\n<\/tr>\n<\/tbody>\n<\/table>\n<table style=\"border-collapse: collapse; width: 100%;\">\n<tbody>\n<tr>\n<td style=\"width: 25%;\"><a href=\"https:\/\/serveiseducatius.xtec.cat\/apa\/wp-content\/uploads\/usu2951\/2024\/02\/Ajuntament-Tremp.jpg\"><img loading=\"lazy\" decoding=\"async\" class=\"wp-image-8564 aligncenter\" src=\"https:\/\/serveiseducatius.xtec.cat\/apa\/wp-content\/uploads\/usu2951\/2024\/02\/Ajuntament-Tremp-1024x444.jpg\" alt=\"\" width=\"237\" height=\"103\" srcset=\"https:\/\/serveiseducatius.xtec.cat\/apa\/wp-content\/uploads\/usu2951\/2024\/02\/Ajuntament-Tremp-1024x444.jpg 1024w, https:\/\/serveiseducatius.xtec.cat\/apa\/wp-content\/uploads\/usu2951\/2024\/02\/Ajuntament-Tremp-300x130.jpg 300w, https:\/\/serveiseducatius.xtec.cat\/apa\/wp-content\/uploads\/usu2951\/2024\/02\/Ajuntament-Tremp-768x333.jpg 768w, https:\/\/serveiseducatius.xtec.cat\/apa\/wp-content\/uploads\/usu2951\/2024\/02\/Ajuntament-Tremp-1536x666.jpg 1536w, https:\/\/serveiseducatius.xtec.cat\/apa\/wp-content\/uploads\/usu2951\/2024\/02\/Ajuntament-Tremp.jpg 1680w\" sizes=\"auto, (max-width: 237px) 100vw, 237px\" \/><\/a><\/td>\n<td style=\"width: 25%;\"><a href=\"https:\/\/serveiseducatius.xtec.cat\/apa\/wp-content\/uploads\/usu2951\/2024\/02\/escut-transparent.png\"><img loading=\"lazy\" decoding=\"async\" class=\"wp-image-8565 aligncenter\" src=\"https:\/\/serveiseducatius.xtec.cat\/apa\/wp-content\/uploads\/usu2951\/2024\/02\/escut-transparent.png\" alt=\"\" width=\"195\" height=\"106\" srcset=\"https:\/\/serveiseducatius.xtec.cat\/apa\/wp-content\/uploads\/usu2951\/2024\/02\/escut-transparent.png 318w, https:\/\/serveiseducatius.xtec.cat\/apa\/wp-content\/uploads\/usu2951\/2024\/02\/escut-transparent-300x163.png 300w\" sizes=\"auto, (max-width: 195px) 100vw, 195px\" \/><\/a><\/td>\n<td style=\"width: 25%;\"><a href=\"https:\/\/serveiseducatius.xtec.cat\/apa\/wp-content\/uploads\/usu2951\/2024\/02\/Logo_Esterri_Web.png\"><img loading=\"lazy\" decoding=\"async\" class=\"wp-image-8567 aligncenter\" src=\"https:\/\/serveiseducatius.xtec.cat\/apa\/wp-content\/uploads\/usu2951\/2024\/02\/Logo_Esterri_Web.png\" alt=\"\" width=\"333\" height=\"114\" srcset=\"https:\/\/serveiseducatius.xtec.cat\/apa\/wp-content\/uploads\/usu2951\/2024\/02\/Logo_Esterri_Web.png 350w, https:\/\/serveiseducatius.xtec.cat\/apa\/wp-content\/uploads\/usu2951\/2024\/02\/Logo_Esterri_Web-300x103.png 300w\" sizes=\"auto, (max-width: 333px) 100vw, 333px\" \/><\/a><\/td>\n<td style=\"width: 25%;\"><a href=\"https:\/\/serveiseducatius.xtec.cat\/apa\/wp-content\/uploads\/usu2951\/2024\/02\/aj-tuixent1.png\"><img loading=\"lazy\" decoding=\"async\" class=\"wp-image-8570 aligncenter\" src=\"https:\/\/serveiseducatius.xtec.cat\/apa\/wp-content\/uploads\/usu2951\/2024\/02\/aj-tuixent1.png\" alt=\"\" width=\"277\" height=\"92\" srcset=\"https:\/\/serveiseducatius.xtec.cat\/apa\/wp-content\/uploads\/usu2951\/2024\/02\/aj-tuixent1.png 789w, https:\/\/serveiseducatius.xtec.cat\/apa\/wp-content\/uploads\/usu2951\/2024\/02\/aj-tuixent1-300x100.png 300w, https:\/\/serveiseducatius.xtec.cat\/apa\/wp-content\/uploads\/usu2951\/2024\/02\/aj-tuixent1-768x255.png 768w\" sizes=\"auto, (max-width: 277px) 100vw, 277px\" \/><\/a><\/td>\n<\/tr>\n<tr>\n<td style=\"width: 25%;\"><a href=\"https:\/\/serveiseducatius.xtec.cat\/apa\/wp-content\/uploads\/usu2951\/2024\/02\/escudo.png\"><img loading=\"lazy\" decoding=\"async\" class=\"wp-image-8569 aligncenter\" src=\"https:\/\/serveiseducatius.xtec.cat\/apa\/wp-content\/uploads\/usu2951\/2024\/02\/escudo-1024x409.png\" alt=\"\" width=\"228\" height=\"91\" srcset=\"https:\/\/serveiseducatius.xtec.cat\/apa\/wp-content\/uploads\/usu2951\/2024\/02\/escudo-1024x409.png 1024w, https:\/\/serveiseducatius.xtec.cat\/apa\/wp-content\/uploads\/usu2951\/2024\/02\/escudo-300x120.png 300w, https:\/\/serveiseducatius.xtec.cat\/apa\/wp-content\/uploads\/usu2951\/2024\/02\/escudo-768x307.png 768w, https:\/\/serveiseducatius.xtec.cat\/apa\/wp-content\/uploads\/usu2951\/2024\/02\/escudo.png 1047w\" sizes=\"auto, (max-width: 228px) 100vw, 228px\" \/><\/a><\/td>\n<td style=\"width: 25%;\"><\/td>\n<td style=\"width: 25%;\"><\/td>\n<td style=\"width: 25%;\"><\/td>\n<\/tr>\n<\/tbody>\n<\/table>\n<table style=\"border-collapse: collapse; width: 100%;\">\n<tbody>\n<tr>\n<td style=\"width: 25%;\"><a href=\"https:\/\/serveiseducatius.xtec.cat\/apa\/wp-content\/uploads\/usu2951\/2024\/02\/baixa.jpg\"><img loading=\"lazy\" decoding=\"async\" class=\"wp-image-8595 aligncenter\" src=\"https:\/\/serveiseducatius.xtec.cat\/apa\/wp-content\/uploads\/usu2951\/2024\/02\/baixa.jpg\" alt=\"\" width=\"126\" height=\"126\" srcset=\"https:\/\/serveiseducatius.xtec.cat\/apa\/wp-content\/uploads\/usu2951\/2024\/02\/baixa.jpg 225w, https:\/\/serveiseducatius.xtec.cat\/apa\/wp-content\/uploads\/usu2951\/2024\/02\/baixa-150x150.jpg 150w\" sizes=\"auto, (max-width: 126px) 100vw, 126px\" \/><\/a><\/td>\n<td style=\"width: 25%;\"><a href=\"https:\/\/serveiseducatius.xtec.cat\/apa\/wp-content\/uploads\/usu2951\/2024\/02\/cropped-logo_biblioteca_blanc.webp\"><img loading=\"lazy\" decoding=\"async\" class=\"wp-image-8596 aligncenter\" src=\"https:\/\/serveiseducatius.xtec.cat\/apa\/wp-content\/uploads\/usu2951\/2024\/02\/cropped-logo_biblioteca_blanc.webp\" alt=\"\" width=\"131\" height=\"131\" srcset=\"https:\/\/serveiseducatius.xtec.cat\/apa\/wp-content\/uploads\/usu2951\/2024\/02\/cropped-logo_biblioteca_blanc.webp 200w, https:\/\/serveiseducatius.xtec.cat\/apa\/wp-content\/uploads\/usu2951\/2024\/02\/cropped-logo_biblioteca_blanc-150x150.webp 150w\" sizes=\"auto, (max-width: 131px) 100vw, 131px\" \/><\/a><\/td>\n<td style=\"width: 25%;\"><\/td>\n<td style=\"width: 25%;\"><\/td>\n<\/tr>\n<\/tbody>\n<\/table>\n<table style=\"border-collapse: collapse; width: 100%;\">\n<tbody>\n<tr>\n<td style=\"width: 25%;\"><a href=\"https:\/\/serveiseducatius.xtec.cat\/apa\/wp-content\/uploads\/usu2951\/2024\/02\/logo_620c36dbb5c91.png\"><img loading=\"lazy\" decoding=\"async\" class=\"alignnone size-full wp-image-8588\" src=\"https:\/\/serveiseducatius.xtec.cat\/apa\/wp-content\/uploads\/usu2951\/2024\/02\/logo_620c36dbb5c91.png\" alt=\"\" width=\"800\" height=\"152\" srcset=\"https:\/\/serveiseducatius.xtec.cat\/apa\/wp-content\/uploads\/usu2951\/2024\/02\/logo_620c36dbb5c91.png 800w, https:\/\/serveiseducatius.xtec.cat\/apa\/wp-content\/uploads\/usu2951\/2024\/02\/logo_620c36dbb5c91-300x57.png 300w, https:\/\/serveiseducatius.xtec.cat\/apa\/wp-content\/uploads\/usu2951\/2024\/02\/logo_620c36dbb5c91-768x146.png 768w\" sizes=\"auto, (max-width: 800px) 100vw, 800px\" \/><\/a><\/td>\n<td style=\"width: 25%;\"><\/td>\n<td style=\"width: 25%;\"><\/td>\n<td style=\"width: 25%;\"><\/td>\n<\/tr>\n<\/tbody>\n<\/table>\n<p><span style=\"font-weight: 400;\">secci\u00f3: museus<\/span><\/p>\n<ol>\n<li style=\"list-style-type: none;\"><\/li>\n<\/ol>\n","protected":false},"excerpt":{"rendered":"<p>El treball en xarxa \u00e9s l&#8217;aut\u00e8ntic motor de la transformaci\u00f3 educativa.<\/p>\n<p><a href=\"https:\/\/parcsnaturals.gencat.cat\/ca\/xarxa-de-parcs\/alt-pirineu\/inici\/index.html\"><\/a><br \/>\n<a href=\"https:\/\/parcsnaturals.gencat.cat\/ca\/xarxa-de-parcs\/cadi\/inici\/index.html\"><\/a><br \/>\n<a href=\"https:\/\/parcsnaturals.gencat.cat\/ca\/xarxa-de-parcs\/aiguestortes\/inici\/index.html\"><\/a><br \/>\n<a href=\"https:\/\/www.geoparcorigens.cat\/\"><\/a><\/p>\n<p><a href=\"https:\/\/serveiseducatius.xtec.cat\/apa\/wp-content\/uploads\/usu2951\/2024\/10\/images.png\"><\/a><br \/>\n<a href=\"https:\/\/serveiseducatius.xtec.cat\/apa\/wp-content\/uploads\/usu2951\/2024\/02\/image_preview.jpg\"><\/a><br \/>\n<a href=\"https:\/\/serveiseducatius.xtec.cat\/apa\/wp-content\/uploads\/usu2951\/2024\/02\/logo.png\"><\/a><br \/>\n<a href=\"https:\/\/serveiseducatius.xtec.cat\/apa\/wp-content\/uploads\/usu2951\/2024\/02\/laliralogodef_002.jpg\"><\/a><\/p>\n<p><a href=\"https:\/\/serveiseducatius.xtec.cat\/apa\/wp-content\/uploads\/usu2951\/2024\/02\/logo-mrp-pirineus.png\"><\/a><br \/>\n<a href=\"https:\/\/serveiseducatius.xtec.cat\/apa\/wp-content\/uploads\/usu2951\/2024\/02\/Carrulla.png\"><\/a><br \/>\n<a href=\"https:\/\/serveiseducatius.xtec.cat\/apa\/wp-content\/uploads\/usu2951\/2024\/02\/invesjove.gif_1260233769.gif\"><\/a><br \/>\n<a href=\"https:\/\/serveiseducatius.xtec.cat\/apa\/wp-content\/uploads\/usu2951\/2024\/02\/fmrpc_logo_gran.png\"><\/a><\/p>\n<p><a href=\"https:\/\/serveiseducatius.xtec.cat\/apa\/wp-content\/uploads\/usu2951\/2024\/02\/Ajuntament-Tremp.jpg\"><\/a><br \/>\n<a href=\"https:\/\/serveiseducatius.xtec.cat\/apa\/wp-content\/uploads\/usu2951\/2024\/02\/escut-transparent.png\"><\/a><br \/>\n<a href=\"https:\/\/serveiseducatius.xtec.cat\/apa\/wp-content\/uploads\/usu2951\/2024\/02\/Logo_Esterri_Web.png\"><\/a><br \/>\n<a href=\"https:\/\/serveiseducatius.xtec.cat\/apa\/wp-content\/uploads\/usu2951\/2024\/02\/aj-tuixent1.png\"><\/a><\/p>\n<p><a href=\"https:\/\/serveiseducatius.xtec.cat\/apa\/wp-content\/uploads\/usu2951\/2024\/02\/escudo.png\"><\/a><\/p>\n<p><a href=\"https:\/\/serveiseducatius.xtec.cat\/apa\/wp-content\/uploads\/usu2951\/2024\/02\/baixa.jpg\"><\/a><br \/>\n<a href=\"https:\/\/serveiseducatius.xtec.cat\/apa\/wp-content\/uploads\/usu2951\/2024\/02\/cropped-logo_biblioteca_blanc.webp\"><\/a><\/p>\n<p><a href=\"https:\/\/serveiseducatius.xtec.cat\/apa\/wp-content\/uploads\/usu2951\/2024\/02\/logo_620c36dbb5c91.png\"><\/a><\/p>\n<p>secci\u00f3: museus<\/p>\n<ol>\n<li style=\"list-style-type: none;\"><\/li>\n<\/ol>\n","protected":false},"author":1,"featured_media":0,"parent":0,"menu_order":0,"comment_status":"closed","ping_status":"closed","template":"","meta":{"_bbp_topic_count":0,"_bbp_reply_count":0,"_bbp_total_topic_count":0,"_bbp_total_reply_count":0,"_bbp_voice_count":0,"_bbp_anonymous_reply_count":0,"_bbp_topic_count_hidden":0,"_bbp_reply_count_hidden":0,"_bbp_forum_subforum_count":0,"footnotes":""},"class_list":["post-8550","page","type-page","status-publish","hentry"],"post_mailing_queue_ids":[],"_links":{"self":[{"href":"https:\/\/serveiseducatius.xtec.cat\/apa\/wp-json\/wp\/v2\/pages\/8550","targetHints":{"allow":["GET"]}}],"collection":[{"href":"https:\/\/serveiseducatius.xtec.cat\/apa\/wp-json\/wp\/v2\/pages"}],"about":[{"href":"https:\/\/serveiseducatius.xtec.cat\/apa\/wp-json\/wp\/v2\/types\/page"}],"author":[{"embeddable":true,"href":"https:\/\/serveiseducatius.xtec.cat\/apa\/wp-json\/wp\/v2\/users\/1"}],"replies":[{"embeddable":true,"href":"https:\/\/serveiseducatius.xtec.cat\/apa\/wp-json\/wp\/v2\/comments?post=8550"}],"version-history":[{"count":7,"href":"https:\/\/serveiseducatius.xtec.cat\/apa\/wp-json\/wp\/v2\/pages\/8550\/revisions"}],"predecessor-version":[{"id":8902,"href":"https:\/\/serveiseducatius.xtec.cat\/apa\/wp-json\/wp\/v2\/pages\/8550\/revisions\/8902"}],"wp:attachment":[{"href":"https:\/\/serveiseducatius.xtec.cat\/apa\/wp-json\/wp\/v2\/media?parent=8550"}],"curies":[{"name":"wp","href":"https:\/\/api.w.org\/{rel}","templated":true}]}}