{"id":10609,"date":"2025-11-13T11:05:44","date_gmt":"2025-11-13T10:05:44","guid":{"rendered":"https:\/\/serveiseducatius.xtec.cat\/apa\/?page_id=10609"},"modified":"2026-03-18T14:28:08","modified_gmt":"2026-03-18T13:28:08","slug":"pirineu-lector","status":"publish","type":"page","link":"https:\/\/serveiseducatius.xtec.cat\/apa\/pirineu-lector\/","title":{"rendered":"Pirineu Lector"},"content":{"rendered":"<p><a href=\"https:\/\/serveiseducatius.xtec.cat\/apa\/wp-content\/uploads\/usu2951\/2025\/11\/Logo_def.jpeg\"><img loading=\"lazy\" decoding=\"async\" class=\"size-medium wp-image-10636 alignleft\" src=\"https:\/\/serveiseducatius.xtec.cat\/apa\/wp-content\/uploads\/usu2951\/2025\/11\/Logo_def-300x289.jpeg\" alt=\"\" width=\"300\" height=\"289\" srcset=\"https:\/\/serveiseducatius.xtec.cat\/apa\/wp-content\/uploads\/usu2951\/2025\/11\/Logo_def-300x289.jpeg 300w, https:\/\/serveiseducatius.xtec.cat\/apa\/wp-content\/uploads\/usu2951\/2025\/11\/Logo_def-1024x987.jpeg 1024w, https:\/\/serveiseducatius.xtec.cat\/apa\/wp-content\/uploads\/usu2951\/2025\/11\/Logo_def-768x740.jpeg 768w, https:\/\/serveiseducatius.xtec.cat\/apa\/wp-content\/uploads\/usu2951\/2025\/11\/Logo_def.jpeg 1532w\" sizes=\"auto, (max-width: 300px) 100vw, 300px\" \/><\/a><\/p>\n<p data-start=\"279\" data-end=\"413\"><strong data-start=\"279\" data-end=\"297\">Pirineu Lector<\/strong> \u00e9s un projecte per llegir en fam\u00edlia i descobrir les hist\u00f2ries, els paisatges i els personatges que ens envolten.<\/p>\n<p data-start=\"420\" data-end=\"597\">Des de les <strong data-start=\"431\" data-end=\"485\">escoles, els Serveis Educatius i les biblioteques de l\u2019Alt Pirineu i Aran<\/strong>, us proposem una selecci\u00f3 de llibres pensats per a cada edat, amb activitats per compartir la lectura a casa.<\/p>\n<p data-start=\"604\" data-end=\"765\">Llegir \u00e9s cr\u00e9ixer, imaginar i entendre millor el m\u00f3n. I si ho fem plegats, \u00e9s tamb\u00e9 una manera de <strong data-start=\"700\" data-end=\"762\">fer comunitat i sentir-nos m\u00e9s a prop del nostre territori<\/strong>.<\/p>\n<p data-start=\"772\" data-end=\"791\"><strong data-start=\"772\" data-end=\"789\">Llegim plegats?<\/strong><\/p>\n<p data-start=\"798\" data-end=\"900\">\ud83d\udd17 <em data-start=\"801\" data-end=\"900\">Descobreix les propostes de lectura i les activitats que hem preparat per a tu i la teva fam\u00edlia<\/em><\/p>\n<h4 data-start=\"1794\" data-end=\"1839\"><strong data-start=\"1799\" data-end=\"1839\">Lectures recomanades<\/strong><\/h4>\n<p data-start=\"1477\" data-end=\"1607\">Cada trimestre, els <strong data-start=\"1497\" data-end=\"1549\">centres educatius i les biblioteques del Pirineu<\/strong> proposen una selecci\u00f3 de llibres per llegir en fam\u00edlia.<\/p>\n<p data-start=\"1614\" data-end=\"1778\">S\u00f3n hist\u00f2ries que parlen de la natura, dels pobles i de la gent del nostre territori, per\u00f2 tamb\u00e9 d\u2019aventures, somnis i emocions que poden passar a qualsevol lloc.<\/p>\n<p data-start=\"1785\" data-end=\"1911\">Clicant sobre cada portada, accedireu a la fitxa del llibre amb la seva descripci\u00f3 i una <strong data-start=\"1874\" data-end=\"1908\">activitat per fer junts a casa<\/strong>.<\/p>\n<p data-start=\"1918\" data-end=\"2012\">\ud83c\udf92 <em data-start=\"1921\" data-end=\"2012\">Trieu el vostre llibre, aneu a la biblioteca i comenceu aquest viatge lector pel Pirineu.<\/em><\/p>\n<h4 data-start=\"1918\" data-end=\"2012\">Infantil<\/h4>\n<table style=\"width: 47.2122%; border-collapse: collapse; border-style: none; border-color: #ffffff; background-color: #ffffff;\">\n<tbody>\n<tr>\n<td style=\"width: 23.7147%; border-style: none;\"><a href=\"https:\/\/serveiseducatius.xtec.cat\/apa\/wp-content\/uploads\/usu2951\/2026\/03\/2nT-Inf-Cat.pdf\" target=\"_blank\" rel=\"noopener\"><img loading=\"lazy\" decoding=\"async\" class=\"alignnone wp-image-10863 size-medium\" src=\"https:\/\/serveiseducatius.xtec.cat\/apa\/wp-content\/uploads\/usu2951\/2026\/03\/els-amics-del-sol-f0096-300x293.png\" alt=\"\" width=\"300\" height=\"293\" srcset=\"https:\/\/serveiseducatius.xtec.cat\/apa\/wp-content\/uploads\/usu2951\/2026\/03\/els-amics-del-sol-f0096-300x293.png 300w, https:\/\/serveiseducatius.xtec.cat\/apa\/wp-content\/uploads\/usu2951\/2026\/03\/els-amics-del-sol-f0096.png 339w\" sizes=\"auto, (max-width: 300px) 100vw, 300px\" \/><\/a><\/td>\n<td style=\"width: 23.3526%; border-style: none;\"><a href=\"https:\/\/serveiseducatius.xtec.cat\/apa\/wp-content\/uploads\/usu2951\/2026\/03\/2nT-Inf-Aran.pdf\" target=\"_blank\" rel=\"noopener\"><img loading=\"lazy\" decoding=\"async\" class=\"alignnone wp-image-10862 size-medium\" src=\"https:\/\/serveiseducatius.xtec.cat\/apa\/wp-content\/uploads\/usu2951\/2026\/03\/PORTADA_Eth-michon-jogaire_2009-2-495x500-1-297x300.jpg\" alt=\"\" width=\"297\" height=\"300\" srcset=\"https:\/\/serveiseducatius.xtec.cat\/apa\/wp-content\/uploads\/usu2951\/2026\/03\/PORTADA_Eth-michon-jogaire_2009-2-495x500-1-297x300.jpg 297w, https:\/\/serveiseducatius.xtec.cat\/apa\/wp-content\/uploads\/usu2951\/2026\/03\/PORTADA_Eth-michon-jogaire_2009-2-495x500-1.jpg 495w\" sizes=\"auto, (max-width: 297px) 100vw, 297px\" \/><\/a><\/td>\n<\/tr>\n<\/tbody>\n<\/table>\n<h4 data-start=\"858\" data-end=\"907\">1r cicle de prim\u00e0ria (1r i 2n)<\/h4>\n<table style=\"width: 47.2122%; border-collapse: collapse; border-style: none;\">\n<tbody>\n<tr>\n<td style=\"width: 23.8595%; border-style: none;\"><a href=\"https:\/\/serveiseducatius.xtec.cat\/apa\/wp-content\/uploads\/usu2951\/2026\/03\/2nT-1rC-Cat.pdf\" target=\"_blank\" rel=\"noopener\"><img loading=\"lazy\" decoding=\"async\" class=\"alignnone wp-image-10861 size-medium\" src=\"https:\/\/serveiseducatius.xtec.cat\/apa\/wp-content\/uploads\/usu2951\/2026\/03\/la-vella-romadriu-300x300.jpg\" alt=\"\" width=\"300\" height=\"300\" srcset=\"https:\/\/serveiseducatius.xtec.cat\/apa\/wp-content\/uploads\/usu2951\/2026\/03\/la-vella-romadriu-300x300.jpg 300w, https:\/\/serveiseducatius.xtec.cat\/apa\/wp-content\/uploads\/usu2951\/2026\/03\/la-vella-romadriu-150x150.jpg 150w, https:\/\/serveiseducatius.xtec.cat\/apa\/wp-content\/uploads\/usu2951\/2026\/03\/la-vella-romadriu.jpg 446w\" sizes=\"auto, (max-width: 300px) 100vw, 300px\" \/><\/a><\/td>\n<td style=\"width: 23.3527%; border-style: none;\"><a href=\"https:\/\/serveiseducatius.xtec.cat\/apa\/wp-content\/uploads\/usu2951\/2026\/03\/2nT-1rC-Aran.pdf\" target=\"_blank\" rel=\"noopener\"><img loading=\"lazy\" decoding=\"async\" class=\"alignnone wp-image-10851 size-medium\" src=\"https:\/\/serveiseducatius.xtec.cat\/apa\/wp-content\/uploads\/usu2951\/2026\/03\/Bestiauuu-203x300.jpg\" alt=\"\" width=\"203\" height=\"300\" srcset=\"https:\/\/serveiseducatius.xtec.cat\/apa\/wp-content\/uploads\/usu2951\/2026\/03\/Bestiauuu-203x300.jpg 203w, https:\/\/serveiseducatius.xtec.cat\/apa\/wp-content\/uploads\/usu2951\/2026\/03\/Bestiauuu.jpg 600w\" sizes=\"auto, (max-width: 203px) 100vw, 203px\" \/><\/a><\/td>\n<\/tr>\n<\/tbody>\n<\/table>\n<h4 data-start=\"858\" data-end=\"907\">2n cicle de prim\u00e0ria (3r i 4t)<\/h4>\n<p><a href=\"https:\/\/serveiseducatius.xtec.cat\/apa\/wp-content\/uploads\/usu2951\/2026\/03\/2nT-2nC-Cat.pdf\" target=\"_blank\" rel=\"noopener\"><img loading=\"lazy\" decoding=\"async\" class=\"alignnone wp-image-10860 size-medium\" src=\"https:\/\/serveiseducatius.xtec.cat\/apa\/wp-content\/uploads\/usu2951\/2026\/03\/zoo-de-paraules-259x300.jpg\" alt=\"\" width=\"259\" height=\"300\" srcset=\"https:\/\/serveiseducatius.xtec.cat\/apa\/wp-content\/uploads\/usu2951\/2026\/03\/zoo-de-paraules-259x300.jpg 259w, https:\/\/serveiseducatius.xtec.cat\/apa\/wp-content\/uploads\/usu2951\/2026\/03\/zoo-de-paraules-768x891.jpg 768w, https:\/\/serveiseducatius.xtec.cat\/apa\/wp-content\/uploads\/usu2951\/2026\/03\/zoo-de-paraules.jpg 862w\" sizes=\"auto, (max-width: 259px) 100vw, 259px\" \/><\/a><\/p>\n<h4 data-start=\"858\" data-end=\"907\">3r cicle de prim\u00e0ria (5\u00e8 i 6\u00e8)<\/h4>\n<p><a href=\"https:\/\/serveiseducatius.xtec.cat\/apa\/wp-content\/uploads\/usu2951\/2026\/03\/2nT-3rC-Cat.pdf\" target=\"_blank\" rel=\"noopener\"><img loading=\"lazy\" decoding=\"async\" class=\"alignnone wp-image-10859 size-medium\" src=\"https:\/\/serveiseducatius.xtec.cat\/apa\/wp-content\/uploads\/usu2951\/2026\/03\/la-bruixa-del-pla-de-beret-200x300.jpg\" alt=\"\" width=\"200\" height=\"300\" srcset=\"https:\/\/serveiseducatius.xtec.cat\/apa\/wp-content\/uploads\/usu2951\/2026\/03\/la-bruixa-del-pla-de-beret-200x300.jpg 200w, https:\/\/serveiseducatius.xtec.cat\/apa\/wp-content\/uploads\/usu2951\/2026\/03\/la-bruixa-del-pla-de-beret.jpg 350w\" sizes=\"auto, (max-width: 200px) 100vw, 200px\" \/><\/a><\/p>\n<h4 data-start=\"858\" data-end=\"907\"><\/h4>\n<h4 data-start=\"858\" data-end=\"907\"><a href=\"https:\/\/serveiseducatius.xtec.cat\/apa\/pirineu-lector\/llibres-del-primer-trimestre-del-curs-2025-2026-pirineu-lector\/\">Llibres del primer trimestre del curs 2025\/2026<\/a><\/h4>\n<h4 data-start=\"858\" data-end=\"907\"><strong style=\"font-size: 1.4375em;\" data-start=\"863\" data-end=\"907\">El nostre dec\u00e0leg lector<\/strong><\/h4>\n<p data-start=\"960\" data-end=\"1052\">Llegir no \u00e9s nom\u00e9s passar p\u00e0gines: \u00e9s viure hist\u00f2ries, fer preguntes i compartir emocions.<\/p>\n<p data-start=\"1059\" data-end=\"1230\">A continuaci\u00f3 trobar\u00e0s <strong data-start=\"1082\" data-end=\"1125\">el nostre dec\u00e0leg de lectura en fam\u00edlia<\/strong>, deu petites idees per ajudar-te a fer de la lectura un h\u00e0bit quotidi\u00e0 i un moment de plaer compartit.<\/p>\n<p data-start=\"1333\" data-end=\"1399\">\ud83d\udcd6 <em data-start=\"1336\" data-end=\"1399\">Llegir en fam\u00edlia \u00e9s sembrar curiositat, imaginaci\u00f3 i arrels.<\/em><\/p>\n<p><a href=\"https:\/\/serveiseducatius.xtec.cat\/apa\/wp-content\/uploads\/usu2951\/2025\/11\/DECALEG.png\" target=\"_blank\" rel=\"noopener\"><img loading=\"lazy\" decoding=\"async\" class=\"alignnone wp-image-10660\" src=\"https:\/\/serveiseducatius.xtec.cat\/apa\/wp-content\/uploads\/usu2951\/2025\/11\/DECALEG-300x169.png\" alt=\"\" width=\"963\" height=\"543\" srcset=\"https:\/\/serveiseducatius.xtec.cat\/apa\/wp-content\/uploads\/usu2951\/2025\/11\/DECALEG-300x169.png 300w, https:\/\/serveiseducatius.xtec.cat\/apa\/wp-content\/uploads\/usu2951\/2025\/11\/DECALEG-1024x576.png 1024w, https:\/\/serveiseducatius.xtec.cat\/apa\/wp-content\/uploads\/usu2951\/2025\/11\/DECALEG-768x432.png 768w, https:\/\/serveiseducatius.xtec.cat\/apa\/wp-content\/uploads\/usu2951\/2025\/11\/DECALEG-1536x864.png 1536w, https:\/\/serveiseducatius.xtec.cat\/apa\/wp-content\/uploads\/usu2951\/2025\/11\/DECALEG.png 1920w\" sizes=\"auto, (max-width: 963px) 100vw, 963px\" \/><\/a><\/p>\n<h4>Projecte en col\u00b7laboraci\u00f3 amb:<\/h4>\n<table style=\"width: 100%; border-collapse: collapse; border-style: none; background-color: #ffffff;\">\n<tbody>\n<tr style=\"border-style: none;\">\n<td style=\"width: 20%; border-style: none;\"><a href=\"https:\/\/biblioteques.gencat.cat\/ca\/biblioteques\/estructura_organitzacio\/serveis_suport_bp\/regionals\/lleida\/bibliobusos\/bibliobus_pere_quart\/index.html\" target=\"_blank\" rel=\"noopener\"><img loading=\"lazy\" decoding=\"async\" class=\"alignnone wp-image-10695 size-medium\" src=\"https:\/\/serveiseducatius.xtec.cat\/apa\/wp-content\/uploads\/usu2951\/2025\/12\/Bibliobus-Pere-Quart-300x147.jpg\" alt=\"\" width=\"300\" height=\"147\" srcset=\"https:\/\/serveiseducatius.xtec.cat\/apa\/wp-content\/uploads\/usu2951\/2025\/12\/Bibliobus-Pere-Quart-300x147.jpg 300w, https:\/\/serveiseducatius.xtec.cat\/apa\/wp-content\/uploads\/usu2951\/2025\/12\/Bibliobus-Pere-Quart-1024x502.jpg 1024w, https:\/\/serveiseducatius.xtec.cat\/apa\/wp-content\/uploads\/usu2951\/2025\/12\/Bibliobus-Pere-Quart-768x377.jpg 768w, https:\/\/serveiseducatius.xtec.cat\/apa\/wp-content\/uploads\/usu2951\/2025\/12\/Bibliobus-Pere-Quart-1536x754.jpg 1536w, https:\/\/serveiseducatius.xtec.cat\/apa\/wp-content\/uploads\/usu2951\/2025\/12\/Bibliobus-Pere-Quart-2048x1005.jpg 2048w\" sizes=\"auto, (max-width: 300px) 100vw, 300px\" \/><\/a><\/td>\n<td style=\"width: 20%; border-style: none;\"><a href=\"https:\/\/bibliotecasantagusti.cat\/\" target=\"_blank\" rel=\"noopener\"><img loading=\"lazy\" decoding=\"async\" class=\"alignnone wp-image-10696 size-medium\" src=\"https:\/\/serveiseducatius.xtec.cat\/apa\/wp-content\/uploads\/usu2951\/2025\/12\/Logos-biblio-seu-300x144.png\" alt=\"\" width=\"300\" height=\"144\" srcset=\"https:\/\/serveiseducatius.xtec.cat\/apa\/wp-content\/uploads\/usu2951\/2025\/12\/Logos-biblio-seu-300x144.png 300w, https:\/\/serveiseducatius.xtec.cat\/apa\/wp-content\/uploads\/usu2951\/2025\/12\/Logos-biblio-seu.png 722w\" sizes=\"auto, (max-width: 300px) 100vw, 300px\" \/><\/a><\/td>\n<td style=\"width: 20%; border-style: none;\"><a href=\"https:\/\/www.elpontdesuert.cat\/arees-i-serveis\/biblioteca-municipal\" target=\"_blank\" rel=\"noopener\"><img loading=\"lazy\" decoding=\"async\" class=\"alignnone wp-image-10713 size-medium\" src=\"https:\/\/serveiseducatius.xtec.cat\/apa\/wp-content\/uploads\/usu2951\/2025\/12\/Logo-PontNom_Transp-PNG-copia-biblio-298x300.png\" alt=\"\" width=\"298\" height=\"300\" srcset=\"https:\/\/serveiseducatius.xtec.cat\/apa\/wp-content\/uploads\/usu2951\/2025\/12\/Logo-PontNom_Transp-PNG-copia-biblio-298x300.png 298w, https:\/\/serveiseducatius.xtec.cat\/apa\/wp-content\/uploads\/usu2951\/2025\/12\/Logo-PontNom_Transp-PNG-copia-biblio-1019x1024.png 1019w, https:\/\/serveiseducatius.xtec.cat\/apa\/wp-content\/uploads\/usu2951\/2025\/12\/Logo-PontNom_Transp-PNG-copia-biblio-150x150.png 150w, https:\/\/serveiseducatius.xtec.cat\/apa\/wp-content\/uploads\/usu2951\/2025\/12\/Logo-PontNom_Transp-PNG-copia-biblio-768x772.png 768w, https:\/\/serveiseducatius.xtec.cat\/apa\/wp-content\/uploads\/usu2951\/2025\/12\/Logo-PontNom_Transp-PNG-copia-biblio-1528x1536.png 1528w, https:\/\/serveiseducatius.xtec.cat\/apa\/wp-content\/uploads\/usu2951\/2025\/12\/Logo-PontNom_Transp-PNG-copia-biblio-2038x2048.png 2038w\" sizes=\"auto, (max-width: 298px) 100vw, 298px\" \/><\/a><\/td>\n<td style=\"width: 20%; border-style: none;\"><a href=\"https:\/\/www.nautaran.org\/ca\/servicis\/cultura\/biblioteca-naut-aran\/\" target=\"_blank\" rel=\"noopener\"><img loading=\"lazy\" decoding=\"async\" class=\"alignnone wp-image-10697 size-medium\" src=\"https:\/\/serveiseducatius.xtec.cat\/apa\/wp-content\/uploads\/usu2951\/2025\/12\/logo_biblio_salardu_COLOR.png-1-300x242.png\" alt=\"\" width=\"300\" height=\"242\" srcset=\"https:\/\/serveiseducatius.xtec.cat\/apa\/wp-content\/uploads\/usu2951\/2025\/12\/logo_biblio_salardu_COLOR.png-1-300x242.png 300w, https:\/\/serveiseducatius.xtec.cat\/apa\/wp-content\/uploads\/usu2951\/2025\/12\/logo_biblio_salardu_COLOR.png-1-768x619.png 768w, https:\/\/serveiseducatius.xtec.cat\/apa\/wp-content\/uploads\/usu2951\/2025\/12\/logo_biblio_salardu_COLOR.png-1.png 831w\" sizes=\"auto, (max-width: 300px) 100vw, 300px\" \/><\/a><\/td>\n<td style=\"width: 20%; border-style: none;\"><a href=\"https:\/\/serveiseducatius.xtec.cat\/apa\/wp-content\/uploads\/usu2951\/2025\/12\/logo-biblio-tremp.tif\"><img decoding=\"async\" class=\"alignnone size-full wp-image-10703\" src=\"https:\/\/serveiseducatius.xtec.cat\/apa\/wp-content\/uploads\/usu2951\/2025\/12\/logo-biblio-tremp.tif\" alt=\"\" \/><\/a><a href=\"http:\/\/www.vielha-mijaran.org\/ca\/ver-ficha\/106\/\" target=\"_blank\" rel=\"noopener\"><img loading=\"lazy\" decoding=\"async\" class=\"alignnone wp-image-10702 size-medium\" src=\"https:\/\/serveiseducatius.xtec.cat\/apa\/wp-content\/uploads\/usu2951\/2025\/12\/logo-biblio-vielha-300x117.jpg\" alt=\"\" width=\"300\" height=\"117\" srcset=\"https:\/\/serveiseducatius.xtec.cat\/apa\/wp-content\/uploads\/usu2951\/2025\/12\/logo-biblio-vielha-300x117.jpg 300w, https:\/\/serveiseducatius.xtec.cat\/apa\/wp-content\/uploads\/usu2951\/2025\/12\/logo-biblio-vielha.jpg 359w\" sizes=\"auto, (max-width: 300px) 100vw, 300px\" \/><\/a><\/td>\n<\/tr>\n<tr style=\"background-color: #ffffff;\">\n<td style=\"width: 20%; border-style: none;\"><a href=\"https:\/\/www.bellver.org\/guia\/directori\/biblioteca\" target=\"_blank\" rel=\"noopener\"><img loading=\"lazy\" decoding=\"async\" class=\"alignnone wp-image-10700 size-full\" src=\"https:\/\/serveiseducatius.xtec.cat\/apa\/wp-content\/uploads\/usu2951\/2025\/12\/images-1.png\" alt=\"\" width=\"225\" height=\"225\" srcset=\"https:\/\/serveiseducatius.xtec.cat\/apa\/wp-content\/uploads\/usu2951\/2025\/12\/images-1.png 225w, https:\/\/serveiseducatius.xtec.cat\/apa\/wp-content\/uploads\/usu2951\/2025\/12\/images-1-150x150.png 150w\" sizes=\"auto, (max-width: 225px) 100vw, 225px\" \/><\/a><\/td>\n<td style=\"width: 20%; border-style: none;\"><a href=\"https:\/\/www.bibgirona.cat\/biblioteca\/puigcerda\" target=\"_blank\" rel=\"noopener\"><img loading=\"lazy\" decoding=\"async\" class=\"alignnone wp-image-10701 size-medium\" src=\"https:\/\/serveiseducatius.xtec.cat\/apa\/wp-content\/uploads\/usu2951\/2025\/12\/LOGO-BIBLIO-VERD-TRANS-300x225.png\" alt=\"\" width=\"300\" height=\"225\" srcset=\"https:\/\/serveiseducatius.xtec.cat\/apa\/wp-content\/uploads\/usu2951\/2025\/12\/LOGO-BIBLIO-VERD-TRANS-300x225.png 300w, https:\/\/serveiseducatius.xtec.cat\/apa\/wp-content\/uploads\/usu2951\/2025\/12\/LOGO-BIBLIO-VERD-TRANS-1024x768.png 1024w, https:\/\/serveiseducatius.xtec.cat\/apa\/wp-content\/uploads\/usu2951\/2025\/12\/LOGO-BIBLIO-VERD-TRANS-768x576.png 768w, https:\/\/serveiseducatius.xtec.cat\/apa\/wp-content\/uploads\/usu2951\/2025\/12\/LOGO-BIBLIO-VERD-TRANS-1536x1152.png 1536w, https:\/\/serveiseducatius.xtec.cat\/apa\/wp-content\/uploads\/usu2951\/2025\/12\/LOGO-BIBLIO-VERD-TRANS-2048x1536.png 2048w, https:\/\/serveiseducatius.xtec.cat\/apa\/wp-content\/uploads\/usu2951\/2025\/12\/LOGO-BIBLIO-VERD-TRANS-200x150.png 200w\" sizes=\"auto, (max-width: 300px) 100vw, 300px\" \/><\/a><\/td>\n<td style=\"width: 20%; border-style: none;\"><a href=\"https:\/\/www.tremp.cat\/index_web.php?idwc=czoxMDoiYmlibGlvdGVjYSI7\" target=\"_blank\" rel=\"noopener\"><img loading=\"lazy\" decoding=\"async\" class=\"alignnone wp-image-10704 size-medium\" src=\"https:\/\/serveiseducatius.xtec.cat\/apa\/wp-content\/uploads\/usu2951\/2025\/12\/logo-biblio-tremp-300x300.jpg\" alt=\"\" width=\"300\" height=\"300\" srcset=\"https:\/\/serveiseducatius.xtec.cat\/apa\/wp-content\/uploads\/usu2951\/2025\/12\/logo-biblio-tremp-300x300.jpg 300w, https:\/\/serveiseducatius.xtec.cat\/apa\/wp-content\/uploads\/usu2951\/2025\/12\/logo-biblio-tremp-150x150.jpg 150w, https:\/\/serveiseducatius.xtec.cat\/apa\/wp-content\/uploads\/usu2951\/2025\/12\/logo-biblio-tremp-768x768.jpg 768w, https:\/\/serveiseducatius.xtec.cat\/apa\/wp-content\/uploads\/usu2951\/2025\/12\/logo-biblio-tremp.jpg 945w\" sizes=\"auto, (max-width: 300px) 100vw, 300px\" \/><\/a><\/td>\n<td style=\"width: 20%; border-style: none;\"><a href=\"https:\/\/www.esterrianeu.cat\/turisme-i-cultura\/biblioteca\/?rawpage\" target=\"_blank\" rel=\"noopener\"><img loading=\"lazy\" decoding=\"async\" class=\"alignnone wp-image-10711 size-medium\" src=\"https:\/\/serveiseducatius.xtec.cat\/apa\/wp-content\/uploads\/usu2951\/2025\/12\/Biblioteca-publica-dEsterri-dAneu-300x300.png\" alt=\"\" width=\"300\" height=\"300\" srcset=\"https:\/\/serveiseducatius.xtec.cat\/apa\/wp-content\/uploads\/usu2951\/2025\/12\/Biblioteca-publica-dEsterri-dAneu-300x300.png 300w, https:\/\/serveiseducatius.xtec.cat\/apa\/wp-content\/uploads\/usu2951\/2025\/12\/Biblioteca-publica-dEsterri-dAneu-1024x1024.png 1024w, https:\/\/serveiseducatius.xtec.cat\/apa\/wp-content\/uploads\/usu2951\/2025\/12\/Biblioteca-publica-dEsterri-dAneu-150x150.png 150w, https:\/\/serveiseducatius.xtec.cat\/apa\/wp-content\/uploads\/usu2951\/2025\/12\/Biblioteca-publica-dEsterri-dAneu-768x768.png 768w, https:\/\/serveiseducatius.xtec.cat\/apa\/wp-content\/uploads\/usu2951\/2025\/12\/Biblioteca-publica-dEsterri-dAneu.png 1080w\" sizes=\"auto, (max-width: 300px) 100vw, 300px\" \/><\/a><\/td>\n<td style=\"width: 20%; border-style: none;\"><a href=\"https:\/\/bibliosort.cat\/\" target=\"_blank\" rel=\"noopener\"><img loading=\"lazy\" decoding=\"async\" class=\"alignnone wp-image-10705 size-medium\" src=\"https:\/\/serveiseducatius.xtec.cat\/apa\/wp-content\/uploads\/usu2951\/2025\/12\/BIBLIOSORT-logo-centrat-verd-300x300.jpg\" alt=\"\" width=\"300\" height=\"300\" srcset=\"https:\/\/serveiseducatius.xtec.cat\/apa\/wp-content\/uploads\/usu2951\/2025\/12\/BIBLIOSORT-logo-centrat-verd-300x300.jpg 300w, https:\/\/serveiseducatius.xtec.cat\/apa\/wp-content\/uploads\/usu2951\/2025\/12\/BIBLIOSORT-logo-centrat-verd-150x150.jpg 150w, https:\/\/serveiseducatius.xtec.cat\/apa\/wp-content\/uploads\/usu2951\/2025\/12\/BIBLIOSORT-logo-centrat-verd.jpg 700w\" sizes=\"auto, (max-width: 300px) 100vw, 300px\" \/><\/a><\/td>\n<\/tr>\n<\/tbody>\n<\/table>\n<table style=\"height: 189px; width: 39.8262%; border-collapse: collapse; border-style: none;\">\n<tbody>\n<tr style=\"height: 86px;\">\n<td style=\"width: 23.063%; height: 20px; border-style: none;\"><a href=\"https:\/\/cultura.gencat.cat\/ca\/inici\/index.html\" target=\"_blank\" rel=\"noopener\"><img loading=\"lazy\" decoding=\"async\" class=\"alignnone wp-image-10707 size-medium\" src=\"https:\/\/serveiseducatius.xtec.cat\/apa\/wp-content\/uploads\/usu2951\/2025\/12\/cultura_h3-2-300x66.png\" alt=\"\" width=\"300\" height=\"66\" srcset=\"https:\/\/serveiseducatius.xtec.cat\/apa\/wp-content\/uploads\/usu2951\/2025\/12\/cultura_h3-2-300x66.png 300w, https:\/\/serveiseducatius.xtec.cat\/apa\/wp-content\/uploads\/usu2951\/2025\/12\/cultura_h3-2.png 455w\" sizes=\"auto, (max-width: 300px) 100vw, 300px\" \/><\/a><\/td>\n<td style=\"width: 21.6148%; height: 20px; border-style: none;\"><a href=\"https:\/\/biblioteques.gencat.cat\/ca\/inici\/index.html\" target=\"_blank\" rel=\"noopener\"><img loading=\"lazy\" decoding=\"async\" class=\"alignnone wp-image-10708 size-medium\" src=\"https:\/\/serveiseducatius.xtec.cat\/apa\/wp-content\/uploads\/usu2951\/2025\/12\/png_h-1-300x212.png\" alt=\"\" width=\"300\" height=\"212\" srcset=\"https:\/\/serveiseducatius.xtec.cat\/apa\/wp-content\/uploads\/usu2951\/2025\/12\/png_h-1-300x212.png 300w, https:\/\/serveiseducatius.xtec.cat\/apa\/wp-content\/uploads\/usu2951\/2025\/12\/png_h-1-1024x724.png 1024w, https:\/\/serveiseducatius.xtec.cat\/apa\/wp-content\/uploads\/usu2951\/2025\/12\/png_h-1-768x543.png 768w, https:\/\/serveiseducatius.xtec.cat\/apa\/wp-content\/uploads\/usu2951\/2025\/12\/png_h-1-1536x1086.png 1536w, https:\/\/serveiseducatius.xtec.cat\/apa\/wp-content\/uploads\/usu2951\/2025\/12\/png_h-1-2048x1448.png 2048w\" sizes=\"auto, (max-width: 300px) 100vw, 300px\" \/><\/a><\/td>\n<\/tr>\n<\/tbody>\n<\/table>\n<p><a href=\"https:\/\/serveiseducatius.xtec.cat\/apa\/wp-content\/uploads\/usu2951\/2025\/12\/25990109.png\"><img loading=\"lazy\" decoding=\"async\" class=\"alignnone wp-image-10782\" src=\"https:\/\/serveiseducatius.xtec.cat\/apa\/wp-content\/uploads\/usu2951\/2025\/12\/25990109.png\" alt=\"\" width=\"274\" height=\"112\" \/><\/a><a style=\"font-family: inherit; font-size: 1em;\" href=\"https:\/\/serveiseducatius.xtec.cat\/apa\/wp-content\/uploads\/usu2951\/2025\/12\/17990104.png\">\u00a0 <\/a><a href=\"https:\/\/serveiseducatius.xtec.cat\/apa\/wp-content\/uploads\/usu2951\/2025\/12\/25990101.png\"><img loading=\"lazy\" decoding=\"async\" class=\"alignnone size-full wp-image-10783\" src=\"https:\/\/serveiseducatius.xtec.cat\/apa\/wp-content\/uploads\/usu2951\/2025\/12\/25990101.png\" alt=\"\" width=\"220\" height=\"102\" \/> \u00a0<\/a><a style=\"color: #2795b6;\" href=\"https:\/\/serveiseducatius.xtec.cat\/apa\/wp-content\/uploads\/usu2951\/2025\/12\/17990104.png\"><img loading=\"lazy\" decoding=\"async\" class=\"alignnone wp-image-10784\" src=\"https:\/\/serveiseducatius.xtec.cat\/apa\/wp-content\/uploads\/usu2951\/2025\/12\/17990104.png\" alt=\"\" width=\"268\" height=\"107\" \/><\/a>\u00a0\u00a0<a style=\"font-family: inherit; font-size: 1em;\" href=\"https:\/\/serveiseducatius.xtec.cat\/apa\/wp-content\/uploads\/usu2951\/2025\/12\/25990111.png\"><img loading=\"lazy\" decoding=\"async\" class=\"alignnone size-full wp-image-10781\" src=\"https:\/\/serveiseducatius.xtec.cat\/apa\/wp-content\/uploads\/usu2951\/2025\/12\/25990111.png\" alt=\"\" width=\"220\" height=\"111\" \/><\/a><\/p>\n<p>&nbsp;<\/p>\n<p>&nbsp;<\/p>\n<p>&nbsp;<\/p>\n<p>&nbsp;<\/p>\n<p>&nbsp;<\/p>\n<p>&nbsp;<\/p>\n<p>&nbsp;<\/p>\n<p>&nbsp;<\/p>\n","protected":false},"excerpt":{"rendered":"<p><a href=\"https:\/\/serveiseducatius.xtec.cat\/apa\/wp-content\/uploads\/usu2951\/2025\/11\/Logo_def.jpeg\"><\/a><br \/>\nPirineu Lector \u00e9s un projecte per llegir en fam\u00edlia i descobrir les hist\u00f2ries, els paisatges i els personatges que ens envolten.<br \/>\nDes de les escoles, els Serveis Educatius i les biblioteques de l\u2019Alt Pirineu i Aran, us proposem una selecci\u00f3 de llibres pensats per a&hellip;  <a href=\"https:\/\/serveiseducatius.xtec.cat\/apa\/pirineu-lector\/\" title=\"Read Pirineu Lector\">Llegeix m\u00e9s\u00bb<\/a><\/p>\n","protected":false},"author":1,"featured_media":0,"parent":0,"menu_order":0,"comment_status":"closed","ping_status":"closed","template":"","meta":{"_bbp_topic_count":0,"_bbp_reply_count":0,"_bbp_total_topic_count":0,"_bbp_total_reply_count":0,"_bbp_voice_count":0,"_bbp_anonymous_reply_count":0,"_bbp_topic_count_hidden":0,"_bbp_reply_count_hidden":0,"_bbp_forum_subforum_count":0,"footnotes":""},"class_list":["post-10609","page","type-page","status-publish","hentry"],"post_mailing_queue_ids":[],"_links":{"self":[{"href":"https:\/\/serveiseducatius.xtec.cat\/apa\/wp-json\/wp\/v2\/pages\/10609","targetHints":{"allow":["GET"]}}],"collection":[{"href":"https:\/\/serveiseducatius.xtec.cat\/apa\/wp-json\/wp\/v2\/pages"}],"about":[{"href":"https:\/\/serveiseducatius.xtec.cat\/apa\/wp-json\/wp\/v2\/types\/page"}],"author":[{"embeddable":true,"href":"https:\/\/serveiseducatius.xtec.cat\/apa\/wp-json\/wp\/v2\/users\/1"}],"replies":[{"embeddable":true,"href":"https:\/\/serveiseducatius.xtec.cat\/apa\/wp-json\/wp\/v2\/comments?post=10609"}],"version-history":[{"count":6,"href":"https:\/\/serveiseducatius.xtec.cat\/apa\/wp-json\/wp\/v2\/pages\/10609\/revisions"}],"predecessor-version":[{"id":10866,"href":"https:\/\/serveiseducatius.xtec.cat\/apa\/wp-json\/wp\/v2\/pages\/10609\/revisions\/10866"}],"wp:attachment":[{"href":"https:\/\/serveiseducatius.xtec.cat\/apa\/wp-json\/wp\/v2\/media?parent=10609"}],"curies":[{"name":"wp","href":"https:\/\/api.w.org\/{rel}","templated":true}]}}