{"id":8575,"date":"2020-11-05T13:06:15","date_gmt":"2020-11-05T12:06:15","guid":{"rendered":"http:\/\/serveiseducatius.xtec.cat\/anoia\/?page_id=8575"},"modified":"2023-05-03T12:30:15","modified_gmt":"2023-05-03T10:30:15","slug":"instituts-escola","status":"publish","type":"page","link":"https:\/\/serveiseducatius.xtec.cat\/anoia\/centres-educatius\/instituts-escola\/","title":{"rendered":"INSTITUTS-ESCOLA"},"content":{"rendered":"<p><span style=\"color: #087eb6;\"><strong>Centres educatius<\/strong><\/span><\/p>\n<table dir=\"ltr\" style=\"width: 645px;\" border=\"1\" cellspacing=\"0\" cellpadding=\"0\">\n<colgroup>\n<col width=\"25\" \/>\n<col width=\"25\" \/>\n<col width=\"275\" \/>\n<col width=\"230\" \/><\/colgroup>\n<tbody>\n<tr style=\"background-color: #087eb6;\">\n<td style=\"text-align: center; width: 62px;\" data-sheets-value=\"{&quot;1&quot;:2,&quot;2&quot;:&quot;Llar d'infants de Calaf&quot;}\"><span style=\"color: #ffffff;\"><strong>Fitxa<\/strong><\/span><br \/>\n<span style=\"color: #ffffff;\"><strong> centre<\/strong><\/span><\/td>\n<td style=\"width: 78px;\" data-sheets-value=\"{&quot;1&quot;:2,&quot;2&quot;:&quot;Llar d'infants de Calaf&quot;}\"><span style=\"color: #ffffff;\"><strong>Ubicaci\u00f3<\/strong><\/span><\/td>\n<td style=\"width: 275px;\" data-sheets-value=\"{&quot;1&quot;:2,&quot;2&quot;:&quot;Llar d'infants de Calaf&quot;}\"><strong><span style=\"color: #ffffff;\">Nom centre<\/span><\/strong><\/td>\n<td style=\"width: 230px;\" data-sheets-value=\"{&quot;1&quot;:2,&quot;2&quot;:&quot;Calaf&quot;}\"><span style=\"color: #ffffff;\"><strong>Municipi<\/strong><\/span><\/td>\n<\/tr>\n<tr>\n<td style=\"width: 62px;\" data-sheets-value=\"{&quot;1&quot;:2,&quot;2&quot;:&quot;Llar d'infants Municipal de Carme&quot;}\"><a href=\"https:\/\/aplicacions.gestioeducativa.gencat.cat\/e13_fdc\/mapaProgramacio.do?centre=08076960\" target=\"_blank\" rel=\"noopener noreferrer\"><img loading=\"lazy\" decoding=\"async\" class=\"aligncenter\" title=\"Fitxa centre\" src=\"http:\/\/serveiseducatius.xtec.cat\/anoia\/wp-content\/uploads\/usu765\/2018\/02\/iconainfo.png\" alt=\"\" width=\"19\" height=\"19\" \/><\/a><\/td>\n<td style=\"width: 78px;\" data-sheets-value=\"{&quot;1&quot;:2,&quot;2&quot;:&quot;Llar d'infants Municipal de Carme&quot;}\"><a href=\"https:\/\/aplicacions.gestioeducativa.gencat.cat\/e13_fdc\/jsp\/pantalles\/identificacio\/google_maps.jsp?x=397500,65168&amp;y=4598699,098242\" target=\"_blank\" rel=\"noopener noreferrer\"><img loading=\"lazy\" decoding=\"async\" class=\"alignnone wp-image-1631 aligncenter\" title=\"Google Maps: Ubicaci\u00f3\" src=\"http:\/\/serveiseducatius.xtec.cat\/anoia\/wp-content\/uploads\/usu765\/2016\/06\/mapa.gif\" alt=\"mapa\" width=\"17\" height=\"17\" \/><\/a><\/td>\n<td style=\"width: 275px;\" data-sheets-value=\"{&quot;1&quot;:2,&quot;2&quot;:&quot;Llar d'infants Municipal de Carme&quot;}\"><a href=\"https:\/\/agora.xtec.cat\/esc-renaixencahostalets\/\" target=\"_blank\" rel=\"noopener noreferrer\">\u00a0I-E Renaixen\u00e7a<\/a><\/td>\n<td style=\"width: 230px;\" data-sheets-value=\"{&quot;1&quot;:2,&quot;2&quot;:&quot;Carme&quot;}\">Els Hostalets de Pierola<\/td>\n<\/tr>\n<tr>\n<td style=\"width: 62px;\" data-sheets-value=\"{&quot;1&quot;:2,&quot;2&quot;:&quot;Llar d'infants Municipal de Carme&quot;}\"><a href=\"https:\/\/aplicacions.gestioeducativa.gencat.cat\/e13_fdc\/mapaProgramacio.do?centre=08077009\" target=\"_blank\" rel=\"noopener noreferrer\"><img loading=\"lazy\" decoding=\"async\" class=\"aligncenter\" title=\"Fitxa centre\" src=\"http:\/\/serveiseducatius.xtec.cat\/anoia\/wp-content\/uploads\/usu765\/2018\/02\/iconainfo.png\" alt=\"\" width=\"19\" height=\"19\" \/><\/a><\/td>\n<td style=\"width: 78px;\" data-sheets-value=\"{&quot;1&quot;:2,&quot;2&quot;:&quot;Llar d'infants Municipal de Carme&quot;}\"><a href=\"https:\/\/aplicacions.gestioeducativa.gencat.cat\/e13_fdc\/jsp\/pantalles\/identificacio\/google_maps.jsp?x=386767,498845&amp;y=4607087,30268\" target=\"_blank\" rel=\"noopener noreferrer\"><img loading=\"lazy\" decoding=\"async\" class=\"alignnone wp-image-1631 aligncenter\" title=\"Google Maps: Ubicaci\u00f3\" src=\"http:\/\/serveiseducatius.xtec.cat\/anoia\/wp-content\/uploads\/usu765\/2016\/06\/mapa.gif\" alt=\"mapa\" width=\"17\" height=\"17\" \/><\/a><\/td>\n<td style=\"width: 275px;\" data-sheets-value=\"{&quot;1&quot;:2,&quot;2&quot;:&quot;Llar d'infants Municipal de Carme&quot;}\"><a href=\"http:\/\/agora.xtec.cat\/ceip-castelldodena\/\" target=\"_blank\" rel=\"noopener noreferrer\">I-E Castell d&#8217;\u00d2dena<\/a><\/td>\n<td style=\"width: 230px;\" data-sheets-value=\"{&quot;1&quot;:2,&quot;2&quot;:&quot;Carme&quot;}\">\u00d2dena<\/td>\n<\/tr>\n<tr>\n<td style=\"width: 62px;\" data-sheets-value=\"{&quot;1&quot;:2,&quot;2&quot;:&quot;Llar d'infants Municipal de Carme&quot;}\"><a href=\"https:\/\/aplicacions.gestioeducativa.gencat.cat\/e13_fdc\/mapaProgramacio.do?centre=08076972\" target=\"_blank\" rel=\"noopener noreferrer\"><img loading=\"lazy\" decoding=\"async\" class=\"aligncenter\" title=\"Fitxa centre\" src=\"http:\/\/serveiseducatius.xtec.cat\/anoia\/wp-content\/uploads\/usu765\/2018\/02\/iconainfo.png\" alt=\"\" width=\"19\" height=\"19\" \/><\/a><\/td>\n<td style=\"width: 78px;\" data-sheets-value=\"{&quot;1&quot;:2,&quot;2&quot;:&quot;Llar d'infants Municipal de Carme&quot;}\"><a href=\"https:\/\/aplicacions.gestioeducativa.gencat.cat\/e13_fdc\/jsp\/pantalles\/identificacio\/google_maps.jsp?x=395608,509937&amp;y=4597261,269669\" target=\"_blank\" rel=\"noopener noreferrer\"><img loading=\"lazy\" decoding=\"async\" class=\"alignnone wp-image-1631 aligncenter\" title=\"Google Maps: Ubicaci\u00f3\" src=\"http:\/\/serveiseducatius.xtec.cat\/anoia\/wp-content\/uploads\/usu765\/2016\/06\/mapa.gif\" width=\"17\" height=\"17\" \/><\/a><\/td>\n<td style=\"width: 275px;\" data-sheets-value=\"{&quot;1&quot;:2,&quot;2&quot;:&quot;Llar d'infants Municipal de Carme&quot;}\"><a href=\"https:\/\/agora.xtec.cat\/ie-piera\/\" target=\"_blank\" rel=\"noopener\">I-E Piera<\/a><\/td>\n<td style=\"width: 230px;\" data-sheets-value=\"{&quot;1&quot;:2,&quot;2&quot;:&quot;Calaf&quot;}\">Piera<\/td>\n<\/tr>\n<\/tbody>\n<\/table>\n","protected":false},"excerpt":{"rendered":"<p>Centres educatius Fitxa centre Ubicaci\u00f3 Nom centre Municipi \u00a0I-E Renaixen\u00e7a Els Hostalets de Pierola I-E Castell d&#8217;\u00d2dena \u00d2dena I-E Piera Piera<\/p>\n","protected":false},"author":1,"featured_media":0,"parent":338,"menu_order":4,"comment_status":"closed","ping_status":"closed","template":"page-templates\/side-menu.php","meta":{"_bbp_topic_count":0,"_bbp_reply_count":0,"_bbp_total_topic_count":0,"_bbp_total_reply_count":0,"_bbp_voice_count":0,"_bbp_anonymous_reply_count":0,"_bbp_topic_count_hidden":0,"_bbp_reply_count_hidden":0,"_bbp_forum_subforum_count":0,"site-sidebar-layout":"default","site-content-layout":"","ast-site-content-layout":"","site-content-style":"default","site-sidebar-style":"default","ast-global-header-display":"","ast-banner-title-visibility":"","ast-main-header-display":"","ast-hfb-above-header-display":"","ast-hfb-below-header-display":"","ast-hfb-mobile-header-display":"","site-post-title":"","ast-breadcrumbs-content":"","ast-featured-img":"","footer-sml-layout":"","theme-transparent-header-meta":"","adv-header-id-meta":"","stick-header-meta":"","header-above-stick-meta":"","header-main-stick-meta":"","header-below-stick-meta":"","astra-migrate-meta-layouts":"default","ast-page-background-enabled":"default","ast-page-background-meta":{"desktop":{"background-color":"var(--ast-global-color-4)","background-image":"","background-repeat":"repeat","background-position":"center center","background-size":"auto","background-attachment":"scroll","background-type":"","background-media":"","overlay-type":"","overlay-color":"","overlay-opacity":"","overlay-gradient":""},"tablet":{"background-color":"","background-image":"","background-repeat":"repeat","background-position":"center center","background-size":"auto","background-attachment":"scroll","background-type":"","background-media":"","overlay-type":"","overlay-color":"","overlay-opacity":"","overlay-gradient":""},"mobile":{"background-color":"","background-image":"","background-repeat":"repeat","background-position":"center center","background-size":"auto","background-attachment":"scroll","background-type":"","background-media":"","overlay-type":"","overlay-color":"","overlay-opacity":"","overlay-gradient":""}},"ast-content-background-meta":{"desktop":{"background-color":"var(--ast-global-color-5)","background-image":"","background-repeat":"repeat","background-position":"center center","background-size":"auto","background-attachment":"scroll","background-type":"","background-media":"","overlay-type":"","overlay-color":"","overlay-opacity":"","overlay-gradient":""},"tablet":{"background-color":"var(--ast-global-color-5)","background-image":"","background-repeat":"repeat","background-position":"center center","background-size":"auto","background-attachment":"scroll","background-type":"","background-media":"","overlay-type":"","overlay-color":"","overlay-opacity":"","overlay-gradient":""},"mobile":{"background-color":"var(--ast-global-color-5)","background-image":"","background-repeat":"repeat","background-position":"center center","background-size":"auto","background-attachment":"scroll","background-type":"","background-media":"","overlay-type":"","overlay-color":"","overlay-opacity":"","overlay-gradient":""}},"footnotes":""},"class_list":["post-8575","page","type-page","status-publish","hentry"],"post_mailing_queue_ids":[],"_links":{"self":[{"href":"https:\/\/serveiseducatius.xtec.cat\/anoia\/wp-json\/wp\/v2\/pages\/8575","targetHints":{"allow":["GET"]}}],"collection":[{"href":"https:\/\/serveiseducatius.xtec.cat\/anoia\/wp-json\/wp\/v2\/pages"}],"about":[{"href":"https:\/\/serveiseducatius.xtec.cat\/anoia\/wp-json\/wp\/v2\/types\/page"}],"author":[{"embeddable":true,"href":"https:\/\/serveiseducatius.xtec.cat\/anoia\/wp-json\/wp\/v2\/users\/1"}],"replies":[{"embeddable":true,"href":"https:\/\/serveiseducatius.xtec.cat\/anoia\/wp-json\/wp\/v2\/comments?post=8575"}],"version-history":[{"count":3,"href":"https:\/\/serveiseducatius.xtec.cat\/anoia\/wp-json\/wp\/v2\/pages\/8575\/revisions"}],"predecessor-version":[{"id":10498,"href":"https:\/\/serveiseducatius.xtec.cat\/anoia\/wp-json\/wp\/v2\/pages\/8575\/revisions\/10498"}],"up":[{"embeddable":true,"href":"https:\/\/serveiseducatius.xtec.cat\/anoia\/wp-json\/wp\/v2\/pages\/338"}],"wp:attachment":[{"href":"https:\/\/serveiseducatius.xtec.cat\/anoia\/wp-json\/wp\/v2\/media?parent=8575"}],"curies":[{"name":"wp","href":"https:\/\/api.w.org\/{rel}","templated":true}]}}