{"id":4382,"date":"2016-08-20T11:15:49","date_gmt":"2016-08-20T10:15:49","guid":{"rendered":"http:\/\/serveiseducatius.xtec.cat\/anoia\/?page_id=4382"},"modified":"2022-05-10T11:37:37","modified_gmt":"2022-05-10T09:37:37","slug":"sant-marti-de-tous","status":"publish","type":"page","link":"https:\/\/serveiseducatius.xtec.cat\/anoia\/centres-educatius\/sant-marti-de-tous\/","title":{"rendered":"Sant Mart\u00ed de Tous"},"content":{"rendered":"<p><span style=\"color: #087eb6;\"><strong>Estad\u00edstiques b\u00e0siques<\/strong><\/span><\/p>\n<p><!-- Giny emex Idescat --><script src=\"http:\/\/api.idescat.cat\/emex.js?p=bc\/087EB6;c\/000000;tc\/ffffff;e\/g;id\/082264;i\/f321,f187,f122,f14,f242,f91,f261,f149,f366\" type=\"text\/javascript\"><\/script><noscript>&amp;lt;a href=&#8221;http:\/\/www.idescat.cat\/emex\/?id=080312&#8243;&amp;gt;El municipi en xifres&amp;lt;\/a&amp;gt;<\/noscript><!-- \/Giny emex Idescat --><br \/>\n<span style=\"color: #087eb6;\"><strong>Centres educatius<\/strong><\/span><\/p>\n<table dir=\"ltr\" border=\"1\" cellspacing=\"0\" cellpadding=\"0\">\n<colgroup>\n<col width=\"25\" \/>\n<col width=\"25\" \/>\n<col width=\"300\" \/><\/colgroup>\n<tbody>\n<tr style=\"background-color: #087eb6;\">\n<td style=\"text-align: center;\" data-sheets-value=\"{&quot;1&quot;:2,&quot;2&quot;:&quot;Llar d'infants de Calaf&quot;}\"><span style=\"color: #ffffff;\"><strong>Fitxa<\/strong><\/span><br \/>\n<span style=\"color: #ffffff;\"><strong> centre<\/strong><\/span><\/td>\n<td data-sheets-value=\"{&quot;1&quot;:2,&quot;2&quot;:&quot;Llar d'infants de Calaf&quot;}\"><span style=\"color: #ffffff;\"><strong>Ubicaci\u00f3<\/strong><\/span><\/td>\n<td data-sheets-value=\"{&quot;1&quot;:2,&quot;2&quot;:&quot;Llar d'infants de Calaf&quot;}\"><strong><span style=\"color: #ffffff;\">Nom centre<\/span><\/strong><\/td>\n<\/tr>\n<tr>\n<td style=\"text-align: center;\" data-sheets-value=\"{&quot;1&quot;:2,&quot;2&quot;:&quot;Escola Bressol Vailets II&quot;}\"><a href=\"https:\/\/aplicacions.gestioeducativa.gencat.cat\/e13_fdc\/mapaProgramacio.do?centre=08060162\" target=\"_blank\" rel=\"noopener noreferrer\"><img loading=\"lazy\" decoding=\"async\" class=\"alignnone aligncenter\" title=\"Fitxa centre\" src=\"http:\/\/serveiseducatius.xtec.cat\/anoia\/wp-content\/uploads\/usu765\/2018\/02\/iconainfo.png\" width=\"19\" height=\"19\" \/><\/a><\/td>\n<td data-sheets-value=\"{&quot;1&quot;:2,&quot;2&quot;:&quot;Escola Bressol Vailets II&quot;}\"><a href=\"https:\/\/aplicacions.gestioeducativa.gencat.cat\/e13_fdc\/jsp\/pantalles\/identificacio\/google_maps.jsp?x=376788,563716&amp;y=4602119,009697\" target=\"_blank\" rel=\"noopener noreferrer\"><img loading=\"lazy\" decoding=\"async\" class=\"alignnone wp-image-1631 aligncenter\" title=\"Google Maps: Ubicaci\u00f3\" src=\"http:\/\/serveiseducatius.xtec.cat\/anoia\/wp-content\/uploads\/usu765\/2016\/06\/mapa.gif\" alt=\"mapa\" width=\"17\" height=\"17\" \/><\/a><\/td>\n<td data-sheets-value=\"{&quot;1&quot;:2,&quot;2&quot;:&quot;Escola Bressol Vailets II&quot;}\"><a href=\"https:\/\/www.instagram.com\/petitacervola\/\" target=\"_blank\" rel=\"noopener noreferrer\">Llar d&#8217;infants Petita C\u00e9rvola<\/a><\/td>\n<\/tr>\n<tr>\n<td data-sheets-value=\"{&quot;1&quot;:2,&quot;2&quot;:&quot;Llar d'infants Municipal de Carme&quot;}\"><a href=\"https:\/\/aplicacions.gestioeducativa.gencat.cat\/e13_fdc\/mapaProgramacio.do?centre=08026956\" target=\"_blank\" rel=\"noopener noreferrer\"><img loading=\"lazy\" decoding=\"async\" class=\"alignnone aligncenter\" title=\"Fitxa centre\" src=\"http:\/\/serveiseducatius.xtec.cat\/anoia\/wp-content\/uploads\/usu765\/2018\/02\/iconainfo.png\" width=\"19\" height=\"19\" \/><\/a><\/td>\n<td data-sheets-value=\"{&quot;1&quot;:2,&quot;2&quot;:&quot;Llar d'infants Municipal de Carme&quot;}\"><a href=\"https:\/\/aplicacions.gestioeducativa.gencat.cat\/e13_fdc\/jsp\/pantalles\/identificacio\/google_maps.jsp?x=376694,026386&amp;y=4602233,151659\" target=\"_blank\" rel=\"noopener noreferrer\"><img loading=\"lazy\" decoding=\"async\" class=\"alignnone wp-image-1631 aligncenter\" title=\"Google Maps: Ubicaci\u00f3\" src=\"http:\/\/serveiseducatius.xtec.cat\/anoia\/wp-content\/uploads\/usu765\/2016\/06\/mapa.gif\" alt=\"mapa\" width=\"17\" height=\"17\" \/><\/a><\/td>\n<td data-sheets-value=\"{&quot;1&quot;:2,&quot;2&quot;:&quot;Llar d'infants Municipal de Carme&quot;}\"><a href=\"http:\/\/agora.xtec.cat\/ceipcervolablanca\/\" target=\"_blank\" rel=\"noopener noreferrer\">Escola C\u00e9rvola Blanca<\/a><\/td>\n<\/tr>\n<\/tbody>\n<\/table>\n<p><a href=\"http:\/\/serveiseducatius.xtec.cat\/anoia\/recursos-de-lentorn\/sant-marti-de-tous\/\">Recursos de l&#8217;entorn<\/a><\/p>\n","protected":false},"excerpt":{"rendered":"<p>Estad\u00edstiques b\u00e0siques &amp;lt;a href=&#8221;http:\/\/www.idescat.cat\/emex\/?id=080312&#8243;&amp;gt;El municipi en xifres&amp;lt;\/a&amp;gt; Centres educatius Fitxa centre Ubicaci\u00f3 Nom centre Llar d&#8217;infants Petita C\u00e9rvola Escola C\u00e9rvola Blanca Recursos de l&#8217;entorn<\/p>\n","protected":false},"author":1,"featured_media":0,"parent":338,"menu_order":25,"comment_status":"closed","ping_status":"closed","template":"page-templates\/side-menu.php","meta":{"_bbp_topic_count":0,"_bbp_reply_count":0,"_bbp_total_topic_count":0,"_bbp_total_reply_count":0,"_bbp_voice_count":0,"_bbp_anonymous_reply_count":0,"_bbp_topic_count_hidden":0,"_bbp_reply_count_hidden":0,"_bbp_forum_subforum_count":0,"site-sidebar-layout":"default","site-content-layout":"","ast-site-content-layout":"","site-content-style":"default","site-sidebar-style":"default","ast-global-header-display":"","ast-banner-title-visibility":"","ast-main-header-display":"","ast-hfb-above-header-display":"","ast-hfb-below-header-display":"","ast-hfb-mobile-header-display":"","site-post-title":"","ast-breadcrumbs-content":"","ast-featured-img":"","footer-sml-layout":"","theme-transparent-header-meta":"","adv-header-id-meta":"","stick-header-meta":"","header-above-stick-meta":"","header-main-stick-meta":"","header-below-stick-meta":"","astra-migrate-meta-layouts":"default","ast-page-background-enabled":"default","ast-page-background-meta":{"desktop":{"background-color":"var(--ast-global-color-4)","background-image":"","background-repeat":"repeat","background-position":"center center","background-size":"auto","background-attachment":"scroll","background-type":"","background-media":"","overlay-type":"","overlay-color":"","overlay-opacity":"","overlay-gradient":""},"tablet":{"background-color":"","background-image":"","background-repeat":"repeat","background-position":"center center","background-size":"auto","background-attachment":"scroll","background-type":"","background-media":"","overlay-type":"","overlay-color":"","overlay-opacity":"","overlay-gradient":""},"mobile":{"background-color":"","background-image":"","background-repeat":"repeat","background-position":"center center","background-size":"auto","background-attachment":"scroll","background-type":"","background-media":"","overlay-type":"","overlay-color":"","overlay-opacity":"","overlay-gradient":""}},"ast-content-background-meta":{"desktop":{"background-color":"var(--ast-global-color-5)","background-image":"","background-repeat":"repeat","background-position":"center center","background-size":"auto","background-attachment":"scroll","background-type":"","background-media":"","overlay-type":"","overlay-color":"","overlay-opacity":"","overlay-gradient":""},"tablet":{"background-color":"var(--ast-global-color-5)","background-image":"","background-repeat":"repeat","background-position":"center center","background-size":"auto","background-attachment":"scroll","background-type":"","background-media":"","overlay-type":"","overlay-color":"","overlay-opacity":"","overlay-gradient":""},"mobile":{"background-color":"var(--ast-global-color-5)","background-image":"","background-repeat":"repeat","background-position":"center center","background-size":"auto","background-attachment":"scroll","background-type":"","background-media":"","overlay-type":"","overlay-color":"","overlay-opacity":"","overlay-gradient":""}},"footnotes":""},"class_list":["post-4382","page","type-page","status-publish","hentry"],"post_mailing_queue_ids":[],"_links":{"self":[{"href":"https:\/\/serveiseducatius.xtec.cat\/anoia\/wp-json\/wp\/v2\/pages\/4382","targetHints":{"allow":["GET"]}}],"collection":[{"href":"https:\/\/serveiseducatius.xtec.cat\/anoia\/wp-json\/wp\/v2\/pages"}],"about":[{"href":"https:\/\/serveiseducatius.xtec.cat\/anoia\/wp-json\/wp\/v2\/types\/page"}],"author":[{"embeddable":true,"href":"https:\/\/serveiseducatius.xtec.cat\/anoia\/wp-json\/wp\/v2\/users\/1"}],"replies":[{"embeddable":true,"href":"https:\/\/serveiseducatius.xtec.cat\/anoia\/wp-json\/wp\/v2\/comments?post=4382"}],"version-history":[{"count":3,"href":"https:\/\/serveiseducatius.xtec.cat\/anoia\/wp-json\/wp\/v2\/pages\/4382\/revisions"}],"predecessor-version":[{"id":9904,"href":"https:\/\/serveiseducatius.xtec.cat\/anoia\/wp-json\/wp\/v2\/pages\/4382\/revisions\/9904"}],"up":[{"embeddable":true,"href":"https:\/\/serveiseducatius.xtec.cat\/anoia\/wp-json\/wp\/v2\/pages\/338"}],"wp:attachment":[{"href":"https:\/\/serveiseducatius.xtec.cat\/anoia\/wp-json\/wp\/v2\/media?parent=4382"}],"curies":[{"name":"wp","href":"https:\/\/api.w.org\/{rel}","templated":true}]}}