{"id":3252,"date":"2016-07-27T10:13:09","date_gmt":"2016-07-27T09:13:09","guid":{"rendered":"http:\/\/serveiseducatius.xtec.cat\/anoia\/?page_id=3252"},"modified":"2025-09-03T08:17:06","modified_gmt":"2025-09-03T06:17:06","slug":"comics-cs","status":"publish","type":"page","link":"https:\/\/serveiseducatius.xtec.cat\/anoia\/prestec\/maletes-pedagogiques\/comics-cs\/","title":{"rendered":"C\u00f2mics CS"},"content":{"rendered":"<table style=\"width: 722px; height: 113px;\" border=\"0\" cellspacing=\"1\" cellpadding=\"1\" align=\"left\">\n<tbody>\n<tr>\n<td style=\"border-color: #ffffff; vertical-align: top;\" align=\"left\" valign=\"top\">El calendari mostra les reserves de la maleta de Prim\u00e0ria i de la de Secund\u00e0ria. Pregunteu si la que vosaltres voleu \u00e9s la resevada.<\/p>\n<table style=\"width: 94.1564%;\" border=\"0\" cellspacing=\"2\" cellpadding=\"0\">\n<tbody>\n<tr>\n<td class=\"text\" style=\"border-color: #ffffff; width: 15.4639%;\" height=\"19\"><a href=\"https:\/\/serveiseducatius.xtec.cat\/anoia\/wp-content\/uploads\/usu765\/2025\/01\/comics.png\"><img loading=\"lazy\" decoding=\"async\" class=\"alignleft wp-image-11374\" src=\"https:\/\/serveiseducatius.xtec.cat\/anoia\/wp-content\/uploads\/usu765\/2025\/01\/comics.png\" alt=\"\" width=\"212\" height=\"119\" \/><\/a><\/td>\n<td class=\"text\" style=\"border-color: #ffffff; width: 9.72018%;\"><span style=\"font-family: arial, helvetica, sans-serif; font-size: small;\">Prim\u00e0ria<\/span><\/td>\n<td class=\"text\" style=\"border-color: #ffffff; width: 12.6657%;\" colspan=\"2\"><span style=\"font-family: arial, helvetica, sans-serif; font-size: small;\">El contingut de la maleta est\u00e0 pensat per llegir c\u00f2mics a l\u2019aula o a la biblioteca del centre. La maleta est\u00e0 feta pensant en gaudir de la lectura del c\u00f2mic.<\/span><\/p>\n<p><a title=\"Llistat c\u00f2mics CS\" href=\"https:\/\/drive.google.com\/file\/d\/1kwGUsRTX7vioy4lvJP060kIl_Vq-m479\/view\" target=\"_blank\" rel=\"noopener noreferrer\"><strong><span style=\"font-family: arial, helvetica, sans-serif; font-size: small;\">Llistat c\u00f2mics<\/span><\/strong><\/a><\/td>\n<\/tr>\n<\/tbody>\n<\/table>\n<\/td>\n<\/tr>\n<tr>\n<td style=\"border-color: #ffffff; background-color: #ffffff;\" align=\"left\" valign=\"top\">Llegiu-vos el <a href=\"https:\/\/serveiseducatius.xtec.cat\/anoia\/prestec\/\">protocol de pr\u00e9stec<\/a><\/p>\n<p><a href=\"https:\/\/forms.gle\/jRBgP5baZU2gmYAf9\" target=\"_blank\" rel=\"noopener noreferrer\">Formulari de demanda\u00a0<\/a><\/p>\n<p><span style=\"font-family: arial, helvetica, sans-serif;\"><strong><span style=\"font-size: small;\">Calendari de reserves fetes<\/span><\/strong><\/span><\/td>\n<\/tr>\n<tr>\n<td style=\"border-color: #ffffff;\" align=\"left\" valign=\"top\"><span style=\"font-family: arial, helvetica, sans-serif; font-size: xx-small;\"><iframe loading=\"lazy\" style=\"border: 0;\" src=\"https:\/\/calendar.google.com\/calendar\/embed?src=xtec.cat_8kqfegbmnaks8jnsra7i459mrs%40group.calendar.google.com&amp;ctz=Europe%2FMadrid\" width=\"600\" height=\"400\" frameborder=\"0\" scrolling=\"no\"><\/iframe><\/span><\/td>\n<\/tr>\n<\/tbody>\n<\/table>\n<p><!--a=1--><\/p>\n","protected":false},"excerpt":{"rendered":"<p>El calendari mostra les reserves de la maleta de Prim\u00e0ria i de la de Secund\u00e0ria. Pregunteu si la que vosaltres voleu \u00e9s la resevada. Prim\u00e0ria El contingut de la maleta est\u00e0 pensat per llegir c\u00f2mics a l\u2019aula o a la biblioteca del centre. La maleta est\u00e0 feta pensant en gaudir de la lectura del c\u00f2mic. [&hellip;]<\/p>\n","protected":false},"author":1,"featured_media":0,"parent":1461,"menu_order":25,"comment_status":"closed","ping_status":"closed","template":"page-templates\/side-menu.php","meta":{"_bbp_topic_count":0,"_bbp_reply_count":0,"_bbp_total_topic_count":0,"_bbp_total_reply_count":0,"_bbp_voice_count":0,"_bbp_anonymous_reply_count":0,"_bbp_topic_count_hidden":0,"_bbp_reply_count_hidden":0,"_bbp_forum_subforum_count":0,"site-sidebar-layout":"default","site-content-layout":"","ast-site-content-layout":"","site-content-style":"default","site-sidebar-style":"default","ast-global-header-display":"","ast-banner-title-visibility":"","ast-main-header-display":"","ast-hfb-above-header-display":"","ast-hfb-below-header-display":"","ast-hfb-mobile-header-display":"","site-post-title":"","ast-breadcrumbs-content":"","ast-featured-img":"","footer-sml-layout":"","theme-transparent-header-meta":"","adv-header-id-meta":"","stick-header-meta":"","header-above-stick-meta":"","header-main-stick-meta":"","header-below-stick-meta":"","astra-migrate-meta-layouts":"default","ast-page-background-enabled":"default","ast-page-background-meta":{"desktop":{"background-color":"var(--ast-global-color-4)","background-image":"","background-repeat":"repeat","background-position":"center center","background-size":"auto","background-attachment":"scroll","background-type":"","background-media":"","overlay-type":"","overlay-color":"","overlay-opacity":"","overlay-gradient":""},"tablet":{"background-color":"","background-image":"","background-repeat":"repeat","background-position":"center center","background-size":"auto","background-attachment":"scroll","background-type":"","background-media":"","overlay-type":"","overlay-color":"","overlay-opacity":"","overlay-gradient":""},"mobile":{"background-color":"","background-image":"","background-repeat":"repeat","background-position":"center center","background-size":"auto","background-attachment":"scroll","background-type":"","background-media":"","overlay-type":"","overlay-color":"","overlay-opacity":"","overlay-gradient":""}},"ast-content-background-meta":{"desktop":{"background-color":"var(--ast-global-color-5)","background-image":"","background-repeat":"repeat","background-position":"center center","background-size":"auto","background-attachment":"scroll","background-type":"","background-media":"","overlay-type":"","overlay-color":"","overlay-opacity":"","overlay-gradient":""},"tablet":{"background-color":"var(--ast-global-color-5)","background-image":"","background-repeat":"repeat","background-position":"center center","background-size":"auto","background-attachment":"scroll","background-type":"","background-media":"","overlay-type":"","overlay-color":"","overlay-opacity":"","overlay-gradient":""},"mobile":{"background-color":"var(--ast-global-color-5)","background-image":"","background-repeat":"repeat","background-position":"center center","background-size":"auto","background-attachment":"scroll","background-type":"","background-media":"","overlay-type":"","overlay-color":"","overlay-opacity":"","overlay-gradient":""}},"footnotes":""},"class_list":["post-3252","page","type-page","status-publish","hentry"],"post_mailing_queue_ids":[],"_links":{"self":[{"href":"https:\/\/serveiseducatius.xtec.cat\/anoia\/wp-json\/wp\/v2\/pages\/3252","targetHints":{"allow":["GET"]}}],"collection":[{"href":"https:\/\/serveiseducatius.xtec.cat\/anoia\/wp-json\/wp\/v2\/pages"}],"about":[{"href":"https:\/\/serveiseducatius.xtec.cat\/anoia\/wp-json\/wp\/v2\/types\/page"}],"author":[{"embeddable":true,"href":"https:\/\/serveiseducatius.xtec.cat\/anoia\/wp-json\/wp\/v2\/users\/1"}],"replies":[{"embeddable":true,"href":"https:\/\/serveiseducatius.xtec.cat\/anoia\/wp-json\/wp\/v2\/comments?post=3252"}],"version-history":[{"count":6,"href":"https:\/\/serveiseducatius.xtec.cat\/anoia\/wp-json\/wp\/v2\/pages\/3252\/revisions"}],"predecessor-version":[{"id":11605,"href":"https:\/\/serveiseducatius.xtec.cat\/anoia\/wp-json\/wp\/v2\/pages\/3252\/revisions\/11605"}],"up":[{"embeddable":true,"href":"https:\/\/serveiseducatius.xtec.cat\/anoia\/wp-json\/wp\/v2\/pages\/1461"}],"wp:attachment":[{"href":"https:\/\/serveiseducatius.xtec.cat\/anoia\/wp-json\/wp\/v2\/media?parent=3252"}],"curies":[{"name":"wp","href":"https:\/\/api.w.org\/{rel}","templated":true}]}}