{"id":1858,"date":"2016-06-19T18:57:12","date_gmt":"2016-06-19T17:57:12","guid":{"rendered":"http:\/\/serveiseducatius.xtec.cat\/anoia\/?page_id=1858"},"modified":"2025-12-11T11:56:20","modified_gmt":"2025-12-11T10:56:20","slug":"aparells-en-prestec","status":"publish","type":"page","link":"https:\/\/serveiseducatius.xtec.cat\/anoia\/prestec\/aparells-en-prestec\/","title":{"rendered":"Aparells en pr\u00e9stec"},"content":{"rendered":"<table style=\"color: #000000; font-family: 'Times New Roman'; width: 822px; height: px;\" border=\"0\" cellspacing=\"2\" cellpadding=\"0\">\n<tbody>\n<tr style=\"height: 19px;\">\n<td class=\"text\" style=\"font-size: 10pt; font-family: Arial, Helvetica, sans-serif; border-color: #ffffff; height: 19px; width: 816px;\" colspan=\"4\">Heu d\u2019omplir el <a href=\"https:\/\/forms.gle\/8aCtjac63oTNVVgJA\" target=\"_blank\" rel=\"noopener noreferrer\">formulari<\/a>.<\/p>\n<h4><strong>Aparells en pr\u00e9stec<\/strong><strong><br \/>\n<\/strong><\/h4>\n<\/td>\n<\/tr>\n<tr style=\"border-color: #000000; height: 157px;\">\n<td class=\"text\" style=\"font-size: 10pt; font-family: Arial, Helvetica, sans-serif; border-color: #ffffff; height: 157px; background-color: #ffffff; width: 111px;\"><a href=\"http:\/\/serveiseducatius.xtec.cat\/anoia\/wp-content\/uploads\/usu765\/2016\/06\/visualitzador.jpg\" target=\"_blank\" rel=\"noopener noreferrer\"><img loading=\"lazy\" decoding=\"async\" class=\"alignnone wp-image-1870 size-medium\" src=\"http:\/\/serveiseducatius.xtec.cat\/anoia\/wp-content\/uploads\/usu765\/2016\/06\/visualitzador-201x300.jpg\" alt=\"visualitzador\" width=\"201\" height=\"300\" srcset=\"https:\/\/serveiseducatius.xtec.cat\/anoia\/wp-content\/uploads\/usu765\/2016\/06\/visualitzador-201x300.jpg 201w, https:\/\/serveiseducatius.xtec.cat\/anoia\/wp-content\/uploads\/usu765\/2016\/06\/visualitzador-686x1024.jpg 686w, https:\/\/serveiseducatius.xtec.cat\/anoia\/wp-content\/uploads\/usu765\/2016\/06\/visualitzador.jpg 800w\" sizes=\"auto, (max-width: 201px) 100vw, 201px\" \/><\/a><\/td>\n<td class=\"titol1\" style=\"font-weight: bold; font-size: 11pt; color: #669acc; font-family: Arial, Helvetica, sans-serif; border-color: #ffffff; background-color: #ffffff; height: 157px; width: 200px;\"><strong><span style=\"color: #669acc; font-family: Arial, Helvetica, sans-serif; font-size: 15px; line-height: normal;\">C\u00e0mera de documents<\/span><\/strong><\/td>\n<td class=\"text\" style=\"border-color: #ffffff; background-color: #ffffff; height: 157px; width: 501px;\" colspan=\"2\"><span style=\"font-family: arial, helvetica, sans-serif; font-size: small;\">C\u00e0mera port\u00e0til i ajustable que s&#8217;acobla directament a l\u2019ordinador o al can\u00f3 de projecci\u00f3, per mostrar p\u00e0gines impreses i objectes fr\u00e0gils o tridimensionals.<\/span><strong><span style=\"font-family: arial, helvetica, sans-serif; font-size: small;\"><a href=\"http:\/\/serveiseducatius.xtec.cat\/anoia\/wp-content\/uploads\/usu765\/2016\/08\/Manual.pdf\" target=\"_blank\" rel=\"noopener noreferrer\">Guia de l&#8217;usuari<\/a> (pdf)<br \/>\n<\/span><a href=\"http:\/\/www.avanzaeducacion.com\/index\/productos_visualizadores_epson\" target=\"_blank\" rel=\"noopener noreferrer\">+ informaci\u00f3<\/a><\/strong><\/td>\n<\/tr>\n<tr style=\"height: 129px;\">\n<td class=\"text\" style=\"font-size: 10pt; font-family: Arial, Helvetica, sans-serif; border-color: #ffffff; height: 129px; width: 111px;\"><a href=\"http:\/\/serveiseducatius.xtec.cat\/anoia\/wp-content\/uploads\/usu765\/2016\/06\/pantalla.jpg\" target=\"_blank\" rel=\"noopener noreferrer\"><img loading=\"lazy\" decoding=\"async\" class=\"alignnone wp-image-1869 size-full\" src=\"http:\/\/serveiseducatius.xtec.cat\/anoia\/wp-content\/uploads\/usu765\/2016\/06\/pantalla.jpg\" alt=\"pantalla\" width=\"205\" height=\"246\" \/><\/a><\/td>\n<td class=\"titol1\" style=\"font-weight: bold; font-size: 11pt; color: #669acc; font-family: Arial, Helvetica, sans-serif; width: 200px; border-color: #ffffff; height: 129px;\"><span style=\"color: #669acc; font-family: Arial, Helvetica, sans-serif; font-size: 15px; font-weight: bold; line-height: normal;\">Pantalla projecci\u00f3<\/span><\/td>\n<td class=\"text\" style=\"font-size: 10pt; font-family: Arial, Helvetica, sans-serif; border-color: #ffffff; height: 129px; width: 501px;\" colspan=\"2\"><span style=\"font-family: Arial, Helvetica, sans-serif; font-size: 13px; line-height: normal;\">Disposem de tres pantalles de projecci\u00f3:<\/span><\/p>\n<ul style=\"font-family: Arial, Helvetica, sans-serif; font-size: 13px; line-height: normal;\">\n<li><span style=\"font-family: arial, helvetica, sans-serif; font-size: small;\">de 150 cm d&#8217;amplada amb peu<\/span><\/li>\n<li><span style=\"font-family: arial, helvetica, sans-serif; font-size: small;\">de 180 cm d&#8217;amplada amb peu<\/span><\/li>\n<li>de 220 cm d&#8217;amplada sense peu<\/li>\n<\/ul>\n<\/td>\n<\/tr>\n<tr style=\"height: 426px;\">\n<td class=\"text\" style=\"font-size: 10pt; font-family: Arial, Helvetica, sans-serif; border-color: #ffffff; height: 426px; vertical-align: top; width: 111px;\"><a href=\"http:\/\/serveiseducatius.xtec.cat\/anoia\/wp-content\/uploads\/usu765\/2016\/06\/xtec-radio.jpg\" target=\"_blank\" rel=\"noopener noreferrer\"><img loading=\"lazy\" decoding=\"async\" class=\"alignnone wp-image-1867 size-thumbnail\" src=\"http:\/\/serveiseducatius.xtec.cat\/anoia\/wp-content\/uploads\/usu765\/2016\/06\/xtec-radio-150x150.jpg\" alt=\"xtec-radio\" width=\"150\" height=\"150\" \/><\/a><\/td>\n<td class=\"titol1\" style=\"font-weight: bold; font-size: 11pt; color: #669acc; font-family: Arial, Helvetica, sans-serif; border-color: #ffffff; vertical-align: top; height: 426px; width: 200px;\"><span style=\"color: #669acc; font-family: Arial, Helvetica, sans-serif; font-size: 15px; font-weight: bold; line-height: normal;\">XTECR\u00c0DIO<\/span><\/td>\n<td class=\"text\" style=\"font-size: 10pt; font-family: Arial, Helvetica, sans-serif; border-color: #ffffff; height: 426px; width: 501px;\" colspan=\"2\"><span style=\"font-family: Arial, Helvetica, sans-serif; font-size: 13px; line-height: normal;\">Equipament port\u00e0til i complert per fer enregistraments de programes de r\u00e0dio.\u00a0Disposa de:<\/span><\/p>\n<ul style=\"font-family: Arial, Helvetica, sans-serif; font-size: 13px; line-height: normal; list-style-type: circle;\">\n<li><span style=\"font-family: arial, helvetica, sans-serif; font-size: small;\">Taula de mescles<\/span><\/li>\n<li><span style=\"font-family: arial, helvetica, sans-serif; font-size: small;\">Endoll el\u00e8ctric de la taula de mescles<\/span><\/li>\n<li><span style=\"font-family: arial, helvetica, sans-serif; font-size: small;\">3 Caixes de micr\u00f2fons amb cable connexi\u00f3 del micr\u00f2fons amb la taula de mescles, bossa per posar el micr\u00f2fons<\/span><\/li>\n<li><span style=\"font-family: arial, helvetica, sans-serif; font-size: small;\">3 caixes amb la base dels micr\u00f2fons<\/span><\/li>\n<li><span style=\"font-family: arial, helvetica, sans-serif; font-size: small;\">1 caixa amb un connector USB<\/span><\/li>\n<li><span style=\"font-family: arial, helvetica, sans-serif; font-size: small;\">Connexi\u00f3 a l&#8217;ordinador.<\/span><\/li>\n<\/ul>\n<p><strong><span style=\"font-family: arial, helvetica, sans-serif; font-size: small;\">V\u00eddeo tutorial\u00a0<\/span><\/strong><\/p>\n<p><iframe loading=\"lazy\" src=\"https:\/\/www.youtube.com\/embed\/nC_JzePElBI?rel=0&amp;showinfo=0\" width=\"300\" height=\"169\" frameborder=\"0\"><\/iframe><\/td>\n<\/tr>\n<tr style=\"height: 98px;\">\n<td class=\"text\" style=\"font-size: 10pt; font-family: Arial, Helvetica, sans-serif; border-color: #ffffff; height: 98px; background-color: #ffffff; width: 111px;\"><img loading=\"lazy\" decoding=\"async\" class=\"alignnone wp-image-3744 size-full\" src=\"http:\/\/serveiseducatius.xtec.cat\/anoia\/wp-content\/uploads\/usu765\/2016\/06\/portatil-1.jpg\" alt=\"portatil\" width=\"295\" height=\"253\" \/><\/td>\n<td class=\"titol1\" style=\"font-weight: bold; font-size: 11pt; color: #669acc; font-family: Arial, Helvetica, sans-serif; border-color: #ffffff; background-color: #ffffff; height: 98px; width: 200px;\"><span style=\"color: #669acc; font-family: Arial, Helvetica, sans-serif; font-size: 15px; font-weight: bold; line-height: normal;\">Ordinador port\u00e0til<\/span><\/td>\n<td class=\"text\" style=\"font-size: 10pt; font-family: Arial, Helvetica, sans-serif; border-color: #ffffff; background-color: #ffffff; height: 98px; width: 501px;\" colspan=\"2\">Ordnadior port\u00e0til per complementar el can\u00f3 de projecci\u00f3<\/td>\n<\/tr>\n<tr style=\"height: 65px;\">\n<td class=\"text\" style=\"font-size: 10pt; font-family: Arial, Helvetica, sans-serif; border-color: #ffffff; height: 65px; width: 111px;\"><img loading=\"lazy\" decoding=\"async\" class=\"alignnone wp-image-3745 size-full\" src=\"http:\/\/serveiseducatius.xtec.cat\/anoia\/wp-content\/uploads\/usu765\/2016\/06\/cano.jpg\" alt=\"cano\" width=\"198\" height=\"99\" \/><\/td>\n<td class=\"titol1\" style=\"font-weight: bold; font-size: 11pt; color: #669acc; font-family: Arial, Helvetica, sans-serif; border-color: #ffffff; height: 65px; width: 200px;\"><span style=\"color: #669acc; font-family: Arial, Helvetica, sans-serif; font-size: 15px; font-weight: bold; line-height: normal;\">Can\u00f3 projecci\u00f3<\/span><\/td>\n<td class=\"text\" style=\"font-size: 10pt; font-family: Arial, Helvetica, sans-serif; border-color: #ffffff; height: 65px; width: 501px;\" colspan=\"2\"><span style=\"font-family: arial, helvetica, sans-serif; font-size: small; line-height: normal;\"><a id=\"us\"><\/a>Permet projectar en una pantalla el material elaborat des d&#8217;un ordinador, d&#8217;un aparell de v\u00eddeo, un TV&#8230;<\/span>Disposem d&#8217;un can\u00f3 amb lent gran angular que permet fer una projecci\u00f3 gran a poca dist\u00e0ncia.<\/td>\n<\/tr>\n<tr style=\"height: 111px;\">\n<td style=\"font-size: 10pt; font-family: Arial, Helvetica, sans-serif; border-color: #ffffff; width: 111px; height: 111px;\"><img loading=\"lazy\" decoding=\"async\" class=\"alignnone wp-image-6700\" src=\"https:\/\/serveiseducatius.xtec.cat\/anoia\/wp-content\/uploads\/usu765\/2018\/12\/peumicro.jpg\" alt=\"\" width=\"101\" height=\"100\" srcset=\"https:\/\/serveiseducatius.xtec.cat\/anoia\/wp-content\/uploads\/usu765\/2018\/12\/peumicro.jpg 458w, https:\/\/serveiseducatius.xtec.cat\/anoia\/wp-content\/uploads\/usu765\/2018\/12\/peumicro-150x150.jpg 150w, https:\/\/serveiseducatius.xtec.cat\/anoia\/wp-content\/uploads\/usu765\/2018\/12\/peumicro-300x300.jpg 300w\" sizes=\"auto, (max-width: 101px) 100vw, 101px\" \/><\/td>\n<td style=\"font-weight: bold; font-size: 11pt; color: #669acc; font-family: Arial, Helvetica, sans-serif; border-color: #ffffff; width: 200px; height: 111px;\"><span style=\"color: #669acc; font-family: Arial, Helvetica, sans-serif; font-size: 15px; font-weight: bold; line-height: normal;\">Peu micro girafa<\/span><\/td>\n<td style=\"font-size: 10pt; font-family: Arial, Helvetica, sans-serif; border-color: #ffffff; width: 501px; height: 111px;\" colspan=\"2\"><span style=\"font-family: arial, helvetica, sans-serif; font-size: small; line-height: normal;\">Peu de suport per a micr\u00f2fon, tipus girafa.<\/span><\/td>\n<\/tr>\n<\/tbody>\n<\/table>\n<p><!--a=1--><\/p>\n","protected":false},"excerpt":{"rendered":"<p>Heu d\u2019omplir el formulari. Aparells en pr\u00e9stec C\u00e0mera de documents C\u00e0mera port\u00e0til i ajustable que s&#8217;acobla directament a l\u2019ordinador o al can\u00f3 de projecci\u00f3, per mostrar p\u00e0gines impreses i objectes fr\u00e0gils o tridimensionals.Guia de l&#8217;usuari (pdf) + informaci\u00f3 Pantalla projecci\u00f3 Disposem de tres pantalles de projecci\u00f3: de 150 cm d&#8217;amplada amb peu de 180 cm [&hellip;]<\/p>\n","protected":false},"author":1,"featured_media":0,"parent":8331,"menu_order":0,"comment_status":"closed","ping_status":"closed","template":"","meta":{"_bbp_topic_count":0,"_bbp_reply_count":0,"_bbp_total_topic_count":0,"_bbp_total_reply_count":0,"_bbp_voice_count":0,"_bbp_anonymous_reply_count":0,"_bbp_topic_count_hidden":0,"_bbp_reply_count_hidden":0,"_bbp_forum_subforum_count":0,"site-sidebar-layout":"default","site-content-layout":"","ast-site-content-layout":"default","site-content-style":"default","site-sidebar-style":"default","ast-global-header-display":"","ast-banner-title-visibility":"","ast-main-header-display":"","ast-hfb-above-header-display":"","ast-hfb-below-header-display":"","ast-hfb-mobile-header-display":"","site-post-title":"","ast-breadcrumbs-content":"","ast-featured-img":"","footer-sml-layout":"","theme-transparent-header-meta":"","adv-header-id-meta":"","stick-header-meta":"","header-above-stick-meta":"","header-main-stick-meta":"","header-below-stick-meta":"","astra-migrate-meta-layouts":"set","ast-page-background-enabled":"default","ast-page-background-meta":{"desktop":{"background-color":"var(--ast-global-color-4)","background-image":"","background-repeat":"repeat","background-position":"center center","background-size":"auto","background-attachment":"scroll","background-type":"","background-media":"","overlay-type":"","overlay-color":"","overlay-opacity":"","overlay-gradient":""},"tablet":{"background-color":"","background-image":"","background-repeat":"repeat","background-position":"center center","background-size":"auto","background-attachment":"scroll","background-type":"","background-media":"","overlay-type":"","overlay-color":"","overlay-opacity":"","overlay-gradient":""},"mobile":{"background-color":"","background-image":"","background-repeat":"repeat","background-position":"center center","background-size":"auto","background-attachment":"scroll","background-type":"","background-media":"","overlay-type":"","overlay-color":"","overlay-opacity":"","overlay-gradient":""}},"ast-content-background-meta":{"desktop":{"background-color":"var(--ast-global-color-5)","background-image":"","background-repeat":"repeat","background-position":"center center","background-size":"auto","background-attachment":"scroll","background-type":"","background-media":"","overlay-type":"","overlay-color":"","overlay-opacity":"","overlay-gradient":""},"tablet":{"background-color":"var(--ast-global-color-5)","background-image":"","background-repeat":"repeat","background-position":"center center","background-size":"auto","background-attachment":"scroll","background-type":"","background-media":"","overlay-type":"","overlay-color":"","overlay-opacity":"","overlay-gradient":""},"mobile":{"background-color":"var(--ast-global-color-5)","background-image":"","background-repeat":"repeat","background-position":"center center","background-size":"auto","background-attachment":"scroll","background-type":"","background-media":"","overlay-type":"","overlay-color":"","overlay-opacity":"","overlay-gradient":""}},"footnotes":""},"class_list":["post-1858","page","type-page","status-publish","hentry"],"post_mailing_queue_ids":[],"_links":{"self":[{"href":"https:\/\/serveiseducatius.xtec.cat\/anoia\/wp-json\/wp\/v2\/pages\/1858","targetHints":{"allow":["GET"]}}],"collection":[{"href":"https:\/\/serveiseducatius.xtec.cat\/anoia\/wp-json\/wp\/v2\/pages"}],"about":[{"href":"https:\/\/serveiseducatius.xtec.cat\/anoia\/wp-json\/wp\/v2\/types\/page"}],"author":[{"embeddable":true,"href":"https:\/\/serveiseducatius.xtec.cat\/anoia\/wp-json\/wp\/v2\/users\/1"}],"replies":[{"embeddable":true,"href":"https:\/\/serveiseducatius.xtec.cat\/anoia\/wp-json\/wp\/v2\/comments?post=1858"}],"version-history":[{"count":6,"href":"https:\/\/serveiseducatius.xtec.cat\/anoia\/wp-json\/wp\/v2\/pages\/1858\/revisions"}],"predecessor-version":[{"id":11926,"href":"https:\/\/serveiseducatius.xtec.cat\/anoia\/wp-json\/wp\/v2\/pages\/1858\/revisions\/11926"}],"up":[{"embeddable":true,"href":"https:\/\/serveiseducatius.xtec.cat\/anoia\/wp-json\/wp\/v2\/pages\/8331"}],"wp:attachment":[{"href":"https:\/\/serveiseducatius.xtec.cat\/anoia\/wp-json\/wp\/v2\/media?parent=1858"}],"curies":[{"name":"wp","href":"https:\/\/api.w.org\/{rel}","templated":true}]}}