{"id":1408,"date":"2016-06-06T18:34:52","date_gmt":"2016-06-06T17:34:52","guid":{"rendered":"http:\/\/serveiseducatius.xtec.cat\/anoia\/?page_id=1408"},"modified":"2025-12-11T17:15:01","modified_gmt":"2025-12-11T16:15:01","slug":"mediateca","status":"publish","type":"page","link":"https:\/\/serveiseducatius.xtec.cat\/anoia\/prestec\/mediateca\/","title":{"rendered":"Mediateca: Jocs, DVDs i llibres"},"content":{"rendered":"<table style=\"width: 100.646%; border-style: hidden;\">\n<tbody>\n<tr>\n<td style=\"width: 100%;\">Per sol\u00b7licitar en pr\u00e9stec DVDs i llibres feu un correu a <a href=\"mailto:crp-anoia@xtec.cat\" target=\"_blank\" rel=\"noopener noreferrer\">crp-anoia@xtec.cat <\/a>indicant el tipus i el t\u00edtol del material, el nom i el correu xtec del docent i el nom del centre .Per sol\u00b7licitar en pr\u00e9stec els jocs matem\u00e0tics ompliu aquest <a href=\"https:\/\/forms.gle\/7VNmvJD94szvxqN69\" target=\"_blank\" rel=\"noopener noreferrer\">formulari<\/a>\u00a0des d&#8217;un usuari <em><strong>xtec<\/strong><\/em>.<a href=\"https:\/\/aplicacions.gestioeducativa.gencat.cat\/epergam\/web\/biblioteca.jsp?codi=08903082\" target=\"_blank\" rel=\"noopener noreferrer\"><img loading=\"lazy\" decoding=\"async\" class=\"alignleft\" title=\"ep\u00e8rgam CRP de l'Anoia\" src=\"https:\/\/aplicacions.gestioeducativa.gencat.cat\/epergam\/images\/epergam.gif\" alt=\"\" width=\"212\" height=\"66\" \/><\/a>L&#8217;e-pergam \u00e9s un cat\u00e0leg on trobareu els materials en pr\u00e9stec al CRP. Podeu fer una cerca pel t\u00edtol o b\u00e9 a l&#8217;apartat de mat\u00e8ria indiqueu paraules clau sobre el tema que esteu interessats<a href=\"https:\/\/xtec.gencat.cat\/ca\/projectes\/biblioteca\/epergam\/entorn-biblioteca\" target=\"_blank\" rel=\"noopener\">.<\/a><\/td>\n<\/tr>\n<\/tbody>\n<\/table>\n<table style=\"width: 100.552%; border-style: hidden;\">\n<tbody>\n<tr>\n<td style=\"width: 100%;\"><a href=\"http:\/\/merli.xtec.cat\/merli\/cerca\/directoriInicial.jsp\"><img loading=\"lazy\" decoding=\"async\" class=\"alignleft wp-image-8837\" src=\"https:\/\/serveiseducatius.xtec.cat\/anoia\/wp-content\/uploads\/usu765\/2021\/02\/Merl\u00ed-xtec-2.jpg\" alt=\"\" width=\"245\" height=\"85\" \/><\/a>Merl\u00ed \u00e9s un cat\u00e0leg de recursos educatius digitals desenvolupat pel Departament d&#8217;Educaci\u00f3 amb l&#8217;objectiu de proporcionar a la comunitat educativa un entorn de catalogaci\u00f3, indexaci\u00f3 i cerca de materials did\u00e0ctics.<\/td>\n<\/tr>\n<\/tbody>\n<\/table>\n<p><!--a=1--><\/p>\n","protected":false},"excerpt":{"rendered":"<p>Per sol\u00b7licitar en pr\u00e9stec DVDs i llibres feu un correu a crp-anoia@xtec.cat indicant el tipus i el t\u00edtol del material, el nom i el correu xtec del docent i el nom del centre .Per sol\u00b7licitar en pr\u00e9stec els jocs matem\u00e0tics ompliu aquest formulari\u00a0des d&#8217;un usuari xtec.L&#8217;e-pergam \u00e9s un cat\u00e0leg on trobareu els materials en pr\u00e9stec [&hellip;]<\/p>\n","protected":false},"author":1,"featured_media":0,"parent":8331,"menu_order":0,"comment_status":"closed","ping_status":"closed","template":"","meta":{"_bbp_topic_count":0,"_bbp_reply_count":0,"_bbp_total_topic_count":0,"_bbp_total_reply_count":0,"_bbp_voice_count":0,"_bbp_anonymous_reply_count":0,"_bbp_topic_count_hidden":0,"_bbp_reply_count_hidden":0,"_bbp_forum_subforum_count":0,"site-sidebar-layout":"default","site-content-layout":"","ast-site-content-layout":"default","site-content-style":"default","site-sidebar-style":"default","ast-global-header-display":"","ast-banner-title-visibility":"","ast-main-header-display":"","ast-hfb-above-header-display":"","ast-hfb-below-header-display":"","ast-hfb-mobile-header-display":"","site-post-title":"","ast-breadcrumbs-content":"","ast-featured-img":"","footer-sml-layout":"","theme-transparent-header-meta":"","adv-header-id-meta":"","stick-header-meta":"","header-above-stick-meta":"","header-main-stick-meta":"","header-below-stick-meta":"","astra-migrate-meta-layouts":"set","ast-page-background-enabled":"default","ast-page-background-meta":{"desktop":{"background-color":"var(--ast-global-color-4)","background-image":"","background-repeat":"repeat","background-position":"center center","background-size":"auto","background-attachment":"scroll","background-type":"","background-media":"","overlay-type":"","overlay-color":"","overlay-opacity":"","overlay-gradient":""},"tablet":{"background-color":"","background-image":"","background-repeat":"repeat","background-position":"center center","background-size":"auto","background-attachment":"scroll","background-type":"","background-media":"","overlay-type":"","overlay-color":"","overlay-opacity":"","overlay-gradient":""},"mobile":{"background-color":"","background-image":"","background-repeat":"repeat","background-position":"center center","background-size":"auto","background-attachment":"scroll","background-type":"","background-media":"","overlay-type":"","overlay-color":"","overlay-opacity":"","overlay-gradient":""}},"ast-content-background-meta":{"desktop":{"background-color":"var(--ast-global-color-5)","background-image":"","background-repeat":"repeat","background-position":"center center","background-size":"auto","background-attachment":"scroll","background-type":"","background-media":"","overlay-type":"","overlay-color":"","overlay-opacity":"","overlay-gradient":""},"tablet":{"background-color":"var(--ast-global-color-5)","background-image":"","background-repeat":"repeat","background-position":"center center","background-size":"auto","background-attachment":"scroll","background-type":"","background-media":"","overlay-type":"","overlay-color":"","overlay-opacity":"","overlay-gradient":""},"mobile":{"background-color":"var(--ast-global-color-5)","background-image":"","background-repeat":"repeat","background-position":"center center","background-size":"auto","background-attachment":"scroll","background-type":"","background-media":"","overlay-type":"","overlay-color":"","overlay-opacity":"","overlay-gradient":""}},"footnotes":""},"class_list":["post-1408","page","type-page","status-publish","hentry"],"post_mailing_queue_ids":[],"_links":{"self":[{"href":"https:\/\/serveiseducatius.xtec.cat\/anoia\/wp-json\/wp\/v2\/pages\/1408","targetHints":{"allow":["GET"]}}],"collection":[{"href":"https:\/\/serveiseducatius.xtec.cat\/anoia\/wp-json\/wp\/v2\/pages"}],"about":[{"href":"https:\/\/serveiseducatius.xtec.cat\/anoia\/wp-json\/wp\/v2\/types\/page"}],"author":[{"embeddable":true,"href":"https:\/\/serveiseducatius.xtec.cat\/anoia\/wp-json\/wp\/v2\/users\/1"}],"replies":[{"embeddable":true,"href":"https:\/\/serveiseducatius.xtec.cat\/anoia\/wp-json\/wp\/v2\/comments?post=1408"}],"version-history":[{"count":6,"href":"https:\/\/serveiseducatius.xtec.cat\/anoia\/wp-json\/wp\/v2\/pages\/1408\/revisions"}],"predecessor-version":[{"id":12048,"href":"https:\/\/serveiseducatius.xtec.cat\/anoia\/wp-json\/wp\/v2\/pages\/1408\/revisions\/12048"}],"up":[{"embeddable":true,"href":"https:\/\/serveiseducatius.xtec.cat\/anoia\/wp-json\/wp\/v2\/pages\/8331"}],"wp:attachment":[{"href":"https:\/\/serveiseducatius.xtec.cat\/anoia\/wp-json\/wp\/v2\/media?parent=1408"}],"curies":[{"name":"wp","href":"https:\/\/api.w.org\/{rel}","templated":true}]}}