{"id":1382,"date":"2016-06-05T09:11:50","date_gmt":"2016-06-05T08:11:50","guid":{"rendered":"http:\/\/serveiseducatius.xtec.cat\/anoia\/?page_id=1382"},"modified":"2026-04-08T12:10:00","modified_gmt":"2026-04-08T10:10:00","slug":"crp","status":"publish","type":"page","link":"https:\/\/serveiseducatius.xtec.cat\/anoia\/el-servei-educatiu\/crp\/","title":{"rendered":"CRP"},"content":{"rendered":"\n<p class=\"has-white-color has-ast-global-color-1-background-color has-text-color has-background has-link-color wp-elements-8e94f7e8baf73ac6f05ecce1b28a71e3\">El&nbsp;<strong>C<\/strong>entre de&nbsp;<strong>R<\/strong>ecursos&nbsp;<strong>P<\/strong>edag\u00f2gics (<strong>CRP<\/strong>) \u00e9s un equip de dinamitzaci\u00f3 i assessorament dels professionals i centres educatius per a la millora i transformaci\u00f3 educativa.<\/p>\n\n\n\n<div class=\"wp-block-columns is-layout-flex wp-container-core-columns-is-layout-1 wp-block-columns-is-layout-flex\">\n<div class=\"wp-block-column is-layout-flow wp-block-column-is-layout-flow\">\n<p class=\"has-medium-font-size\">Contacte<\/p>\n\n\n\n<p class=\"has-medium-font-size\"><strong> crp-anoia@xtec.cat <\/strong><\/p>\n\n\n\n<p class=\"has-medium-font-size\"><strong>93 804 04 53<\/strong><\/p>\n<\/div>\n<\/div>\n\n\n\n<div class=\"wp-block-columns is-layout-flex wp-container-core-columns-is-layout-2 wp-block-columns-is-layout-flex\">\n<div class=\"wp-block-column is-layout-flow wp-block-column-is-layout-flow\">\n<p class=\"has-medium-font-size\"><strong>Mireia Rivera<\/strong><\/p>\n\n\n\n<p>Direcci\u00f3 CRP<\/p>\n\n\n\n<p>Extensi\u00f3#2561<\/p>\n<\/div>\n\n\n\n<div class=\"wp-block-column is-layout-flow wp-block-column-is-layout-flow\">\n<p class=\"has-medium-font-size\"><strong>Dani Beltran<\/strong><\/p>\n\n\n\n<p>T\u00e8cnic docent<\/p>\n\n\n\n<p>Extensi\u00f3 #2562<\/p>\n<\/div>\n\n\n\n<div class=\"wp-block-column is-layout-flow wp-block-column-is-layout-flow\">\n<p class=\"has-medium-font-size\"><strong>Anna Casals<\/strong><\/p>\n\n\n\n<p>T\u00e8cnica docent<\/p>\n\n\n\n<p>Extensi\u00f3 #2563<\/p>\n<\/div>\n\n\n\n<div class=\"wp-block-column is-layout-flow wp-block-column-is-layout-flow\">\n<p><strong>Xesca Vela<\/strong><\/p>\n\n\n\n<p>T\u00e8cnica docent<\/p>\n\n\n\n<p>Extensi\u00f3 #2564<\/p>\n<\/div>\n<\/div>\n\n\n\n<div class=\"wp-block-columns is-layout-flex wp-container-core-columns-is-layout-3 wp-block-columns-is-layout-flex\">\n<div class=\"wp-block-column is-layout-flow wp-block-column-is-layout-flow\">\n<p class=\"has-medium-font-size\"><strong>N\u00faria Fern\u00e0ndez<\/strong><\/p>\n\n\n\n<p>Educadora Social <\/p>\n\n\n\n<p>Personal adscrit al CRP<\/p>\n\n\n\n<p>677720108<\/p>\n<\/div>\n<\/div>\n\n\n\n<p><\/p>\n\n\n<p>Punts clau del Pla de comunicaci\u00f3 del CRP de l&#8217;Anoia<a href=\"https:\/\/view.genial.ly\/63ebb012710d1c0018e08719\">.<\/a><\/p>\n<div style=\"width: 69%;\">\n<div style=\"position: relative; padding-bottom: 56.25%; padding-top: 0; height: 0;\"><iframe loading=\"lazy\" style=\"position: absolute; top: 0; left: 0; width: 100%; height: 100%;\" title=\"Pla de comunicaci\u00f3\" src=\"https:\/\/view.genial.ly\/6479aae6cd291200116d02f8\" width=\"1200\" height=\"675\" frameborder=\"0\" scrolling=\"yes\" allowfullscreen=\"allowfullscreen\"><\/iframe><\/div>\n<p>Us deixem tamb\u00e9 el contacte dels professionals de l&#8217;equip.<\/p>\n<\/div>\n<div style=\"width: 69%;\">\n<div style=\"position: relative; padding-bottom: 75%; padding-top: 0; height: 0;\">\n<div style=\"width: 100%;\">\n<div style=\"position: relative; padding-bottom: 75%; padding-top: 0; height: 0;\">\u00a0<\/div>\n<\/div>\n<\/div>\n<\/div>","protected":false},"excerpt":{"rendered":"<p>El&nbsp;Centre de&nbsp;Recursos&nbsp;Pedag\u00f2gics (CRP) \u00e9s un equip de dinamitzaci\u00f3 i assessorament dels professionals i centres educatius per a la millora i transformaci\u00f3 educativa. Contacte crp-anoia@xtec.cat 93 804 04 53 Mireia Rivera Direcci\u00f3 CRP Extensi\u00f3#2561 Dani Beltran T\u00e8cnic docent Extensi\u00f3 #2562 Anna Casals T\u00e8cnica docent Extensi\u00f3 #2563 Xesca Vela T\u00e8cnica docent Extensi\u00f3 #2564 N\u00faria Fern\u00e0ndez Educadora Social [&hellip;]<\/p>\n","protected":false},"author":1,"featured_media":0,"parent":806,"menu_order":6,"comment_status":"closed","ping_status":"closed","template":"page-templates\/side-menu.php","meta":{"_bbp_topic_count":0,"_bbp_reply_count":0,"_bbp_total_topic_count":0,"_bbp_total_reply_count":0,"_bbp_voice_count":0,"_bbp_anonymous_reply_count":0,"_bbp_topic_count_hidden":0,"_bbp_reply_count_hidden":0,"_bbp_forum_subforum_count":0,"site-sidebar-layout":"default","site-content-layout":"","ast-site-content-layout":"default","site-content-style":"default","site-sidebar-style":"default","ast-global-header-display":"","ast-banner-title-visibility":"","ast-main-header-display":"","ast-hfb-above-header-display":"","ast-hfb-below-header-display":"","ast-hfb-mobile-header-display":"","site-post-title":"","ast-breadcrumbs-content":"","ast-featured-img":"","footer-sml-layout":"","theme-transparent-header-meta":"","adv-header-id-meta":"","stick-header-meta":"","header-above-stick-meta":"","header-main-stick-meta":"","header-below-stick-meta":"","astra-migrate-meta-layouts":"set","ast-page-background-enabled":"default","ast-page-background-meta":{"desktop":{"background-color":"var(--ast-global-color-4)","background-image":"","background-repeat":"repeat","background-position":"center center","background-size":"auto","background-attachment":"scroll","background-type":"","background-media":"","overlay-type":"","overlay-color":"","overlay-opacity":"","overlay-gradient":""},"tablet":{"background-color":"","background-image":"","background-repeat":"repeat","background-position":"center center","background-size":"auto","background-attachment":"scroll","background-type":"","background-media":"","overlay-type":"","overlay-color":"","overlay-opacity":"","overlay-gradient":""},"mobile":{"background-color":"","background-image":"","background-repeat":"repeat","background-position":"center center","background-size":"auto","background-attachment":"scroll","background-type":"","background-media":"","overlay-type":"","overlay-color":"","overlay-opacity":"","overlay-gradient":""}},"ast-content-background-meta":{"desktop":{"background-color":"var(--ast-global-color-5)","background-image":"","background-repeat":"repeat","background-position":"center center","background-size":"auto","background-attachment":"scroll","background-type":"","background-media":"","overlay-type":"","overlay-color":"","overlay-opacity":"","overlay-gradient":""},"tablet":{"background-color":"var(--ast-global-color-5)","background-image":"","background-repeat":"repeat","background-position":"center center","background-size":"auto","background-attachment":"scroll","background-type":"","background-media":"","overlay-type":"","overlay-color":"","overlay-opacity":"","overlay-gradient":""},"mobile":{"background-color":"var(--ast-global-color-5)","background-image":"","background-repeat":"repeat","background-position":"center center","background-size":"auto","background-attachment":"scroll","background-type":"","background-media":"","overlay-type":"","overlay-color":"","overlay-opacity":"","overlay-gradient":""}},"footnotes":""},"class_list":["post-1382","page","type-page","status-publish","hentry"],"post_mailing_queue_ids":[],"_links":{"self":[{"href":"https:\/\/serveiseducatius.xtec.cat\/anoia\/wp-json\/wp\/v2\/pages\/1382","targetHints":{"allow":["GET"]}}],"collection":[{"href":"https:\/\/serveiseducatius.xtec.cat\/anoia\/wp-json\/wp\/v2\/pages"}],"about":[{"href":"https:\/\/serveiseducatius.xtec.cat\/anoia\/wp-json\/wp\/v2\/types\/page"}],"author":[{"embeddable":true,"href":"https:\/\/serveiseducatius.xtec.cat\/anoia\/wp-json\/wp\/v2\/users\/1"}],"replies":[{"embeddable":true,"href":"https:\/\/serveiseducatius.xtec.cat\/anoia\/wp-json\/wp\/v2\/comments?post=1382"}],"version-history":[{"count":6,"href":"https:\/\/serveiseducatius.xtec.cat\/anoia\/wp-json\/wp\/v2\/pages\/1382\/revisions"}],"predecessor-version":[{"id":12336,"href":"https:\/\/serveiseducatius.xtec.cat\/anoia\/wp-json\/wp\/v2\/pages\/1382\/revisions\/12336"}],"up":[{"embeddable":true,"href":"https:\/\/serveiseducatius.xtec.cat\/anoia\/wp-json\/wp\/v2\/pages\/806"}],"wp:attachment":[{"href":"https:\/\/serveiseducatius.xtec.cat\/anoia\/wp-json\/wp\/v2\/media?parent=1382"}],"curies":[{"name":"wp","href":"https:\/\/api.w.org\/{rel}","templated":true}]}}