{"id":1338,"date":"2016-06-04T20:26:25","date_gmt":"2016-06-04T19:26:25","guid":{"rendered":"http:\/\/serveiseducatius.xtec.cat\/anoia\/?page_id=1338"},"modified":"2025-12-12T13:33:07","modified_gmt":"2025-12-12T12:33:07","slug":"qui-som","status":"publish","type":"page","link":"https:\/\/serveiseducatius.xtec.cat\/anoia\/el-servei-educatiu\/qui-som\/","title":{"rendered":"Qui som, qu\u00e8 fem i qu\u00e8 oferim"},"content":{"rendered":"<p><span class=\"titolbalufort\">El\u00a0<span style=\"color: #0000ff;\"><strong>S<\/strong><\/span><\/span><strong>ervei\u00a0<\/strong><strong><span class=\"titolbalufort\" style=\"color: #0000ff;\">E<\/span>ducatiu\u00a0<\/strong><strong>de<\/strong>\u00a0l\u2019<strong><span class=\"titolbalufort\" style=\"color: #0000ff;\">A<\/span>noia<\/strong>\u00a0(<span class=\"titolbalufort\">SEA<\/span>) del Departament d&#8217;Educaci\u00f3 ofereix atenci\u00f3 i recursos als centres educatius, al professorat, a l&#8217;alumnat i les fam\u00edlies.<\/p>\n<table style=\"border-color: #ffffff; width: 96.4748%; height: 200px;\" border=\"1\">\n<caption>\u00a0<\/caption>\n<tbody>\n<tr>\n<td style=\"border-color: #ffffff; width: 62.6316%;\">Els professionals del\u00a0SEA\u00a0\u00a0coordinen les seves actuacions amb l&#8217;objectiu de millorar l&#8217;atenci\u00f3 al professorat, alumnes i fam\u00edlies.Est\u00e0 format pels seg\u00fcents serveis, que treballen de forma integrada a la comarca de l\u2019Anoia:<\/p>\n<ul>\n<li><strong>CREDA<\/strong>:\u00a0Centre de\u00a0Recursos\u00a0Educatius per a\u00a0Deficients\u00a0Auditius<\/li>\n<li><strong>CRP<\/strong>:\u00a0Centre de\u00a0Recursos\u00a0Pedag\u00f2gics<\/li>\n<li><strong>EAP<\/strong>:\u00a0Equip d\u2019Assessorament\u00a0Psicopedag\u00f2gic<\/li>\n<li><strong>ELIC:<\/strong>\u00a0Equip suport i assessorament en\u00a0Llengua,\u00a0Interculturalitat i\u00a0Cohesi\u00f3 Social.<\/li>\n<\/ul>\n<\/td>\n<\/tr>\n<\/tbody>\n<\/table>\n<table style=\"width: 106.333%; border-collapse: collapse; border-style: hidden;\">\n<tbody>\n<tr style=\"border-style: hidden;\">\n<td style=\"width: 24.3413%; border-style: hidden;\"><\/td>\n<td style=\"width: 47.9815%; border-style: hidden;\"><a href=\"http:\/\/serveiseducatius.xtec.cat\/anoia\/el-servei-educatiu\/qui-som\/\"><img loading=\"lazy\" decoding=\"async\" class=\"alignleft wp-image-1336\" title=\"Servei Educatiu de l'Anoia\" src=\"http:\/\/serveiseducatius.xtec.cat\/anoia\/wp-content\/uploads\/usu765\/2016\/06\/serveis.gif\" alt=\"Servei Educatiu de l'Anoia\" width=\"75\" height=\"75\" \/><\/a><a href=\"http:\/\/serveiseducatius.xtec.cat\/anoia\/el-servei-educatiu\/creda\/\"><img loading=\"lazy\" decoding=\"async\" class=\"alignleft wp-image-1352\" title=\"CREDA\" src=\"http:\/\/serveiseducatius.xtec.cat\/anoia\/wp-content\/uploads\/usu765\/2016\/06\/CREDA.gif\" alt=\"CREDA\" width=\"75\" height=\"75\" \/><\/a>\u00a0<a href=\"http:\/\/serveiseducatius.xtec.cat\/anoia\/el-servei-educatiu\/crp\/\"><img loading=\"lazy\" decoding=\"async\" class=\"alignleft wp-image-1351\" title=\"CRP\" src=\"http:\/\/serveiseducatius.xtec.cat\/anoia\/wp-content\/uploads\/usu765\/2016\/06\/CRP.gif\" alt=\"CRP\" width=\"75\" height=\"75\" \/><\/a>\u00a0<a href=\"https:\/\/serveiseducatius.xtec.cat\/anoia\/el-servei-educatiu\/eap-2\/\"><img loading=\"lazy\" decoding=\"async\" class=\"alignleft wp-image-1350\" title=\"EAP\" src=\"http:\/\/serveiseducatius.xtec.cat\/anoia\/wp-content\/uploads\/usu765\/2016\/06\/EAP.gif\" alt=\"EAP\" width=\"75\" height=\"75\" \/><\/a>\u00a0<a href=\"https:\/\/serveiseducatius.xtec.cat\/anoia\/el-servei-educatiu\/elic\/\" rel=\"noopener\"><img loading=\"lazy\" decoding=\"async\" class=\"alignleft wp-image-1349\" title=\"ELIC\" src=\"http:\/\/serveiseducatius.xtec.cat\/anoia\/wp-content\/uploads\/usu765\/2016\/06\/ELIC.gif\" alt=\"ELIC\" width=\"75\" height=\"75\" \/><\/a><\/td>\n<td style=\"width: 33.9133%; border-style: hidden;\"><\/td>\n<\/tr>\n<\/tbody>\n<\/table>\n<p><img loading=\"lazy\" decoding=\"async\" class=\"wp-image-1359 size-full aligncenter\" title=\"Organigrama del Servei Educatiu de l'Anoia\" src=\"http:\/\/serveiseducatius.xtec.cat\/anoia\/wp-content\/uploads\/usu765\/2016\/06\/organigrama.jpg\" alt=\"organigrama\" width=\"535\" height=\"285\" srcset=\"https:\/\/serveiseducatius.xtec.cat\/anoia\/wp-content\/uploads\/usu765\/2016\/06\/organigrama.jpg 535w, https:\/\/serveiseducatius.xtec.cat\/anoia\/wp-content\/uploads\/usu765\/2016\/06\/organigrama-300x160.jpg 300w\" sizes=\"auto, (max-width: 535px) 100vw, 535px\" \/><\/p>\n","protected":false},"excerpt":{"rendered":"<p>El\u00a0Servei\u00a0Educatiu\u00a0de\u00a0l\u2019Anoia\u00a0(SEA) del Departament d&#8217;Educaci\u00f3 ofereix atenci\u00f3 i recursos als centres educatius, al professorat, a l&#8217;alumnat i les fam\u00edlies. \u00a0 Els professionals del\u00a0SEA\u00a0\u00a0coordinen les seves actuacions amb l&#8217;objectiu de millorar l&#8217;atenci\u00f3 al professorat, alumnes i fam\u00edlies.Est\u00e0 format pels seg\u00fcents serveis, que treballen de forma integrada a la comarca de l\u2019Anoia: CREDA:\u00a0Centre de\u00a0Recursos\u00a0Educatius per a\u00a0Deficients\u00a0Auditius CRP:\u00a0Centre de\u00a0Recursos\u00a0Pedag\u00f2gics [&hellip;]<\/p>\n","protected":false},"author":1,"featured_media":0,"parent":806,"menu_order":1,"comment_status":"closed","ping_status":"closed","template":"page-templates\/side-menu.php","meta":{"_bbp_topic_count":0,"_bbp_reply_count":0,"_bbp_total_topic_count":0,"_bbp_total_reply_count":0,"_bbp_voice_count":0,"_bbp_anonymous_reply_count":0,"_bbp_topic_count_hidden":0,"_bbp_reply_count_hidden":0,"_bbp_forum_subforum_count":0,"site-sidebar-layout":"default","site-content-layout":"","ast-site-content-layout":"default","site-content-style":"default","site-sidebar-style":"default","ast-global-header-display":"","ast-banner-title-visibility":"","ast-main-header-display":"","ast-hfb-above-header-display":"","ast-hfb-below-header-display":"","ast-hfb-mobile-header-display":"","site-post-title":"","ast-breadcrumbs-content":"","ast-featured-img":"","footer-sml-layout":"","theme-transparent-header-meta":"","adv-header-id-meta":"","stick-header-meta":"","header-above-stick-meta":"","header-main-stick-meta":"","header-below-stick-meta":"","astra-migrate-meta-layouts":"set","ast-page-background-enabled":"default","ast-page-background-meta":{"desktop":{"background-color":"var(--ast-global-color-4)","background-image":"","background-repeat":"repeat","background-position":"center center","background-size":"auto","background-attachment":"scroll","background-type":"","background-media":"","overlay-type":"","overlay-color":"","overlay-opacity":"","overlay-gradient":""},"tablet":{"background-color":"","background-image":"","background-repeat":"repeat","background-position":"center center","background-size":"auto","background-attachment":"scroll","background-type":"","background-media":"","overlay-type":"","overlay-color":"","overlay-opacity":"","overlay-gradient":""},"mobile":{"background-color":"","background-image":"","background-repeat":"repeat","background-position":"center center","background-size":"auto","background-attachment":"scroll","background-type":"","background-media":"","overlay-type":"","overlay-color":"","overlay-opacity":"","overlay-gradient":""}},"ast-content-background-meta":{"desktop":{"background-color":"var(--ast-global-color-5)","background-image":"","background-repeat":"repeat","background-position":"center center","background-size":"auto","background-attachment":"scroll","background-type":"","background-media":"","overlay-type":"","overlay-color":"","overlay-opacity":"","overlay-gradient":""},"tablet":{"background-color":"var(--ast-global-color-5)","background-image":"","background-repeat":"repeat","background-position":"center center","background-size":"auto","background-attachment":"scroll","background-type":"","background-media":"","overlay-type":"","overlay-color":"","overlay-opacity":"","overlay-gradient":""},"mobile":{"background-color":"var(--ast-global-color-5)","background-image":"","background-repeat":"repeat","background-position":"center center","background-size":"auto","background-attachment":"scroll","background-type":"","background-media":"","overlay-type":"","overlay-color":"","overlay-opacity":"","overlay-gradient":""}},"footnotes":""},"class_list":["post-1338","page","type-page","status-publish","hentry"],"post_mailing_queue_ids":[],"_links":{"self":[{"href":"https:\/\/serveiseducatius.xtec.cat\/anoia\/wp-json\/wp\/v2\/pages\/1338","targetHints":{"allow":["GET"]}}],"collection":[{"href":"https:\/\/serveiseducatius.xtec.cat\/anoia\/wp-json\/wp\/v2\/pages"}],"about":[{"href":"https:\/\/serveiseducatius.xtec.cat\/anoia\/wp-json\/wp\/v2\/types\/page"}],"author":[{"embeddable":true,"href":"https:\/\/serveiseducatius.xtec.cat\/anoia\/wp-json\/wp\/v2\/users\/1"}],"replies":[{"embeddable":true,"href":"https:\/\/serveiseducatius.xtec.cat\/anoia\/wp-json\/wp\/v2\/comments?post=1338"}],"version-history":[{"count":6,"href":"https:\/\/serveiseducatius.xtec.cat\/anoia\/wp-json\/wp\/v2\/pages\/1338\/revisions"}],"predecessor-version":[{"id":12091,"href":"https:\/\/serveiseducatius.xtec.cat\/anoia\/wp-json\/wp\/v2\/pages\/1338\/revisions\/12091"}],"up":[{"embeddable":true,"href":"https:\/\/serveiseducatius.xtec.cat\/anoia\/wp-json\/wp\/v2\/pages\/806"}],"wp:attachment":[{"href":"https:\/\/serveiseducatius.xtec.cat\/anoia\/wp-json\/wp\/v2\/media?parent=1338"}],"curies":[{"name":"wp","href":"https:\/\/api.w.org\/{rel}","templated":true}]}}