{"id":572,"date":"2015-11-26T21:44:54","date_gmt":"2015-11-26T20:44:54","guid":{"rendered":"http:\/\/serveiseducatius.xtec.cat\/se-alturgell\/?page_id=572"},"modified":"2022-09-22T09:49:33","modified_gmt":"2022-09-22T07:49:33","slug":"formacio-interna-fic","status":"publish","type":"page","link":"https:\/\/serveiseducatius.xtec.cat\/alturgell\/formacio\/formacio-interna-fic\/","title":{"rendered":"Formaci\u00f3 interna de centre (FIC)"},"content":{"rendered":"<p><a href=\"http:\/\/serveiseducatius.xtec.cat\/se-alturgell\/wp-content\/uploads\/usu770\/2015\/11\/fic1.png\"><img loading=\"lazy\" decoding=\"async\" class=\" wp-image-574 alignleft\" src=\"http:\/\/serveiseducatius.xtec.cat\/se-alturgell\/wp-content\/uploads\/usu770\/2015\/11\/fic1.png\" alt=\"fic\" width=\"76\" height=\"72\" \/><\/a>Modalitat formativa que t\u00e9 lloc dins de cada\u00a0centre educatiu, i s\u2019adre\u00e7a a la majoria del\u00a0claustre o a un col\u00b7lectiu d\u2019un centre.<\/p>\n<ul>\n<li>\u00c9s liderat i dinamitzat per un equip de coordinaci\u00f3 format per docents del centre entre les quals almenys una \u00e9s de l\u2019equip directiu. No hi ha un formador extern.<\/li>\n<li>T\u00e9 una durada de 30 hores, de les quals 20 han de ser de treball conjunt i 10 s&#8217;han de dedicar a treball individual o en grups redu\u00efts.<\/li>\n<\/ul>\n<p>En el <span style=\"text-decoration: underline;\"><a href=\"https:\/\/drive.google.com\/drive\/folders\/1v3MLgQdh6zxKMGSZxd4vcFauoFPSnbmf\">document seg\u00fcent<\/a><\/span> podeu consultar totes les caracter\u00edstiques d&#8217;aquesta tipologia formativa.<\/p>\n<p><a href=\"https:\/\/drive.google.com\/drive\/folders\/1v3MLgQdh6zxKMGSZxd4vcFauoFPSnbmf\"><img loading=\"lazy\" decoding=\"async\" class=\"alignnone wp-image-14342 size-full\" src=\"https:\/\/serveiseducatius.xtec.cat\/alturgell\/wp-content\/uploads\/usu770\/2022\/09\/FIC-22-23-2.png\" alt=\"\" width=\"1077\" height=\"674\" srcset=\"https:\/\/serveiseducatius.xtec.cat\/alturgell\/wp-content\/uploads\/usu770\/2022\/09\/FIC-22-23-2.png 1077w, https:\/\/serveiseducatius.xtec.cat\/alturgell\/wp-content\/uploads\/usu770\/2022\/09\/FIC-22-23-2-300x188.png 300w, https:\/\/serveiseducatius.xtec.cat\/alturgell\/wp-content\/uploads\/usu770\/2022\/09\/FIC-22-23-2-1024x641.png 1024w, https:\/\/serveiseducatius.xtec.cat\/alturgell\/wp-content\/uploads\/usu770\/2022\/09\/FIC-22-23-2-768x481.png 768w\" sizes=\"auto, (max-width: 1077px) 100vw, 1077px\" \/><\/a><\/p>\n<p><a href=\"http:\/\/ateneu.xtec.cat\/wikiform\/wikiexport\/fic_orientacio\/fic_segui\/index\"><span style=\"text-decoration: underline;\">Orientacions per al suport i el seguiment de la FIC<\/span><\/a><\/p>\n<p><a href=\"http:\/\/ateneu.xtec.cat\/wikiform\/wikiexport\/fic\/dir\/index\"><span style=\"text-decoration: underline;\">Materials sobre les FIC a l&#8217;Ateneu<\/span><\/a><\/p>\n<p>Si voleu engegar una formaci\u00f3 interna al vostre centre, poseu-vos en contacte amb nosaltres.<\/p>\n<p>&nbsp;<\/p>\n","protected":false},"excerpt":{"rendered":"<p>Modalitat formativa que t\u00e9 lloc dins de cada\u00a0centre educatiu, i s\u2019adre\u00e7a a la majoria del\u00a0claustre o a un col\u00b7lectiu d\u2019un centre. \u00c9s liderat i dinamitzat per un equip de coordinaci\u00f3 format per docents del centre entre les quals almenys una \u00e9s de l\u2019equip directiu. No hi ha un formador extern. T\u00e9 una durada de 30 [&hellip;]<\/p>\n","protected":false},"author":1,"featured_media":0,"parent":416,"menu_order":15,"comment_status":"closed","ping_status":"closed","template":"page-templates\/side-menu.php","meta":{"_bbp_topic_count":0,"_bbp_reply_count":0,"_bbp_total_topic_count":0,"_bbp_total_reply_count":0,"_bbp_voice_count":0,"_bbp_anonymous_reply_count":0,"_bbp_topic_count_hidden":0,"_bbp_reply_count_hidden":0,"_bbp_forum_subforum_count":0,"site-sidebar-layout":"default","site-content-layout":"","ast-site-content-layout":"","site-content-style":"default","site-sidebar-style":"default","ast-global-header-display":"","ast-banner-title-visibility":"","ast-main-header-display":"","ast-hfb-above-header-display":"","ast-hfb-below-header-display":"","ast-hfb-mobile-header-display":"","site-post-title":"","ast-breadcrumbs-content":"","ast-featured-img":"","footer-sml-layout":"","theme-transparent-header-meta":"","adv-header-id-meta":"","stick-header-meta":"","header-above-stick-meta":"","header-main-stick-meta":"","header-below-stick-meta":"","astra-migrate-meta-layouts":"default","ast-page-background-enabled":"default","ast-page-background-meta":{"desktop":{"background-color":"var(--ast-global-color-4)","background-image":"","background-repeat":"repeat","background-position":"center center","background-size":"auto","background-attachment":"scroll","background-type":"","background-media":"","overlay-type":"","overlay-color":"","overlay-opacity":"","overlay-gradient":""},"tablet":{"background-color":"","background-image":"","background-repeat":"repeat","background-position":"center center","background-size":"auto","background-attachment":"scroll","background-type":"","background-media":"","overlay-type":"","overlay-color":"","overlay-opacity":"","overlay-gradient":""},"mobile":{"background-color":"","background-image":"","background-repeat":"repeat","background-position":"center center","background-size":"auto","background-attachment":"scroll","background-type":"","background-media":"","overlay-type":"","overlay-color":"","overlay-opacity":"","overlay-gradient":""}},"ast-content-background-meta":{"desktop":{"background-color":"var(--ast-global-color-5)","background-image":"","background-repeat":"repeat","background-position":"center center","background-size":"auto","background-attachment":"scroll","background-type":"","background-media":"","overlay-type":"","overlay-color":"","overlay-opacity":"","overlay-gradient":""},"tablet":{"background-color":"var(--ast-global-color-5)","background-image":"","background-repeat":"repeat","background-position":"center center","background-size":"auto","background-attachment":"scroll","background-type":"","background-media":"","overlay-type":"","overlay-color":"","overlay-opacity":"","overlay-gradient":""},"mobile":{"background-color":"var(--ast-global-color-5)","background-image":"","background-repeat":"repeat","background-position":"center center","background-size":"auto","background-attachment":"scroll","background-type":"","background-media":"","overlay-type":"","overlay-color":"","overlay-opacity":"","overlay-gradient":""}},"footnotes":""},"class_list":["post-572","page","type-page","status-publish","hentry"],"post_mailing_queue_ids":[],"_links":{"self":[{"href":"https:\/\/serveiseducatius.xtec.cat\/alturgell\/wp-json\/wp\/v2\/pages\/572","targetHints":{"allow":["GET"]}}],"collection":[{"href":"https:\/\/serveiseducatius.xtec.cat\/alturgell\/wp-json\/wp\/v2\/pages"}],"about":[{"href":"https:\/\/serveiseducatius.xtec.cat\/alturgell\/wp-json\/wp\/v2\/types\/page"}],"author":[{"embeddable":true,"href":"https:\/\/serveiseducatius.xtec.cat\/alturgell\/wp-json\/wp\/v2\/users\/1"}],"replies":[{"embeddable":true,"href":"https:\/\/serveiseducatius.xtec.cat\/alturgell\/wp-json\/wp\/v2\/comments?post=572"}],"version-history":[{"count":3,"href":"https:\/\/serveiseducatius.xtec.cat\/alturgell\/wp-json\/wp\/v2\/pages\/572\/revisions"}],"predecessor-version":[{"id":14343,"href":"https:\/\/serveiseducatius.xtec.cat\/alturgell\/wp-json\/wp\/v2\/pages\/572\/revisions\/14343"}],"up":[{"embeddable":true,"href":"https:\/\/serveiseducatius.xtec.cat\/alturgell\/wp-json\/wp\/v2\/pages\/416"}],"wp:attachment":[{"href":"https:\/\/serveiseducatius.xtec.cat\/alturgell\/wp-json\/wp\/v2\/media?parent=572"}],"curies":[{"name":"wp","href":"https:\/\/api.w.org\/{rel}","templated":true}]}}