{"id":548,"date":"2015-11-26T18:10:47","date_gmt":"2015-11-26T17:10:47","guid":{"rendered":"http:\/\/serveiseducatius.xtec.cat\/se-alturgell\/?page_id=548"},"modified":"2025-10-16T10:24:34","modified_gmt":"2025-10-16T08:24:34","slug":"zona-formadors","status":"publish","type":"page","link":"https:\/\/serveiseducatius.xtec.cat\/alturgell\/formacio\/zona-formadors\/","title":{"rendered":"Zona formadors"},"content":{"rendered":"<p>Si sou formadors\/es i teniu usuari xtec, accediu al\u00a0<span style=\"text-decoration: underline;\"><a href=\"https:\/\/aplicacions.gestioeducativa.gencat.cat\/pls\/gtaf\/inici\"><strong>GTAF<\/strong><\/a><\/span>\u00a0per gestionar les activitats (<span style=\"font-family: inherit; font-size: 1em;\">usuari i contrasenya xtec). Entreu a l&#8217;apartat\u00a0<\/span><strong style=\"font-family: inherit; font-size: 1em;\"><em>Formadors\/es, col\u00b7laboradors, suport\u00a0<\/em><\/strong><span style=\"font-family: inherit; font-size: 1em;\">i a l&#8217;activitat concreta dins l&#8217;apartat\u00a0<\/span><em style=\"font-family: inherit; font-size: 1em;\"><strong>Llista d\u2019activitats<\/strong><\/em><span style=\"font-family: inherit; font-size: 1em;\">.<\/span><\/p>\n<p><em>Important: tindreu acc\u00e9s al GTAF una setmana abans de l&#8217;inici de la formaci\u00f3.<\/em><\/p>\n<p><span style=\"font-weight: 400;\"><img loading=\"lazy\" decoding=\"async\" class=\"\" src=\"https:\/\/images.emojiterra.com\/google\/android-12l\/512px\/1f4a1.png\" alt=\"\ud83d\udca1 Bombilla Emoji: Significado y Uso\" width=\"17\" height=\"17\" \/>U<strong>s facilitem <\/strong><\/span><strong><a href=\"https:\/\/drive.google.com\/file\/d\/1Tng2yFPDAodM8xm3cAWT_gX6nUidNc30\/view?usp=drive_link\">una guia<\/a> per tal que us familiaritzeu amb les tasques que us caldr\u00e0 fer al gtaf. <\/strong><\/p>\n<p><strong>Abans d\u2019iniciar l\u2019activitat <\/strong><\/p>\n<ul style=\"list-style-type: circle;\">\n<li>Comproveu el llistat d&#8217;assistents. Poseu-vos en contacte amb el CRP davant de qualsevol incid\u00e8ncia.<\/li>\n<li>Actualitzeu el calendari de sessions. La primera i la \u00faltima nom\u00e9s es poden canviar des del CRP.<\/li>\n<\/ul>\n<p><strong>Durant l\u2019activitat<\/strong><\/p>\n<ul style=\"list-style-type: circle;\">\n<li>Feu el seguiment de l\u2019assist\u00e8ncia a la pestanya\u00a0<em><strong>Seguiment assistents.<\/strong><\/em><\/li>\n<li>Informeu al CRP de qualsevol alta o baixa d&#8217;assistents.<\/li>\n<li>Compartiu amb el CRP el material generat a la formaci\u00f3 si s&#8217;escau.<\/li>\n<\/ul>\n<p><strong>En finalitzar l\u2019activitat\u00a0 <\/strong><\/p>\n<ul style=\"list-style-type: circle;\">\n<li>Demaneu als participants que emplenin el formulari de valoraci\u00f3 que trobaran a l&#8217;apartat <a href=\"http:\/\/xtec.gencat.cat\/ca\/formacio\/la-meva-formacio\/les-meves-activitats\/\"><span style=\"text-decoration: underline;\">Les meves activitats<\/span><\/a> de l\u2019xtec i empleneu el vostre com a formadors. El trobareu al GTAF.<\/li>\n<li>Repasseu que la casella <em><strong>Certificat?<\/strong><\/em> de la pestanya <em><strong>Seguiment assistents <\/strong><\/em>estigui activada per a aquells assistents que obtinguin el certificat. En cas contrari, especifiqueu el <em><strong>Motiu no certificaci\u00f3:\u00a0<\/strong><\/em><\/li>\n<\/ul>\n<p><img loading=\"lazy\" decoding=\"async\" class=\"wp-image-14345 aligncenter\" src=\"https:\/\/serveiseducatius.xtec.cat\/alturgell\/wp-content\/uploads\/usu770\/2022\/09\/Motiu.png\" alt=\"\" width=\"749\" height=\"136\" srcset=\"https:\/\/serveiseducatius.xtec.cat\/alturgell\/wp-content\/uploads\/usu770\/2022\/09\/Motiu.png 782w, https:\/\/serveiseducatius.xtec.cat\/alturgell\/wp-content\/uploads\/usu770\/2022\/09\/Motiu-300x54.png 300w, https:\/\/serveiseducatius.xtec.cat\/alturgell\/wp-content\/uploads\/usu770\/2022\/09\/Motiu-768x139.png 768w\" sizes=\"auto, (max-width: 749px) 100vw, 749px\" \/><\/p>\n<ul style=\"list-style-type: circle;\">\n<li>Imprimiu <em><strong>l&#8217;Acta d&#8217;assist\u00e8ncia<\/strong><\/em> en PDF (Ctrl+P), signeu-la digitalment i envieu-la al CRP (se-alturgell@xtec.cat).<\/li>\n<li>En el cas d&#8217;una FIC, empleneu i envieu al CRP la documentaci\u00f3 corresponent.<\/li>\n<\/ul>\n<p><span style=\"font-family: inherit; font-size: 1em;\">No dubeu a contactar amb el CRP davant de qualsevol dubte o canvi en la planificaci\u00f3 inicial (altes o baixes, calendari&#8230;).<\/span><\/p>\n<ul>\n<li style=\"list-style-type: none;\"><\/li>\n<\/ul>\n","protected":false},"excerpt":{"rendered":"<p>Si sou formadors\/es i teniu usuari xtec, accediu al\u00a0GTAF\u00a0per gestionar les activitats (usuari i contrasenya xtec). Entreu a l&#8217;apartat\u00a0Formadors\/es, col\u00b7laboradors, suport\u00a0i a l&#8217;activitat concreta dins l&#8217;apartat\u00a0Llista d\u2019activitats. Important: tindreu acc\u00e9s al GTAF una setmana abans de l&#8217;inici de la formaci\u00f3. Us facilitem una guia per tal que us familiaritzeu amb les tasques que us caldr\u00e0 [&hellip;]<\/p>\n","protected":false},"author":1,"featured_media":0,"parent":416,"menu_order":30,"comment_status":"closed","ping_status":"closed","template":"","meta":{"_bbp_topic_count":0,"_bbp_reply_count":0,"_bbp_total_topic_count":0,"_bbp_total_reply_count":0,"_bbp_voice_count":0,"_bbp_anonymous_reply_count":0,"_bbp_topic_count_hidden":0,"_bbp_reply_count_hidden":0,"_bbp_forum_subforum_count":0,"site-sidebar-layout":"default","site-content-layout":"","ast-site-content-layout":"default","site-content-style":"default","site-sidebar-style":"default","ast-global-header-display":"","ast-banner-title-visibility":"","ast-main-header-display":"","ast-hfb-above-header-display":"","ast-hfb-below-header-display":"","ast-hfb-mobile-header-display":"","site-post-title":"","ast-breadcrumbs-content":"","ast-featured-img":"","footer-sml-layout":"","theme-transparent-header-meta":"","adv-header-id-meta":"","stick-header-meta":"","header-above-stick-meta":"","header-main-stick-meta":"","header-below-stick-meta":"","astra-migrate-meta-layouts":"set","ast-page-background-enabled":"default","ast-page-background-meta":{"desktop":{"background-color":"var(--ast-global-color-4)","background-image":"","background-repeat":"repeat","background-position":"center center","background-size":"auto","background-attachment":"scroll","background-type":"","background-media":"","overlay-type":"","overlay-color":"","overlay-opacity":"","overlay-gradient":""},"tablet":{"background-color":"","background-image":"","background-repeat":"repeat","background-position":"center center","background-size":"auto","background-attachment":"scroll","background-type":"","background-media":"","overlay-type":"","overlay-color":"","overlay-opacity":"","overlay-gradient":""},"mobile":{"background-color":"","background-image":"","background-repeat":"repeat","background-position":"center center","background-size":"auto","background-attachment":"scroll","background-type":"","background-media":"","overlay-type":"","overlay-color":"","overlay-opacity":"","overlay-gradient":""}},"ast-content-background-meta":{"desktop":{"background-color":"var(--ast-global-color-5)","background-image":"","background-repeat":"repeat","background-position":"center center","background-size":"auto","background-attachment":"scroll","background-type":"","background-media":"","overlay-type":"","overlay-color":"","overlay-opacity":"","overlay-gradient":""},"tablet":{"background-color":"var(--ast-global-color-5)","background-image":"","background-repeat":"repeat","background-position":"center center","background-size":"auto","background-attachment":"scroll","background-type":"","background-media":"","overlay-type":"","overlay-color":"","overlay-opacity":"","overlay-gradient":""},"mobile":{"background-color":"var(--ast-global-color-5)","background-image":"","background-repeat":"repeat","background-position":"center center","background-size":"auto","background-attachment":"scroll","background-type":"","background-media":"","overlay-type":"","overlay-color":"","overlay-opacity":"","overlay-gradient":""}},"footnotes":""},"class_list":["post-548","page","type-page","status-publish","hentry"],"post_mailing_queue_ids":[],"_links":{"self":[{"href":"https:\/\/serveiseducatius.xtec.cat\/alturgell\/wp-json\/wp\/v2\/pages\/548","targetHints":{"allow":["GET"]}}],"collection":[{"href":"https:\/\/serveiseducatius.xtec.cat\/alturgell\/wp-json\/wp\/v2\/pages"}],"about":[{"href":"https:\/\/serveiseducatius.xtec.cat\/alturgell\/wp-json\/wp\/v2\/types\/page"}],"author":[{"embeddable":true,"href":"https:\/\/serveiseducatius.xtec.cat\/alturgell\/wp-json\/wp\/v2\/users\/1"}],"replies":[{"embeddable":true,"href":"https:\/\/serveiseducatius.xtec.cat\/alturgell\/wp-json\/wp\/v2\/comments?post=548"}],"version-history":[{"count":6,"href":"https:\/\/serveiseducatius.xtec.cat\/alturgell\/wp-json\/wp\/v2\/pages\/548\/revisions"}],"predecessor-version":[{"id":19566,"href":"https:\/\/serveiseducatius.xtec.cat\/alturgell\/wp-json\/wp\/v2\/pages\/548\/revisions\/19566"}],"up":[{"embeddable":true,"href":"https:\/\/serveiseducatius.xtec.cat\/alturgell\/wp-json\/wp\/v2\/pages\/416"}],"wp:attachment":[{"href":"https:\/\/serveiseducatius.xtec.cat\/alturgell\/wp-json\/wp\/v2\/media?parent=548"}],"curies":[{"name":"wp","href":"https:\/\/api.w.org\/{rel}","templated":true}]}}