{"id":7955,"date":"2019-02-21T10:15:20","date_gmt":"2019-02-21T09:15:20","guid":{"rendered":"http:\/\/serveiseducatius.xtec.cat\/altpenedes\/?page_id=7955"},"modified":"2026-01-12T12:29:45","modified_gmt":"2026-01-12T11:29:45","slug":"oferta-dactivitats-pfz-alt-penedes","status":"publish","type":"page","link":"https:\/\/serveiseducatius.xtec.cat\/altpenedes\/formacio\/oferta-dactivitats-pfz-alt-penedes\/","title":{"rendered":"Oferta d&#8217;activitats 2n torn | PFZ Alt Pened\u00e8s"},"content":{"rendered":"<p>Si no visualitzeu el llistat d\u2019activitats del PFZ de l\u2019Alt Pened\u00e8s, visiteu <a href=\"https:\/\/aplicacions.gestioeducativa.gencat.cat\/pls\/soloas\/pk_for_mod_ins.p_for_cons_activitats?p_any=2025-2026&amp;p_totes=s&amp;p_crp=201\" target=\"_blank\" rel=\"noopener\">aquesta<\/a> adre\u00e7a.<br \/>\nTamb\u00e9 us compartim la oferta<a href=\"https:\/\/xtec.gencat.cat\/ca\/formacio\/info-general\/oferta-formativa\/\"> formativa de la xtec<\/a>.<\/p>\n<table style=\"border-collapse: collapse; width: 100%;\">\n<tbody>\n<tr>\n<td style=\"width: 50%;\"><strong>P\u00e0gina 1<\/strong><iframe loading=\"lazy\" src=\"https:\/\/aplicacions.gestioeducativa.gencat.cat\/ords\/pls\/soloas\/pk_for_mod_ins.p_for_cons_activitats?p_header=&amp;p_crp=201&amp;p_any=2025-2026&amp;p_totes=s&amp;p_totes=s&amp;p_excloure_crp_rec=F&amp;p_inici=1\" width=\"100%\" height=\"450px\"><\/iframe><\/td>\n<td style=\"width: 50%;\"><strong>P\u00e0gina 2<\/strong><iframe loading=\"lazy\" src=\"https:\/\/aplicacions.gestioeducativa.gencat.cat\/ords\/pls\/soloas\/pk_for_mod_ins.p_for_cons_activitats?p_header=&amp;p_crp=201&amp;p_any=2025-2026&amp;p_totes=s&amp;p_totes=s&amp;p_excloure_crp_rec=F&amp;p_inici=11\" width=\"100%\" height=\"450px\"><\/iframe><\/td>\n<\/tr>\n<tr>\n<td style=\"width: 50%;\"><strong>P\u00e0gina 3<\/strong><iframe loading=\"lazy\" src=\"https:\/\/aplicacions.gestioeducativa.gencat.cat\/ords\/pls\/soloas\/pk_for_mod_ins.p_for_cons_activitats?p_header=&amp;p_crp=201&amp;p_any=2025-2026&amp;p_totes=s&amp;p_totes=s&amp;p_excloure_crp_rec=F&amp;p_inici=21\" width=\"100%\" height=\"450px\"><\/iframe><\/td>\n<td style=\"width: 50%;\"><strong>P\u00e0gina 4<\/strong><iframe loading=\"lazy\" src=\"https:\/\/aplicacions.gestioeducativa.gencat.cat\/ords\/pls\/soloas\/pk_for_mod_ins.p_for_cons_activitats?p_header=&amp;p_crp=201&amp;p_any=2025-2026&amp;p_totes=s&amp;p_totes=s&amp;p_excloure_crp_rec=F&amp;p_inici=31\" width=\"100%\" height=\"450px\"><\/iframe><\/td>\n<\/tr>\n<tr>\n<td style=\"width: 50%;\"><strong>P\u00e0gina 5<\/strong><iframe loading=\"lazy\" src=\"https:\/\/aplicacions.gestioeducativa.gencat.cat\/ords\/pls\/soloas\/pk_for_mod_ins.p_for_cons_activitats?p_header=&amp;p_crp=201&amp;p_any=2025-2026&amp;p_totes=s&amp;p_totes=s&amp;p_excloure_crp_rec=F&amp;p_inici=41\" width=\"100%\" height=\"450px\"><\/iframe><\/td>\n<td style=\"width: 50%;\"><strong>P\u00e0gina 6<\/strong><iframe loading=\"lazy\" src=\"https:\/\/aplicacions.gestioeducativa.gencat.cat\/ords\/pls\/soloas\/pk_for_mod_ins.p_for_cons_activitats?p_header=&amp;p_crp=201&amp;p_any=2025-2026&amp;p_totes=s&amp;p_totes=s&amp;p_excloure_crp_rec=F&amp;p_inici=51\" width=\"100%\" height=\"450px\"><\/iframe><\/td>\n<\/tr>\n<tr>\n<td style=\"width: 50%;\"><strong>P\u00e0gina 7<\/strong><iframe loading=\"lazy\" src=\"https:\/\/aplicacions.gestioeducativa.gencat.cat\/ords\/pls\/soloas\/pk_for_mod_ins.p_for_cons_activitats?p_header=&amp;p_crp=201&amp;p_any=2025-2026&amp;p_totes=s&amp;p_totes=s&amp;p_excloure_crp_rec=F&amp;p_inici=61\" width=\"100%\" height=\"450px\"><\/iframe><\/td>\n<td style=\"width: 50%;\"><\/td>\n<\/tr>\n<\/tbody>\n<\/table>\n","protected":false},"excerpt":{"rendered":"<p>Si no visualitzeu el llistat d\u2019activitats del PFZ de l\u2019Alt Pened\u00e8s, visiteu aquesta adre\u00e7a. Tamb\u00e9 us compartim la oferta formativa [&hellip;]<\/p>\n","protected":false},"author":6,"featured_media":0,"parent":416,"menu_order":20,"comment_status":"closed","ping_status":"closed","template":"","meta":{"site-sidebar-layout":"default","site-content-layout":"","ast-site-content-layout":"default","site-content-style":"default","site-sidebar-style":"default","ast-global-header-display":"","ast-banner-title-visibility":"","ast-main-header-display":"","ast-hfb-above-header-display":"","ast-hfb-below-header-display":"","ast-hfb-mobile-header-display":"","site-post-title":"","ast-breadcrumbs-content":"","ast-featured-img":"","footer-sml-layout":"","theme-transparent-header-meta":"","adv-header-id-meta":"","stick-header-meta":"","header-above-stick-meta":"","header-main-stick-meta":"","header-below-stick-meta":"","astra-migrate-meta-layouts":"set","ast-page-background-enabled":"default","ast-page-background-meta":{"desktop":{"background-color":"var(--ast-global-color-4)","background-image":"","background-repeat":"repeat","background-position":"center center","background-size":"auto","background-attachment":"scroll","background-type":"","background-media":"","overlay-type":"","overlay-color":"","overlay-opacity":"","overlay-gradient":""},"tablet":{"background-color":"","background-image":"","background-repeat":"repeat","background-position":"center center","background-size":"auto","background-attachment":"scroll","background-type":"","background-media":"","overlay-type":"","overlay-color":"","overlay-opacity":"","overlay-gradient":""},"mobile":{"background-color":"","background-image":"","background-repeat":"repeat","background-position":"center center","background-size":"auto","background-attachment":"scroll","background-type":"","background-media":"","overlay-type":"","overlay-color":"","overlay-opacity":"","overlay-gradient":""}},"ast-content-background-meta":{"desktop":{"background-color":"var(--ast-global-color-5)","background-image":"","background-repeat":"repeat","background-position":"center center","background-size":"auto","background-attachment":"scroll","background-type":"","background-media":"","overlay-type":"","overlay-color":"","overlay-opacity":"","overlay-gradient":""},"tablet":{"background-color":"var(--ast-global-color-5)","background-image":"","background-repeat":"repeat","background-position":"center center","background-size":"auto","background-attachment":"scroll","background-type":"","background-media":"","overlay-type":"","overlay-color":"","overlay-opacity":"","overlay-gradient":""},"mobile":{"background-color":"var(--ast-global-color-5)","background-image":"","background-repeat":"repeat","background-position":"center center","background-size":"auto","background-attachment":"scroll","background-type":"","background-media":"","overlay-type":"","overlay-color":"","overlay-opacity":"","overlay-gradient":""}},"footnotes":""},"class_list":["post-7955","page","type-page","status-publish","hentry"],"post_mailing_queue_ids":[],"_links":{"self":[{"href":"https:\/\/serveiseducatius.xtec.cat\/altpenedes\/wp-json\/wp\/v2\/pages\/7955","targetHints":{"allow":["GET"]}}],"collection":[{"href":"https:\/\/serveiseducatius.xtec.cat\/altpenedes\/wp-json\/wp\/v2\/pages"}],"about":[{"href":"https:\/\/serveiseducatius.xtec.cat\/altpenedes\/wp-json\/wp\/v2\/types\/page"}],"author":[{"embeddable":true,"href":"https:\/\/serveiseducatius.xtec.cat\/altpenedes\/wp-json\/wp\/v2\/users\/6"}],"replies":[{"embeddable":true,"href":"https:\/\/serveiseducatius.xtec.cat\/altpenedes\/wp-json\/wp\/v2\/comments?post=7955"}],"version-history":[{"count":5,"href":"https:\/\/serveiseducatius.xtec.cat\/altpenedes\/wp-json\/wp\/v2\/pages\/7955\/revisions"}],"predecessor-version":[{"id":15810,"href":"https:\/\/serveiseducatius.xtec.cat\/altpenedes\/wp-json\/wp\/v2\/pages\/7955\/revisions\/15810"}],"up":[{"embeddable":true,"href":"https:\/\/serveiseducatius.xtec.cat\/altpenedes\/wp-json\/wp\/v2\/pages\/416"}],"wp:attachment":[{"href":"https:\/\/serveiseducatius.xtec.cat\/altpenedes\/wp-json\/wp\/v2\/media?parent=7955"}],"curies":[{"name":"wp","href":"https:\/\/api.w.org\/{rel}","templated":true}]}}