{"id":306,"date":"2015-11-24T18:02:44","date_gmt":"2015-11-24T17:02:44","guid":{"rendered":"http:\/\/serveiseducatius.xtec.cat\/se-altpenedes\/?page_id=306"},"modified":"2025-06-25T10:45:26","modified_gmt":"2025-06-25T08:45:26","slug":"equip","status":"publish","type":"page","link":"https:\/\/serveiseducatius.xtec.cat\/altpenedes\/el-servei-educatiu\/equip\/","title":{"rendered":"Equip"},"content":{"rendered":"<table class=\" alignleft\" style=\"height: 100%;\" width=\"100%\">\n<tbody>\n<tr>\n<td style=\"text-align: center;\">\n<h4><strong>CRP<\/strong><\/h4>\n<\/td>\n<td style=\"text-align: center;\">\n<h4><strong>EAP<\/strong><\/h4>\n<\/td>\n<td style=\"text-align: center;\">\n<h4><strong>ELIC<\/strong><\/h4>\n<\/td>\n<\/tr>\n<tr>\n<td style=\"text-align: center;\"><strong>Centre de recursos pedag\u00f2gics<\/strong><\/td>\n<td style=\"text-align: center;\"><strong>Equip d\u2019assesorament i orientaci\u00f3 psicopedag\u00f2gic<\/strong><\/td>\n<td style=\"text-align: center;\"><strong>Equip d\u2019assessorament i orientaci\u00f3 en llengua, interculturalitat i cohesi\u00f3 social<\/strong><\/td>\n<\/tr>\n<tr>\n<td>Equip que d\u00f3na\u00a0suport a l\u2019activitat pedag\u00f2gica dels centres i\u00a0a la tasca docent de mestres i professorat, especialment, en temes de formaci\u00f3 permanent, de recursos pedag\u00f2gics i de dinamitzaci\u00f3 de projectes de centre i de la zona.<\/td>\n<td>Equip\u00a0que d\u00f3na\u00a0suport al professorat i als centres educatius en la resposta a la diversitat de l\u2019alumnat i en relaci\u00f3 als alumnes que presenten necessitats educatives especials, aix\u00ed com a les seves fam\u00edlies.<\/td>\n<td>Equip que d\u00f3na\u00a0suport al professorat en l\u2019atenci\u00f3 a la diversitat relacionada amb l\u2019alumnat, especialment procedent de la immigraci\u00f3 i\/o amb l\u2019alumnat amb risc d\u2019exclusi\u00f3 social, en l\u2019\u00e0mbit dels centres educatius i els plans educatius d\u2019entorn.<\/td>\n<\/tr>\n<tr>\n<td><a href=\"http:\/\/serveiseducatius.xtec.cat\/altpenedes\/docs\/crp-professionals-adscrits\/\" target=\"_blank\" rel=\"noopener\">Professionals adscrits<\/a>. Podeu consultar les activitats, recursos i not\u00edcies a l&#8217;apartat din\u00e0mic del<a href=\"http:\/\/serveiseducatius.xtec.cat\/altpenedes\/categoria\/crp\/\">\u00a0CRP<\/a>.<\/p>\n<p>Des del curs 2024-2025 el CRP compta amb una educadora social que treballa per reduir l&#8217;abandonament escolar prematur a trav\u00e9s del programa <a href=\"https:\/\/serveiseducatius.xtec.cat\/altpenedes\/reconnect-es\/\" target=\"_blank\" rel=\"noopener\">Reconnect-ES<\/a>.<\/td>\n<td><a href=\"http:\/\/serveiseducatius.xtec.cat\/altpenedes\/docs\/eap-professionals-adscrits\/\" target=\"_blank\" rel=\"noopener\">Professionals adscrits<\/a>. Podeu consultar les activitats, recursos i not\u00edcies a l&#8217;apartat din\u00e0mic de l&#8217;<a href=\"http:\/\/serveiseducatius.xtec.cat\/altpenedes\/categoria\/eap\/\">EAP<\/a>.<\/td>\n<td><a href=\"http:\/\/serveiseducatius.xtec.cat\/altpenedes\/docs\/elic-professionals-adscrits\/\" target=\"_blank\" rel=\"noopener\">Professionals adscrits<\/a>. Podeu consultar les activitats, recursos i not\u00edcies a l&#8217;apartat din\u00e0mic de l&#8217;<a href=\"http:\/\/serveiseducatius.xtec.cat\/altpenedes\/categoria\/elic\/\">ELIC<\/a>.<\/td>\n<\/tr>\n<tr>\n<td style=\"vertical-align: top;\">Actuacions priorit\u00e0ries:<\/p>\n<ul>\n<li>Dinamitzaci\u00f3 i innovaci\u00f3 educativa. Suport i assessorament a projectes de centre de millora, d&#8217;innovaci\u00f3 i de recerca. Recollida, intercanvi i difusi\u00f3 de pr\u00e0ctiques i experi\u00e8ncies educatives.<\/li>\n<li>Assessorament en recursos per al professorat i els centres educatius. Informaci\u00f3 i assessorament sobre materials did\u00e0ctics, curriculars i altres recursos educatius.<\/li>\n<li>Orientaci\u00f3 i\u00a0 assessorament en la formaci\u00f3 permanent del professorat. Coordinaci\u00f3, organitzaci\u00f3 i seguiment de les activitats del Pla de Formaci\u00f3 de Zona.<\/li>\n<\/ul>\n<\/td>\n<td style=\"vertical-align: top;\">Entre d\u2019altres, t\u00e9 assignades les funcions seg\u00fcents:<\/p>\n<ul>\n<li>Identificaci\u00f3 i avaluaci\u00f3 de les necessitats educatives especials dels alumnes, en col\u00b7laboraci\u00f3 amb el professorat, especialistes i serveis espec\u00edfics.<\/li>\n<li>Assessorament a l\u2019alumnat, fam\u00edlies i equips docents sobre aspectes d\u2019orientaci\u00f3 personal, educativa i professional.<\/li>\n<li>Col\u00b7laboraci\u00f3 amb els serveis socials i sanitaris de la comarca, per tal d\u2019oferir una atenci\u00f3 coordinada a l\u2019alumnat i les fam\u00edlies que ho necessitin.<\/li>\n<li>Donar suport als centres educatius en la millora de l\u2019atenci\u00f3 a la diversitat i la inclusi\u00f3.<\/li>\n<li>Aportaci\u00f3 de suport i de criteris t\u00e8cnics i psicopedag\u00f2gics a altres \u00f2rgans de l\u2019administraci\u00f3 educativa.<\/li>\n<\/ul>\n<\/td>\n<td style=\"vertical-align: top;\">La intervenci\u00f3 de l\u2019ELIC s&#8217;organitza prioritzant les actuacions seg\u00fcents:<\/p>\n<ul>\n<li>Impuls a la lectura.<\/li>\n<li>Suport a les aules d\u2019acollida.<\/li>\n<li>Suport als plans individualitzats per a alumnat nouvingut.<\/li>\n<li>Suport al centre acollidor.\u00a0Pla d&#8217;immersi\u00f3.\u00a0Projecte ling\u00fc\u00edstic de centre.<\/li>\n<li>Suport als plans educatius d&#8217;entorn.<\/li>\n<li>Assessorament en\u00a0 el treball tutorial amb l&#8217;alumnat nouvingut o amb risc de marginaci\u00f3, per a la seva integraci\u00f3 al grup.<\/li>\n<li>Col\u00b7laboraci\u00f3 en la sensibilitzaci\u00f3, promoci\u00f3 i consolidaci\u00f3 de l&#8217;educaci\u00f3 intercultural.<\/li>\n<\/ul>\n<\/td>\n<\/tr>\n<tr>\n<td>\n<p style=\"text-align: center;\"><a href=\"mailto:crp-altpenedes@xtec.cat\">crp-altpenedes@xtec.cat<\/a><\/p>\n<\/td>\n<td>\n<p style=\"text-align: center;\"><a href=\"mailto:eap-altpenedes@xtec.cat\">eap-altpenedes@xtec.cat<\/a><\/p>\n<\/td>\n<td>\n<p style=\"text-align: center;\"><a href=\"mailto:elic-altpenedes@xtec.cat\" target=\"_blank\" rel=\"noopener\">elic-altpenedes@xtec.cat<\/a><\/p>\n<\/td>\n<\/tr>\n<tr>\n<td colspan=\"3\">\n<p style=\"text-align: center;\">El Servei Educatiu tamb\u00e9 treballa de forma coordinada amb el <a href=\"http:\/\/serveiseducatius.xtec.cat\/creda-comarques4\/\" target=\"_blank\" rel=\"noopener\">CREDA<\/a> (Centre de Recursos Educatius per a Deficients Auditius)\u00a0<a href=\"mailto:a8910009@xtec.cat\">a8910009@xtec.cat<\/a><\/p>\n<\/td>\n<\/tr>\n<\/tbody>\n<\/table>\n","protected":false},"excerpt":{"rendered":"<p>CRP EAP ELIC Centre de recursos pedag\u00f2gics Equip d\u2019assesorament i orientaci\u00f3 psicopedag\u00f2gic Equip d\u2019assessorament i orientaci\u00f3 en llengua, interculturalitat i [&hellip;]<\/p>\n","protected":false},"author":1,"featured_media":0,"parent":806,"menu_order":20,"comment_status":"closed","ping_status":"closed","template":"page-templates\/side-menu.php","meta":{"site-sidebar-layout":"default","site-content-layout":"","ast-site-content-layout":"default","site-content-style":"default","site-sidebar-style":"default","ast-global-header-display":"","ast-banner-title-visibility":"","ast-main-header-display":"","ast-hfb-above-header-display":"","ast-hfb-below-header-display":"","ast-hfb-mobile-header-display":"","site-post-title":"","ast-breadcrumbs-content":"","ast-featured-img":"","footer-sml-layout":"","theme-transparent-header-meta":"","adv-header-id-meta":"","stick-header-meta":"","header-above-stick-meta":"","header-main-stick-meta":"","header-below-stick-meta":"","astra-migrate-meta-layouts":"set","ast-page-background-enabled":"default","ast-page-background-meta":{"desktop":{"background-color":"var(--ast-global-color-4)","background-image":"","background-repeat":"repeat","background-position":"center center","background-size":"auto","background-attachment":"scroll","background-type":"","background-media":"","overlay-type":"","overlay-color":"","overlay-opacity":"","overlay-gradient":""},"tablet":{"background-color":"","background-image":"","background-repeat":"repeat","background-position":"center center","background-size":"auto","background-attachment":"scroll","background-type":"","background-media":"","overlay-type":"","overlay-color":"","overlay-opacity":"","overlay-gradient":""},"mobile":{"background-color":"","background-image":"","background-repeat":"repeat","background-position":"center center","background-size":"auto","background-attachment":"scroll","background-type":"","background-media":"","overlay-type":"","overlay-color":"","overlay-opacity":"","overlay-gradient":""}},"ast-content-background-meta":{"desktop":{"background-color":"var(--ast-global-color-5)","background-image":"","background-repeat":"repeat","background-position":"center center","background-size":"auto","background-attachment":"scroll","background-type":"","background-media":"","overlay-type":"","overlay-color":"","overlay-opacity":"","overlay-gradient":""},"tablet":{"background-color":"var(--ast-global-color-5)","background-image":"","background-repeat":"repeat","background-position":"center center","background-size":"auto","background-attachment":"scroll","background-type":"","background-media":"","overlay-type":"","overlay-color":"","overlay-opacity":"","overlay-gradient":""},"mobile":{"background-color":"var(--ast-global-color-5)","background-image":"","background-repeat":"repeat","background-position":"center center","background-size":"auto","background-attachment":"scroll","background-type":"","background-media":"","overlay-type":"","overlay-color":"","overlay-opacity":"","overlay-gradient":""}},"footnotes":""},"class_list":["post-306","page","type-page","status-publish","hentry"],"post_mailing_queue_ids":[],"_links":{"self":[{"href":"https:\/\/serveiseducatius.xtec.cat\/altpenedes\/wp-json\/wp\/v2\/pages\/306","targetHints":{"allow":["GET"]}}],"collection":[{"href":"https:\/\/serveiseducatius.xtec.cat\/altpenedes\/wp-json\/wp\/v2\/pages"}],"about":[{"href":"https:\/\/serveiseducatius.xtec.cat\/altpenedes\/wp-json\/wp\/v2\/types\/page"}],"author":[{"embeddable":true,"href":"https:\/\/serveiseducatius.xtec.cat\/altpenedes\/wp-json\/wp\/v2\/users\/1"}],"replies":[{"embeddable":true,"href":"https:\/\/serveiseducatius.xtec.cat\/altpenedes\/wp-json\/wp\/v2\/comments?post=306"}],"version-history":[{"count":6,"href":"https:\/\/serveiseducatius.xtec.cat\/altpenedes\/wp-json\/wp\/v2\/pages\/306\/revisions"}],"predecessor-version":[{"id":15299,"href":"https:\/\/serveiseducatius.xtec.cat\/altpenedes\/wp-json\/wp\/v2\/pages\/306\/revisions\/15299"}],"up":[{"embeddable":true,"href":"https:\/\/serveiseducatius.xtec.cat\/altpenedes\/wp-json\/wp\/v2\/pages\/806"}],"wp:attachment":[{"href":"https:\/\/serveiseducatius.xtec.cat\/altpenedes\/wp-json\/wp\/v2\/media?parent=306"}],"curies":[{"name":"wp","href":"https:\/\/api.w.org\/{rel}","templated":true}]}}