{"id":1713,"date":"2016-04-05T11:59:03","date_gmt":"2016-04-05T10:59:03","guid":{"rendered":"http:\/\/serveiseducatius.xtec.cat\/altpenedes\/?page_id=1713"},"modified":"2023-04-03T18:33:03","modified_gmt":"2023-04-03T16:33:03","slug":"modalitats-i-formats","status":"publish","type":"page","link":"https:\/\/serveiseducatius.xtec.cat\/altpenedes\/formacio\/modalitats-i-formats\/","title":{"rendered":"Modalitats i formats PFZ"},"content":{"rendered":"<p><strong>MODALITATS I FORMATS DE FORMACI\u00d3<\/strong><\/p>\n<p>Les diferents modalitats de formaci\u00f3 han de respondre a la finalitat de l&#8217;acci\u00f3 formativa i impliquen una din\u00e0mica espec\u00edfica de treball del professorat participant.<\/p>\n<p>Les activitats de formaci\u00f3 es poden classificar en les modalitats seg\u00fcents:<\/p>\n<ol>\n<li><strong>Formaci\u00f3 en centre:<\/strong> Assessorament, Formaci\u00f3 interna de centre (FIC), Taller a centre i Visita formativa a centre.<\/li>\n<li><strong>Formaci\u00f3 per a centres:<\/strong> Seminari de coordinaci\u00f3, Curs\/seminari d&#8217;equips de centre, Taller d&#8217;equips de centre.<\/li>\n<li><strong>Formaci\u00f3 individual:<\/strong> Taller, Curs, Seminari, Grup de treball, Confer\u00e8ncia, taula rodona, trobada pedag\u00f2gica, intercanvi d&#8217;experi\u00e8ncies, jornades i cicle de confer\u00e8ncies, Estada formativa a l&#8217;empresa, Estada formativa a l&#8217;estranger.<\/li>\n<\/ol>\n<p>Les activitats de formaci\u00f3 es poden organitzar en tres formats:<\/p>\n<ul>\n<li>Presencials: totes les sessions s\u00f3n presencials (en un espai f\u00edsic concret)<\/li>\n<li>Semipresencials: combinaci\u00f3 de sessions presencials i sessions en l\u00ednia. Les sessions en l\u00ednia poden ser s\u00edncrones, as\u00edncrones o mixtes.<\/li>\n<li>En l\u00ednia: totes les sessions s\u00f3n en l\u00ednia. Les sessions en l\u00ednia poden ser s\u00edncrones, as\u00edncrones o mixtes<\/li>\n<\/ul>\n<p>Podeu consultar les caracter\u00edstiques de cada modalitat en el document de formaci\u00f3 permanent del professorat:\u00a0<a href=\"https:\/\/drive.google.com\/file\/d\/1gqnaoN1dStnH-9LbwjusFwHyXslwQSuc\/view?usp=share_link\" target=\"_blank\" rel=\"noopener\"><em>Criteris, instruccions i orientacions curs 2023-2024<\/em><\/a>.<\/p>\n<p><iframe loading=\"lazy\" src=\"https:\/\/drive.google.com\/file\/d\/1gqnaoN1dStnH-9LbwjusFwHyXslwQSuc\/preview\" width=\"100%\" height=\"880\" allow=\"autoplay\"><\/iframe><\/p>\n<p>* Trobareu m\u00e9s informaci\u00f3 sobre la <strong>Formaci\u00f3 interna de centre<\/strong> (FIC) en els enlla\u00e7os:\u00a0Formaci\u00f3 interna de centre (XTEC)\u00a0|\u00a0<a href=\"http:\/\/ateneu.xtec.cat\/wikiform\/wikiexport\/fic\/dir\/index\" target=\"_blank\" rel=\"noopener noreferrer\">Materials FIC (Ateneu)<\/a>\u00a0|\u00a0<a href=\"http:\/\/ateneu.xtec.cat\/wikiform\/wikiexport\/fic_orientacio\/fic_segui\/index\" target=\"_blank\" rel=\"noopener noreferrer\">Orientacions per al suport i el seguiment de la FIC<\/a><\/p>\n","protected":false},"excerpt":{"rendered":"<p>MODALITATS I FORMATS DE FORMACI\u00d3 Les diferents modalitats de formaci\u00f3 han de respondre a la finalitat de l&#8217;acci\u00f3 formativa i [&hellip;]<\/p>\n","protected":false},"author":1,"featured_media":0,"parent":416,"menu_order":1,"comment_status":"closed","ping_status":"closed","template":"page-templates\/side-menu.php","meta":{"site-sidebar-layout":"default","site-content-layout":"","ast-site-content-layout":"","site-content-style":"default","site-sidebar-style":"default","ast-global-header-display":"","ast-banner-title-visibility":"","ast-main-header-display":"","ast-hfb-above-header-display":"","ast-hfb-below-header-display":"","ast-hfb-mobile-header-display":"","site-post-title":"","ast-breadcrumbs-content":"","ast-featured-img":"","footer-sml-layout":"","theme-transparent-header-meta":"","adv-header-id-meta":"","stick-header-meta":"","header-above-stick-meta":"","header-main-stick-meta":"","header-below-stick-meta":"","astra-migrate-meta-layouts":"default","ast-page-background-enabled":"default","ast-page-background-meta":{"desktop":{"background-color":"var(--ast-global-color-4)","background-image":"","background-repeat":"repeat","background-position":"center center","background-size":"auto","background-attachment":"scroll","background-type":"","background-media":"","overlay-type":"","overlay-color":"","overlay-opacity":"","overlay-gradient":""},"tablet":{"background-color":"","background-image":"","background-repeat":"repeat","background-position":"center center","background-size":"auto","background-attachment":"scroll","background-type":"","background-media":"","overlay-type":"","overlay-color":"","overlay-opacity":"","overlay-gradient":""},"mobile":{"background-color":"","background-image":"","background-repeat":"repeat","background-position":"center center","background-size":"auto","background-attachment":"scroll","background-type":"","background-media":"","overlay-type":"","overlay-color":"","overlay-opacity":"","overlay-gradient":""}},"ast-content-background-meta":{"desktop":{"background-color":"var(--ast-global-color-5)","background-image":"","background-repeat":"repeat","background-position":"center center","background-size":"auto","background-attachment":"scroll","background-type":"","background-media":"","overlay-type":"","overlay-color":"","overlay-opacity":"","overlay-gradient":""},"tablet":{"background-color":"var(--ast-global-color-5)","background-image":"","background-repeat":"repeat","background-position":"center center","background-size":"auto","background-attachment":"scroll","background-type":"","background-media":"","overlay-type":"","overlay-color":"","overlay-opacity":"","overlay-gradient":""},"mobile":{"background-color":"var(--ast-global-color-5)","background-image":"","background-repeat":"repeat","background-position":"center center","background-size":"auto","background-attachment":"scroll","background-type":"","background-media":"","overlay-type":"","overlay-color":"","overlay-opacity":"","overlay-gradient":""}},"footnotes":""},"class_list":["post-1713","page","type-page","status-publish","hentry"],"post_mailing_queue_ids":[],"_links":{"self":[{"href":"https:\/\/serveiseducatius.xtec.cat\/altpenedes\/wp-json\/wp\/v2\/pages\/1713","targetHints":{"allow":["GET"]}}],"collection":[{"href":"https:\/\/serveiseducatius.xtec.cat\/altpenedes\/wp-json\/wp\/v2\/pages"}],"about":[{"href":"https:\/\/serveiseducatius.xtec.cat\/altpenedes\/wp-json\/wp\/v2\/types\/page"}],"author":[{"embeddable":true,"href":"https:\/\/serveiseducatius.xtec.cat\/altpenedes\/wp-json\/wp\/v2\/users\/1"}],"replies":[{"embeddable":true,"href":"https:\/\/serveiseducatius.xtec.cat\/altpenedes\/wp-json\/wp\/v2\/comments?post=1713"}],"version-history":[{"count":5,"href":"https:\/\/serveiseducatius.xtec.cat\/altpenedes\/wp-json\/wp\/v2\/pages\/1713\/revisions"}],"predecessor-version":[{"id":12603,"href":"https:\/\/serveiseducatius.xtec.cat\/altpenedes\/wp-json\/wp\/v2\/pages\/1713\/revisions\/12603"}],"up":[{"embeddable":true,"href":"https:\/\/serveiseducatius.xtec.cat\/altpenedes\/wp-json\/wp\/v2\/pages\/416"}],"wp:attachment":[{"href":"https:\/\/serveiseducatius.xtec.cat\/altpenedes\/wp-json\/wp\/v2\/media?parent=1713"}],"curies":[{"name":"wp","href":"https:\/\/api.w.org\/{rel}","templated":true}]}}