{"id":9629,"date":"2017-11-27T09:33:34","date_gmt":"2017-11-27T08:33:34","guid":{"rendered":"http:\/\/serveiseducatius.xtec.cat\/altmaresme\/?page_id=9629"},"modified":"2021-11-30T16:13:18","modified_gmt":"2021-11-30T15:13:18","slug":"maletes-pedagogiques-de-natura","status":"publish","type":"page","link":"https:\/\/serveiseducatius.xtec.cat\/altmaresme\/maletes-pedagogiques-de-natura\/","title":{"rendered":"Maletes pedag\u00f2giques de Natura"},"content":{"rendered":"<p>&nbsp;<\/p>\n<table style=\"height: 657px; width: 789px;\">\n<tbody>\n<tr style=\"height: 16px;\">\n<td style=\"height: 16px; width: 266px;\">\n<p style=\"text-align: center;\"><strong>La Tordera: un recurs educatiu a l&#8217;abast<\/strong><\/p>\n<p><img loading=\"lazy\" decoding=\"async\" class=\" wp-image-10328 aligncenter\" src=\"http:\/\/serveiseducatius.xtec.cat\/altmaresme\/wp-content\/uploads\/usu1140\/2017\/11\/Captura3.png\" alt=\"\" width=\"247\" height=\"110\" srcset=\"https:\/\/serveiseducatius.xtec.cat\/altmaresme\/wp-content\/uploads\/usu1140\/2017\/11\/Captura3.png 408w, https:\/\/serveiseducatius.xtec.cat\/altmaresme\/wp-content\/uploads\/usu1140\/2017\/11\/Captura3-300x133.png 300w\" sizes=\"auto, (max-width: 247px) 100vw, 247px\" \/><\/td>\n<td style=\"height: 16px; width: 515px;\">Material que t\u00e9 com a objectiu facilitar l&#8217;estudi de la Tordera i per tant apropar aquest riu a l&#8217;alumnat de la zona. Est\u00e0 pensat per treballar en tres moments diferents:<\/p>\n<ol>\n<li>Abans de la sortida: amb material de consulta i fitxes de treball.<\/li>\n<li>La sortida al riu: hi ha la possiblitat de treballar el curs alt i mitj\u00e0; el curs mitj\u00e0 i baix amb la desembocadura; o un recorregut al llarg del riu. Per treballar durant la sortida es fan servir les motxilles on hi ha material corresponent.<\/li>\n<li>Despr\u00e9s de la sortida: recull de dades, resum i opinions.<\/li>\n<\/ol>\n<p><strong><a href=\"https:\/\/sites.google.com\/a\/xtec.cat\/riutordera\/\" target=\"_blank\" rel=\"noopener noreferrer\">Per saber-ne m\u00e9s&#8230; (sites en proc\u00e9s s&#8217;actualitzaci\u00f3)<\/a><\/strong><\/td>\n<\/tr>\n<tr style=\"height: 31px;\">\n<td style=\"height: 31px; width: 266px; text-align: center;\"><strong>La potabilitzaci\u00f3 de l&#8217;aigua<\/strong><\/p>\n<p><strong><img loading=\"lazy\" decoding=\"async\" class=\"wp-image-10395 aligncenter\" src=\"http:\/\/serveiseducatius.xtec.cat\/altmaresme\/wp-content\/uploads\/usu1140\/2017\/11\/IMG_20171201_104615.jpg\" alt=\"\" width=\"188\" height=\"141\" srcset=\"https:\/\/serveiseducatius.xtec.cat\/altmaresme\/wp-content\/uploads\/usu1140\/2017\/11\/IMG_20171201_104615.jpg 4160w, https:\/\/serveiseducatius.xtec.cat\/altmaresme\/wp-content\/uploads\/usu1140\/2017\/11\/IMG_20171201_104615-300x225.jpg 300w, https:\/\/serveiseducatius.xtec.cat\/altmaresme\/wp-content\/uploads\/usu1140\/2017\/11\/IMG_20171201_104615-768x576.jpg 768w, https:\/\/serveiseducatius.xtec.cat\/altmaresme\/wp-content\/uploads\/usu1140\/2017\/11\/IMG_20171201_104615-1024x768.jpg 1024w, https:\/\/serveiseducatius.xtec.cat\/altmaresme\/wp-content\/uploads\/usu1140\/2017\/11\/IMG_20171201_104615-200x150.jpg 200w\" sizes=\"auto, (max-width: 188px) 100vw, 188px\" \/><\/strong><\/td>\n<td style=\"height: 31px; width: 515px;\">&nbsp;<\/p>\n<p>Material per a realitzar la pr\u00e0ctica de simulaci\u00f3 del funcionament d&#8217;una planta potabilitzadora en algun dels seus passos fonamentals: fase de floculaci\u00f3 i sedimentaci\u00f3, i fase de filtraci\u00f3.<\/td>\n<\/tr>\n<tr style=\"height: 31px;\">\n<td style=\"height: 31px; width: 266px; text-align: center;\"><strong>Maleta de la Riera de Pineda<\/strong><\/p>\n<p><a href=\"http:\/\/serveiseducatius.xtec.cat\/altmaresme\/wp-content\/uploads\/usu1140\/2017\/11\/IMG_20171201_103840.jpg\"><img loading=\"lazy\" decoding=\"async\" class=\"alignnone wp-image-10401\" src=\"http:\/\/serveiseducatius.xtec.cat\/altmaresme\/wp-content\/uploads\/usu1140\/2017\/11\/IMG_20171201_103840.jpg\" alt=\"\" width=\"167\" height=\"200\" srcset=\"https:\/\/serveiseducatius.xtec.cat\/altmaresme\/wp-content\/uploads\/usu1140\/2017\/11\/IMG_20171201_103840.jpg 1102w, https:\/\/serveiseducatius.xtec.cat\/altmaresme\/wp-content\/uploads\/usu1140\/2017\/11\/IMG_20171201_103840-250x300.jpg 250w, https:\/\/serveiseducatius.xtec.cat\/altmaresme\/wp-content\/uploads\/usu1140\/2017\/11\/IMG_20171201_103840-768x920.jpg 768w, https:\/\/serveiseducatius.xtec.cat\/altmaresme\/wp-content\/uploads\/usu1140\/2017\/11\/IMG_20171201_103840-855x1024.jpg 855w\" sizes=\"auto, (max-width: 167px) 100vw, 167px\" \/><\/a><\/td>\n<td style=\"height: 31px; width: 515px;\">Material did\u00e0ctic per estudiar la riera de Pineda i recon\u00e8ixer els seus valors naturals i socioculturals.<\/p>\n<p>Cont\u00e9 material d&#8217;informaci\u00f3 pel professorat i material de treball per l&#8217;alumnat.<\/td>\n<\/tr>\n<tr style=\"height: 31px;\">\n<td style=\"height: 31px; width: 266px; text-align: center;\">\u00a0<strong>De l&#8217;hort a casa<\/strong><\/p>\n<p><a href=\"http:\/\/serveiseducatius.xtec.cat\/altmaresme\/wp-content\/uploads\/usu1140\/2017\/11\/IMG_20171201_102902.jpg\"><img loading=\"lazy\" decoding=\"async\" class=\"alignnone wp-image-10396\" src=\"http:\/\/serveiseducatius.xtec.cat\/altmaresme\/wp-content\/uploads\/usu1140\/2017\/11\/IMG_20171201_102902.jpg\" alt=\"\" width=\"176\" height=\"234\" srcset=\"https:\/\/serveiseducatius.xtec.cat\/altmaresme\/wp-content\/uploads\/usu1140\/2017\/11\/IMG_20171201_102902.jpg 3120w, https:\/\/serveiseducatius.xtec.cat\/altmaresme\/wp-content\/uploads\/usu1140\/2017\/11\/IMG_20171201_102902-225x300.jpg 225w, https:\/\/serveiseducatius.xtec.cat\/altmaresme\/wp-content\/uploads\/usu1140\/2017\/11\/IMG_20171201_102902-768x1024.jpg 768w\" sizes=\"auto, (max-width: 176px) 100vw, 176px\" \/><\/a><\/td>\n<td style=\"height: 31px; width: 515px;\">&nbsp;<\/p>\n<p>La maleta pedag\u00f2gica de l&#8217;hort a casa\u00a0 \u00e9s un recull de materials did\u00e0ctics adre\u00e7ats a l\u2019alumnat i el professorat de prim\u00e0ria i secund\u00e0ria.<\/p>\n<p>En l&#8217;interior de la maleta es troben propostes d&#8217;activitats f\u00e0cils d&#8217;integrar en\u00a0projectes escolars destinats a desenvolupar compet\u00e8ncies orientades a fer un \u00fas responsable dels recursos naturals i tenir cura del medi ambient.<\/p>\n<p><a href=\"http:\/\/serveiseducatius.xtec.cat\/altmaresme\/wp-content\/uploads\/usu1140\/2017\/11\/guia_professors-Maleta-de-lhort-a-casa.pdf\" target=\"_blank\" rel=\"noopener noreferrer\">Guia del professorat<\/a><\/td>\n<\/tr>\n<\/tbody>\n<\/table>\n","protected":false},"excerpt":{"rendered":"<p>&nbsp;<\/p>\n<p>La Tordera: un recurs educatiu a l&#8217;abast<\/p>\n<p>Material que t\u00e9 com a objectiu facilitar l&#8217;estudi de la Tordera i per tant apropar aquest riu a l&#8217;alumnat de la zona. Est\u00e0 pensat per treballar en tres moments diferents:<\/p>\n<ol>\n<li>Abans de la sortida: amb material de consulta i fitxes&hellip;  <a href=\"https:\/\/serveiseducatius.xtec.cat\/altmaresme\/maletes-pedagogiques-de-natura\/\" title=\"Read Maletes pedag\u00f2giques de Natura\">Llegeix m\u00e9s\u00bb<\/a><br \/>\n","protected":false},"author":44,"featured_media":0,"parent":0,"menu_order":0,"comment_status":"closed","ping_status":"closed","template":"","meta":{"_bbp_topic_count":0,"_bbp_reply_count":0,"_bbp_total_topic_count":0,"_bbp_total_reply_count":0,"_bbp_voice_count":0,"_bbp_anonymous_reply_count":0,"_bbp_topic_count_hidden":0,"_bbp_reply_count_hidden":0,"_bbp_forum_subforum_count":0,"footnotes":""},"class_list":["post-9629","page","type-page","status-publish","hentry"],"post_mailing_queue_ids":[],"_links":{"self":[{"href":"https:\/\/serveiseducatius.xtec.cat\/altmaresme\/wp-json\/wp\/v2\/pages\/9629","targetHints":{"allow":["GET"]}}],"collection":[{"href":"https:\/\/serveiseducatius.xtec.cat\/altmaresme\/wp-json\/wp\/v2\/pages"}],"about":[{"href":"https:\/\/serveiseducatius.xtec.cat\/altmaresme\/wp-json\/wp\/v2\/types\/page"}],"author":[{"embeddable":true,"href":"https:\/\/serveiseducatius.xtec.cat\/altmaresme\/wp-json\/wp\/v2\/users\/44"}],"replies":[{"embeddable":true,"href":"https:\/\/serveiseducatius.xtec.cat\/altmaresme\/wp-json\/wp\/v2\/comments?post=9629"}],"version-history":[{"count":5,"href":"https:\/\/serveiseducatius.xtec.cat\/altmaresme\/wp-json\/wp\/v2\/pages\/9629\/revisions"}],"predecessor-version":[{"id":15339,"href":"https:\/\/serveiseducatius.xtec.cat\/altmaresme\/wp-json\/wp\/v2\/pages\/9629\/revisions\/15339"}],"wp:attachment":[{"href":"https:\/\/serveiseducatius.xtec.cat\/altmaresme\/wp-json\/wp\/v2\/media?parent=9629"}],"curies":[{"name":"wp","href":"https:\/\/api.w.org\/{rel}","templated":true}]}}