{"id":9477,"date":"2017-03-28T13:39:25","date_gmt":"2017-03-28T11:39:25","guid":{"rendered":"http:\/\/serveiseducatius.xtec.cat\/altmaresme\/?page_id=9477"},"modified":"2022-04-19T00:57:12","modified_gmt":"2022-04-18T22:57:12","slug":"escola-adults","status":"publish","type":"page","link":"https:\/\/serveiseducatius.xtec.cat\/altmaresme\/comunitat\/orientacio\/escola-adults\/","title":{"rendered":"Formaci\u00f3 d&#8217;Adults"},"content":{"rendered":"<p>Cliqueu la imatge per poder veure un v\u00eddeo explicatiu de la preparaci\u00f3 a les proves d&#8217;acc\u00e9s al grau mitj\u00e0, superior o a la universitat.<\/p>\n<p><a href=\"https:\/\/youtu.be\/c4EiH7wU1Ms?t=1232\" target=\"_blank\" rel=\"noopener noreferrer\"><img loading=\"lazy\" decoding=\"async\" class=\"alignnone size-medium wp-image-14054\" src=\"https:\/\/serveiseducatius.xtec.cat\/altmaresme\/wp-content\/uploads\/usu1140\/2021\/04\/adults-300x242.png\" alt=\"\" width=\"300\" height=\"242\" srcset=\"https:\/\/serveiseducatius.xtec.cat\/altmaresme\/wp-content\/uploads\/usu1140\/2021\/04\/adults-300x242.png 300w, https:\/\/serveiseducatius.xtec.cat\/altmaresme\/wp-content\/uploads\/usu1140\/2021\/04\/adults.png 468w\" sizes=\"auto, (max-width: 300px) 100vw, 300px\" \/><\/a><\/p>\n<h3>Escoles d&#8217;adults a la nostra zona:<\/h3>\n<p><a href=\"http:\/\/www.arenysdemar.cat\/document.php?id=16490\" target=\"_blank\" rel=\"noopener noreferrer\">Escola d&#8217;Adults d&#8217; Arenys de Mar<\/a><\/p>\n<p><a href=\"http:\/\/www.arenysdemunt.cat\/servei.php?id=70\" target=\"_blank\" rel=\"noopener noreferrer\">Aula de Formaci\u00f3 d&#8217;Adults Arenys de Munt<\/a><\/p>\n<p><a href=\"http:\/\/canetdemar.cat\/fitxa.php?id=4445\" target=\"_blank\" rel=\"noopener noreferrer\">Escola d&#8217;Adults Maria Sau, Canet de Mar<\/a><\/p>\n<p><a href=\"http:\/\/www.calella.cat\/actualitat\/noticies\/El-Centre-de-Formacio-d-Adults-passara-a-dir-se-Centre-de-Formacio-Permanent-Francesc-Grau-i-Viader\" target=\"_blank\" rel=\"noopener noreferrer\">Centre de Formaci\u00f3 Permanent Francesc Grau i Viader, Calella<\/a><\/p>\n<p><a href=\"https:\/\/escolaadultsnatura.wordpress.com\/\" target=\"_blank\" rel=\"noopener noreferrer\">Escola d&#8217;Adults Natura, Pineda de Mar<\/a><\/p>\n<p><a href=\"https:\/\/www.ajmalgrat.cat\/ajuntament-seu-electronica\/ajuntament-1\/regidories\/formacio-dadults\" target=\"_blank\" rel=\"noopener noreferrer\">Escola d&#8217;Adults de Malgrat de Mar<\/a><\/p>\n<p><a href=\"https:\/\/www.palafolls.cat\/pl35\/ajuntament-seu-electronica\/serveis-i-tramits\/serveis\/id9\/escola-d-adults.htm\" target=\"_blank\" rel=\"noopener noreferrer\">EDAP, Escola d&#8217;Adults de Palafolls<\/a><\/p>\n<p><a href=\"http:\/\/www.tordera.cat\/document.php?id=1340\" target=\"_blank\" rel=\"noopener noreferrer\">Escola d&#8217;Adults Renaixen\u00e7a, Tordera<\/a><\/p>\n<p style=\"text-align: center;\">\n","protected":false},"excerpt":{"rendered":"<p>Cliqueu la imatge per poder veure un v\u00eddeo explicatiu de la preparaci\u00f3 a les proves d&#8217;acc\u00e9s al grau mitj\u00e0, superior o a la universitat.<br \/>\n<a href=\"https:\/\/youtu.be\/c4EiH7wU1Ms?t=1232\" target=\"_blank\" rel=\"noopener noreferrer\"><\/a><br \/>\nEscoles d&#8217;adults a la nostra zona:<br \/>\n<a href=\"http:\/\/www.arenysdemar.cat\/document.php?id=16490\" target=\"_blank\" rel=\"noopener noreferrer\">Escola d&#8217;Adults d&#8217; Arenys de Mar<\/a><br \/>\n<a href=\"http:\/\/www.arenysdemunt.cat\/servei.php?id=70\" target=\"_blank\" rel=\"noopener&hellip;  <a href=\"https:\/\/serveiseducatius.xtec.cat\/altmaresme\/comunitat\/orientacio\/escola-adults\/\" title=\"Read Formaci\u00f3 d&#8217;Adults\">Llegeix m\u00e9s\u00bb<\/a><\/p>\n","protected":false},"author":7,"featured_media":0,"parent":9381,"menu_order":4,"comment_status":"closed","ping_status":"closed","template":"page-templates\/side-menu.php","meta":{"_bbp_topic_count":0,"_bbp_reply_count":0,"_bbp_total_topic_count":0,"_bbp_total_reply_count":0,"_bbp_voice_count":0,"_bbp_anonymous_reply_count":0,"_bbp_topic_count_hidden":0,"_bbp_reply_count_hidden":0,"_bbp_forum_subforum_count":0,"footnotes":""},"class_list":["post-9477","page","type-page","status-publish","hentry"],"post_mailing_queue_ids":[],"_links":{"self":[{"href":"https:\/\/serveiseducatius.xtec.cat\/altmaresme\/wp-json\/wp\/v2\/pages\/9477","targetHints":{"allow":["GET"]}}],"collection":[{"href":"https:\/\/serveiseducatius.xtec.cat\/altmaresme\/wp-json\/wp\/v2\/pages"}],"about":[{"href":"https:\/\/serveiseducatius.xtec.cat\/altmaresme\/wp-json\/wp\/v2\/types\/page"}],"author":[{"embeddable":true,"href":"https:\/\/serveiseducatius.xtec.cat\/altmaresme\/wp-json\/wp\/v2\/users\/7"}],"replies":[{"embeddable":true,"href":"https:\/\/serveiseducatius.xtec.cat\/altmaresme\/wp-json\/wp\/v2\/comments?post=9477"}],"version-history":[{"count":6,"href":"https:\/\/serveiseducatius.xtec.cat\/altmaresme\/wp-json\/wp\/v2\/pages\/9477\/revisions"}],"predecessor-version":[{"id":16237,"href":"https:\/\/serveiseducatius.xtec.cat\/altmaresme\/wp-json\/wp\/v2\/pages\/9477\/revisions\/16237"}],"up":[{"embeddable":true,"href":"https:\/\/serveiseducatius.xtec.cat\/altmaresme\/wp-json\/wp\/v2\/pages\/9381"}],"wp:attachment":[{"href":"https:\/\/serveiseducatius.xtec.cat\/altmaresme\/wp-json\/wp\/v2\/media?parent=9477"}],"curies":[{"name":"wp","href":"https:\/\/api.w.org\/{rel}","templated":true}]}}