{"id":9381,"date":"2017-03-16T17:19:48","date_gmt":"2017-03-16T16:19:48","guid":{"rendered":"http:\/\/serveiseducatius.xtec.cat\/altmaresme\/?page_id=9381"},"modified":"2021-04-19T10:17:18","modified_gmt":"2021-04-19T08:17:18","slug":"orientacio","status":"publish","type":"page","link":"https:\/\/serveiseducatius.xtec.cat\/altmaresme\/comunitat\/orientacio\/","title":{"rendered":"ORIENTACI\u00d3"},"content":{"rendered":"<p style=\"text-align: justify;\"><a href=\"http:\/\/serveiseducatius.xtec.cat\/altmaresme\/wp-content\/uploads\/usu1140\/2017\/03\/qqq.png\"><img loading=\"lazy\" decoding=\"async\" class=\"aligncenter wp-image-9474 size-full\" src=\"http:\/\/serveiseducatius.xtec.cat\/altmaresme\/wp-content\/uploads\/usu1140\/2017\/03\/qqq.png\" alt=\"qqq\" width=\"795\" height=\"791\" srcset=\"https:\/\/serveiseducatius.xtec.cat\/altmaresme\/wp-content\/uploads\/usu1140\/2017\/03\/qqq.png 795w, https:\/\/serveiseducatius.xtec.cat\/altmaresme\/wp-content\/uploads\/usu1140\/2017\/03\/qqq-150x150.png 150w, https:\/\/serveiseducatius.xtec.cat\/altmaresme\/wp-content\/uploads\/usu1140\/2017\/03\/qqq-300x298.png 300w, https:\/\/serveiseducatius.xtec.cat\/altmaresme\/wp-content\/uploads\/usu1140\/2017\/03\/qqq-768x764.png 768w\" sizes=\"auto, (max-width: 795px) 100vw, 795px\" \/><\/a><\/p>\n<p style=\"text-align: left;\"><a href=\"http:\/\/serveiseducatius.xtec.cat\/altmaresme\/wp-content\/uploads\/usu1140\/2017\/03\/www.png\"><img loading=\"lazy\" decoding=\"async\" class=\"aligncenter wp-image-9473 size-large\" src=\"http:\/\/serveiseducatius.xtec.cat\/altmaresme\/wp-content\/uploads\/usu1140\/2017\/03\/www-1024x712.png\" alt=\"www\" width=\"1024\" height=\"712\" srcset=\"https:\/\/serveiseducatius.xtec.cat\/altmaresme\/wp-content\/uploads\/usu1140\/2017\/03\/www-1024x712.png 1024w, https:\/\/serveiseducatius.xtec.cat\/altmaresme\/wp-content\/uploads\/usu1140\/2017\/03\/www-300x208.png 300w, https:\/\/serveiseducatius.xtec.cat\/altmaresme\/wp-content\/uploads\/usu1140\/2017\/03\/www-768x534.png 768w, https:\/\/serveiseducatius.xtec.cat\/altmaresme\/wp-content\/uploads\/usu1140\/2017\/03\/www.png 1111w\" sizes=\"auto, (max-width: 1024px) 100vw, 1024px\" \/><\/a><\/p>\n<p><strong>RECURSOS<\/strong><\/p>\n<p>\u2022 <a href=\"http:\/\/queestudiar.gencat.cat\/ca\/orientacio\/\" target=\"_blank\" rel=\"noopener noreferrer\"><strong>Gencat.cat<\/strong><\/a>: Estudiar a Catalunya<\/p>\n<p>\u2022 <a href=\"http:\/\/queestudiar.gencat.cat\/ca\/orientacio\/joves\/\" target=\"_blank\" rel=\"noopener noreferrer\"><strong>Gencat.cat<\/strong><\/a>: Joves<\/p>\n<p>\u2022 Espai web <a href=\"http:\/\/xtec.gencat.cat\/ca\/curriculum\/orientacioeducativa\/\" target=\"_blank\" rel=\"noopener noreferrer\"><strong>XTEC<\/strong><\/a>: Orientaci\u00f3 educativa<\/p>\n<p>\u2022 Espai web de la <a href=\"http:\/\/www.diba.cat\/web\/educacio\/orientacio\/maleta\/maleta-activitats\" target=\"_blank\" rel=\"noopener noreferrer\"><strong>Diputaci\u00f3 de Barcelona<\/strong><\/a>: Orienta\u2019t en fam\u00edlia<\/p>\n<p>\u2022 <a href=\"https:\/\/ioc.xtec.cat\/educacio\/cicles-formatius\" target=\"_blank\" rel=\"noopener noreferrer\"><strong>Institut Obert de Catalunya<\/strong><\/a><\/p>\n<p>\u2022 <a href=\"http:\/\/www.firagirona.com\/fira\/expojove\/\" target=\"_blank\" rel=\"noopener noreferrer\"><strong>Expojove Girona<\/strong><\/a><\/p>\n<p>\u2022 <a href=\"http:\/\/orientamari.blogspot.com.es\/2016\/11\/my-way-pass.html\" target=\"_blank\" rel=\"noopener noreferrer\"><strong>My Way Pass<\/strong><\/a> \u00e9s una plataforma online gratu\u00efta, dissenyada per orientar alumnes de secund\u00e0ria, tutors\/es i fam\u00edlies.<\/p>\n","protected":false},"excerpt":{"rendered":"<p><a href=\"http:\/\/serveiseducatius.xtec.cat\/altmaresme\/wp-content\/uploads\/usu1140\/2017\/03\/qqq.png\"><\/a><br \/>\n<a href=\"http:\/\/serveiseducatius.xtec.cat\/altmaresme\/wp-content\/uploads\/usu1140\/2017\/03\/www.png\"><\/a><br \/>\nRECURSOS<br \/>\n\u2022 <a href=\"http:\/\/queestudiar.gencat.cat\/ca\/orientacio\/\" target=\"_blank\" rel=\"noopener noreferrer\">Gencat.cat<\/a>: Estudiar a Catalunya<br \/>\n\u2022 <a href=\"http:\/\/queestudiar.gencat.cat\/ca\/orientacio\/joves\/\" target=\"_blank\" rel=\"noopener noreferrer\">Gencat.cat<\/a>: Joves<br \/>\n\u2022 Espai web <a href=\"http:\/\/xtec.gencat.cat\/ca\/curriculum\/orientacioeducativa\/\" target=\"_blank\" rel=\"noopener noreferrer\">XTEC<\/a>: Orientaci\u00f3 educativa<br \/>\n\u2022 Espai web de la <a href=\"http:\/\/www.diba.cat\/web\/educacio\/orientacio\/maleta\/maleta-activitats\" target=\"_blank\" rel=\"noopener noreferrer\">Diputaci\u00f3 de Barcelona<\/a>: Orienta\u2019t en fam\u00edlia<br \/>\n\u2022 <a href=\"https:\/\/ioc.xtec.cat\/educacio\/cicles-formatius\" target=\"_blank\" rel=\"noopener noreferrer\">Institut&hellip;  <a href=\"https:\/\/serveiseducatius.xtec.cat\/altmaresme\/comunitat\/orientacio\/\" title=\"Read ORIENTACI\u00d3\">Llegeix m\u00e9s\u00bb<\/a><\/p>\n","protected":false},"author":7,"featured_media":0,"parent":341,"menu_order":0,"comment_status":"closed","ping_status":"closed","template":"page-templates\/side-menu.php","meta":{"_bbp_topic_count":0,"_bbp_reply_count":0,"_bbp_total_topic_count":0,"_bbp_total_reply_count":0,"_bbp_voice_count":0,"_bbp_anonymous_reply_count":0,"_bbp_topic_count_hidden":0,"_bbp_reply_count_hidden":0,"_bbp_forum_subforum_count":0,"footnotes":""},"class_list":["post-9381","page","type-page","status-publish","hentry"],"post_mailing_queue_ids":[],"_links":{"self":[{"href":"https:\/\/serveiseducatius.xtec.cat\/altmaresme\/wp-json\/wp\/v2\/pages\/9381","targetHints":{"allow":["GET"]}}],"collection":[{"href":"https:\/\/serveiseducatius.xtec.cat\/altmaresme\/wp-json\/wp\/v2\/pages"}],"about":[{"href":"https:\/\/serveiseducatius.xtec.cat\/altmaresme\/wp-json\/wp\/v2\/types\/page"}],"author":[{"embeddable":true,"href":"https:\/\/serveiseducatius.xtec.cat\/altmaresme\/wp-json\/wp\/v2\/users\/7"}],"replies":[{"embeddable":true,"href":"https:\/\/serveiseducatius.xtec.cat\/altmaresme\/wp-json\/wp\/v2\/comments?post=9381"}],"version-history":[{"count":7,"href":"https:\/\/serveiseducatius.xtec.cat\/altmaresme\/wp-json\/wp\/v2\/pages\/9381\/revisions"}],"predecessor-version":[{"id":13897,"href":"https:\/\/serveiseducatius.xtec.cat\/altmaresme\/wp-json\/wp\/v2\/pages\/9381\/revisions\/13897"}],"up":[{"embeddable":true,"href":"https:\/\/serveiseducatius.xtec.cat\/altmaresme\/wp-json\/wp\/v2\/pages\/341"}],"wp:attachment":[{"href":"https:\/\/serveiseducatius.xtec.cat\/altmaresme\/wp-json\/wp\/v2\/media?parent=9381"}],"curies":[{"name":"wp","href":"https:\/\/api.w.org\/{rel}","templated":true}]}}