{"id":9,"date":"2020-11-27T12:40:01","date_gmt":"2020-11-27T11:40:01","guid":{"rendered":"http:\/\/serveiseducatius.xtec.cat\/altmaresme\/?page_id=9"},"modified":"2023-11-23T09:07:29","modified_gmt":"2023-11-23T08:07:29","slug":"pagina-dinici-buida","status":"publish","type":"page","link":"https:\/\/serveiseducatius.xtec.cat\/altmaresme\/","title":{"rendered":"Servei educatiu Alt Maresme"},"content":{"rendered":"<table style=\"border-collapse: collapse; width: 100%;\">\n<tbody>\n<tr>\n<td style=\"width: 29.6441%; text-align: center;\"><span style=\"font-weight: 400;\">Plantilla digital per programar situacions d\u2019aprenentatge (creades pel <a href=\"https:\/\/serveiseducatius.xtec.cat\/urgell\/general\/programar-una-situacio-daprenentatge-primaria\/\">SE de l&#8217;Urgell<\/a>)<\/span><\/p>\n<p><a href=\"https:\/\/docs.google.com\/spreadsheets\/d\/1hng1s7s1foLsOm3I5dQMVjV6LHd9kuVZeOAJitffmPY\/template\/preview\"><span style=\"font-weight: 400;\">Plantilla SdA infantil<\/span><\/a><\/p>\n<p><a href=\"https:\/\/docs.google.com\/spreadsheets\/d\/1CneWJSMfG68aicSw2grkUP8iTuT5OoITTaA4H_uiESE\/template\/preview\"><span style=\"font-weight: 400;\">Plantilla SdA PRIM\u00c0RIA<\/span><\/a><\/p>\n<p><a href=\"https:\/\/docs.google.com\/spreadsheets\/d\/1_5izqNTV7XeDDRwS0kNaHCksHhifiTLrh987btfu5cU\/template\/preview\"><span style=\"font-weight: 400;\">Plantilla SdA ESO<\/span><\/a><\/td>\n<td style=\"width: 43.4649%;\"><a href=\"https:\/\/projectes.xtec.cat\/nou-curriculum\/\"><img loading=\"lazy\" decoding=\"async\" class=\"alignnone wp-image-16508 aligncenter\" src=\"https:\/\/serveiseducatius.xtec.cat\/altmaresme\/wp-content\/uploads\/usu1140\/2022\/06\/noucurriculum.png\" alt=\"\" width=\"405\" height=\"107\" srcset=\"https:\/\/serveiseducatius.xtec.cat\/altmaresme\/wp-content\/uploads\/usu1140\/2022\/06\/noucurriculum.png 422w, https:\/\/serveiseducatius.xtec.cat\/altmaresme\/wp-content\/uploads\/usu1140\/2022\/06\/noucurriculum-300x79.png 300w\" sizes=\"auto, (max-width: 405px) 100vw, 405px\" \/><\/a><\/td>\n<td style=\"width: 26.891%; text-align: center;\">&nbsp;<\/p>\n<p><a href=\"https:\/\/serveiseducatius.xtec.cat\/altmaresme\/index-del-curriculum\/\">\u00cdndex de les \u00e0rees i mat\u00e8ries del\u00a0<\/a><a href=\"https:\/\/serveiseducatius.xtec.cat\/altmaresme\/index-del-curriculum\/\">curr\u00edculum<\/a><\/p>\n<p><a href=\"https:\/\/sites.google.com\/xtec.cat\/curriculumbasica\/p%C3%A0gina-principal\">Els nous decrets del Curr\u00edculum LOMLOE en forma de SITES<\/a><\/td>\n<\/tr>\n<\/tbody>\n<\/table>\n<p style=\"text-align: center;\">\n","protected":false},"excerpt":{"rendered":"<p>Plantilla digital per programar situacions d\u2019aprenentatge (creades pel <a href=\"https:\/\/serveiseducatius.xtec.cat\/urgell\/general\/programar-una-situacio-daprenentatge-primaria\/\">SE de l&#8217;Urgell<\/a>)<br \/>\n<a href=\"https:\/\/docs.google.com\/spreadsheets\/d\/1hng1s7s1foLsOm3I5dQMVjV6LHd9kuVZeOAJitffmPY\/template\/preview\">Plantilla SdA infantil<\/a><br \/>\n<a href=\"https:\/\/docs.google.com\/spreadsheets\/d\/1CneWJSMfG68aicSw2grkUP8iTuT5OoITTaA4H_uiESE\/template\/preview\">Plantilla SdA PRIM\u00c0RIA<\/a><br \/>\n<a href=\"https:\/\/docs.google.com\/spreadsheets\/d\/1_5izqNTV7XeDDRwS0kNaHCksHhifiTLrh987btfu5cU\/template\/preview\">Plantilla SdA ESO<\/a><br \/>\n<a href=\"https:\/\/projectes.xtec.cat\/nou-curriculum\/\"><\/a><br \/>\n&nbsp;<br \/>\n<a href=\"https:\/\/serveiseducatius.xtec.cat\/altmaresme\/index-del-curriculum\/\">\u00cdndex de les \u00e0rees i mat\u00e8ries del\u00a0<\/a><a href=\"https:\/\/serveiseducatius.xtec.cat\/altmaresme\/index-del-curriculum\/\">curr\u00edculum<\/a><br \/>\n<a href=\"https:\/\/sites.google.com\/xtec.cat\/curriculumbasica\/p%C3%A0gina-principal\">Els nous decrets del Curr\u00edculum LOMLOE en forma de SITES<\/a><\/p>\n","protected":false},"author":1,"featured_media":0,"parent":0,"menu_order":0,"comment_status":"closed","ping_status":"closed","template":"","meta":{"_bbp_topic_count":0,"_bbp_reply_count":0,"_bbp_total_topic_count":0,"_bbp_total_reply_count":0,"_bbp_voice_count":0,"_bbp_anonymous_reply_count":0,"_bbp_topic_count_hidden":0,"_bbp_reply_count_hidden":0,"_bbp_forum_subforum_count":0,"footnotes":""},"class_list":["post-9","page","type-page","status-publish","hentry"],"post_mailing_queue_ids":[],"_links":{"self":[{"href":"https:\/\/serveiseducatius.xtec.cat\/altmaresme\/wp-json\/wp\/v2\/pages\/9","targetHints":{"allow":["GET"]}}],"collection":[{"href":"https:\/\/serveiseducatius.xtec.cat\/altmaresme\/wp-json\/wp\/v2\/pages"}],"about":[{"href":"https:\/\/serveiseducatius.xtec.cat\/altmaresme\/wp-json\/wp\/v2\/types\/page"}],"author":[{"embeddable":true,"href":"https:\/\/serveiseducatius.xtec.cat\/altmaresme\/wp-json\/wp\/v2\/users\/1"}],"replies":[{"embeddable":true,"href":"https:\/\/serveiseducatius.xtec.cat\/altmaresme\/wp-json\/wp\/v2\/comments?post=9"}],"version-history":[{"count":5,"href":"https:\/\/serveiseducatius.xtec.cat\/altmaresme\/wp-json\/wp\/v2\/pages\/9\/revisions"}],"predecessor-version":[{"id":17729,"href":"https:\/\/serveiseducatius.xtec.cat\/altmaresme\/wp-json\/wp\/v2\/pages\/9\/revisions\/17729"}],"wp:attachment":[{"href":"https:\/\/serveiseducatius.xtec.cat\/altmaresme\/wp-json\/wp\/v2\/media?parent=9"}],"curies":[{"name":"wp","href":"https:\/\/api.w.org\/{rel}","templated":true}]}}