{"id":8280,"date":"2016-04-06T11:40:38","date_gmt":"2016-04-06T10:40:38","guid":{"rendered":"http:\/\/serveiseducatius.xtec.cat\/altmaresme\/?page_id=8280"},"modified":"2020-06-14T21:15:15","modified_gmt":"2020-06-14T19:15:15","slug":"taller-a-centre","status":"publish","type":"page","link":"https:\/\/serveiseducatius.xtec.cat\/altmaresme\/formacio-2\/modalitats-de-formacio\/taller-a-centre\/","title":{"rendered":"Taller a centre"},"content":{"rendered":"<p>Modalitat formativa de car\u00e0cter concret i pr\u00e0ctic orientat a la millora d&#8217;alguna compet\u00e8ncia professional del professorat.<\/p>\n<p>S&#8217;adre\u00e7a a la majoria del claustre o a un col.lectiu d&#8217;un centre.<\/p>\n<p>Requereix el comprom\u00eds del centre de fer un treball de seguiment intern sobre la transfer\u00e8ncia a l&#8217;aula del contingut de la formaci\u00f3 i la seva contribuci\u00f3 a la millora dels resultats.<\/p>\n<p>Podeu consultar els tallers a centre de la vostra zona:<\/p>\n<p><iframe loading=\"lazy\" src=\"https:\/\/aplicacions.gestioeducativa.gencat.cat\/pls\/soloas\/pk_for_mod_ins.p_for_cons_activitats?p_header=&amp;p_crp=A10&amp;p_any=2019-2020&amp;p_modalitat=14&amp;p_totes=S&amp;p_totes=S&amp;p_excloure_crp_rec=T&amp;p_inici=1\" width=\"100%\" height=\"800px\"><\/iframe><\/p>\n","protected":false},"excerpt":{"rendered":"<p>Modalitat formativa de car\u00e0cter concret i pr\u00e0ctic orientat a la millora d&#8217;alguna compet\u00e8ncia professional del professorat.<br \/>\nS&#8217;adre\u00e7a a la majoria del claustre o a un col.lectiu d&#8217;un centre.<br \/>\nRequereix el comprom\u00eds del centre de fer un treball de seguiment intern sobre la transfer\u00e8ncia a l&#8217;aula del contingut&hellip;  <a href=\"https:\/\/serveiseducatius.xtec.cat\/altmaresme\/formacio-2\/modalitats-de-formacio\/taller-a-centre\/\" title=\"Read Taller a centre\">Llegeix m\u00e9s\u00bb<\/a><\/p>\n","protected":false},"author":7,"featured_media":0,"parent":11833,"menu_order":19,"comment_status":"closed","ping_status":"closed","template":"page-templates\/side-menu.php","meta":{"_bbp_topic_count":0,"_bbp_reply_count":0,"_bbp_total_topic_count":0,"_bbp_total_reply_count":0,"_bbp_voice_count":0,"_bbp_anonymous_reply_count":0,"_bbp_topic_count_hidden":0,"_bbp_reply_count_hidden":0,"_bbp_forum_subforum_count":0,"footnotes":""},"class_list":["post-8280","page","type-page","status-publish","hentry"],"post_mailing_queue_ids":[],"_links":{"self":[{"href":"https:\/\/serveiseducatius.xtec.cat\/altmaresme\/wp-json\/wp\/v2\/pages\/8280","targetHints":{"allow":["GET"]}}],"collection":[{"href":"https:\/\/serveiseducatius.xtec.cat\/altmaresme\/wp-json\/wp\/v2\/pages"}],"about":[{"href":"https:\/\/serveiseducatius.xtec.cat\/altmaresme\/wp-json\/wp\/v2\/types\/page"}],"author":[{"embeddable":true,"href":"https:\/\/serveiseducatius.xtec.cat\/altmaresme\/wp-json\/wp\/v2\/users\/7"}],"replies":[{"embeddable":true,"href":"https:\/\/serveiseducatius.xtec.cat\/altmaresme\/wp-json\/wp\/v2\/comments?post=8280"}],"version-history":[{"count":3,"href":"https:\/\/serveiseducatius.xtec.cat\/altmaresme\/wp-json\/wp\/v2\/pages\/8280\/revisions"}],"predecessor-version":[{"id":12968,"href":"https:\/\/serveiseducatius.xtec.cat\/altmaresme\/wp-json\/wp\/v2\/pages\/8280\/revisions\/12968"}],"up":[{"embeddable":true,"href":"https:\/\/serveiseducatius.xtec.cat\/altmaresme\/wp-json\/wp\/v2\/pages\/11833"}],"wp:attachment":[{"href":"https:\/\/serveiseducatius.xtec.cat\/altmaresme\/wp-json\/wp\/v2\/media?parent=8280"}],"curies":[{"name":"wp","href":"https:\/\/api.w.org\/{rel}","templated":true}]}}