{"id":8276,"date":"2016-04-06T11:13:04","date_gmt":"2016-04-06T10:13:04","guid":{"rendered":"http:\/\/serveiseducatius.xtec.cat\/altmaresme\/?page_id=8276"},"modified":"2020-02-04T00:49:44","modified_gmt":"2020-02-03T23:49:44","slug":"seminari-de-coordinacio","status":"publish","type":"page","link":"https:\/\/serveiseducatius.xtec.cat\/altmaresme\/formacio-2\/modalitats-de-formacio\/seminari-de-coordinacio\/","title":{"rendered":"Seminari de Coordinaci\u00f3"},"content":{"rendered":"<p>\u00c9s una modalitat per compartir i intercanviar projectes entre professorat de diferents centres, d&#8217;etapes consecutives (infantil-prim\u00e0ria; prim\u00e0ria-secund\u00e0ria) o d&#8217;una mateixa etapa.<\/p>\n<p>Les tem\u00e0tiques poden ser generals, d&#8217;especialitat, d&#8217;\u00e0rea, per c\u00e0rrec.<\/p>\n<p>T\u00e9 un format presencial d&#8217;una durada m\u00ednima de 15 hores, amb dues terceres parts com a m\u00ednim presencials i la resta de treball aut\u00f2nom.<\/p>\n<p>Podeu consultar els seminaris de coordinaci\u00f3 que estan fent a la vostra zona:<\/p>\n<p><iframe loading=\"lazy\" src=\"https:\/\/aplicacions.gestioeducativa.gencat.cat\/pls\/soloas\/pk_for_mod_ins.p_for_cons_activitats?p_header=Selecci%F3^pk_for_mod_ins.p_for_form_cons_act?p_excloure_crp_rec=F&amp;p_crp=A10&amp;p_crp_txt=Maresme+II.+Pineda+de+Mar&amp;p_modalitat=21,24,26&amp;p_totes=S&amp;p_inici=1&amp;p_excloure_crp_rec=F\" width=\"100%\" height=\"800px\"><\/iframe><\/p>\n","protected":false},"excerpt":{"rendered":"<p>\u00c9s una modalitat per compartir i intercanviar projectes entre professorat de diferents centres, d&#8217;etapes consecutives (infantil-prim\u00e0ria; prim\u00e0ria-secund\u00e0ria) o d&#8217;una mateixa etapa.<br \/>\nLes tem\u00e0tiques poden ser generals, d&#8217;especialitat, d&#8217;\u00e0rea, per c\u00e0rrec.<br \/>\nT\u00e9 un format presencial d&#8217;una durada m\u00ednima de 15 hores, amb dues terceres parts com a m\u00ednim&hellip;  <a href=\"https:\/\/serveiseducatius.xtec.cat\/altmaresme\/formacio-2\/modalitats-de-formacio\/seminari-de-coordinacio\/\" title=\"Read Seminari de Coordinaci\u00f3\">Llegeix m\u00e9s\u00bb<\/a><\/p>\n","protected":false},"author":7,"featured_media":0,"parent":11833,"menu_order":17,"comment_status":"closed","ping_status":"closed","template":"page-templates\/side-menu.php","meta":{"_bbp_topic_count":0,"_bbp_reply_count":0,"_bbp_total_topic_count":0,"_bbp_total_reply_count":0,"_bbp_voice_count":0,"_bbp_anonymous_reply_count":0,"_bbp_topic_count_hidden":0,"_bbp_reply_count_hidden":0,"_bbp_forum_subforum_count":0,"footnotes":""},"class_list":["post-8276","page","type-page","status-publish","hentry"],"post_mailing_queue_ids":[],"_links":{"self":[{"href":"https:\/\/serveiseducatius.xtec.cat\/altmaresme\/wp-json\/wp\/v2\/pages\/8276","targetHints":{"allow":["GET"]}}],"collection":[{"href":"https:\/\/serveiseducatius.xtec.cat\/altmaresme\/wp-json\/wp\/v2\/pages"}],"about":[{"href":"https:\/\/serveiseducatius.xtec.cat\/altmaresme\/wp-json\/wp\/v2\/types\/page"}],"author":[{"embeddable":true,"href":"https:\/\/serveiseducatius.xtec.cat\/altmaresme\/wp-json\/wp\/v2\/users\/7"}],"replies":[{"embeddable":true,"href":"https:\/\/serveiseducatius.xtec.cat\/altmaresme\/wp-json\/wp\/v2\/comments?post=8276"}],"version-history":[{"count":3,"href":"https:\/\/serveiseducatius.xtec.cat\/altmaresme\/wp-json\/wp\/v2\/pages\/8276\/revisions"}],"predecessor-version":[{"id":11836,"href":"https:\/\/serveiseducatius.xtec.cat\/altmaresme\/wp-json\/wp\/v2\/pages\/8276\/revisions\/11836"}],"up":[{"embeddable":true,"href":"https:\/\/serveiseducatius.xtec.cat\/altmaresme\/wp-json\/wp\/v2\/pages\/11833"}],"wp:attachment":[{"href":"https:\/\/serveiseducatius.xtec.cat\/altmaresme\/wp-json\/wp\/v2\/media?parent=8276"}],"curies":[{"name":"wp","href":"https:\/\/api.w.org\/{rel}","templated":true}]}}