{"id":608,"date":"2015-11-27T10:04:51","date_gmt":"2015-11-27T09:04:51","guid":{"rendered":"http:\/\/serveiseducatius.xtec.cat\/altmaresme\/?page_id=608"},"modified":"2023-09-13T15:08:27","modified_gmt":"2023-09-13T13:08:27","slug":"horari-i-calendari","status":"publish","type":"page","link":"https:\/\/serveiseducatius.xtec.cat\/altmaresme\/equip\/horari-i-calendari\/","title":{"rendered":"Horari i calendari"},"content":{"rendered":"<p>L&#8217;horari que el servei fa atenci\u00f3 al p\u00fablic \u00e9s de dilluns a divendres<\/p>\n<ul>\n<li>Mat\u00ed: de<strong> 9<\/strong> a <strong>14 <\/strong>h<\/li>\n<li>Tardes de dilluns a dijous: de<strong> 15<\/strong> a <strong>17,30<\/strong>\u00a0h<\/li>\n<li>Tarda de divendres<strong>, <\/strong>nom\u00e9s amb cita pr\u00e8via que <a href=\"https:\/\/docs.google.com\/forms\/d\/e\/1FAIpQLSfCDm4pBSJ-sCZu01NqIaLynSK0c53oH6slob-9t9X6UWDDlQ\/viewform?usp=sf_link\">podeu sol\u00b7licitar a aquest q\u00fcestionari.<\/a><\/li>\n<\/ul>\n<p>Els dies d&#8217;horari intensiu, de <strong>9<\/strong> a <strong>15<\/strong>\u00a0h segons calendari<\/p>\n<p>El nostre servei educatiu romandr\u00e0 tancat al p\u00fablic, a part dels per\u00edodes de vacances escolars i dels dies de festes laborals oficials a Catalunya, els dies de festa local i de lliure disposici\u00f3 acordats pel Consell Escolar Municipal de Pineda de Mar.<\/p>\n","protected":false},"excerpt":{"rendered":"<p>L&#8217;horari que el servei fa atenci\u00f3 al p\u00fablic \u00e9s de dilluns a divendres<\/p>\n<ul>\n<li>Mat\u00ed: de 9 a 14 h<\/li>\n<li>Tardes de dilluns a dijous: de 15 a 17,30\u00a0h<\/li>\n<li>Tarda de divendres, nom\u00e9s amb cita pr\u00e8via que <a href=\"https:\/\/docs.google.com\/forms\/d\/e\/1FAIpQLSfCDm4pBSJ-sCZu01NqIaLynSK0c53oH6slob-9t9X6UWDDlQ\/viewform?usp=sf_link\">podeu sol\u00b7licitar a aquest q\u00fcestionari.<\/a><\/li>\n<\/ul>\n<p>Els dies d&#8217;horari intensiu, de 9 a&hellip;  <a href=\"https:\/\/serveiseducatius.xtec.cat\/altmaresme\/equip\/horari-i-calendari\/\" title=\"Read Horari i calendari\">Llegeix m\u00e9s\u00bb<\/a><\/p>\n","protected":false},"author":1,"featured_media":0,"parent":806,"menu_order":30,"comment_status":"closed","ping_status":"closed","template":"page-templates\/side-menu.php","meta":{"_bbp_topic_count":0,"_bbp_reply_count":0,"_bbp_total_topic_count":0,"_bbp_total_reply_count":0,"_bbp_voice_count":0,"_bbp_anonymous_reply_count":0,"_bbp_topic_count_hidden":0,"_bbp_reply_count_hidden":0,"_bbp_forum_subforum_count":0,"footnotes":""},"class_list":["post-608","page","type-page","status-publish","hentry"],"post_mailing_queue_ids":[],"_links":{"self":[{"href":"https:\/\/serveiseducatius.xtec.cat\/altmaresme\/wp-json\/wp\/v2\/pages\/608","targetHints":{"allow":["GET"]}}],"collection":[{"href":"https:\/\/serveiseducatius.xtec.cat\/altmaresme\/wp-json\/wp\/v2\/pages"}],"about":[{"href":"https:\/\/serveiseducatius.xtec.cat\/altmaresme\/wp-json\/wp\/v2\/types\/page"}],"author":[{"embeddable":true,"href":"https:\/\/serveiseducatius.xtec.cat\/altmaresme\/wp-json\/wp\/v2\/users\/1"}],"replies":[{"embeddable":true,"href":"https:\/\/serveiseducatius.xtec.cat\/altmaresme\/wp-json\/wp\/v2\/comments?post=608"}],"version-history":[{"count":3,"href":"https:\/\/serveiseducatius.xtec.cat\/altmaresme\/wp-json\/wp\/v2\/pages\/608\/revisions"}],"predecessor-version":[{"id":17516,"href":"https:\/\/serveiseducatius.xtec.cat\/altmaresme\/wp-json\/wp\/v2\/pages\/608\/revisions\/17516"}],"up":[{"embeddable":true,"href":"https:\/\/serveiseducatius.xtec.cat\/altmaresme\/wp-json\/wp\/v2\/pages\/806"}],"wp:attachment":[{"href":"https:\/\/serveiseducatius.xtec.cat\/altmaresme\/wp-json\/wp\/v2\/media?parent=608"}],"curies":[{"name":"wp","href":"https:\/\/api.w.org\/{rel}","templated":true}]}}