{"id":548,"date":"2015-11-26T18:10:47","date_gmt":"2015-11-26T17:10:47","guid":{"rendered":"http:\/\/serveiseducatius.xtec.cat\/altmaresme\/?page_id=548"},"modified":"2021-03-02T13:31:33","modified_gmt":"2021-03-02T12:31:33","slug":"zona-formadors","status":"publish","type":"page","link":"https:\/\/serveiseducatius.xtec.cat\/altmaresme\/formacio-2\/pfz-2\/zona-formadors\/","title":{"rendered":"Zona formadors"},"content":{"rendered":"<p>Com a persona formadora podeu accedir a la gesti\u00f3 de les activitats des de la p\u00e0gina web \u00a0 <a href=\"https:\/\/aplicacions.gestioeducativa.gencat.cat\/pls\/gtaf\/inici\">https:\/\/aplicacions.gestioeducativa.gencat.cat\/pls\/gtaf\/inici<\/a><\/p>\n<p>L\u2019entorn <strong><em>Formadors\/es, col\u00b7laboradors, suport<\/em>\u00a0<\/strong> facilita l\u2019acc\u00e9s a l\u2019aplicaci\u00f3 GTAF.<\/p>\n<p>Quan se selecciona aquesta opci\u00f3, la pantalla mostra un quadre de di\u00e0leg on el formador\/a ha d\u2019introduir el seu <strong>nom d\u2019usuari i la contrasenya.<\/strong><\/p>\n<p>Si la persona \u00e9s usu\u00e0ria del correu electr\u00f2nic de la XTEC, el nom d\u2019usuari i la contrasenya s\u00f3n els mateixos que els del correu. En cas contrari, cal posar-se en contacte amb el CRP.<\/p>\n<p>Un cop l\u2019usuari s\u2019ha identificat, entra a la p\u00e0gina del men\u00fa principal dels formadors\/es, col\u00b7laboradors\/es i suport<\/p>\n<p>Si vas acabar una formaci\u00f3 i vols consultar l&#8217;estat del pagament pots:<\/p>\n<ol>\n<li>Si ets persona externa al Departament d&#8217;Educaci\u00f3 pots consultar l&#8217;estat del pagament a <a href=\"https:\/\/aplicacions.economia.gencat.cat\/ecofin_pced\/AppJava\/cepd\/creditor.do?reqCode=init&amp;set-locale=ca_ES\" target=\"_blank\" rel=\"noopener noreferrer\">aquest enlla\u00e7 de la web d&#8217;economia.<\/a><\/li>\n<li>Si ets funcionari des d&#8217;ATRI \/ Retribucions \/ N\u00f2mina \/ Dietes \/ Assist\u00e8ncia: consulta d&#8217;abonaments<\/li>\n<\/ol>\n<p>Per a qualsevol consulta, podeu\u00a0contactar amb el servei educatiu\u00a0de l&#8217;Alt Maresme mitjan\u00e7ant el correu electr\u00f2nic <strong>crp-pineda@xtec.cat<\/strong>\u00a0o trucant al tel\u00e8fon 93.762.50.04.<\/p>\n","protected":false},"excerpt":{"rendered":"<p>Com a persona formadora podeu accedir a la gesti\u00f3 de les activitats des de la p\u00e0gina web \u00a0 <a href=\"https:\/\/aplicacions.gestioeducativa.gencat.cat\/pls\/gtaf\/inici\">https:\/\/aplicacions.gestioeducativa.gencat.cat\/pls\/gtaf\/inici<\/a><br \/>\nL\u2019entorn Formadors\/es, col\u00b7laboradors, suport\u00a0 facilita l\u2019acc\u00e9s a l\u2019aplicaci\u00f3 GTAF.<br \/>\nQuan se selecciona aquesta opci\u00f3, la pantalla mostra un quadre de di\u00e0leg on el formador\/a ha d\u2019introduir el&hellip;  <a href=\"https:\/\/serveiseducatius.xtec.cat\/altmaresme\/formacio-2\/pfz-2\/zona-formadors\/\" title=\"Read Zona formadors\">Llegeix m\u00e9s\u00bb<\/a><\/p>\n","protected":false},"author":1,"featured_media":0,"parent":791,"menu_order":30,"comment_status":"closed","ping_status":"closed","template":"page-templates\/side-menu.php","meta":{"_bbp_topic_count":0,"_bbp_reply_count":0,"_bbp_total_topic_count":0,"_bbp_total_reply_count":0,"_bbp_voice_count":0,"_bbp_anonymous_reply_count":0,"_bbp_topic_count_hidden":0,"_bbp_reply_count_hidden":0,"_bbp_forum_subforum_count":0,"footnotes":""},"class_list":["post-548","page","type-page","status-publish","hentry"],"post_mailing_queue_ids":[],"_links":{"self":[{"href":"https:\/\/serveiseducatius.xtec.cat\/altmaresme\/wp-json\/wp\/v2\/pages\/548","targetHints":{"allow":["GET"]}}],"collection":[{"href":"https:\/\/serveiseducatius.xtec.cat\/altmaresme\/wp-json\/wp\/v2\/pages"}],"about":[{"href":"https:\/\/serveiseducatius.xtec.cat\/altmaresme\/wp-json\/wp\/v2\/types\/page"}],"author":[{"embeddable":true,"href":"https:\/\/serveiseducatius.xtec.cat\/altmaresme\/wp-json\/wp\/v2\/users\/1"}],"replies":[{"embeddable":true,"href":"https:\/\/serveiseducatius.xtec.cat\/altmaresme\/wp-json\/wp\/v2\/comments?post=548"}],"version-history":[{"count":4,"href":"https:\/\/serveiseducatius.xtec.cat\/altmaresme\/wp-json\/wp\/v2\/pages\/548\/revisions"}],"predecessor-version":[{"id":13700,"href":"https:\/\/serveiseducatius.xtec.cat\/altmaresme\/wp-json\/wp\/v2\/pages\/548\/revisions\/13700"}],"up":[{"embeddable":true,"href":"https:\/\/serveiseducatius.xtec.cat\/altmaresme\/wp-json\/wp\/v2\/pages\/791"}],"wp:attachment":[{"href":"https:\/\/serveiseducatius.xtec.cat\/altmaresme\/wp-json\/wp\/v2\/media?parent=548"}],"curies":[{"name":"wp","href":"https:\/\/api.w.org\/{rel}","templated":true}]}}