{"id":426,"date":"2015-11-25T16:25:57","date_gmt":"2015-11-25T15:25:57","guid":{"rendered":"http:\/\/serveiseducatius.xtec.cat\/altmaresme\/?page_id=426"},"modified":"2025-05-08T09:57:28","modified_gmt":"2025-05-08T07:57:28","slug":"deteccio-necessitats","status":"publish","type":"page","link":"https:\/\/serveiseducatius.xtec.cat\/altmaresme\/formacio-2\/pfz-2\/deteccio-necessitats\/","title":{"rendered":"Detecci\u00f3 de necessitats"},"content":{"rendered":"<h3>Pla de formaci\u00f3 de zona del curs 2025-26<\/h3>\n<p>Us recomanem que per aconseguir una formaci\u00f3 de millor qualitat i ajustada a les vostres necessitats feu un <strong>esfor\u00e7 especial en la definici\u00f3 dels objectius de millora que us plantegeu. <\/strong>Dins dels q\u00fcestionaris podreu trobar <a href=\"https:\/\/drive.google.com\/file\/d\/14ZgohIvdZ56EAnOeay9-9meFBuUF_Cil\/view?usp=share_link\">suport per una bona redacci\u00f3 dels mateixos<\/a>.<\/p>\n<p><span style=\"color: #008000;\"><strong>TERMINI: fins al 15 de maig\u00a0 <\/strong><\/span><\/p>\n<p><span style=\"color: #008000;\"><strong>Recordeu que haureu d&#8217;omplir una sol\u00b7licitud per cada proposta formativa i per accedir-hi cal tenir iniciada una sessi\u00f3 XTEC<\/strong><\/span><\/p>\n<h5><strong>Sol\u00b7licitud Formaci\u00f3 en centre:<\/strong><\/h5>\n<p><a href=\"https:\/\/forms.gle\/scCR71yTQwnFbfB88\">Assessorament \u2013 Taller &#8211; FIC<\/a><br \/>\n<a href=\"https:\/\/docs.google.com\/document\/d\/1LH_xqCsVuw4rA3ylvJVNTuHgFtMYH_G1\/copy\" target=\"_blank\" rel=\"noopener\">Visita formativa a centre<\/a> (sol\u00b7licitud)\u00a0 <a href=\"https:\/\/ateneu.xtec.cat\/wikiform\/wikiexport\/materials\/vfac\/visitant\">Fases del proc\u00e9s del centre visitant<\/a><\/p>\n<p><strong>Sol\u00b7licitud Formaci\u00f3 per a centres:<br \/>\n<\/strong>Aquestes modalitats fan refer\u00e8ncia a activitats formatives on participen representants de diversos centres amb el comprom\u00eds de transferir els aprenentatges de la formaci\u00f3 al claustre. <strong><br \/>\n<\/strong><\/p>\n<p><a href=\"https:\/\/forms.gle\/uDuYVo3RSFRNip8S7\">Seminari de coordinaci\u00f3 i Formaci\u00f3 per a equips de centre<\/a><\/p>\n<h5><strong>Sol\u00b7licitud Formaci\u00f3 individual:<\/strong><\/h5>\n<p><a href=\"https:\/\/forms.gle\/cimQcaEs2acTT5FP7\">Cursos, tallers, seminaris i grups de treball oberts a tot el professorat i activitats de dinamitzaci\u00f3: confer\u00e8ncia, taula rodona, trobada pedag\u00f2gica, intercanvi d\u2019experi\u00e8ncies i jornades&#8230;<\/a><\/p>\n<p>Recordeu que disposeu del <a href=\"https:\/\/serveiseducatius.xtec.cat\/altmaresme\/calendar\/se\/\">nostre calendari del PFZ de l&#8217;Alt Maresme\u00a0<\/a> on podreu anar consultant les dates claus de la nostra zona.<\/p>\n","protected":false},"excerpt":{"rendered":"<p>Pla de formaci\u00f3 de zona del curs 2025-26<br \/>\nUs recomanem que per aconseguir una formaci\u00f3 de millor qualitat i ajustada a les vostres necessitats feu un esfor\u00e7 especial en la definici\u00f3 dels objectius de millora que us plantegeu. Dins dels q\u00fcestionaris podreu trobar <a href=\"https:\/\/drive.google.com\/file\/d\/14ZgohIvdZ56EAnOeay9-9meFBuUF_Cil\/view?usp=share_link\">suport per&hellip;  <a href=\"https:\/\/serveiseducatius.xtec.cat\/altmaresme\/formacio-2\/pfz-2\/deteccio-necessitats\/\" title=\"Read Detecci\u00f3 de necessitats\">Llegeix m\u00e9s\u00bb<\/a><\/p>\n","protected":false},"author":1,"featured_media":0,"parent":791,"menu_order":70,"comment_status":"closed","ping_status":"closed","template":"page-templates\/side-menu.php","meta":{"_bbp_topic_count":0,"_bbp_reply_count":0,"_bbp_total_topic_count":0,"_bbp_total_reply_count":0,"_bbp_voice_count":0,"_bbp_anonymous_reply_count":0,"_bbp_topic_count_hidden":0,"_bbp_reply_count_hidden":0,"_bbp_forum_subforum_count":0,"footnotes":""},"class_list":["post-426","page","type-page","status-publish","hentry"],"post_mailing_queue_ids":[],"_links":{"self":[{"href":"https:\/\/serveiseducatius.xtec.cat\/altmaresme\/wp-json\/wp\/v2\/pages\/426","targetHints":{"allow":["GET"]}}],"collection":[{"href":"https:\/\/serveiseducatius.xtec.cat\/altmaresme\/wp-json\/wp\/v2\/pages"}],"about":[{"href":"https:\/\/serveiseducatius.xtec.cat\/altmaresme\/wp-json\/wp\/v2\/types\/page"}],"author":[{"embeddable":true,"href":"https:\/\/serveiseducatius.xtec.cat\/altmaresme\/wp-json\/wp\/v2\/users\/1"}],"replies":[{"embeddable":true,"href":"https:\/\/serveiseducatius.xtec.cat\/altmaresme\/wp-json\/wp\/v2\/comments?post=426"}],"version-history":[{"count":9,"href":"https:\/\/serveiseducatius.xtec.cat\/altmaresme\/wp-json\/wp\/v2\/pages\/426\/revisions"}],"predecessor-version":[{"id":19152,"href":"https:\/\/serveiseducatius.xtec.cat\/altmaresme\/wp-json\/wp\/v2\/pages\/426\/revisions\/19152"}],"up":[{"embeddable":true,"href":"https:\/\/serveiseducatius.xtec.cat\/altmaresme\/wp-json\/wp\/v2\/pages\/791"}],"wp:attachment":[{"href":"https:\/\/serveiseducatius.xtec.cat\/altmaresme\/wp-json\/wp\/v2\/media?parent=426"}],"curies":[{"name":"wp","href":"https:\/\/api.w.org\/{rel}","templated":true}]}}