{"id":306,"date":"2015-11-24T18:02:44","date_gmt":"2015-11-24T17:02:44","guid":{"rendered":"http:\/\/serveiseducatius.xtec.cat\/altmaresme\/?page_id=306"},"modified":"2025-10-23T10:35:52","modified_gmt":"2025-10-23T08:35:52","slug":"equip","status":"publish","type":"page","link":"https:\/\/serveiseducatius.xtec.cat\/altmaresme\/equip\/equip\/","title":{"rendered":"Qui som?"},"content":{"rendered":"<p>El nostre Servei Educatiu est\u00e0 format per un equip multidisciplinar:<\/p>\n<ul>\n<li><strong>CRP\u00a0<\/strong>(Centre de recursos pedag\u00f2gics):\u00a0equip que d\u00f3na\u00a0<strong>suport a l\u2019activitat pedag\u00f2gica dels centres <\/strong>i a la tasca docent de mestres i professorat, especialment, en temes de formaci\u00f3 permanent, de recursos pedag\u00f2gics i de dinamitzaci\u00f3 de projectes de centre i de la zona: Marta Obrador Gil, Caro Mel\u00e9ndez Sol\u00e0 i Anna Lloveras Llavina.<\/li>\n<li><strong>EAP\u00a0<\/strong>(Equip d\u2019assessorament i orientaci\u00f3 psicopedag\u00f2gic): equip\u00a0que d\u00f3na\u00a0suport al professorat i als centres educatius en la resposta a la\u00a0<strong>diversitat de l\u2019alumnat <\/strong>i en relaci\u00f3 a l\u2019alumnat que presenten\u00a0<strong>necessitats educatives especials<\/strong>, aix\u00ed com a les seves fam\u00edlies per a la millor resposta educativa:\u00a0 Sara Mediavilla, Elisabeth Galindo, Mireia Caralt, Anna Carrasco, Marta Corominas, Estefania Lizana, S\u00edlvia Gonz\u00e1lez, N\u00faria Angl\u00e8s, Meritxell Lleal, Montserrat Mart\u00ed, Laia Grecco, Irene Rubio, Marta Barcel\u00f3 i In\u00e9s Ojeda (psicopedagogues), Pau Otal, Maria G\u00f3mez i Xavi Mart\u00ednez (fisioterapeutes), Roser Maj\u00e0 (logopeda), Elisabet Camacho i Montserrat Fontbona (treballadores socials)<\/li>\n<li><strong>ELIC<\/strong>(Equip d\u2019assessorament i orientaci\u00f3 en llengua, interculturalitat i cohesi\u00f3 social): equip que dona suport al professorat i als centres educatius en el proc\u00e9s d\u2019ensenyament i aprenentatge de la llengua al llarg de les diferents etapes de manera integrada amb els continguts curriculars, en l\u2019atenci\u00f3 a la diversitat relacionada amb l\u2019alumnat d\u2019origen estranger, en l\u2019educaci\u00f3 intercultural i en els Plans Educatius d\u2019Entorn, dins de l\u2019\u00e0mbit de la cohesi\u00f3 social. A la nostra zona els referents de l\u2019equip LIC s\u00f3n la Mar Galisteo i la Montserrat Estadella.<\/li>\n<li><strong>Auxiliar administrativa<\/strong>: Maria Mateu.<\/li>\n<li><strong>Bibliotec\u00e0ria guia<\/strong>: Elisenda Samper.<\/li>\n<li><strong>Educadora social<\/strong>: Llu\u00efsa Piris.<\/li>\n<\/ul>\n<p>El Servei Educatiu tamb\u00e9 treballa de forma coordinada amb el <a href=\"http:\/\/serveiseducatius.xtec.cat\/creda-mvo\/intranet\/\" target=\"_blank\" rel=\"noopener noreferrer\">CREDA Maresme-Vall\u00e8s Oriental<\/a> (Centre de Recursos Educatius per a Deficients Auditius): Isabel Espinosa, Annabel Garc\u00eda, Ana Ramos, Neus Hern\u00e1ndez, Maite Piqueras, Amparo Urbano, Judit Comas, Nadia Spaliviero, N\u00faria Ferreres, Marina Carreras i Jessica Gonz\u00e1lez.<\/p>\n<p>I amb els mentors 4.0 Ignasi Pardo i Ricard Granados.<img loading=\"lazy\" decoding=\"async\" class=\"alignright wp-image-9994\" src=\"http:\/\/serveiseducatius.xtec.cat\/altmaresme\/wp-content\/uploads\/usu1140\/2015\/11\/foto-equipSEAM_equips.jpg\" alt=\"\" width=\"330\" height=\"186\" \/><\/p>\n","protected":false},"excerpt":{"rendered":"<p>El nostre Servei Educatiu est\u00e0 format per un equip multidisciplinar:<\/p>\n<ul>\n<li>CRP\u00a0(Centre de recursos pedag\u00f2gics):\u00a0equip que d\u00f3na\u00a0suport a l\u2019activitat pedag\u00f2gica dels centres i a la tasca docent de mestres i professorat, especialment, en temes de formaci\u00f3 permanent, de recursos pedag\u00f2gics i de dinamitzaci\u00f3 de projectes de centre&hellip;  <a href=\"https:\/\/serveiseducatius.xtec.cat\/altmaresme\/equip\/equip\/\" title=\"Read Qui som?\">Llegeix m\u00e9s\u00bb<\/a><br \/>\n","protected":false},"author":1,"featured_media":0,"parent":806,"menu_order":20,"comment_status":"closed","ping_status":"closed","template":"page-templates\/side-menu.php","meta":{"_bbp_topic_count":0,"_bbp_reply_count":0,"_bbp_total_topic_count":0,"_bbp_total_reply_count":0,"_bbp_voice_count":0,"_bbp_anonymous_reply_count":0,"_bbp_topic_count_hidden":0,"_bbp_reply_count_hidden":0,"_bbp_forum_subforum_count":0,"footnotes":""},"class_list":["post-306","page","type-page","status-publish","hentry"],"post_mailing_queue_ids":[],"_links":{"self":[{"href":"https:\/\/serveiseducatius.xtec.cat\/altmaresme\/wp-json\/wp\/v2\/pages\/306","targetHints":{"allow":["GET"]}}],"collection":[{"href":"https:\/\/serveiseducatius.xtec.cat\/altmaresme\/wp-json\/wp\/v2\/pages"}],"about":[{"href":"https:\/\/serveiseducatius.xtec.cat\/altmaresme\/wp-json\/wp\/v2\/types\/page"}],"author":[{"embeddable":true,"href":"https:\/\/serveiseducatius.xtec.cat\/altmaresme\/wp-json\/wp\/v2\/users\/1"}],"replies":[{"embeddable":true,"href":"https:\/\/serveiseducatius.xtec.cat\/altmaresme\/wp-json\/wp\/v2\/comments?post=306"}],"version-history":[{"count":8,"href":"https:\/\/serveiseducatius.xtec.cat\/altmaresme\/wp-json\/wp\/v2\/pages\/306\/revisions"}],"predecessor-version":[{"id":19304,"href":"https:\/\/serveiseducatius.xtec.cat\/altmaresme\/wp-json\/wp\/v2\/pages\/306\/revisions\/19304"}],"up":[{"embeddable":true,"href":"https:\/\/serveiseducatius.xtec.cat\/altmaresme\/wp-json\/wp\/v2\/pages\/806"}],"wp:attachment":[{"href":"https:\/\/serveiseducatius.xtec.cat\/altmaresme\/wp-json\/wp\/v2\/media?parent=306"}],"curies":[{"name":"wp","href":"https:\/\/api.w.org\/{rel}","templated":true}]}}