{"id":19328,"date":"2026-01-08T09:05:27","date_gmt":"2026-01-08T08:05:27","guid":{"rendered":"https:\/\/serveiseducatius.xtec.cat\/altmaresme\/?page_id=19328"},"modified":"2026-01-08T12:35:20","modified_gmt":"2026-01-08T11:35:20","slug":"radio-escolar","status":"publish","type":"page","link":"https:\/\/serveiseducatius.xtec.cat\/altmaresme\/dinamitzacio\/radio-escolar\/","title":{"rendered":"R\u00e0dio escolar"},"content":{"rendered":"\n<h6 class=\"wp-block-heading\">Propostes d&#8217;activitats de r\u00e0dio i audiovisuals pel SEGON TRIMESTRE del curs 2025\/2026.<\/h6>\n\n\n\n<div class=\"wp-block-columns is-layout-flex wp-container-core-columns-is-layout-1 wp-block-columns-is-layout-flex\">\n<div class=\"wp-block-column is-layout-flow wp-block-column-is-layout-flow\">\n<figure class=\"wp-block-image size-full\"><a href=\"https:\/\/serveiseducatius.xtec.cat\/altmaresme\/wp-content\/uploads\/usu1140\/2025\/12\/2.1.1_Cent-anys-explicant-histories-Conte-radiofonic_553X553-1.png\"><img loading=\"lazy\" decoding=\"async\" width=\"553\" height=\"553\" src=\"https:\/\/serveiseducatius.xtec.cat\/altmaresme\/wp-content\/uploads\/usu1140\/2025\/12\/2.1.1_Cent-anys-explicant-histories-Conte-radiofonic_553X553-1.png\" alt=\"\" class=\"wp-image-19341\" srcset=\"https:\/\/serveiseducatius.xtec.cat\/altmaresme\/wp-content\/uploads\/usu1140\/2025\/12\/2.1.1_Cent-anys-explicant-histories-Conte-radiofonic_553X553-1.png 553w, https:\/\/serveiseducatius.xtec.cat\/altmaresme\/wp-content\/uploads\/usu1140\/2025\/12\/2.1.1_Cent-anys-explicant-histories-Conte-radiofonic_553X553-1-300x300.png 300w, https:\/\/serveiseducatius.xtec.cat\/altmaresme\/wp-content\/uploads\/usu1140\/2025\/12\/2.1.1_Cent-anys-explicant-histories-Conte-radiofonic_553X553-1-150x150.png 150w\" sizes=\"auto, (max-width: 553px) 100vw, 553px\" \/><\/a><\/figure>\n\n\n\n<p class=\"has-text-align-center\"><a href=\"https:\/\/drive.google.com\/file\/d\/1EchKHpUPp_0SVrW-EC5smNS9e61UoCAS\/view\" data-type=\"link\" data-id=\"https:\/\/drive.google.com\/file\/d\/1EchKHpUPp_0SVrW-EC5smNS9e61UoCAS\/view\" target=\"_blank\" rel=\"noreferrer noopener\">100 anys explicant hist\u00f2ries<\/a><\/p>\n\n\n\n<p class=\"has-text-align-center\"><a href=\"https:\/\/drive.google.com\/file\/d\/1DRBGc-LoIW2_ZL2DS7DCbMjue7i1WxaV\/view\" target=\"_blank\" rel=\"noreferrer noopener\"><em>Tutorial &#8220;Com aplicar efectes sonors&#8221;<\/em><\/a><\/p>\n<\/div>\n\n\n\n<div class=\"wp-block-column is-layout-flow wp-block-column-is-layout-flow\">\n<figure class=\"wp-block-image size-full\"><a href=\"https:\/\/serveiseducatius.xtec.cat\/altmaresme\/wp-content\/uploads\/usu1140\/2025\/12\/2.1.2_Podcast_Dones-cientifiques_553X553-1.png\"><img loading=\"lazy\" decoding=\"async\" width=\"553\" height=\"553\" src=\"https:\/\/serveiseducatius.xtec.cat\/altmaresme\/wp-content\/uploads\/usu1140\/2025\/12\/2.1.2_Podcast_Dones-cientifiques_553X553-1.png\" alt=\"\" class=\"wp-image-19343\" srcset=\"https:\/\/serveiseducatius.xtec.cat\/altmaresme\/wp-content\/uploads\/usu1140\/2025\/12\/2.1.2_Podcast_Dones-cientifiques_553X553-1.png 553w, https:\/\/serveiseducatius.xtec.cat\/altmaresme\/wp-content\/uploads\/usu1140\/2025\/12\/2.1.2_Podcast_Dones-cientifiques_553X553-1-300x300.png 300w, https:\/\/serveiseducatius.xtec.cat\/altmaresme\/wp-content\/uploads\/usu1140\/2025\/12\/2.1.2_Podcast_Dones-cientifiques_553X553-1-150x150.png 150w\" sizes=\"auto, (max-width: 553px) 100vw, 553px\" \/><\/a><\/figure>\n\n\n\n<p class=\"has-text-align-center\"><a href=\"https:\/\/drive.google.com\/file\/d\/1-8RR2F5ZrW2PjzI14D5uzqc2xGrzBqCo\/view\" data-type=\"link\" data-id=\"https:\/\/drive.google.com\/file\/d\/1-8RR2F5ZrW2PjzI14D5uzqc2xGrzBqCo\/view\" target=\"_blank\" rel=\"noreferrer noopener\">Dones cient\u00edfiques (p\u00f2dcast)<\/a><\/p>\n\n\n\n<p class=\"has-text-align-center\"><em><a href=\"https:\/\/drive.google.com\/file\/d\/14rEcXPVNYGeCsO8TriZ-9TBKVHikyWFq\/view?usp=sharing\" data-type=\"link\" data-id=\"https:\/\/drive.google.com\/file\/d\/14rEcXPVNYGeCsO8TriZ-9TBKVHikyWFq\/view?usp=sharing\" target=\"_blank\" rel=\"noreferrer noopener\">Llistat de dones cient\u00edfiques (gui\u00f3 i preguntes<\/a>)<\/em><\/p>\n<\/div>\n\n\n\n<div class=\"wp-block-column is-layout-flow wp-block-column-is-layout-flow\">\n<figure class=\"wp-block-image size-full\"><a href=\"https:\/\/serveiseducatius.xtec.cat\/altmaresme\/wp-content\/uploads\/usu1140\/2025\/12\/2.1.3_Podcast_Poesia-sonora_553X553-1.png\"><img loading=\"lazy\" decoding=\"async\" width=\"553\" height=\"553\" src=\"https:\/\/serveiseducatius.xtec.cat\/altmaresme\/wp-content\/uploads\/usu1140\/2025\/12\/2.1.3_Podcast_Poesia-sonora_553X553-1.png\" alt=\"\" class=\"wp-image-19344\" srcset=\"https:\/\/serveiseducatius.xtec.cat\/altmaresme\/wp-content\/uploads\/usu1140\/2025\/12\/2.1.3_Podcast_Poesia-sonora_553X553-1.png 553w, https:\/\/serveiseducatius.xtec.cat\/altmaresme\/wp-content\/uploads\/usu1140\/2025\/12\/2.1.3_Podcast_Poesia-sonora_553X553-1-300x300.png 300w, https:\/\/serveiseducatius.xtec.cat\/altmaresme\/wp-content\/uploads\/usu1140\/2025\/12\/2.1.3_Podcast_Poesia-sonora_553X553-1-150x150.png 150w\" sizes=\"auto, (max-width: 553px) 100vw, 553px\" \/><\/a><\/figure>\n\n\n\n<p class=\"has-text-align-center\"><a href=\"https:\/\/drive.google.com\/file\/d\/1-QBzobpP7EbtOU-GA1JLgFii7yLjIpsQ\/view\" data-type=\"link\" data-id=\"https:\/\/drive.google.com\/file\/d\/1-QBzobpP7EbtOU-GA1JLgFii7yLjIpsQ\/view\" target=\"_blank\" rel=\"noreferrer noopener\">Poesia sonora<\/a><\/p>\n\n\n\n<p class=\"has-text-align-center\"><em><a href=\"https:\/\/www.lecturaenveualta.cat\/tecniques-de-lectura-en-veu-alta\/\" data-type=\"link\" data-id=\"https:\/\/www.lecturaenveualta.cat\/tecniques-de-lectura-en-veu-alta\/\" target=\"_blank\">T\u00e8cniques de Lectura en veu alta<\/a><\/em><\/p>\n<\/div>\n<\/div>\n\n\n\n<div class=\"wp-block-columns is-layout-flex wp-container-core-columns-is-layout-2 wp-block-columns-is-layout-flex\">\n<div class=\"wp-block-column is-layout-flow wp-block-column-is-layout-flow\"><div class=\"wp-block-image\">\n<figure class=\"aligncenter size-full is-resized\"><a href=\"https:\/\/serveiseducatius.xtec.cat\/altmaresme\/wp-content\/uploads\/usu1140\/2025\/12\/2.2.1_El-conte-audiovisual-illustrat_553X553-1.png\"><img loading=\"lazy\" decoding=\"async\" width=\"553\" height=\"553\" src=\"https:\/\/serveiseducatius.xtec.cat\/altmaresme\/wp-content\/uploads\/usu1140\/2025\/12\/2.2.1_El-conte-audiovisual-illustrat_553X553-1.png\" alt=\"\" class=\"wp-image-19354\" style=\"width:340px;height:auto\" srcset=\"https:\/\/serveiseducatius.xtec.cat\/altmaresme\/wp-content\/uploads\/usu1140\/2025\/12\/2.2.1_El-conte-audiovisual-illustrat_553X553-1.png 553w, https:\/\/serveiseducatius.xtec.cat\/altmaresme\/wp-content\/uploads\/usu1140\/2025\/12\/2.2.1_El-conte-audiovisual-illustrat_553X553-1-300x300.png 300w, https:\/\/serveiseducatius.xtec.cat\/altmaresme\/wp-content\/uploads\/usu1140\/2025\/12\/2.2.1_El-conte-audiovisual-illustrat_553X553-1-150x150.png 150w\" sizes=\"auto, (max-width: 553px) 100vw, 553px\" \/><\/a><\/figure><\/div>\n\n\n<p class=\"has-text-align-center\"><a href=\"https:\/\/drive.google.com\/file\/d\/1y3VbnXDP1hy88XGAq_o253GP5SinyXvq\/view\" data-type=\"link\" data-id=\"https:\/\/drive.google.com\/file\/d\/1y3VbnXDP1hy88XGAq_o253GP5SinyXvq\/view\" target=\"_blank\">El conte audiovisual<\/a><\/p>\n<\/div>\n\n\n\n<div class=\"wp-block-column is-layout-flow wp-block-column-is-layout-flow\"><div class=\"wp-block-image\">\n<figure class=\"aligncenter size-full is-resized\"><a href=\"https:\/\/serveiseducatius.xtec.cat\/altmaresme\/wp-content\/uploads\/usu1140\/2025\/12\/2.2.2_Videopodcast_Dones-cientifiques_553X553-1.png\"><img loading=\"lazy\" decoding=\"async\" width=\"553\" height=\"553\" src=\"https:\/\/serveiseducatius.xtec.cat\/altmaresme\/wp-content\/uploads\/usu1140\/2025\/12\/2.2.2_Videopodcast_Dones-cientifiques_553X553-1.png\" alt=\"\" class=\"wp-image-19355\" style=\"width:334px;height:auto\" srcset=\"https:\/\/serveiseducatius.xtec.cat\/altmaresme\/wp-content\/uploads\/usu1140\/2025\/12\/2.2.2_Videopodcast_Dones-cientifiques_553X553-1.png 553w, https:\/\/serveiseducatius.xtec.cat\/altmaresme\/wp-content\/uploads\/usu1140\/2025\/12\/2.2.2_Videopodcast_Dones-cientifiques_553X553-1-300x300.png 300w, https:\/\/serveiseducatius.xtec.cat\/altmaresme\/wp-content\/uploads\/usu1140\/2025\/12\/2.2.2_Videopodcast_Dones-cientifiques_553X553-1-150x150.png 150w\" sizes=\"auto, (max-width: 553px) 100vw, 553px\" \/><\/a><\/figure><\/div>\n\n\n<p class=\"has-text-align-center\"><a href=\"https:\/\/drive.google.com\/file\/d\/1Ewce9GdeNVWgcFtF1qrtxQvg4ab1zms0\/view\" data-type=\"link\" data-id=\"https:\/\/drive.google.com\/file\/d\/1Ewce9GdeNVWgcFtF1qrtxQvg4ab1zms0\/view\" target=\"_blank\">Dones cient\u00edfiques (videop\u00f2dcast)<\/a><\/p>\n\n\n\n<p class=\"has-text-align-center\"><em><a href=\"https:\/\/drive.google.com\/file\/d\/1pymOUSQpuGcvWKuNT5R3JwV_ex3M20Xc\/view\" target=\"_blank\">Tutorial: &#8220;Enregistrar una entrevista amb OBS i croma&#8221;<\/a><\/em><\/p>\n<\/div>\n<\/div>\n\n\n\n<p><em>Des dels Centres de Recursos Pedag\u00f2gics i l\u2019\u00c0rea de Cultura Digital del Departament d\u2019Educaci\u00f3 i Formaci\u00f3 Professional s\u2019han elaborat una s\u00e8rie de propostes amb l\u2019objectiu de consolidar i donar continu\u00eftat a les activitats de r\u00e0dio i iniciatives audiovisuals.<\/em><\/p>\n\n\n\n<p><em>Aquestes propostes volen acompanyar la dotaci\u00f3 de la maleta audiovisual, que ofereix un seguit d\u2019eines i dispositius digitals que han de permetre a l\u2019alumnat crear, integrar i reelaborar continguts digitals en diferents formats (text, taula, imatge, \u00e0udio, v\u00eddeo, etc.) per expressar idees, sentiments i coneixements, tot respectant la propietat intel\u00b7lectual i els drets d\u2019autoria dels continguts que es reutilitzen.<\/em><\/p>\n\n\n\n<p><em>Amb aquestes activitats volem fomentar la compet\u00e8ncia digital i l\u2019esperit cr\u00edtic de l\u2019alumnat, a m\u00e9s d\u2019oferir-los un espai per experimentar i comunicar-se de manera creativa.<\/em><\/p>\n\n\n\n<p><em>Es pot participar en el nombre d\u2019activitats que es prefereixi, segons el grau l\u2019expertesa del centre.<\/em><\/p>\n\n\n\n<p><em>Esperem que aquestes activitats siguin de gran inter\u00e8s per a tots vosaltres i una excel\u00b7lent oportunitat per motivar i implicar l\u2019alumnat en situacions d\u2019aprenentatge globalitzades. La vostra col\u00b7laboraci\u00f3 ser\u00e0 essencial per dur-les a terme amb \u00e8xit.<\/em><\/p>\n\n\n\n<p><em>Podreu gaudir i inspirar-vos de les propostes dels centres participants al <a href=\"https:\/\/projectes.xtec.cat\/canaldereporters\/repositori\/\" target=\"_blank\" rel=\"noopener\">repositori del Canal de Reporters.<\/a><\/em><\/p>\n\n\n\n<p><em>Us avancem les&nbsp;<a href=\"https:\/\/serveiseducatius.xtec.cat\/vallesoriental2\/wp-content\/uploads\/usu1134\/2025\/11\/Activitats-Curs-25-26.pdf\" target=\"_blank\" rel=\"noopener\">propostes d\u2019activitats de tot el curs 25-26<\/a>&nbsp;per tal que pugueu veure qu\u00e8 s\u2019organitzar\u00e0 per a la resta de trimestres.<\/em><\/p>\n\n\n\n<figure class=\"wp-block-embed is-type-wp-embed is-provider-servei-educatiu-alt-maresme wp-block-embed-servei-educatiu-alt-maresme\"><div class=\"wp-block-embed__wrapper\">\n<blockquote class=\"wp-embedded-content\" data-secret=\"thbu8tYKzd\"><a href=\"https:\/\/serveiseducatius.xtec.cat\/altmaresme\/repositori-de-canal-de-reporters\/\">Repositori de Canal de Reporters<\/a><\/blockquote><iframe loading=\"lazy\" class=\"wp-embedded-content\" sandbox=\"allow-scripts\" security=\"restricted\" style=\"position: absolute; visibility: hidden;\" title=\"&#8220;Repositori de Canal de Reporters&#8221; &#8212; Servei Educatiu Alt Maresme\" src=\"https:\/\/serveiseducatius.xtec.cat\/altmaresme\/repositori-de-canal-de-reporters\/embed\/#?secret=oGOz42gaEK#?secret=thbu8tYKzd\" data-secret=\"thbu8tYKzd\" width=\"500\" height=\"282\" frameborder=\"0\" marginwidth=\"0\" marginheight=\"0\" scrolling=\"no\"><\/iframe>\n<\/div><\/figure>\n","protected":false},"excerpt":{"rendered":"<p>Propostes d&#8217;activitats de r\u00e0dio i audiovisuals pel SEGON TRIMESTRE del curs 2025\/2026.<\/p>\n<p><a href=\"https:\/\/serveiseducatius.xtec.cat\/altmaresme\/wp-content\/uploads\/usu1140\/2025\/12\/2.1.1_Cent-anys-explicant-histories-Conte-radiofonic_553X553-1.png\"><\/a><\/p>\n<p><a href=\"https:\/\/drive.google.com\/file\/d\/1EchKHpUPp_0SVrW-EC5smNS9e61UoCAS\/view\" data-type=\"link\" data-id=\"https:\/\/drive.google.com\/file\/d\/1EchKHpUPp_0SVrW-EC5smNS9e61UoCAS\/view\" target=\"_blank\" rel=\"noreferrer noopener\">100 anys explicant hist\u00f2ries<\/a><\/p>\n<p><a href=\"https:\/\/drive.google.com\/file\/d\/1DRBGc-LoIW2_ZL2DS7DCbMjue7i1WxaV\/view\" target=\"_blank\" rel=\"noreferrer noopener\">Tutorial &#8220;Com aplicar efectes sonors&#8221;<\/a><\/p>\n<p><a href=\"https:\/\/serveiseducatius.xtec.cat\/altmaresme\/wp-content\/uploads\/usu1140\/2025\/12\/2.1.2_Podcast_Dones-cientifiques_553X553-1.png\"><\/a><\/p>\n<p><a href=\"https:\/\/drive.google.com\/file\/d\/1-8RR2F5ZrW2PjzI14D5uzqc2xGrzBqCo\/view\" data-type=\"link\" data-id=\"https:\/\/drive.google.com\/file\/d\/1-8RR2F5ZrW2PjzI14D5uzqc2xGrzBqCo\/view\" target=\"_blank\" rel=\"noreferrer noopener\">Dones cient\u00edfiques (p\u00f2dcast)<\/a><\/p>\n<p><a href=\"https:\/\/drive.google.com\/file\/d\/14rEcXPVNYGeCsO8TriZ-9TBKVHikyWFq\/view?usp=sharing\" data-type=\"link\" data-id=\"https:\/\/drive.google.com\/file\/d\/14rEcXPVNYGeCsO8TriZ-9TBKVHikyWFq\/view?usp=sharing\" target=\"_blank\" rel=\"noreferrer noopener\">Llistat&hellip;  <a href=\"https:\/\/serveiseducatius.xtec.cat\/altmaresme\/dinamitzacio\/radio-escolar\/\" title=\"Read R\u00e0dio escolar\">Llegeix m\u00e9s\u00bb<\/a><\/p>\n","protected":false},"author":147,"featured_media":0,"parent":1506,"menu_order":0,"comment_status":"closed","ping_status":"closed","template":"","meta":{"_bbp_topic_count":0,"_bbp_reply_count":0,"_bbp_total_topic_count":0,"_bbp_total_reply_count":0,"_bbp_voice_count":0,"_bbp_anonymous_reply_count":0,"_bbp_topic_count_hidden":0,"_bbp_reply_count_hidden":0,"_bbp_forum_subforum_count":0,"footnotes":""},"class_list":["post-19328","page","type-page","status-publish","hentry"],"post_mailing_queue_ids":[],"_links":{"self":[{"href":"https:\/\/serveiseducatius.xtec.cat\/altmaresme\/wp-json\/wp\/v2\/pages\/19328","targetHints":{"allow":["GET"]}}],"collection":[{"href":"https:\/\/serveiseducatius.xtec.cat\/altmaresme\/wp-json\/wp\/v2\/pages"}],"about":[{"href":"https:\/\/serveiseducatius.xtec.cat\/altmaresme\/wp-json\/wp\/v2\/types\/page"}],"author":[{"embeddable":true,"href":"https:\/\/serveiseducatius.xtec.cat\/altmaresme\/wp-json\/wp\/v2\/users\/147"}],"replies":[{"embeddable":true,"href":"https:\/\/serveiseducatius.xtec.cat\/altmaresme\/wp-json\/wp\/v2\/comments?post=19328"}],"version-history":[{"count":6,"href":"https:\/\/serveiseducatius.xtec.cat\/altmaresme\/wp-json\/wp\/v2\/pages\/19328\/revisions"}],"predecessor-version":[{"id":19379,"href":"https:\/\/serveiseducatius.xtec.cat\/altmaresme\/wp-json\/wp\/v2\/pages\/19328\/revisions\/19379"}],"up":[{"embeddable":true,"href":"https:\/\/serveiseducatius.xtec.cat\/altmaresme\/wp-json\/wp\/v2\/pages\/1506"}],"wp:attachment":[{"href":"https:\/\/serveiseducatius.xtec.cat\/altmaresme\/wp-json\/wp\/v2\/media?parent=19328"}],"curies":[{"name":"wp","href":"https:\/\/api.w.org\/{rel}","templated":true}]}}