{"id":1622,"date":"2015-12-03T17:36:54","date_gmt":"2015-12-03T16:36:54","guid":{"rendered":"http:\/\/serveieducatiu.eu\/?page_id=1622"},"modified":"2021-11-08T12:04:39","modified_gmt":"2021-11-08T11:04:39","slug":"mediateca","status":"publish","type":"page","link":"https:\/\/serveiseducatius.xtec.cat\/altmaresme\/mediateca\/","title":{"rendered":"Mediateca"},"content":{"rendered":"<h2 style=\"text-align: center;\"><span style=\"color: #008080;\"><a style=\"color: #008080;\" href=\"http:\/\/crpaltmaresme.xyz\/pmb\/opac_css\/\" target=\"_blank\" rel=\"noopener noreferrer\"><em><span style=\"text-decoration: underline;\">Enlla\u00e7 al cat\u00e0leg en l\u00ednia<\/span> <\/em><\/a><\/span><\/h2>\n<p style=\"text-align: center;\">Trobar\u00e0s <strong>maletes pedag\u00f2giques<\/strong>, maquinari, mediateca de dvd i moltes <strong>novetats de llibres<\/strong> a la nostra biblioteca.<\/p>\n<p style=\"text-align: center;\">Pots cercar el qu\u00e8 busques i si est\u00e0 disponible, pots sol.licitar tu mateix la reserva o b\u00e9 <span style=\"text-decoration: underline;\">adre\u00e7ar-te al CRP<\/span>:<\/p>\n<p style=\"text-align: center;\"><strong>a8930008@xtec.cat<\/strong>\u00a0 o trucant <strong>93.762.50.04<\/strong><\/p>\n","protected":false},"excerpt":{"rendered":"<p><a style=\"color: #008080;\" href=\"http:\/\/crpaltmaresme.xyz\/pmb\/opac_css\/\" target=\"_blank\" rel=\"noopener noreferrer\">Enlla\u00e7 al cat\u00e0leg en l\u00ednia <\/a><br \/>\nTrobar\u00e0s maletes pedag\u00f2giques, maquinari, mediateca de dvd i moltes novetats de llibres a la nostra biblioteca.<br \/>\nPots cercar el qu\u00e8 busques i si est\u00e0 disponible, pots sol.licitar tu mateix la reserva o b\u00e9 adre\u00e7ar-te al&hellip;  <a href=\"https:\/\/serveiseducatius.xtec.cat\/altmaresme\/mediateca\/\" title=\"Read Mediateca\">Llegeix m\u00e9s\u00bb<\/a><\/p>\n","protected":false},"author":7,"featured_media":0,"parent":0,"menu_order":0,"comment_status":"closed","ping_status":"closed","template":"","meta":{"_bbp_topic_count":0,"_bbp_reply_count":0,"_bbp_total_topic_count":0,"_bbp_total_reply_count":0,"_bbp_voice_count":0,"_bbp_anonymous_reply_count":0,"_bbp_topic_count_hidden":0,"_bbp_reply_count_hidden":0,"_bbp_forum_subforum_count":0,"footnotes":""},"class_list":["post-1622","page","type-page","status-publish","hentry"],"post_mailing_queue_ids":[],"_links":{"self":[{"href":"https:\/\/serveiseducatius.xtec.cat\/altmaresme\/wp-json\/wp\/v2\/pages\/1622","targetHints":{"allow":["GET"]}}],"collection":[{"href":"https:\/\/serveiseducatius.xtec.cat\/altmaresme\/wp-json\/wp\/v2\/pages"}],"about":[{"href":"https:\/\/serveiseducatius.xtec.cat\/altmaresme\/wp-json\/wp\/v2\/types\/page"}],"author":[{"embeddable":true,"href":"https:\/\/serveiseducatius.xtec.cat\/altmaresme\/wp-json\/wp\/v2\/users\/7"}],"replies":[{"embeddable":true,"href":"https:\/\/serveiseducatius.xtec.cat\/altmaresme\/wp-json\/wp\/v2\/comments?post=1622"}],"version-history":[{"count":3,"href":"https:\/\/serveiseducatius.xtec.cat\/altmaresme\/wp-json\/wp\/v2\/pages\/1622\/revisions"}],"predecessor-version":[{"id":15005,"href":"https:\/\/serveiseducatius.xtec.cat\/altmaresme\/wp-json\/wp\/v2\/pages\/1622\/revisions\/15005"}],"wp:attachment":[{"href":"https:\/\/serveiseducatius.xtec.cat\/altmaresme\/wp-json\/wp\/v2\/media?parent=1622"}],"curies":[{"name":"wp","href":"https:\/\/api.w.org\/{rel}","templated":true}]}}