{"id":10827,"date":"2018-03-06T12:42:17","date_gmt":"2018-03-06T11:42:17","guid":{"rendered":"http:\/\/serveiseducatius.xtec.cat\/altmaresme\/?page_id=10827"},"modified":"2022-04-19T00:56:16","modified_gmt":"2022-04-18T22:56:16","slug":"itineraris-formatius-especifics","status":"publish","type":"page","link":"https:\/\/serveiseducatius.xtec.cat\/altmaresme\/comunitat\/orientacio\/itineraris-formatius-especifics\/","title":{"rendered":"Itineraris Formatius Espec\u00edfics"},"content":{"rendered":"<p>El curs 2016\/2017 es va crear, al CEE Horitz\u00f3, el Pla pilot experimental d\u2019Itineraris Formatius Espec\u00edfics\u00a0d\u2019<strong>Auxiliar en vendes i atenci\u00f3 al p\u00fablic<\/strong>\u201d per a alumnes amb necessitats educatives especials associades a discapacitat lleu o moderada (DOGC n\u00fam. 7196, 1.9.2016).\u00a0 La seva finalitat \u00e9s que els alumnes assoleixin les compet\u00e8ncies professionals que els facilitin la transici\u00f3 a la vida adulta i la inclusi\u00f3 social i laboral.<\/p>\n<p>Aquests estudis desenvolupen compet\u00e8ncies per a fer tasques auxiliars de comercialitzaci\u00f3, marxandatge, preparaci\u00f3 de comandes i venda de productes, i treballs de reprografia, observant les normes de prevenci\u00f3 de riscos laborals i protecci\u00f3 mediambiental corresponents, aix\u00ed com compet\u00e8ncies de comunicaci\u00f3, autonomia personal i de participaci\u00f3 en activitats comunit\u00e0ries.<\/p>\n<p>La durada \u00e9s de 3.360 hores, distribu\u00efdes en quatre cursos acad\u00e8mics. El darrer curs inclou la formaci\u00f3 en centres de treball. La superaci\u00f3 de l\u2019itinerari comporta l\u2019obtenci\u00f3 del certificat acad\u00e8mic i professional amb la qualificaci\u00f3 final obtinguda i l\u2019acreditaci\u00f3 de les compet\u00e8ncies professionals assolides.<\/p>\n<p>Cliqueu la imatge per veure un v\u00eddeo explicatiu:<\/p>\n<p style=\"text-align: center;\"><a href=\"https:\/\/youtu.be\/c4EiH7wU1Ms?t=2425\" target=\"_blank\" rel=\"noopener noreferrer\"><img loading=\"lazy\" decoding=\"async\" class=\"alignnone size-medium wp-image-14050\" src=\"https:\/\/serveiseducatius.xtec.cat\/altmaresme\/wp-content\/uploads\/usu1140\/2021\/04\/ife-300x166.png\" alt=\"\" width=\"300\" height=\"166\" srcset=\"https:\/\/serveiseducatius.xtec.cat\/altmaresme\/wp-content\/uploads\/usu1140\/2021\/04\/ife-300x166.png 300w, https:\/\/serveiseducatius.xtec.cat\/altmaresme\/wp-content\/uploads\/usu1140\/2021\/04\/ife.png 499w\" sizes=\"auto, (max-width: 300px) 100vw, 300px\" \/><\/a><\/p>\n<p>Enlla\u00e7 al web <a href=\"http:\/\/agora.xtec.cat\/ceehoritzo\/categoria\/ife\/\" target=\"_blank\" rel=\"noopener noreferrer\">CEE Horitz\u00f3<\/a><\/p>\n","protected":false},"excerpt":{"rendered":"<p>El curs 2016\/2017 es va crear, al CEE Horitz\u00f3, el Pla pilot experimental d\u2019Itineraris Formatius Espec\u00edfics\u00a0d\u2019Auxiliar en vendes i atenci\u00f3 al p\u00fablic\u201d per a alumnes amb necessitats educatives especials associades a discapacitat lleu o moderada (DOGC n\u00fam. 7196, 1.9.2016).\u00a0 La seva finalitat \u00e9s que els&hellip;  <a href=\"https:\/\/serveiseducatius.xtec.cat\/altmaresme\/comunitat\/orientacio\/itineraris-formatius-especifics\/\" title=\"Read Itineraris Formatius Espec\u00edfics\">Llegeix m\u00e9s\u00bb<\/a><\/p>\n","protected":false},"author":7,"featured_media":0,"parent":9381,"menu_order":0,"comment_status":"closed","ping_status":"closed","template":"page-templates\/side-menu.php","meta":{"_bbp_topic_count":0,"_bbp_reply_count":0,"_bbp_total_topic_count":0,"_bbp_total_reply_count":0,"_bbp_voice_count":0,"_bbp_anonymous_reply_count":0,"_bbp_topic_count_hidden":0,"_bbp_reply_count_hidden":0,"_bbp_forum_subforum_count":0,"footnotes":""},"class_list":["post-10827","page","type-page","status-publish","hentry"],"post_mailing_queue_ids":[],"_links":{"self":[{"href":"https:\/\/serveiseducatius.xtec.cat\/altmaresme\/wp-json\/wp\/v2\/pages\/10827","targetHints":{"allow":["GET"]}}],"collection":[{"href":"https:\/\/serveiseducatius.xtec.cat\/altmaresme\/wp-json\/wp\/v2\/pages"}],"about":[{"href":"https:\/\/serveiseducatius.xtec.cat\/altmaresme\/wp-json\/wp\/v2\/types\/page"}],"author":[{"embeddable":true,"href":"https:\/\/serveiseducatius.xtec.cat\/altmaresme\/wp-json\/wp\/v2\/users\/7"}],"replies":[{"embeddable":true,"href":"https:\/\/serveiseducatius.xtec.cat\/altmaresme\/wp-json\/wp\/v2\/comments?post=10827"}],"version-history":[{"count":3,"href":"https:\/\/serveiseducatius.xtec.cat\/altmaresme\/wp-json\/wp\/v2\/pages\/10827\/revisions"}],"predecessor-version":[{"id":16236,"href":"https:\/\/serveiseducatius.xtec.cat\/altmaresme\/wp-json\/wp\/v2\/pages\/10827\/revisions\/16236"}],"up":[{"embeddable":true,"href":"https:\/\/serveiseducatius.xtec.cat\/altmaresme\/wp-json\/wp\/v2\/pages\/9381"}],"wp:attachment":[{"href":"https:\/\/serveiseducatius.xtec.cat\/altmaresme\/wp-json\/wp\/v2\/media?parent=10827"}],"curies":[{"name":"wp","href":"https:\/\/api.w.org\/{rel}","templated":true}]}}