{"id":10424,"date":"2017-12-04T09:28:41","date_gmt":"2017-12-04T08:28:41","guid":{"rendered":"http:\/\/serveiseducatius.xtec.cat\/altmaresme\/?page_id=10424"},"modified":"2024-02-01T10:49:59","modified_gmt":"2024-02-01T09:49:59","slug":"maletes-pedagogiques-de-valors","status":"publish","type":"page","link":"https:\/\/serveiseducatius.xtec.cat\/altmaresme\/mediateca\/maletes-pedagogiques\/maletes-pedagogiques-de-valors\/","title":{"rendered":"Maletes pedag\u00f2giques de valors"},"content":{"rendered":"<table style=\"height: 131px; width: 770px;\">\n<tbody>\n<tr>\n<td style=\"width: 274px; text-align: center;\"><img loading=\"lazy\" decoding=\"async\" class=\"alignnone size-full wp-image-13982\" src=\"https:\/\/serveiseducatius.xtec.cat\/altmaresme\/wp-content\/uploads\/usu1140\/2021\/04\/wod-cloud-coeducaci\u00f32.jpg\" alt=\"\" width=\"339\" height=\"289\" srcset=\"https:\/\/serveiseducatius.xtec.cat\/altmaresme\/wp-content\/uploads\/usu1140\/2021\/04\/wod-cloud-coeducaci\u00f32.jpg 339w, https:\/\/serveiseducatius.xtec.cat\/altmaresme\/wp-content\/uploads\/usu1140\/2021\/04\/wod-cloud-coeducaci\u00f32-300x256.jpg 300w\" sizes=\"auto, (max-width: 339px) 100vw, 339px\" \/><\/td>\n<td style=\"width: 488px;\">\n<p class=\"blog-title\">Al CRP de l\u2019Alt Maresme hem distribu\u00eft el nostre nou material de coeducaci\u00f3 en 3 maletes pedag\u00f2giques que oferim en pr\u00e9stec als centres d\u2019infantil, prim\u00e0ria i secund\u00e0ria:<\/p>\n<p class=\"blog-title\"><a href=\"https:\/\/drive.google.com\/file\/d\/1opbtqR5fuzcVnAy3z928KE6zuEF5A0mw\/view?usp=sharing\">CONTINGUT DE LA MALETA DE COEDUCACI\u00d3 PER INFANTIL I CICLE INICIAL<\/a>. (n.reg. 9777)<\/p>\n<p><a href=\"https:\/\/drive.google.com\/file\/d\/17_mp9moRiVwcF1WgtPGwj3N8RTR2qBLD\/view?usp=sharing\">CONTINGUT DE LA MALETA DE COEDUCACI\u00d3 PER CICLE MITJ\u00c0 I CICLE SUPERIOR<\/a>. (n.reg. 7734)<\/p>\n<p><a href=\"https:\/\/drive.google.com\/file\/d\/1Na62aaIY-Eyt_W81vMvYMdIdSKxJD3VX\/view?usp=sharing\">CONTINGUT DE LA MALETA DE COEDUCACI\u00d3 PER SECUND\u00c0RIA<\/a><a href=\"https:\/\/drive.google.com\/file\/d\/1zwBaH4UEJOBHiuec9yYObnFjh-t7X9Tn\/view?usp=sharing\">.<\/a> (n.reg. 8002)<\/p>\n<p>Les maletes es complementen amb altres recursos en format digital.<\/td>\n<\/tr>\n<tr>\n<td style=\"width: 274px; text-align: center;\"><a href=\"https:\/\/view.genial.ly\/609be093d22b940dcff668c4\/dossier-grup-de-treball-seel\"><img loading=\"lazy\" decoding=\"async\" class=\"alignnone size-full wp-image-14231\" src=\"https:\/\/serveiseducatius.xtec.cat\/altmaresme\/wp-content\/uploads\/usu1140\/2021\/05\/Sense-t\u00edtol.jpg\" alt=\"\" width=\"626\" height=\"639\" srcset=\"https:\/\/serveiseducatius.xtec.cat\/altmaresme\/wp-content\/uploads\/usu1140\/2021\/05\/Sense-t\u00edtol.jpg 626w, https:\/\/serveiseducatius.xtec.cat\/altmaresme\/wp-content\/uploads\/usu1140\/2021\/05\/Sense-t\u00edtol-294x300.jpg 294w\" sizes=\"auto, (max-width: 626px) 100vw, 626px\" \/><\/a><\/td>\n<td style=\"width: 488px;\">Aquest recull editat per l&#8217;Anna Ballester de l&#8217;ESC Sagrada Fam\u00edlia amb les aportacions del grup de treball que durant el curs 2020-21 va treballar el curr\u00edculum SEEL (Aprenentatge social, emocional i \u00e8tic) amb l&#8217;acompanyament de l&#8217;Andreu Orra.<\/p>\n<p>Consisteix en el recull de les experi\u00e8ncies de totes les participants del grup de treball portades a la seva aula.<\/p>\n<p>Desitgem que us pugui servir com a recurs i us animem a adaptar-ho a la vostra realitat.<\/p>\n<p><a href=\"https:\/\/view.genial.ly\/609be093d22b940dcff668c4\/dossier-grup-de-treball-seel\">RECULL EN FORMAT GENIALLY<\/a><\/td>\n<\/tr>\n<tr style=\"height: 16px;\">\n<td style=\"height: 16px; width: 274px; text-align: center;\"><strong>KITCAIXA VALORS<\/strong><\/p>\n<p><a href=\"http:\/\/serveiseducatius.xtec.cat\/altmaresme\/wp-content\/uploads\/usu1140\/2017\/12\/310a-1.jpg\"><img loading=\"lazy\" decoding=\"async\" class=\"alignnone wp-image-10436\" src=\"http:\/\/serveiseducatius.xtec.cat\/altmaresme\/wp-content\/uploads\/usu1140\/2017\/12\/310a-1.jpg\" alt=\"\" width=\"184\" height=\"283\" srcset=\"https:\/\/serveiseducatius.xtec.cat\/altmaresme\/wp-content\/uploads\/usu1140\/2017\/12\/310a-1.jpg 390w, https:\/\/serveiseducatius.xtec.cat\/altmaresme\/wp-content\/uploads\/usu1140\/2017\/12\/310a-1-195x300.jpg 195w\" sizes=\"auto, (max-width: 184px) 100vw, 184px\" \/><\/a><\/td>\n<td style=\"height: 16px; width: 488px;\">KITCAIXA VALORS \u00e9s un recurs que facilita eines per treballar l&#8217;educaci\u00f3 dels valors \u00e8tics i socials. L&#8217;objectiu principal \u00e9s proporcionar recursos atractius, motivadors i senzills perqu\u00e8 mestres i alumnes s&#8217;engresquin a desenvolupar activitats que potenci\u00efn el\u00a0<strong>creixement socioemocional i en valors.<\/strong><\/p>\n<p>Les activitats s&#8217;ordenen a trav\u00e9s de tres\u00a0<em>kits<\/em>\u00a0independents que contenen materials pensats per ajudar a dinamitzar propostes ben definides i f\u00e0cils d&#8217;aplicar en un grup classe. Els tres\u00a0<em>kits<\/em>\u00a0s\u00f3n:<\/p>\n<ul>\n<li>Identitat<\/li>\n<li>Conviv\u00e8ncia<\/li>\n<li>Responsabilitat<\/li>\n<\/ul>\n<p><a href=\"https:\/\/www.educaixa.com\/ca\/-\/kitscaixa-valores\" target=\"_blank\" rel=\"noopener noreferrer\">Per saber-ne m\u00e9s&#8230;<\/a><\/td>\n<\/tr>\n<tr style=\"height: 16px;\">\n<td style=\"height: 16px; width: 274px; text-align: center;\"><strong>\u00a0Jocs d&#8217;Arreu del M\u00f3n<\/strong><\/p>\n<p><a href=\"http:\/\/serveiseducatius.xtec.cat\/altmaresme\/wp-content\/uploads\/usu1140\/2017\/09\/imatge-maleta-jocs-arreu-del-mon.jpg\"><img loading=\"lazy\" decoding=\"async\" class=\"alignnone wp-image-10159\" src=\"http:\/\/serveiseducatius.xtec.cat\/altmaresme\/wp-content\/uploads\/usu1140\/2017\/09\/imatge-maleta-jocs-arreu-del-mon.jpg\" alt=\"\" width=\"281\" height=\"226\" srcset=\"https:\/\/serveiseducatius.xtec.cat\/altmaresme\/wp-content\/uploads\/usu1140\/2017\/09\/imatge-maleta-jocs-arreu-del-mon.jpg 372w, https:\/\/serveiseducatius.xtec.cat\/altmaresme\/wp-content\/uploads\/usu1140\/2017\/09\/imatge-maleta-jocs-arreu-del-mon-300x241.jpg 300w\" sizes=\"auto, (max-width: 281px) 100vw, 281px\" \/><\/a><\/p>\n<p style=\"text-align: justify;\">\n<\/td>\n<td style=\"height: 16px; width: 488px;\">La maleta de Jocs d&#8217;Arreu del M\u00f3n cont\u00e9 diferents jocs per crear ponts de curiositat i d&#8217;inter\u00e8s d&#8217;altres cultures. Vol provocar la reflexi\u00f3 sobre la conviv\u00e8ncia i el mestissatge cultural. Contingut:<\/p>\n<ul>\n<li>Awale<\/li>\n<li>Baldufa<\/li>\n<li>Yenka Torre de fusta<\/li>\n<li>Bagh Chal<\/li>\n<li>Baralla espanyola<\/li>\n<li>Tres en ratlla<\/li>\n<li>Dames<\/li>\n<li>Domino<\/li>\n<li>Joc de l&#8217;oca<\/li>\n<li>Joc reial de Ur<\/li>\n<li>Mikado<\/li>\n<li>Parx\u00eds<\/li>\n<li>Puzzle filferro Wireup<\/li>\n<li>Tangram<\/li>\n<\/ul>\n<\/td>\n<\/tr>\n<tr style=\"height: 16px;\">\n<td style=\"height: 16px; width: 274px; text-align: center;\"><strong>Maleta d&#8217;Educaci\u00f3 per a la Mobilitat Segura<\/strong><a href=\"http:\/\/serveiseducatius.xtec.cat\/altmaresme\/wp-content\/uploads\/usu1140\/2017\/12\/IMG_20171211_105405.jpg\"><img loading=\"lazy\" decoding=\"async\" class=\"alignnone wp-image-10464\" src=\"http:\/\/serveiseducatius.xtec.cat\/altmaresme\/wp-content\/uploads\/usu1140\/2017\/12\/IMG_20171211_105405-1024x768.jpg\" alt=\"\" width=\"239\" height=\"179\" srcset=\"https:\/\/serveiseducatius.xtec.cat\/altmaresme\/wp-content\/uploads\/usu1140\/2017\/12\/IMG_20171211_105405-1024x768.jpg 1024w, https:\/\/serveiseducatius.xtec.cat\/altmaresme\/wp-content\/uploads\/usu1140\/2017\/12\/IMG_20171211_105405-300x225.jpg 300w, https:\/\/serveiseducatius.xtec.cat\/altmaresme\/wp-content\/uploads\/usu1140\/2017\/12\/IMG_20171211_105405-768x576.jpg 768w, https:\/\/serveiseducatius.xtec.cat\/altmaresme\/wp-content\/uploads\/usu1140\/2017\/12\/IMG_20171211_105405-200x150.jpg 200w\" sizes=\"auto, (max-width: 239px) 100vw, 239px\" \/><\/a><\/td>\n<td style=\"height: 16px; width: 488px;\">Aquesta maleta pedag\u00f2gica cont\u00e9 diferents materials i recursos per treballar la mobilitat segura a prim\u00e0ria.<\/p>\n<ul>\n<li><a href=\"https:\/\/drive.google.com\/file\/d\/1ynBuZDfzuBWSkddV_xMudsiWNsxKGbqa\/view?usp=sharing\" target=\"_blank\" rel=\"noopener noreferrer\">Contingut de la maleta per a la mobilitat segura (Prim\u00e0ria)<\/a><\/li>\n<li><a href=\"https:\/\/drive.google.com\/file\/d\/1RlqxzetNPrDJbxcNaCMxTgKlNhhcc9SF\/view?usp=sharing\">Contingut de la maleta per a la mobilitat segura (Secund\u00e0ria)<\/a><\/li>\n<\/ul>\n<\/td>\n<\/tr>\n<tr style=\"height: 16px;\">\n<td style=\"height: 16px; width: 274px; text-align: center;\"><strong>Mou-te pel carrer<\/strong><\/p>\n<p><a href=\"http:\/\/serveiseducatius.xtec.cat\/altmaresme\/wp-content\/uploads\/usu1140\/2017\/12\/Mou-te-pel-carrer.jpg\"><img loading=\"lazy\" decoding=\"async\" class=\"alignnone size-large wp-image-10565\" src=\"http:\/\/serveiseducatius.xtec.cat\/altmaresme\/wp-content\/uploads\/usu1140\/2017\/12\/Mou-te-pel-carrer-1024x768.jpg\" alt=\"\" width=\"1024\" height=\"768\" srcset=\"https:\/\/serveiseducatius.xtec.cat\/altmaresme\/wp-content\/uploads\/usu1140\/2017\/12\/Mou-te-pel-carrer-1024x768.jpg 1024w, https:\/\/serveiseducatius.xtec.cat\/altmaresme\/wp-content\/uploads\/usu1140\/2017\/12\/Mou-te-pel-carrer-300x225.jpg 300w, https:\/\/serveiseducatius.xtec.cat\/altmaresme\/wp-content\/uploads\/usu1140\/2017\/12\/Mou-te-pel-carrer-768x576.jpg 768w, https:\/\/serveiseducatius.xtec.cat\/altmaresme\/wp-content\/uploads\/usu1140\/2017\/12\/Mou-te-pel-carrer-200x150.jpg 200w\" sizes=\"auto, (max-width: 1024px) 100vw, 1024px\" \/><\/a><\/td>\n<td style=\"height: 16px; width: 488px;\">(Incl\u00f2s a la maleta per a la mobilitat segura (Prim\u00e0ria)).<\/p>\n<p>Aquest material proposa treballar amb els nens i les nenes de 3 a 8 anys, les conseq\u00fc\u00e8ncies que pot tenir un comportament poc apropiat en el despla\u00e7ament per un poble o ciutat.<\/p>\n<p>Inclou:<\/p>\n<ul>\n<li>Moqueta 3&#215;3 metres que representa un espai urb\u00e0<\/li>\n<li>10 imatges que simbolitzen\u00a0personatges i accions concretes<\/li>\n<li>Contes, CD amb continguts i dossier pel formador.<\/li>\n<\/ul>\n<\/td>\n<\/tr>\n<tr style=\"height: 16px;\">\n<td style=\"height: 16px; width: 274px; text-align: center;\"><strong>Tractament del dol<\/strong><\/td>\n<td style=\"height: 16px; width: 488px;\">Recurs\u00a0pedag\u00f2gic que facilita eines per treballar el dol i la mort. Els materials s&#8217;ordenen en dos grups:<\/p>\n<ul>\n<li>Recull de lectures i contes per treballar el tema del dol amb els <span style=\"text-decoration: underline;\">alumnes<\/span>. Inclou guia did\u00e0ctica. Materials per diferents etapes educatives. <a href=\"https:\/\/drive.google.com\/file\/d\/1f8qwPxsiI53PahNj78xTGEw9Mmd0vKbv\/view?usp=drive_link\">CONTINGUT<\/a><\/li>\n<li>Recull de lectures, documents de formaci\u00f3 i articles de premsa que orienten als <span style=\"text-decoration: underline;\">pares i educadors<\/span> en el tractament de la mort i el dol al context educatiu. <a href=\"https:\/\/drive.google.com\/file\/d\/1M5kAmLxo_1ZELvAjTJ3xP_xNtczUArbD\/view?usp=sharing\">CONTINGUT<\/a><\/li>\n<\/ul>\n<\/td>\n<\/tr>\n<tr style=\"height: 16px;\">\n<td style=\"height: 16px; width: 274px; text-align: center;\"><strong>Eco Joc<\/strong><\/p>\n<p><a href=\"http:\/\/serveiseducatius.xtec.cat\/altmaresme\/wp-content\/uploads\/usu1140\/2017\/12\/IMG_20171220_165555.jpg\"><img loading=\"lazy\" decoding=\"async\" class=\"alignnone wp-image-10611\" src=\"http:\/\/serveiseducatius.xtec.cat\/altmaresme\/wp-content\/uploads\/usu1140\/2017\/12\/IMG_20171220_165555-1024x768.jpg\" alt=\"\" width=\"204\" height=\"153\" srcset=\"https:\/\/serveiseducatius.xtec.cat\/altmaresme\/wp-content\/uploads\/usu1140\/2017\/12\/IMG_20171220_165555-1024x768.jpg 1024w, https:\/\/serveiseducatius.xtec.cat\/altmaresme\/wp-content\/uploads\/usu1140\/2017\/12\/IMG_20171220_165555-300x225.jpg 300w, https:\/\/serveiseducatius.xtec.cat\/altmaresme\/wp-content\/uploads\/usu1140\/2017\/12\/IMG_20171220_165555-768x576.jpg 768w, https:\/\/serveiseducatius.xtec.cat\/altmaresme\/wp-content\/uploads\/usu1140\/2017\/12\/IMG_20171220_165555-200x150.jpg 200w\" sizes=\"auto, (max-width: 204px) 100vw, 204px\" \/><\/a><\/td>\n<td style=\"height: 16px; width: 488px;\">Joc per a l&#8217;educaci\u00f3 mediambiental per a nens i nenes a partir de 12 anys.<\/p>\n<p>Poden jugar de 2 a 6 jugadors.<\/td>\n<\/tr>\n<\/tbody>\n<\/table>\n","protected":false},"excerpt":{"rendered":"<p>Al CRP de l\u2019Alt Maresme hem distribu\u00eft el nostre nou material de coeducaci\u00f3 en 3 maletes pedag\u00f2giques que oferim en pr\u00e9stec als centres d\u2019infantil, prim\u00e0ria i secund\u00e0ria:<br \/>\n<a href=\"https:\/\/drive.google.com\/file\/d\/1opbtqR5fuzcVnAy3z928KE6zuEF5A0mw\/view?usp=sharing\">CONTINGUT DE LA MALETA DE COEDUCACI\u00d3 PER INFANTIL I CICLE INICIAL<\/a>. (n.reg. 9777)<br \/>\n<a href=\"https:\/\/drive.google.com\/file\/d\/17_mp9moRiVwcF1WgtPGwj3N8RTR2qBLD\/view?usp=sharing\">CONTINGUT DE LA MALETA DE&hellip;  <a href=\"https:\/\/serveiseducatius.xtec.cat\/altmaresme\/mediateca\/maletes-pedagogiques\/maletes-pedagogiques-de-valors\/\" title=\"Read Maletes pedag\u00f2giques de valors\">Llegeix m\u00e9s\u00bb<\/a><\/p>\n","protected":false},"author":1,"featured_media":0,"parent":541,"menu_order":0,"comment_status":"closed","ping_status":"closed","template":"","meta":{"_bbp_topic_count":0,"_bbp_reply_count":0,"_bbp_total_topic_count":0,"_bbp_total_reply_count":0,"_bbp_voice_count":0,"_bbp_anonymous_reply_count":0,"_bbp_topic_count_hidden":0,"_bbp_reply_count_hidden":0,"_bbp_forum_subforum_count":0,"footnotes":""},"class_list":["post-10424","page","type-page","status-publish","hentry"],"post_mailing_queue_ids":[],"_links":{"self":[{"href":"https:\/\/serveiseducatius.xtec.cat\/altmaresme\/wp-json\/wp\/v2\/pages\/10424","targetHints":{"allow":["GET"]}}],"collection":[{"href":"https:\/\/serveiseducatius.xtec.cat\/altmaresme\/wp-json\/wp\/v2\/pages"}],"about":[{"href":"https:\/\/serveiseducatius.xtec.cat\/altmaresme\/wp-json\/wp\/v2\/types\/page"}],"author":[{"embeddable":true,"href":"https:\/\/serveiseducatius.xtec.cat\/altmaresme\/wp-json\/wp\/v2\/users\/1"}],"replies":[{"embeddable":true,"href":"https:\/\/serveiseducatius.xtec.cat\/altmaresme\/wp-json\/wp\/v2\/comments?post=10424"}],"version-history":[{"count":8,"href":"https:\/\/serveiseducatius.xtec.cat\/altmaresme\/wp-json\/wp\/v2\/pages\/10424\/revisions"}],"predecessor-version":[{"id":17935,"href":"https:\/\/serveiseducatius.xtec.cat\/altmaresme\/wp-json\/wp\/v2\/pages\/10424\/revisions\/17935"}],"up":[{"embeddable":true,"href":"https:\/\/serveiseducatius.xtec.cat\/altmaresme\/wp-json\/wp\/v2\/pages\/541"}],"wp:attachment":[{"href":"https:\/\/serveiseducatius.xtec.cat\/altmaresme\/wp-json\/wp\/v2\/media?parent=10424"}],"curies":[{"name":"wp","href":"https:\/\/api.w.org\/{rel}","templated":true}]}}