{"id":10420,"date":"2017-12-04T09:27:41","date_gmt":"2017-12-04T08:27:41","guid":{"rendered":"http:\/\/serveiseducatius.xtec.cat\/altmaresme\/?page_id=10420"},"modified":"2024-03-21T12:05:08","modified_gmt":"2024-03-21T11:05:08","slug":"maletes-pedagogiques-de-matematiques","status":"publish","type":"page","link":"https:\/\/serveiseducatius.xtec.cat\/altmaresme\/maletes-pedagogiques-de-matematiques\/","title":{"rendered":"Maletes pedag\u00f2giques de matem\u00e0tiques"},"content":{"rendered":"<table style=\"height: 837px; width: 90.5529%;\">\n<tbody>\n<tr style=\"height: 16px;\">\n<td style=\"height: 16px; width: 274px; text-align: center;\"><strong>Maleta de jocs de taula<\/strong><\/p>\n<p><a href=\"http:\/\/serveiseducatius.xtec.cat\/altmaresme\/wp-content\/uploads\/usu1140\/2017\/12\/IMG_20171204_101235-1.jpg\"><img loading=\"lazy\" decoding=\"async\" class=\"alignnone wp-image-10438\" src=\"http:\/\/serveiseducatius.xtec.cat\/altmaresme\/wp-content\/uploads\/usu1140\/2017\/12\/IMG_20171204_101235-1.jpg\" alt=\"\" width=\"211\" height=\"282\" srcset=\"https:\/\/serveiseducatius.xtec.cat\/altmaresme\/wp-content\/uploads\/usu1140\/2017\/12\/IMG_20171204_101235-1.jpg 3120w, https:\/\/serveiseducatius.xtec.cat\/altmaresme\/wp-content\/uploads\/usu1140\/2017\/12\/IMG_20171204_101235-1-225x300.jpg 225w, https:\/\/serveiseducatius.xtec.cat\/altmaresme\/wp-content\/uploads\/usu1140\/2017\/12\/IMG_20171204_101235-1-768x1024.jpg 768w\" sizes=\"auto, (max-width: 211px) 100vw, 211px\" \/><\/a><\/td>\n<td style=\"height: 16px; width: 488px;\">Maleta que cont\u00e9 jocs de taula de matem\u00e0tiques:<\/p>\n<div id=\"drag_8657_p8658\" draggable=\"yes\">\n<ul>\n<li><span class=\"notice-heada\">Quoridor\u00a0<\/span><\/li>\n<li><span class=\"notice-heada\">Triovision<\/span><\/li>\n<li><span class=\"notice-heada\">Perspectivo\u00a0<\/span><\/li>\n<li><span class=\"notice-heada\">Out of mine!<\/span><\/li>\n<li><span class=\"notice-heada\">SpiegelTangram<\/span><\/li>\n<li><span class=\"notice-heada\">Skiwampus<\/span><\/li>\n<li><span class=\"notice-heada\">Nmbr9<\/span><\/li>\n<li><span class=\"notice-heada\">C\u00f3digo secreto<\/span><\/li>\n<\/ul>\n<p><a href=\"https:\/\/drive.google.com\/file\/d\/1sujTCTAvECYV04H4L8Mx6EwM7rAg3sqH\/view?usp=share_link\">Maleta de jocs de taula-matem\u00e0tiques<\/a><\/p>\n<p><a href=\"https:\/\/drive.google.com\/file\/d\/1T46_QtHqKxul0ng7Wm_AoX8d0yg2rpLb\/view?usp=sharing\">Guia acompanyant elaborada per lu2<\/a><\/p>\n<\/div>\n<\/td>\n<\/tr>\n<tr style=\"height: 16px;\">\n<td style=\"height: 17px; width: 274px; text-align: center;\"><strong>Maleta pedag\u00f2gica: Jocs alg\u00e8brics<\/strong><\/p>\n<p><a href=\"http:\/\/serveiseducatius.xtec.cat\/altmaresme\/wp-content\/uploads\/usu1140\/2017\/12\/IMG_20171211_101536.jpg\"><img loading=\"lazy\" decoding=\"async\" class=\"alignnone wp-image-10457\" src=\"http:\/\/serveiseducatius.xtec.cat\/altmaresme\/wp-content\/uploads\/usu1140\/2017\/12\/IMG_20171211_101536-1024x768.jpg\" alt=\"\" width=\"239\" height=\"179\" srcset=\"https:\/\/serveiseducatius.xtec.cat\/altmaresme\/wp-content\/uploads\/usu1140\/2017\/12\/IMG_20171211_101536-1024x768.jpg 1024w, https:\/\/serveiseducatius.xtec.cat\/altmaresme\/wp-content\/uploads\/usu1140\/2017\/12\/IMG_20171211_101536-300x225.jpg 300w, https:\/\/serveiseducatius.xtec.cat\/altmaresme\/wp-content\/uploads\/usu1140\/2017\/12\/IMG_20171211_101536-768x576.jpg 768w, https:\/\/serveiseducatius.xtec.cat\/altmaresme\/wp-content\/uploads\/usu1140\/2017\/12\/IMG_20171211_101536-200x150.jpg 200w\" sizes=\"auto, (max-width: 239px) 100vw, 239px\" \/><\/a><\/td>\n<td style=\"height: 17px; width: 488px;\">Jocs matem\u00e0tics per treballar l&#8217;\u00e0lgebra a l&#8217;ESO:<\/p>\n<ul>\n<li>Pir\u00e0mide alg\u00e8brica<\/li>\n<li>UNO Alg\u00e8bric<\/li>\n<li>Bingmat<\/li>\n<li>D\u00f2mino<\/li>\n<li>Trivial alg\u00e8bric<\/li>\n<\/ul>\n<p><a href=\"https:\/\/drive.google.com\/file\/d\/1zrjMXk-XGJK60L3aoJSpY0IGxSA575nk\/view?usp=sharing\">contingut MALETA JOCS ALG\u00c8BRICS<\/a><\/td>\n<\/tr>\n<tr style=\"height: 57px;\">\n<td style=\"width: 274px; text-align: center; height: 57px;\"><strong>Maleta pedag\u00f2gica: <\/strong><strong style=\"font-family: inherit; font-size: 1em;\">C\u00e0lcul i estad\u00edstica<\/strong><\/p>\n<p><strong><a href=\"https:\/\/serveiseducatius.xtec.cat\/altmaresme\/wp-content\/uploads\/usu1140\/2023\/01\/maleta-MMACA.jpg\"><img loading=\"lazy\" decoding=\"async\" class=\"alignnone size-large wp-image-17100\" src=\"https:\/\/serveiseducatius.xtec.cat\/altmaresme\/wp-content\/uploads\/usu1140\/2023\/01\/maleta-MMACA-1024x768.jpg\" alt=\"\" width=\"1024\" height=\"768\" srcset=\"https:\/\/serveiseducatius.xtec.cat\/altmaresme\/wp-content\/uploads\/usu1140\/2023\/01\/maleta-MMACA-1024x768.jpg 1024w, https:\/\/serveiseducatius.xtec.cat\/altmaresme\/wp-content\/uploads\/usu1140\/2023\/01\/maleta-MMACA-300x225.jpg 300w, https:\/\/serveiseducatius.xtec.cat\/altmaresme\/wp-content\/uploads\/usu1140\/2023\/01\/maleta-MMACA-768x576.jpg 768w, https:\/\/serveiseducatius.xtec.cat\/altmaresme\/wp-content\/uploads\/usu1140\/2023\/01\/maleta-MMACA-200x150.jpg 200w, https:\/\/serveiseducatius.xtec.cat\/altmaresme\/wp-content\/uploads\/usu1140\/2023\/01\/maleta-MMACA.jpg 1280w\" sizes=\"auto, (max-width: 1024px) 100vw, 1024px\" \/><\/a><\/strong><\/td>\n<td style=\"width: 488px; height: 57px;\"><a href=\"https:\/\/mmaca.cat\/docs\/mP%20-%20Flyer%20(CAT)r%20(2019_11_17%2009_21_42%20UTC).pdf\"><span class=\"il\">Maleta<\/span> de C\u00c0LCUL i ESTAD\u00cdSTICA<\/a><\/p>\n<p>Material per a treballar les <span class=\"il\">matem\u00e0tiques<\/span>\u00a0de manera vivencial i manipulativa.<\/p>\n<p>Es tracta de una de les maletes de la col\u00b7lecci\u00f3 de\u00a0<a href=\"https:\/\/mmaca.cat\/recursos\/m4\/\" target=\"_blank\" rel=\"noopener noreferrer\" data-saferedirecturl=\"https:\/\/www.google.com\/url?q=https:\/\/mmaca.cat\/recursos\/m4\/&amp;source=gmail&amp;ust=1607590230764000&amp;usg=AFQjCNEFz9-9SgviNGUpnetnch4O-WH_3A\">maletes de material manipulatiu del mmaca m4\u00a0<\/a>\u00a0De l\u2019aula al museu\u2026 i del museu a l\u2019aula!<\/p>\n<p>S\u00f3n una s\u00e8rie de plafons i peces que els acompanyen amb un codi de colors fets amb material f\u00e0cil de manegar, de netejar i, fins i tot, de replicar. Pot ser un punt de partida per experimentar les matem\u00e0tiques aix\u00ed com per agafar idees per crear materials per a l\u2019aula.<\/p>\n<p><a href=\"https:\/\/drive.google.com\/file\/d\/1I-OT2ZiMaUs0GIhD-HR8CyXUHrkIg8bL\/view?usp=sharing\">Contingut de la maleta<\/a><\/p>\n<p><a href=\"https:\/\/drive.google.com\/file\/d\/1Ki-_T3dX1cVY5WXEsCHJP9VWadlJ57Pb\/view?usp=share_link\">Guia d&#8217;acompanyament<\/a><\/p>\n<p>Aquest material est\u00e0 adre\u00e7at a l\u2019alumnat de\u00a0<b>cicle inicial <\/b>i de\u00a0<b>cicle mitj\u00e0<\/b>.<\/td>\n<\/tr>\n<tr style=\"height: 431px;\">\n<td style=\"width: 274px; text-align: center; height: 431px;\"><strong>Maleta pedag\u00f2gica: <strong style=\"font-family: inherit; font-size: 1em;\">C\u00e0lcul, estad\u00edstica i probabilitat.<\/strong><\/strong><\/p>\n<p><strong><a href=\"https:\/\/serveiseducatius.xtec.cat\/altmaresme\/wp-content\/uploads\/usu1140\/2020\/12\/IMG_20200225_125354.jpg\"><img loading=\"lazy\" decoding=\"async\" class=\"alignnone size-full wp-image-13346\" src=\"https:\/\/serveiseducatius.xtec.cat\/altmaresme\/wp-content\/uploads\/usu1140\/2020\/12\/IMG_20200225_125354.jpg\" alt=\"\" width=\"968\" height=\"989\" srcset=\"https:\/\/serveiseducatius.xtec.cat\/altmaresme\/wp-content\/uploads\/usu1140\/2020\/12\/IMG_20200225_125354.jpg 968w, https:\/\/serveiseducatius.xtec.cat\/altmaresme\/wp-content\/uploads\/usu1140\/2020\/12\/IMG_20200225_125354-294x300.jpg 294w, https:\/\/serveiseducatius.xtec.cat\/altmaresme\/wp-content\/uploads\/usu1140\/2020\/12\/IMG_20200225_125354-768x785.jpg 768w\" sizes=\"auto, (max-width: 968px) 100vw, 968px\" \/><\/a>\u00a0<\/strong><\/td>\n<td style=\"width: 488px; height: 431px;\"><a href=\"https:\/\/mmaca.cat\/docs\/m4%20-%20Flyer%20(CAT)r%20(2019_11_17%2009_21_42%20UTC).pdf\" target=\"_blank\" rel=\"noopener noreferrer\" data-saferedirecturl=\"https:\/\/www.google.com\/url?q=https:\/\/mmaca.cat\/docs\/m4%2520-%2520Flyer%2520(CAT)r%2520(2019_11_17%252009_21_42%2520UTC).pdf&amp;source=gmail&amp;ust=1607590230764000&amp;usg=AFQjCNFMSHshdKmgtwdfBa-b30QqQ6JIqw\"><span class=\"il\">Maleta<\/span>\u00a0de C\u00c0LCUL, ESTAD\u00cdSTICA I PROBABILITAT<\/a><\/p>\n<p>Material per a treballar les <span class=\"il\">matem\u00e0tiques<\/span>\u00a0de manera vivencial i manipulativa.<\/p>\n<p>Es tracta de una de les maletes de la col\u00b7lecci\u00f3 de\u00a0<a href=\"https:\/\/mmaca.cat\/recursos\/m4\/\" target=\"_blank\" rel=\"noopener noreferrer\" data-saferedirecturl=\"https:\/\/www.google.com\/url?q=https:\/\/mmaca.cat\/recursos\/m4\/&amp;source=gmail&amp;ust=1607590230764000&amp;usg=AFQjCNEFz9-9SgviNGUpnetnch4O-WH_3A\">maletes de material manipulatiu del mmaca m4\u00a0<\/a>\u00a0De l\u2019aula al museu\u2026 i del museu a l\u2019aula!<\/p>\n<p>S\u00f3n una s\u00e8rie de plafons i peces que els acompanyen amb un codi de colors fets amb material f\u00e0cil de manegar, de netejar i, fins i tot, de replicar. Pot ser un punt de partida per experimentar les matem\u00e0tiques aix\u00ed com per agafar idees per crear materials per a l\u2019aula.<\/p>\n<p><a href=\"https:\/\/drive.google.com\/file\/d\/1_ByXUcAZ4S66WvMhxq93kKTFH3hFNNKz\/view?usp=sharing\">Contingut de la maleta<\/a><\/p>\n<p><a href=\"https:\/\/drive.google.com\/file\/d\/1XFMFoi7eh03QNds8D2MUquQikFZJXSR3\/view?usp=sharing\">Material d&#8217;ampliaci\u00f3<\/a><\/p>\n<p>Aquest material est\u00e0 adre\u00e7at a l\u2019alumnat de\u00a0<b>cicle superior<\/b>\u00a0i de\u00a0<b>1r i 2n d\u2019ESO<\/b>.<\/td>\n<\/tr>\n<tr style=\"height: 316px;\">\n<td style=\"width: 274px; text-align: center; height: 316px;\"><strong>Maleta pedag\u00f2gica: <strong style=\"font-family: inherit; font-size: 1em;\">Kapla<\/strong><\/strong><\/p>\n<p><strong><img loading=\"lazy\" decoding=\"async\" class=\"alignnone size-full wp-image-16625\" src=\"https:\/\/serveiseducatius.xtec.cat\/altmaresme\/wp-content\/uploads\/usu1140\/2022\/09\/kapla.jpg\" alt=\"\" width=\"1174\" height=\"1280\" srcset=\"https:\/\/serveiseducatius.xtec.cat\/altmaresme\/wp-content\/uploads\/usu1140\/2022\/09\/kapla.jpg 1174w, https:\/\/serveiseducatius.xtec.cat\/altmaresme\/wp-content\/uploads\/usu1140\/2022\/09\/kapla-275x300.jpg 275w, https:\/\/serveiseducatius.xtec.cat\/altmaresme\/wp-content\/uploads\/usu1140\/2022\/09\/kapla-939x1024.jpg 939w, https:\/\/serveiseducatius.xtec.cat\/altmaresme\/wp-content\/uploads\/usu1140\/2022\/09\/kapla-768x837.jpg 768w\" sizes=\"auto, (max-width: 1174px) 100vw, 1174px\" \/><\/strong><\/td>\n<td style=\"width: 488px; height: 316px;\"><span class=\"il\">Espai pla i tridimensional, centre de gravetat, c\u00e0rregues i forces s\u00f3n alguns dels conceptes que pensem que s&#8217;amaguen darrera d&#8217;aquest material.<br \/>\n<\/span>Es pot explorar de forma espont\u00e0nia o podeu plantejar reptes que portin a l&#8217;aplicaci\u00f3 de conceptes matem\u00e0tics o de f\u00edsica.Capsa de <strong>1.000 peces<\/strong>.<\/td>\n<\/tr>\n<tr>\n<td style=\"width: 274px; text-align: center;\"><strong>Maleta pedag\u00f2gica: <strong style=\"font-family: inherit; font-size: 1em;\">Regletes num\u00e8riques M. Ant\u00f2nia Canals<\/strong><\/strong><\/p>\n<p><strong>7 caixes n.1<\/strong><\/p>\n<p><strong><strong style=\"font-family: inherit; font-size: 1em;\"><a href=\"https:\/\/serveiseducatius.xtec.cat\/altmaresme\/wp-content\/uploads\/usu1140\/2023\/01\/ardidac.jpg\"><img loading=\"lazy\" decoding=\"async\" class=\"alignnone size-full wp-image-17104\" src=\"https:\/\/serveiseducatius.xtec.cat\/altmaresme\/wp-content\/uploads\/usu1140\/2023\/01\/ardidac.jpg\" alt=\"\" width=\"225\" height=\"225\" srcset=\"https:\/\/serveiseducatius.xtec.cat\/altmaresme\/wp-content\/uploads\/usu1140\/2023\/01\/ardidac.jpg 225w, https:\/\/serveiseducatius.xtec.cat\/altmaresme\/wp-content\/uploads\/usu1140\/2023\/01\/ardidac-150x150.jpg 150w\" sizes=\"auto, (max-width: 225px) 100vw, 225px\" \/><\/a><\/strong><\/strong><\/p>\n<p>&nbsp;<\/p>\n<p><a href=\"https:\/\/drive.google.com\/file\/d\/19nqpJUiLkRNEk3Q14kN_X9GlGENmzcjz\/view?usp=share_link\">GUIA D&#8217;ACOMPANYAMENT (castell\u00e0)<\/a><\/p>\n<p>&nbsp;<\/p>\n<p><iframe loading=\"lazy\" title=\"YouTube video player\" src=\"\/\/www.youtube.com\/embed\/8wA4btTgrBM\" width=\"280\" height=\"157\" frameborder=\"0\" allowfullscreen=\"allowfullscreen\"><\/iframe><\/p>\n<p>&nbsp;<\/p>\n<p>&nbsp;<\/p>\n<p>&nbsp;<\/p>\n<p>&nbsp;<\/td>\n<td style=\"width: 488px;\">\n<p class=\"product_title entry-title\"><strong>Els Reglets num\u00e8riques de la Maria Antonia Canals<\/strong>\u00a0\u00e9s un joc vers\u00e0til de manipulaci\u00f3 matem\u00e0tica.<\/p>\n<p>S\u00f3n unes peces de fusta amb uns colors concrets, representen els deu primers nombres naturals, els seus quadrats i els seus cubs, permet que es comprenguin millor els n\u00fameros i faciliten la transici\u00f3 cap al c\u00e0lcul mental.<\/p>\n<p>Les seves magnituds s\u00f3n una expressi\u00f3 realista de les quantitats, amb la caracter\u00edstica que les unitats que les formen no estan marcades i d\u2019aquesta manera, com que no es pot anar contant d\u2019unitat en unitat, es fomenta el c\u00e0lcul mental.<\/p>\n<p>Els reglets s\u00f3n un excel\u00b7lent material per treballar els nombres naturals i les seves operacions, es poden fer estimacions de c\u00e0lcul, experimentar, descobrir relacions entre nombres, etc., i es recomanen a les etapes de prim\u00e0ria i secund\u00e0ria.<\/p>\n<p>Els nombres es representen per reglets d\u2019un cent\u00edmetre quadrat de secci\u00f3 i la seva longitud equival, en cent\u00edmetres, al nombre que representa.<\/p>\n<p>La primera caixa de regletes, s\u00f3n els reglets num\u00e8rics i representen els deu primers nombres naturals. : 1, 2, 3<span class=\"hiddenGrammarError\">, \u2026<\/span>, 10<\/p>\n<p>Amb aquest material, els objectius que es poden aconseguir s\u00f3n:<\/p>\n<p>\u2022 Familiaritzar-se amb els nombres naturals i a con\u00e8ixer-los en profunditat.<br \/>\n\u2022 Experimentar i descobrir relacions entre els nombres, els seus quadrats i els cubs.<br \/>\n\u2022 Visualitzar les operacions i afavorir la seva pr\u00e0ctica.<br \/>\n\u2022 Fer estimacions de resultat i descobrir diferents solucions.<br \/>\n\u2022 Fonamentar el raonament a partir de la manipulaci\u00f3.<br \/>\n\u2022 Afavorir la imaginaci\u00f3 dels nombres i la seva expressi\u00f3 verbal.<br \/>\n\u2022 Adquirir agilitat en el c\u00e0lcul mental.<\/p>\n<p>Per fer un bon \u00fas d\u2019aquest material, us recomanem que us llegiu els llibres de la mateixa autora.<\/p>\n<p>A la caixa hi trobem\u00a0310 reglets de fusta, pintades amb tint ecol\u00f2gic amb els mateixos colors que els quadrats i cubs num\u00e8ric.<\/p>\n<p>Els colors de les reglets s\u00f3n els proposats per M. Ant\u00f2nia Canals<\/td>\n<\/tr>\n<tr>\n<td style=\"width: 274px; text-align: center;\"><strong><a href=\"https:\/\/nrich.maths.org\/frontpage\"><img loading=\"lazy\" decoding=\"async\" class=\"alignnone size-full wp-image-18080\" src=\"https:\/\/serveiseducatius.xtec.cat\/altmaresme\/wp-content\/uploads\/usu1140\/2024\/03\/nrich.png\" alt=\"\" width=\"300\" height=\"100\" \/><\/a><\/strong><\/td>\n<td style=\"width: 488px;\">\n<p style=\"font-weight: 400;\"><a href=\"https:\/\/nrich.maths.org\/frontpage\">NRICH<\/a> ofereix recursos relacionats amb el curr\u00edculum per a estudiants de 3 a 18 anys, dissenyats per alimentar aprenents de matem\u00e0tiques escolars curiosos, enginyosos i segurs. Tots aquests <span style=\"text-decoration: underline;\">recursos s\u00f3n d&#8217;\u00fas gratu\u00eft per a tothom<\/span>.<\/p>\n<p style=\"font-weight: 400;\">A la seva p\u00e0gina diuen:\u00a0<em>creiem que els matem\u00e0tics d&#8217;\u00e8xit entenen els conceptes del curr\u00edculum i s\u00f3n fluids en habilitats i procediments matem\u00e0tics, i tamb\u00e9 poden resoldre problemes, explicar i justificar el seu pensament, i tenir una actitud positiva cap a les matem\u00e0tiques i cap a ells mateixos com a aprenents de matem\u00e0tiques. Tenint aix\u00f2 en compte, oferim activitats matem\u00e0tiques riques que tenen com a objectiu fomentar aprenents de matem\u00e0tiques curiosos, amb recursos i segurs.<\/em><\/p>\n<p style=\"font-weight: 400;\">L\u2019equip de NRICH de la Universitat de Cambridge, que es declara com a apassionat per enriquir experi\u00e8ncia d&#8217;aprenentatge de les matem\u00e0tiques dels estudiants, ens proposa tasques que podem oferir a les nostres aules, i que ens obren la porta a una educaci\u00f3 matem\u00e0tica per a tothom.<\/p>\n<\/td>\n<\/tr>\n<\/tbody>\n<\/table>\n","protected":false},"excerpt":{"rendered":"<p>Maleta de jocs de taula<br \/>\n<a href=\"http:\/\/serveiseducatius.xtec.cat\/altmaresme\/wp-content\/uploads\/usu1140\/2017\/12\/IMG_20171204_101235-1.jpg\"><\/a><br \/>\nMaleta que cont\u00e9 jocs de taula de matem\u00e0tiques:<\/p>\n<ul>\n<li>Quoridor\u00a0<\/li>\n<li>Triovision<\/li>\n<li>Perspectivo\u00a0<\/li>\n<li>Out of mine!<\/li>\n<li>SpiegelTangram<\/li>\n<li>Skiwampus<\/li>\n<li>Nmbr9<\/li>\n<li>C\u00f3digo secreto<\/li>\n<\/ul>\n<p><a href=\"https:\/\/drive.google.com\/file\/d\/1sujTCTAvECYV04H4L8Mx6EwM7rAg3sqH\/view?usp=share_link\">Maleta de jocs de taula-matem\u00e0tiques<\/a><br \/>\n<a href=\"https:\/\/drive.google.com\/file\/d\/1T46_QtHqKxul0ng7Wm_AoX8d0yg2rpLb\/view?usp=sharing\">Guia acompanyant elaborada per lu2<\/a><\/p>\n<p>Maleta pedag\u00f2gica: Jocs alg\u00e8brics<br \/>\n<a href=\"http:\/\/serveiseducatius.xtec.cat\/altmaresme\/wp-content\/uploads\/usu1140\/2017\/12\/IMG_20171211_101536.jpg\"><\/a><br \/>\nJocs matem\u00e0tics per treballar l&#8217;\u00e0lgebra a l&#8217;ESO:<\/p>\n<ul>\n<li>Pir\u00e0mide alg\u00e8brica<\/li>\n<li>UNO Alg\u00e8bric<\/li>\n<li>Bingmat<\/li>\n<li>D\u00f2mino<\/li>\n<li>Trivial alg\u00e8bric<\/li>\n<\/ul>\n<p><a href=\"https:\/\/drive.google.com\/file\/d\/1zrjMXk-XGJK60L3aoJSpY0IGxSA575nk\/view?usp=sharing\">contingut MALETA JOCS ALG\u00c8BRICS<\/a><\/p>\n<p>Maleta pedag\u00f2gica: C\u00e0lcul&hellip;  <a href=\"https:\/\/serveiseducatius.xtec.cat\/altmaresme\/maletes-pedagogiques-de-matematiques\/\" title=\"Read Maletes pedag\u00f2giques de matem\u00e0tiques\">Llegeix m\u00e9s\u00bb<\/a><\/p>\n","protected":false},"author":1,"featured_media":0,"parent":0,"menu_order":0,"comment_status":"closed","ping_status":"closed","template":"","meta":{"_bbp_topic_count":0,"_bbp_reply_count":0,"_bbp_total_topic_count":0,"_bbp_total_reply_count":0,"_bbp_voice_count":0,"_bbp_anonymous_reply_count":0,"_bbp_topic_count_hidden":0,"_bbp_reply_count_hidden":0,"_bbp_forum_subforum_count":0,"footnotes":""},"class_list":["post-10420","page","type-page","status-publish","hentry"],"post_mailing_queue_ids":[],"_links":{"self":[{"href":"https:\/\/serveiseducatius.xtec.cat\/altmaresme\/wp-json\/wp\/v2\/pages\/10420","targetHints":{"allow":["GET"]}}],"collection":[{"href":"https:\/\/serveiseducatius.xtec.cat\/altmaresme\/wp-json\/wp\/v2\/pages"}],"about":[{"href":"https:\/\/serveiseducatius.xtec.cat\/altmaresme\/wp-json\/wp\/v2\/types\/page"}],"author":[{"embeddable":true,"href":"https:\/\/serveiseducatius.xtec.cat\/altmaresme\/wp-json\/wp\/v2\/users\/1"}],"replies":[{"embeddable":true,"href":"https:\/\/serveiseducatius.xtec.cat\/altmaresme\/wp-json\/wp\/v2\/comments?post=10420"}],"version-history":[{"count":8,"href":"https:\/\/serveiseducatius.xtec.cat\/altmaresme\/wp-json\/wp\/v2\/pages\/10420\/revisions"}],"predecessor-version":[{"id":18084,"href":"https:\/\/serveiseducatius.xtec.cat\/altmaresme\/wp-json\/wp\/v2\/pages\/10420\/revisions\/18084"}],"wp:attachment":[{"href":"https:\/\/serveiseducatius.xtec.cat\/altmaresme\/wp-json\/wp\/v2\/media?parent=10420"}],"curies":[{"name":"wp","href":"https:\/\/api.w.org\/{rel}","templated":true}]}}