{"id":10405,"date":"2017-12-01T12:21:56","date_gmt":"2017-12-01T11:21:56","guid":{"rendered":"http:\/\/serveiseducatius.xtec.cat\/altmaresme\/?page_id=10405"},"modified":"2022-05-31T10:50:00","modified_gmt":"2022-05-31T08:50:00","slug":"maletes-pedagogiques-de-lectura-i-llengua","status":"publish","type":"page","link":"https:\/\/serveiseducatius.xtec.cat\/altmaresme\/mediateca\/maletes-pedagogiques\/maletes-pedagogiques-de-lectura-i-llengua\/","title":{"rendered":"Maletes pedag\u00f2giques de lectura i llengua"},"content":{"rendered":"<table style=\"height: 1006px; width: 965px;\">\n<tbody>\n<tr style=\"height: 16px;\">\n<td style=\"height: 16px; width: 373px; text-align: center;\"><strong>Motxilla Viatgera de Poesia Infantil<\/strong><\/p>\n<p><a href=\"http:\/\/serveiseducatius.xtec.cat\/altmaresme\/wp-content\/uploads\/usu1140\/2017\/12\/IMG_20171201_130054.jpg\"><img loading=\"lazy\" decoding=\"async\" class=\"alignnone wp-image-10414\" src=\"http:\/\/serveiseducatius.xtec.cat\/altmaresme\/wp-content\/uploads\/usu1140\/2017\/12\/IMG_20171201_130054.jpg\" alt=\"\" width=\"206\" height=\"206\" srcset=\"https:\/\/serveiseducatius.xtec.cat\/altmaresme\/wp-content\/uploads\/usu1140\/2017\/12\/IMG_20171201_130054.jpg 1384w, https:\/\/serveiseducatius.xtec.cat\/altmaresme\/wp-content\/uploads\/usu1140\/2017\/12\/IMG_20171201_130054-150x150.jpg 150w, https:\/\/serveiseducatius.xtec.cat\/altmaresme\/wp-content\/uploads\/usu1140\/2017\/12\/IMG_20171201_130054-300x300.jpg 300w, https:\/\/serveiseducatius.xtec.cat\/altmaresme\/wp-content\/uploads\/usu1140\/2017\/12\/IMG_20171201_130054-768x768.jpg 768w, https:\/\/serveiseducatius.xtec.cat\/altmaresme\/wp-content\/uploads\/usu1140\/2017\/12\/IMG_20171201_130054-1024x1024.jpg 1024w\" sizes=\"auto, (max-width: 206px) 100vw, 206px\" \/><\/a><\/td>\n<td style=\"height: 16px; width: 584px;\"><span style=\"font-weight: 400;\">La maleta pedag\u00f2gica \u00a0cont\u00e9 diferents llibres per treballar la poesia i el llenguatge <\/span><span style=\"font-weight: 400;\">amb poemes i textos curts.<\/span><\/p>\n<ul>\n<li><a href=\"https:\/\/drive.google.com\/file\/d\/1IhmKVBCGl-leveL_vjpgfiuYzcC6s1zJ\/view?usp=sharing\" target=\"_blank\" rel=\"noopener noreferrer\">Contingut de la motxilla Viatgera de Poesia Infantil. Cicle inicial<\/a>.<\/li>\n<li><a href=\"https:\/\/drive.google.com\/file\/d\/1CIa6kIVMx1XwurwE6te5w0iuhyfuP9mf\/view?usp=sharing\" target=\"_blank\" rel=\"noopener noreferrer\">Contingut de la motxilla Viatgera de Poesia Infantil. Cicle mitj\u00e0.<\/a><\/li>\n<li><a href=\"https:\/\/drive.google.com\/file\/d\/1C_gFaJ2cUwB5FzcwsamjMf0KboPwyYE9\/view?usp=sharing\" target=\"_blank\" rel=\"noopener noreferrer\">Contingut de la motxilla Viatgera de Poesia Infantil. Cicle superior.<\/a><\/li>\n<\/ul>\n<\/td>\n<\/tr>\n<tr style=\"height: 31px;\">\n<td style=\"height: 31px; width: 373px; text-align: center;\">\u00a0<strong>Maleta de Contes i Hist\u00f2ries d&#8217;Arreu<\/strong><\/p>\n<p><a href=\"http:\/\/serveiseducatius.xtec.cat\/altmaresme\/wp-content\/uploads\/usu1140\/2017\/12\/IMG_20171211_100354.jpg\"><img loading=\"lazy\" decoding=\"async\" class=\"alignnone wp-image-10455\" src=\"http:\/\/serveiseducatius.xtec.cat\/altmaresme\/wp-content\/uploads\/usu1140\/2017\/12\/IMG_20171211_100354-872x1024.jpg\" alt=\"\" width=\"209\" height=\"246\" srcset=\"https:\/\/serveiseducatius.xtec.cat\/altmaresme\/wp-content\/uploads\/usu1140\/2017\/12\/IMG_20171211_100354-872x1024.jpg 872w, https:\/\/serveiseducatius.xtec.cat\/altmaresme\/wp-content\/uploads\/usu1140\/2017\/12\/IMG_20171211_100354-256x300.jpg 256w, https:\/\/serveiseducatius.xtec.cat\/altmaresme\/wp-content\/uploads\/usu1140\/2017\/12\/IMG_20171211_100354-768x902.jpg 768w\" sizes=\"auto, (max-width: 209px) 100vw, 209px\" \/><\/a><\/td>\n<td style=\"height: 31px; width: 584px;\">Aquesta Maleta de Contes i Hist\u00f2ries d&#8217;Arreu del M\u00f3n que us oferim vol crear ponts de curiositat i d&#8217;inter\u00e8s mutu.<\/p>\n<p>A trav\u00e9s de pinzellades de realitats vol provocar la reflexi\u00f3 sobre la conviv\u00e8ncia i el mestissatge cultural per arribar a un di\u00e0leg en peu d&#8217;igualtat, perqu\u00e8 tots som fills del mestissatge, tots som fills dels moviments humans, tots som fills de l&#8217;emigraci\u00f3.<\/p>\n<ul>\n<li><a href=\"https:\/\/drive.google.com\/file\/d\/1-j23T8lhTBbukVjwtl3pkY8R6ssilYyy\/view?usp=sharing\">Contingut de la maleta de contes i hist\u00f2ries d&#8217;arreu<\/a><\/li>\n<\/ul>\n<\/td>\n<\/tr>\n<tr style=\"height: 31px;\">\n<td style=\"height: 31px; width: 373px; text-align: center;\"><strong>Maleta del C\u00f2mic<\/strong><\/p>\n<p><a href=\"http:\/\/serveiseducatius.xtec.cat\/altmaresme\/wp-content\/uploads\/usu1140\/2017\/12\/IMG_20171211_100411.jpg\"><img loading=\"lazy\" decoding=\"async\" class=\"alignnone wp-image-10480\" src=\"http:\/\/serveiseducatius.xtec.cat\/altmaresme\/wp-content\/uploads\/usu1140\/2017\/12\/IMG_20171211_100411-876x1024.jpg\" alt=\"\" width=\"202\" height=\"236\" srcset=\"https:\/\/serveiseducatius.xtec.cat\/altmaresme\/wp-content\/uploads\/usu1140\/2017\/12\/IMG_20171211_100411-876x1024.jpg 876w, https:\/\/serveiseducatius.xtec.cat\/altmaresme\/wp-content\/uploads\/usu1140\/2017\/12\/IMG_20171211_100411-257x300.jpg 257w, https:\/\/serveiseducatius.xtec.cat\/altmaresme\/wp-content\/uploads\/usu1140\/2017\/12\/IMG_20171211_100411-768x898.jpg 768w\" sizes=\"auto, (max-width: 202px) 100vw, 202px\" \/><\/a><\/td>\n<td style=\"height: 31px; width: 584px;\">En aquesta maleta tenim exemplars de c\u00f2mics que ens permeten treballar diferents aspectes <span style=\"font-family: inherit; font-size: 1em;\">del g\u00e8nere.<\/span><\/p>\n<p>El c\u00f2mic \u00e9s un recurs expressiu d&#8217;un gran valor pedag\u00f2gic. Con\u00e8ixer el llenguatge permet\u00a0 a l&#8217;alumnat comunicar-se mitjan\u00e7ant les imatges i el text i afavoreix el treball interdisciplinari.<\/p>\n<ul>\n<li><a href=\"https:\/\/docs.google.com\/document\/d\/1NngzorSBD-jDUYxbpbpzO_FGVBo8P7chuXO-q4hAVm0\/edit?usp=sharing\" target=\"_blank\" rel=\"noopener noreferrer\">Contingut de la maleta del C\u00f2mic<\/a><\/li>\n<li><a href=\"https:\/\/drive.google.com\/drive\/folders\/1yXp-PLpeBscL8hTakXL1XvKuvkmeW5FW?usp=sharing\">El c\u00f2mic. Material complementari i recursos en l\u00ednia.<\/a><\/li>\n<\/ul>\n<\/td>\n<\/tr>\n<tr style=\"height: 31px;\">\n<td style=\"height: 31px; width: 373px; text-align: center;\"><strong>Maleta dels Contes Viatgers<\/strong><\/p>\n<p><a href=\"https:\/\/serveiseducatius.xtec.cat\/altmaresme\/wp-content\/uploads\/usu1140\/2021\/05\/maleta-contes-que-roden.jpg\"><img loading=\"lazy\" decoding=\"async\" class=\"alignnone wp-image-14214\" src=\"https:\/\/serveiseducatius.xtec.cat\/altmaresme\/wp-content\/uploads\/usu1140\/2021\/05\/maleta-contes-que-roden-1024x719.jpg\" alt=\"\" width=\"268\" height=\"188\" srcset=\"https:\/\/serveiseducatius.xtec.cat\/altmaresme\/wp-content\/uploads\/usu1140\/2021\/05\/maleta-contes-que-roden-1024x719.jpg 1024w, https:\/\/serveiseducatius.xtec.cat\/altmaresme\/wp-content\/uploads\/usu1140\/2021\/05\/maleta-contes-que-roden-300x211.jpg 300w, https:\/\/serveiseducatius.xtec.cat\/altmaresme\/wp-content\/uploads\/usu1140\/2021\/05\/maleta-contes-que-roden-768x539.jpg 768w, https:\/\/serveiseducatius.xtec.cat\/altmaresme\/wp-content\/uploads\/usu1140\/2021\/05\/maleta-contes-que-roden.jpg 1220w\" sizes=\"auto, (max-width: 268px) 100vw, 268px\" \/><\/a><\/td>\n<td style=\"height: 31px; width: 584px;\">L&#8217;objectiu de la Maleta dels Contes Viatgers \u00e9s fomentar, a m\u00e9s de provocar el di\u00e0leg mitjan\u00e7ant la lectura de contes. Inclou des de contes cl\u00e0ssics fins a lectures de temes socials, de valors i d&#8217;h\u00e0bits.<\/p>\n<ul>\n<li><a href=\"https:\/\/drive.google.com\/file\/d\/1Q_xaXWX3xJIdwLCZSGD9sRv1oAAgZd_Y\/view?usp=sharing\" target=\"_blank\" rel=\"noopener noreferrer\">Contingut de la maleta dels Contes Viatgers<\/a><\/li>\n<\/ul>\n<\/td>\n<\/tr>\n<tr style=\"height: 897px;\">\n<td style=\"width: 373px; text-align: center; height: 897px;\"><strong>Kamishibai<\/strong><\/p>\n<p><a href=\"https:\/\/serveiseducatius.xtec.cat\/altmaresme\/wp-content\/uploads\/usu1140\/2021\/02\/kamishibai-article.jpg\"><img loading=\"lazy\" decoding=\"async\" class=\"alignnone size-full wp-image-13636\" src=\"https:\/\/serveiseducatius.xtec.cat\/altmaresme\/wp-content\/uploads\/usu1140\/2021\/02\/kamishibai-article.jpg\" alt=\"\" width=\"396\" height=\"443\" srcset=\"https:\/\/serveiseducatius.xtec.cat\/altmaresme\/wp-content\/uploads\/usu1140\/2021\/02\/kamishibai-article.jpg 396w, https:\/\/serveiseducatius.xtec.cat\/altmaresme\/wp-content\/uploads\/usu1140\/2021\/02\/kamishibai-article-268x300.jpg 268w\" sizes=\"auto, (max-width: 396px) 100vw, 396px\" \/><\/a><\/p>\n<p>&nbsp;<\/p>\n<p style=\"text-align: left;\">El CRP disposa de 2 Kamishibais + 4 contes en l\u00e0mines cadascun:<\/p>\n<ul>\n<li style=\"text-align: left;\">El gat amb botes \/ Perrault, Charles<\/li>\n<li style=\"text-align: left;\">El gat sol \/ Fuentes, Juli\u00e1n; Iglesias, Beatriz<\/li>\n<li style=\"text-align: left;\">Perqu\u00e8 hi ha tantes pedres en el fons dels rius? \/ D\u00edaz, Bel\u00e9n; Amago Antonio<\/li>\n<li style=\"text-align: left;\">\u00a0Hans i la princesa \/ Jorgensen, Siren; Royo, Noelia<\/li>\n<\/ul>\n<\/td>\n<td style=\"width: 584px; height: 897px;\">\n<p style=\"text-align: justify;\"><strong>Kamishibai significa \u201cTeatre de paper\u201d i \u00e9s una forma molt popular, des de fa segles, <\/strong><strong>d\u2019explicar contes al Jap\u00f3<\/strong>.<\/p>\n<p style=\"text-align: justify;\">El kamishibai fascina a l\u2019audi\u00e8ncia perqu\u00e8 les seves caracter\u00edstiques i la manera de presentar-lo ajuden a aconseguir un efecte m\u00e0gic i de concentraci\u00f3 al voltant del conte.<\/p>\n<p style=\"text-align: justify;\"><strong>Com funciona el Kamishibai?<\/strong><\/p>\n<p><strong>1.La lectura del Kamishibai es realitza col\u00b7locant les l\u00e0mines en ordre sobre un <\/strong><strong>petit suport del teatre<\/strong>, de cara a l\u2019auditori i lliscant les l\u00e0mines una darrera de l\u2019altra, mentre\u00a0es llegeix el text. Les l\u00e0mines tenen un dibuix a tot color per una cara i text per l\u2019altra.<\/p>\n<p><strong>2. L\u2019int\u00e8rpret es col\u00b7loca a prop del teatre, de cara al p\u00fablic, i presenta la hist\u00f2ria <\/strong><strong>fent servir la seva pr\u00f2pia veu.\u00a0<\/strong>El paper fonamental de l\u2019int\u00e8rpret \u00e9s con\u00e8ixer i connectar\u00a0 amb el m\u00f3n de la hist\u00f2ria i transmetre\u2019l a l\u2019audi\u00e8ncia, sintonitzant amb ella i compartint els sentiments i emocions que l\u2019autor ha donat al conte.<\/p>\n<p style=\"text-align: justify;\"><strong>Els narradors poden ser adults o, segons casos, els propis nens hi podran col\u00b7laborar <\/strong><strong>en parelles\u00a0<\/strong>per a qu\u00e8, quan un llegeix, l\u2019altre pugui anar passant les l\u00e0mines.<br \/>\n<strong>El moviment de les l\u00e0mines fa balancejar cont\u00ednuament l\u2019atenci\u00f3 i les emocions entre <\/strong><strong>l\u2019anticipaci\u00f3 <\/strong><strong>del que ha de venir i l\u2019estabilitat del present<\/strong>, afavorint la concentraci\u00f3 de la\u00a0hist\u00f2ria. Per tant, els nens assisteixen en grup a un espectacle en el que tots junts poden\u00a0 cridar de por o riure amb for\u00e7a.<\/p>\n<p style=\"text-align: justify;\"><strong>Les hist\u00f2ries dels contes es basen en valors com:<\/strong><br \/>\nCooperaci\u00f3 \u2013 Amor \u2013 Aventura \u2013 Ajuda als altres \u2013 Responsabilitat personal \u2013\u00a0Estima pels animals \u2013 Persever\u00e0ncia \u2013 Compassi\u00f3 \u2013 Acceptaci\u00f3 d\u2019un mateix \u2013\u00a0Conseq\u00fc\u00e8ncies inesperades \u2013 Generositat \u2013 Imaginaci\u00f3.<\/p>\n<p>(Article digital del 4 de setembre de 2012, Kamishibai, una forma diferent d\u2019explicar contes, socpetit.cat)<\/p>\n<table style=\"height: 122px; width: 564px;\" width=\"744\">\n<tbody>\n<tr>\n<td style=\"width: 558px;\"><a href=\"https:\/\/www.cfaecentro-oeste.pt\/components\/com_rseventspro\/assets\/images\/files\/Guia-de-uso-do-kamishibai-em-vrias-lnguas.pdf\">Guia d\u2019aprofitament pedag\u00f2gic en diferents lleng\u00fces.<\/a><\/td>\n<\/tr>\n<tr>\n<td style=\"width: 558px;\"><strong>PROPOSTA DID\u00c0CTICA:<\/strong>\u00a0Una vegada els docents i l\u2019alumnat estigueu familiaritzats amb aquesta manera d\u2019explicar contes podeu animar-vos a crear contes en grup en aquest format (les l\u00e0mines DINA3 de cartolina o plastificades encaixen perfectament). D\u2019aquesta manera podeu treballar la tipologia textual del conte en un format diferent.<\/td>\n<\/tr>\n<\/tbody>\n<\/table>\n<p style=\"text-align: justify;\">\n<\/td>\n<\/tr>\n<\/tbody>\n<\/table>\n","protected":false},"excerpt":{"rendered":"<p>Motxilla Viatgera de Poesia Infantil<br \/>\n<a href=\"http:\/\/serveiseducatius.xtec.cat\/altmaresme\/wp-content\/uploads\/usu1140\/2017\/12\/IMG_20171201_130054.jpg\"><\/a><br \/>\nLa maleta pedag\u00f2gica \u00a0cont\u00e9 diferents llibres per treballar la poesia i el llenguatge amb poemes i textos curts.<\/p>\n<ul>\n<li><a href=\"https:\/\/drive.google.com\/file\/d\/1IhmKVBCGl-leveL_vjpgfiuYzcC6s1zJ\/view?usp=sharing\" target=\"_blank\" rel=\"noopener noreferrer\">Contingut de la motxilla Viatgera de Poesia Infantil. Cicle inicial<\/a>.<\/li>\n<li><a href=\"https:\/\/drive.google.com\/file\/d\/1CIa6kIVMx1XwurwE6te5w0iuhyfuP9mf\/view?usp=sharing\" target=\"_blank\" rel=\"noopener noreferrer\">Contingut de la motxilla Viatgera de&hellip;  <a href=\"https:\/\/serveiseducatius.xtec.cat\/altmaresme\/mediateca\/maletes-pedagogiques\/maletes-pedagogiques-de-lectura-i-llengua\/\" title=\"Read Maletes pedag\u00f2giques de lectura i llengua\">Llegeix m\u00e9s\u00bb<\/a><br \/>\n","protected":false},"author":1,"featured_media":0,"parent":541,"menu_order":0,"comment_status":"closed","ping_status":"closed","template":"","meta":{"_bbp_topic_count":0,"_bbp_reply_count":0,"_bbp_total_topic_count":0,"_bbp_total_reply_count":0,"_bbp_voice_count":0,"_bbp_anonymous_reply_count":0,"_bbp_topic_count_hidden":0,"_bbp_reply_count_hidden":0,"_bbp_forum_subforum_count":0,"footnotes":""},"class_list":["post-10405","page","type-page","status-publish","hentry"],"post_mailing_queue_ids":[],"_links":{"self":[{"href":"https:\/\/serveiseducatius.xtec.cat\/altmaresme\/wp-json\/wp\/v2\/pages\/10405","targetHints":{"allow":["GET"]}}],"collection":[{"href":"https:\/\/serveiseducatius.xtec.cat\/altmaresme\/wp-json\/wp\/v2\/pages"}],"about":[{"href":"https:\/\/serveiseducatius.xtec.cat\/altmaresme\/wp-json\/wp\/v2\/types\/page"}],"author":[{"embeddable":true,"href":"https:\/\/serveiseducatius.xtec.cat\/altmaresme\/wp-json\/wp\/v2\/users\/1"}],"replies":[{"embeddable":true,"href":"https:\/\/serveiseducatius.xtec.cat\/altmaresme\/wp-json\/wp\/v2\/comments?post=10405"}],"version-history":[{"count":7,"href":"https:\/\/serveiseducatius.xtec.cat\/altmaresme\/wp-json\/wp\/v2\/pages\/10405\/revisions"}],"predecessor-version":[{"id":16438,"href":"https:\/\/serveiseducatius.xtec.cat\/altmaresme\/wp-json\/wp\/v2\/pages\/10405\/revisions\/16438"}],"up":[{"embeddable":true,"href":"https:\/\/serveiseducatius.xtec.cat\/altmaresme\/wp-json\/wp\/v2\/pages\/541"}],"wp:attachment":[{"href":"https:\/\/serveiseducatius.xtec.cat\/altmaresme\/wp-json\/wp\/v2\/media?parent=10405"}],"curies":[{"name":"wp","href":"https:\/\/api.w.org\/{rel}","templated":true}]}}