{"id":10308,"date":"2017-11-22T00:27:16","date_gmt":"2017-11-21T23:27:16","guid":{"rendered":"http:\/\/serveiseducatius.xtec.cat\/altmaresme\/?page_id=10308"},"modified":"2024-10-30T13:21:56","modified_gmt":"2024-10-30T12:21:56","slug":"el-dol","status":"publish","type":"page","link":"https:\/\/serveiseducatius.xtec.cat\/altmaresme\/benestar-emocional\/el-dol\/","title":{"rendered":"El dol"},"content":{"rendered":"<p>Si us trobeu amb una situaci\u00f3 d&#8217;emerg\u00e8ncia de la mort\u00a0 d&#8217;un membre de la comunitat educativa, podeu contactar amb la referent del dol del Servei educatiu de l&#8217;Alt\u00a0 Maresme, Elisabet Camacho (treballadora social) i\/o la psicopedagoga d&#8217;atenci\u00f3 al vostre centre.<\/p>\n<p style=\"text-align: left;\"><a href=\"https:\/\/drive.google.com\/file\/d\/1e0TUJ83OkTrBJXfnMehXtrWVbsii7JFM\/view?usp=sharing\"><img loading=\"lazy\" decoding=\"async\" class=\"alignnone size-large\" src=\"https:\/\/serveiseducatius.xtec.cat\/altmaresme\/wp-content\/uploads\/usu1140\/2017\/11\/ESQUEMA-DEL-PROTOCOL-DINTERVENCI%C3%93-AL-DOL.png\" width=\"868\" height=\"707\" \/><\/a><\/p>\n<p>Enlla\u00e7 al document sencer: <a href=\"https:\/\/drive.google.com\/file\/d\/1e0TUJ83OkTrBJXfnMehXtrWVbsii7JFM\/view?usp=sharing\">ORIENTACIONS AL CENTRE EDUCATIU EN SITUACI\u00d3 DE DOL, <span style=\"font-family: inherit; font-size: 1em;\">EAP B-24 ALT MARESME<\/span><\/a><\/p>\n<p>Enlla\u00e7 als <a href=\"https:\/\/drive.google.com\/file\/d\/11vSM7-0uALnk5QXTGw9NuQWc7wmpoQqv\/view?usp=sharing\">annexos (com donar la not\u00edcia a l&#8217;alumnat, activitat per al comiat col\u00b7lectiu del centre escolar, activitat per l&#8217;aula i orientacions per les fam\u00edlies)<\/a><\/p>\n<p>Aqu\u00ed teniu una selecci\u00f3 de materials\u00a0 i recursos:<\/p>\n<p><a href=\"https:\/\/youtu.be\/kbqIoeH5Icg?si=i40dRQtJ7jNN6xY3\"><img loading=\"lazy\" decoding=\"async\" class=\"size-full wp-image-18511 aligncenter\" src=\"https:\/\/serveiseducatius.xtec.cat\/altmaresme\/wp-content\/uploads\/usu1140\/2024\/10\/taller-dol.png\" alt=\"\" width=\"419\" height=\"288\" srcset=\"https:\/\/serveiseducatius.xtec.cat\/altmaresme\/wp-content\/uploads\/usu1140\/2024\/10\/taller-dol.png 419w, https:\/\/serveiseducatius.xtec.cat\/altmaresme\/wp-content\/uploads\/usu1140\/2024\/10\/taller-dol-300x206.png 300w\" sizes=\"auto, (max-width: 419px) 100vw, 419px\" \/><\/a><\/p>\n<pre>Aquest taller tamb\u00e9 dona indicacions de com treballar el dol als centres escolars (al marge d'estar o no en situaci\u00f3 de pand\u00e8mia)<\/pre>\n<p>&nbsp;<\/p>\n<p>&nbsp;<\/p>\n<h4><a href=\"http:\/\/serveiseducatius.xtec.cat\/altmaresme\/wp-content\/uploads\/usu1140\/2017\/11\/dec\u00e0leg-dol.pdf\">Dec\u00e0leg per parlar del dol<\/a><\/h4>\n<p>&nbsp;<\/p>\n<table style=\"width: 100.516%;\">\n<tbody>\n<tr>\n<td style=\"width: 66.2353%;\" colspan=\"2\">\n<h4><strong>Una reflexi\u00f3 de Daniel Gabarr\u00f3 per als docents\u00a0 \u00a0 <\/strong><strong>La Castanyada i la MORT\u00a0 setembre 2024<\/strong><\/h4>\n<p>La Castanyada estava \u00edntimament unida a la festa de\u00a0<strong>Tots Sants<\/strong>\u00a0i a la\u00a0<strong>MORT, <\/strong>s\u00f3n dates <strong>molt valuoses<\/strong>\u00a0per reflexionar sobre la\u00a0<strong>MORT<\/strong> a l\u2019escola.\u00a0Molts alumnes\u00a0<strong>no tenen oportunitat<\/strong>\u00a0de reflexionar i integrar aquest tema d\u2019una forma sana, si no \u00e9s a l\u2019escola.<\/p>\n<p><strong>Per aix\u00f2 et suggereixo que no desaprofiteu la data.<\/strong><\/p>\n<p><strong>La realitat real i viva ha d\u2019entrar a l\u2019escola&#8230; i la mort forma part d\u2019aquesta vida.<\/strong><\/p>\n<h3 class=\"m_2891305824332792249default-heading3\"><strong>Per qu\u00e8 \u00e9s important parlar de la mort a l\u2019escola?<\/strong><\/h3>\n<p>Oblidar aquest tema \u00e9s un\u00a0<strong>error.<\/strong><\/p>\n<p><strong>No abordar la mort a l\u2019escola fa mal al nostre alumnat<\/strong>; perqu\u00e8 els fa ignorants d\u2019un tema amb el qual tots es troben algun cop:<\/p>\n<ul>\n<li>La mort d\u2019un familiar.<\/li>\n<li>La mort d\u2019un pare o una mare.<\/li>\n<li>O, segurament, la mort d\u2019una mascota.<\/li>\n<\/ul>\n<p>A m\u00e9s, a les pel\u00b7l\u00edcules veuen centenars de morts a l\u2019any,\u00a0<strong>sense cap empatia<\/strong>: com si qui mor no tingu\u00e9s tamb\u00e9 uns germans, uns pares, unes mares que el ploraran.<\/p>\n<h3 class=\"m_2891305824332792249default-heading3\"><strong>Suggeriments per introduir la mort a l\u2019aula: <\/strong><\/h3>\n<p>Gaudiu de Halloween.\u00a0<strong>Per\u00f2 feu entrar la mort a l\u2019escola.<\/strong><br \/>\nAqu\u00ed tens algunes idees:<\/p>\n<ul>\n<li>Representar\u00a0<strong>obres de teatre, lectures, quadres, can\u00e7ons<\/strong>\u00a0sobre la mort.<\/li>\n<li>Parlar i escriure sobre les morts que\u00a0<strong>cada estudiant ha viscut<\/strong>.<\/li>\n<li>Atrevir-nos a fer una\u00a0<strong>obra d\u2019art<\/strong> per recordar les persones que estim\u00e0vem i ja no hi s\u00f3n f\u00edsicament.<\/li>\n<\/ul>\n<h3 class=\"m_2891305824332792249default-heading3\"><strong>Si a tu, docent, et costa parlar de la mort&#8230;<\/strong><\/h3>\n<p>Lamentablement, alguns docents tenen el tema de la mort\u00a0<strong>sense digerir<\/strong>\u00a0i, clar, llavors,\u00a0<strong>no el poden ensenyar<\/strong>.<br \/>\n<strong>No podem ensenyar el que no dominem, oi?<\/strong><br \/>\nSi tens dificultats per abordar el tema de la mort, <strong>et suggereixo que les afrontis<\/strong>. Aix\u00ed ser\u00e0s molt m\u00e9s \u00fatil al teu alumnat.<\/p>\n<h3 class=\"m_2891305824332792249default-heading3\"><strong>Recursos per fer les paus amb la mort:<\/strong><\/h3>\n<p><strong>Entrevista sobre la mort al cirurgi\u00e0 Manuel Sans<\/strong>\u00a0a TV3:\u00a0<a href=\"https:\/\/4qv5t.r.ag.d.sendibm3.com\/mk\/cl\/f\/sh\/1t6Af4OiGsDg0fX4Hz0Jo2anXJn71G\/BkR6SIaT2pqc\" target=\"_blank\" rel=\"noopener\" data-saferedirecturl=\"https:\/\/www.google.com\/url?q=https:\/\/4qv5t.r.ag.d.sendibm3.com\/mk\/cl\/f\/sh\/1t6Af4OiGsDg0fX4Hz0Jo2anXJn71G\/BkR6SIaT2pqc&amp;source=gmail&amp;ust=1727160091441000&amp;usg=AOvVaw06c5jw4jYPLg4ipoNl79cx\">Veure entrevista<\/a><\/p>\n<p><strong>Sis v\u00eddeos breus<\/strong>\u00a0sobre com explicar la mort a infants i adolescents:\u00a0<a href=\"https:\/\/4qv5t.r.ag.d.sendibm3.com\/mk\/cl\/f\/sh\/1t6Af4OiGsE8LNjUgL6EyIecv8lqjK\/CiQWe9Un8I1V\" target=\"_blank\" rel=\"noopener\" data-saferedirecturl=\"https:\/\/www.google.com\/url?q=https:\/\/4qv5t.r.ag.d.sendibm3.com\/mk\/cl\/f\/sh\/1t6Af4OiGsE8LNjUgL6EyIecv8lqjK\/CiQWe9Un8I1V&amp;source=gmail&amp;ust=1727160091441000&amp;usg=AOvVaw3GffSFIazZDOOC_UpPZ0rI\">Veure v\u00eddeos<\/a><br \/>\n<strong>Documental japon\u00e8s<\/strong>\u00a0sobre un mestre on la mort hi \u00e9s molt present:\u00a0<a href=\"https:\/\/4qv5t.r.ag.d.sendibm3.com\/mk\/cl\/f\/sh\/1t6Af4OiGsEag5vv4hCA8YiSIxkaRO\/OB9sW59fSJd_\" target=\"_blank\" rel=\"noopener\" data-saferedirecturl=\"https:\/\/www.google.com\/url?q=https:\/\/4qv5t.r.ag.d.sendibm3.com\/mk\/cl\/f\/sh\/1t6Af4OiGsEag5vv4hCA8YiSIxkaRO\/OB9sW59fSJd_&amp;source=gmail&amp;ust=1727160091441000&amp;usg=AOvVaw2LdDjr45qQrZdSy7AnTP88\">Veure documental<\/a><br \/>\n<strong>Els llibres de l\u2019Elisabet K\u00fcbler Ross<\/strong>, psiquiatra especialitzada en la mort. Per iniciar-se, \u00e9s molt \u00fatil el seu llibre:\u00a0<i>La mort, una aurora<\/i>.<br \/>\n<strong>Formaci\u00f3 Aula Interior:<\/strong>\u00a0Si vols fer un profund treball de fer les paus amb tots els temes importants, t\u2019aconsello que valoris fer aquesta formaci\u00f3 profunda i seriosa:\u00a0<a href=\"https:\/\/4qv5t.r.ag.d.sendibm3.com\/mk\/cl\/f\/sh\/1t6Af4OiGsF30o8LT3I5IomHgmjK9S\/Xs5Tx9qju_2o\" target=\"_blank\" rel=\"noopener\" data-saferedirecturl=\"https:\/\/www.google.com\/url?q=https:\/\/4qv5t.r.ag.d.sendibm3.com\/mk\/cl\/f\/sh\/1t6Af4OiGsF30o8LT3I5IomHgmjK9S\/Xs5Tx9qju_2o&amp;source=gmail&amp;ust=1727160091441000&amp;usg=AOvVaw2FnvPPht91a0IzpxhhUN7W\">Aula Interior<\/a><\/p>\n<h3 class=\"m_2891305824332792249default-heading3\"><strong>Una reflexi\u00f3 final:<\/strong><br \/>\n<strong>Ajudar l\u2019alumnat a tenir una relaci\u00f3 sana amb la vida (i aix\u00f2 inclou la mort) \u00e9s quelcom molt important. <\/strong>L\u2019escola ha de fer entrar la\u00a0<strong>vida<\/strong>\u00a0a les aules, tractar temes\u00a0<strong>reals<\/strong>\u00a0i\u00a0<strong>significatius<\/strong>.\u00a0No en dubto pas que la\u00a0<strong>mort<\/strong> \u00e9s un d\u2019aquests temes.<\/h3>\n<p class=\"m_2891305824332792249default-heading3\" style=\"text-align: right;\"><a href=\"https:\/\/mail.google.com\/mail\/u\/0\/#m_2891305824332792249_\">info@danielgabarro.com<\/a>\u00a0 \u00a0<u><a href=\"http:\/\/www.danielgabarro.com\/\" target=\"_blank\" rel=\"noopener\" data-saferedirecturl=\"https:\/\/www.google.com\/url?q=http:\/\/www.danielgabarro.com&amp;source=gmail&amp;ust=1727160091441000&amp;usg=AOvVaw0MnhsYzKd78bVeOVOtTYVj\">www.danielgabarro.com<\/a><\/u><\/p>\n<\/td>\n<\/tr>\n<tr style=\"height: 50px;\">\n<td style=\"width: 66.2353%; height: 50px;\">\n<h2>MALETA PEDAG\u00d2GICA PEL TRACTAMENT DEL DOL<\/h2>\n<p>Recurs\u00a0pedag\u00f2gic que facilita eines per treballar el dol i la mort.<\/p>\n<p>Els materials s\u2019ordenen en dos grups:<\/p>\n<ul>\n<li>Recull de lectures i contes per treballar el tema del dol amb els alumnes. Inclou guia did\u00e0ctica. Materials per diferents etapes educatives. <a href=\"https:\/\/drive.google.com\/file\/d\/1f8qwPxsiI53PahNj78xTGEw9Mmd0vKbv\/view?usp=drive_link\">CONTINGUT<\/a><\/li>\n<li>Recull de lectures, documents de formaci\u00f3 i articles de premsa que orienten als pares i educadors en el tractament de la mort i el dol al context educatiu. <a href=\"https:\/\/drive.google.com\/file\/d\/1M5kAmLxo_1ZELvAjTJ3xP_xNtczUArbD\/view?usp=sharing\">CONTINGUT<\/a><\/li>\n<\/ul>\n<\/td>\n<td style=\"width: 33.5301%;\"><a href=\"https:\/\/serveiseducatius.xtec.cat\/altmaresme\/wp-content\/uploads\/usu1140\/2024\/05\/maleta-dol.jpg\"><img loading=\"lazy\" decoding=\"async\" class=\"wp-image-18150 aligncenter\" src=\"https:\/\/serveiseducatius.xtec.cat\/altmaresme\/wp-content\/uploads\/usu1140\/2024\/05\/maleta-dol-1024x768.jpg\" alt=\"\" width=\"385\" height=\"289\" srcset=\"https:\/\/serveiseducatius.xtec.cat\/altmaresme\/wp-content\/uploads\/usu1140\/2024\/05\/maleta-dol-1024x768.jpg 1024w, https:\/\/serveiseducatius.xtec.cat\/altmaresme\/wp-content\/uploads\/usu1140\/2024\/05\/maleta-dol-300x225.jpg 300w, https:\/\/serveiseducatius.xtec.cat\/altmaresme\/wp-content\/uploads\/usu1140\/2024\/05\/maleta-dol-768x576.jpg 768w, https:\/\/serveiseducatius.xtec.cat\/altmaresme\/wp-content\/uploads\/usu1140\/2024\/05\/maleta-dol-200x150.jpg 200w, https:\/\/serveiseducatius.xtec.cat\/altmaresme\/wp-content\/uploads\/usu1140\/2024\/05\/maleta-dol.jpg 1280w\" sizes=\"auto, (max-width: 385px) 100vw, 385px\" \/><\/a><\/td>\n<\/tr>\n<tr>\n<td style=\"width: 99.7654%;\" colspan=\"2\">\n<h2>ALTRES RECURSOS DIGITALS:<\/h2>\n<\/td>\n<\/tr>\n<tr style=\"height: 82px;\">\n<td style=\"width: 66.2353%; height: 82px;\">&#8220;<a href=\"https:\/\/www.grupiref.org\/wp-content\/uploads\/2015\/02\/La-seva-olor.pdf\" target=\"_blank\" rel=\"noopener noreferrer\">La seva olor<\/a>&#8221; (conte) +<a href=\"https:\/\/www.grupiref.org\/wp-content\/uploads\/2015\/02\/MANUAL-LA-SEVA-OLOR.pdf\" target=\"_blank\" rel=\"noopener noreferrer\"> Manual del conte<\/a><br \/>\nPensar en la mort i el dol (grupIREF)<\/td>\n<td style=\"width: 33.5301%; height: 82px;\"><a href=\"https:\/\/www.grupiref.org\/wp-content\/uploads\/2015\/02\/MANUAL-LA-SEVA-OLOR.pdf\"><img loading=\"lazy\" decoding=\"async\" class=\"wp-image-10303 aligncenter\" src=\"http:\/\/serveiseducatius.xtec.cat\/altmaresme\/wp-content\/uploads\/usu1140\/2017\/11\/Capturadolconte-262x300.jpg\" alt=\"\" width=\"332\" height=\"378\" \/><\/a><\/td>\n<\/tr>\n<tr>\n<td style=\"width: 66.2353%;\"><a href=\"https:\/\/drive.google.com\/file\/d\/1h78hT7Ew41EWFfZ7wnfz82Lg1nBWK2FB\/view?usp=sharing\">Presentaci\u00f3<\/a> adre\u00e7ada als centres d&#8217;educaci\u00f3 prim\u00e0ria.<\/td>\n<td style=\"width: 33.5301%;\"><a href=\"https:\/\/drive.google.com\/file\/d\/1h78hT7Ew41EWFfZ7wnfz82Lg1nBWK2FB\/view?usp=sharing\"><img loading=\"lazy\" decoding=\"async\" class=\"wp-image-18515 aligncenter\" src=\"https:\/\/serveiseducatius.xtec.cat\/altmaresme\/wp-content\/uploads\/usu1140\/2024\/10\/acompany-dol.png\" alt=\"\" width=\"394\" height=\"313\" srcset=\"https:\/\/serveiseducatius.xtec.cat\/altmaresme\/wp-content\/uploads\/usu1140\/2024\/10\/acompany-dol.png 541w, https:\/\/serveiseducatius.xtec.cat\/altmaresme\/wp-content\/uploads\/usu1140\/2024\/10\/acompany-dol-300x238.png 300w\" sizes=\"auto, (max-width: 394px) 100vw, 394px\" \/><\/a><\/td>\n<\/tr>\n<tr>\n<td style=\"width: 66.2353%;\"><a href=\"https:\/\/drive.google.com\/file\/d\/1diTSBcbScmJ3X_alODVaH1S8z8KMtkpW\/view?usp=sharing\">Presentaci\u00f3<\/a> adre\u00e7ada als centres d&#8217;educaci\u00f3 secund\u00e0ria.<\/td>\n<td style=\"width: 33.5301%;\"><a href=\"https:\/\/drive.google.com\/file\/d\/1diTSBcbScmJ3X_alODVaH1S8z8KMtkpW\/view?usp=sharing\"><img loading=\"lazy\" decoding=\"async\" class=\"alignnone size-full wp-image-18516\" src=\"https:\/\/serveiseducatius.xtec.cat\/altmaresme\/wp-content\/uploads\/usu1140\/2024\/10\/acompany-eso.png\" alt=\"\" width=\"853\" height=\"157\" srcset=\"https:\/\/serveiseducatius.xtec.cat\/altmaresme\/wp-content\/uploads\/usu1140\/2024\/10\/acompany-eso.png 853w, https:\/\/serveiseducatius.xtec.cat\/altmaresme\/wp-content\/uploads\/usu1140\/2024\/10\/acompany-eso-300x55.png 300w, https:\/\/serveiseducatius.xtec.cat\/altmaresme\/wp-content\/uploads\/usu1140\/2024\/10\/acompany-eso-768x141.png 768w\" sizes=\"auto, (max-width: 853px) 100vw, 853px\" \/><\/a><\/td>\n<\/tr>\n<tr style=\"height: 50px;\">\n<td style=\"width: 66.2353%; height: 50px;\"><a href=\"http:\/\/serveiseducatius.xtec.cat\/altmaresme\/wp-content\/uploads\/usu1140\/2017\/11\/Acompanyament-als-nenes-nenes-i-adolescents-en-el-dol.pdf\" target=\"_blank\" rel=\"noopener noreferrer\">Acompanyament als nens, nenes i adolescents en el dol<\/a><br \/>\nXerrada a fam\u00edlies (EAP Alt Maresme)<\/td>\n<td style=\"width: 33.5301%; height: 50px;\"><a href=\"http:\/\/serveiseducatius.xtec.cat\/altmaresme\/wp-content\/uploads\/usu1140\/2017\/11\/Acompanyament-als-nenes-nenes-i-adolescents-en-el-dol.pdf\"><img loading=\"lazy\" decoding=\"async\" class=\"alignnone wp-image-10305\" src=\"http:\/\/serveiseducatius.xtec.cat\/altmaresme\/wp-content\/uploads\/usu1140\/2017\/11\/Capturadol2-300x172.jpg\" alt=\"\" width=\"453\" height=\"260\" srcset=\"https:\/\/serveiseducatius.xtec.cat\/altmaresme\/wp-content\/uploads\/usu1140\/2017\/11\/Capturadol2-300x172.jpg 300w, https:\/\/serveiseducatius.xtec.cat\/altmaresme\/wp-content\/uploads\/usu1140\/2017\/11\/Capturadol2-768x442.jpg 768w, https:\/\/serveiseducatius.xtec.cat\/altmaresme\/wp-content\/uploads\/usu1140\/2017\/11\/Capturadol2.jpg 908w\" sizes=\"auto, (max-width: 453px) 100vw, 453px\" \/><\/a><\/td>\n<\/tr>\n<tr style=\"height: 53px;\">\n<td style=\"width: 66.2353%; height: 53px;\"><a href=\"https:\/\/educacio.gencat.cat\/ca\/arees-actuacio\/families\/ajudem-fills\/dol\/\">Fam\u00edlia i escola<\/a><br \/>\nCom puc ajudar al meu fillEl dol \u00e9s un proc\u00e9s natural d&#8217;adaptaci\u00f3 a una p\u00e8rdua, al trencament d&#8217;un vincle. Al llarg de la vida es viuen moltes p\u00e8rdues, algunes d&#8217;evolutives com la de la infantesa o l&#8217;adolesc\u00e8ncia i d&#8217;altres sobrevingudes. En el cas dels fills, poden viure processos de dol per situacions com la separaci\u00f3 dels pares, un canvi d&#8217;escola, el trencament d&#8217;una amistat, la mort d&#8217;un familiar, etc.Ara b\u00e9, segons la situaci\u00f3 i les caracter\u00edstiques de cadasc\u00fa, aquests processos poden necessitar m\u00e9s o menys temps, un tipus d&#8217;acompanyament o un altre; l&#8217;impacte de la p\u00e8rdua varia segons cada persona i cada context.Des d&#8217;escola i fam\u00edlia dediquen aquesta p\u00e0gina web per a oferir informaci\u00f3, recomanacions, recursos&#8230;<\/td>\n<td style=\"width: 33.5301%;\"><a href=\"https:\/\/educacio.gencat.cat\/ca\/arees-actuacio\/families\/ajudem-fills\/dol\/\"><img loading=\"lazy\" decoding=\"async\" class=\"alignnone size-full wp-image-18151\" src=\"https:\/\/serveiseducatius.xtec.cat\/altmaresme\/wp-content\/uploads\/usu1140\/2024\/05\/dol-gencat.png\" alt=\"\" width=\"744\" height=\"285\" srcset=\"https:\/\/serveiseducatius.xtec.cat\/altmaresme\/wp-content\/uploads\/usu1140\/2024\/05\/dol-gencat.png 744w, https:\/\/serveiseducatius.xtec.cat\/altmaresme\/wp-content\/uploads\/usu1140\/2024\/05\/dol-gencat-300x115.png 300w\" sizes=\"auto, (max-width: 744px) 100vw, 744px\" \/><\/a><\/td>\n<\/tr>\n<tr style=\"height: 86px;\">\n<td style=\"width: 66.2353%; height: 86px;\"><a href=\"https:\/\/www.ccma.cat\/3cat\/com-explicar-la-mort-als-nens\/audio\/94635\/\">Com explicar la mort als nens<\/a><br \/>\nPrograma radiof\u00f2nic al 3cat (Eduqueu les criatures)<\/td>\n<td style=\"width: 33.5301%; height: 86px;\"><a href=\"https:\/\/www.ccma.cat\/3cat\/com-explicar-la-mort-als-nens\/audio\/94635\/\"><img loading=\"lazy\" decoding=\"async\" class=\"alignnone size-large wp-image-18153\" src=\"https:\/\/serveiseducatius.xtec.cat\/altmaresme\/wp-content\/uploads\/usu1140\/2024\/05\/3cat-doln-1024x202.png\" alt=\"\" width=\"1024\" height=\"202\" srcset=\"https:\/\/serveiseducatius.xtec.cat\/altmaresme\/wp-content\/uploads\/usu1140\/2024\/05\/3cat-doln-1024x202.png 1024w, https:\/\/serveiseducatius.xtec.cat\/altmaresme\/wp-content\/uploads\/usu1140\/2024\/05\/3cat-doln-300x59.png 300w, https:\/\/serveiseducatius.xtec.cat\/altmaresme\/wp-content\/uploads\/usu1140\/2024\/05\/3cat-doln-768x151.png 768w, https:\/\/serveiseducatius.xtec.cat\/altmaresme\/wp-content\/uploads\/usu1140\/2024\/05\/3cat-doln.png 1311w\" sizes=\"auto, (max-width: 1024px) 100vw, 1024px\" \/><\/a><\/td>\n<\/tr>\n<tr style=\"height: 69px;\">\n<td style=\"width: 66.2353%; height: 69px;\"><a href=\"https:\/\/docs.google.com\/document\/d\/1KsOIslzqPH1DdeVbTJa8oiA4UUx7LMML18-x8juJW-w\/edit\">Cinema i educaci\u00f3 per a la vida i la mort<\/a><br \/>\nRecull de pel\u00b7l\u00edcules que tracten el tema fet pel SE Ciutat de Badalona.<\/td>\n<td style=\"width: 33.5301%; height: 69px;\"><a href=\"https:\/\/docs.google.com\/document\/d\/1KsOIslzqPH1DdeVbTJa8oiA4UUx7LMML18-x8juJW-w\/edit\"><img loading=\"lazy\" decoding=\"async\" class=\"wp-image-18155 aligncenter\" src=\"https:\/\/serveiseducatius.xtec.cat\/altmaresme\/wp-content\/uploads\/usu1140\/2024\/05\/cinema-dol.png\" alt=\"\" width=\"398\" height=\"330\" srcset=\"https:\/\/serveiseducatius.xtec.cat\/altmaresme\/wp-content\/uploads\/usu1140\/2024\/05\/cinema-dol.png 578w, https:\/\/serveiseducatius.xtec.cat\/altmaresme\/wp-content\/uploads\/usu1140\/2024\/05\/cinema-dol-300x250.png 300w\" sizes=\"auto, (max-width: 398px) 100vw, 398px\" \/><\/a><\/td>\n<\/tr>\n<tr style=\"height: 50px;\">\n<td style=\"width: 66.2353%; height: 50px;\"><a href=\"http:\/\/dixit.gencat.cat\/ca\/detalls\/Article\/2011_Recursos_per_gestionar_la_mort_i_el_dol\">Recursos per gestionar la mort i el dol<\/a><br \/>\nCentre Documentaci\u00f3 Serveis Socials DIXIT (Generalitat Catalunya)Recull variat de recursos que pretenen ajudar a les persones que estan passant per un proc\u00e9s de dol per la p\u00e8rdua d&#8217;una persona estimada. Aquest recull cont\u00e9 principalment monografies i articles relacionats amb el tema, per\u00f2 tamb\u00e9 recursos web i institucions que proporcionen suport psicol\u00f2gic i social a les persones que necessiten treballar la mort i el dol. Totes les monografies que es recomanen es poden consultar als centres DIXIT.<\/td>\n<td style=\"width: 33.5301%; height: 50px;\"><a href=\"http:\/\/dixit.gencat.cat\/ca\/detalls\/Article\/2011_Recursos_per_gestionar_la_mort_i_el_dol\"><img loading=\"lazy\" decoding=\"async\" class=\"size-full wp-image-18154 aligncenter\" src=\"https:\/\/serveiseducatius.xtec.cat\/altmaresme\/wp-content\/uploads\/usu1140\/2024\/05\/dixit.png\" alt=\"\" width=\"645\" height=\"263\" srcset=\"https:\/\/serveiseducatius.xtec.cat\/altmaresme\/wp-content\/uploads\/usu1140\/2024\/05\/dixit.png 645w, https:\/\/serveiseducatius.xtec.cat\/altmaresme\/wp-content\/uploads\/usu1140\/2024\/05\/dixit-300x122.png 300w\" sizes=\"auto, (max-width: 645px) 100vw, 645px\" \/><\/a><\/td>\n<\/tr>\n<\/tbody>\n<\/table>\n<p>&nbsp;<\/p>\n","protected":false},"excerpt":{"rendered":"<p>Si us trobeu amb una situaci\u00f3 d&#8217;emerg\u00e8ncia de la mort\u00a0 d&#8217;un membre de la comunitat educativa, podeu contactar amb la referent del dol del Servei educatiu de l&#8217;Alt\u00a0 Maresme, Elisabet Camacho (treballadora social) i\/o la psicopedagoga d&#8217;atenci\u00f3 al vostre centre.<br \/>\n<a href=\"https:\/\/drive.google.com\/file\/d\/1e0TUJ83OkTrBJXfnMehXtrWVbsii7JFM\/view?usp=sharing\"><\/a><br \/>\nEnlla\u00e7 al document sencer: <a&hellip;  <a href=\"https:\/\/serveiseducatius.xtec.cat\/altmaresme\/benestar-emocional\/el-dol\/\" title=\"Read El dol\">Llegeix m\u00e9s\u00bb<\/a><\/p>\n","protected":false},"author":6,"featured_media":0,"parent":13323,"menu_order":0,"comment_status":"closed","ping_status":"closed","template":"","meta":{"_bbp_topic_count":0,"_bbp_reply_count":0,"_bbp_total_topic_count":0,"_bbp_total_reply_count":0,"_bbp_voice_count":0,"_bbp_anonymous_reply_count":0,"_bbp_topic_count_hidden":0,"_bbp_reply_count_hidden":0,"_bbp_forum_subforum_count":0,"footnotes":""},"class_list":["post-10308","page","type-page","status-publish","hentry"],"post_mailing_queue_ids":[],"_links":{"self":[{"href":"https:\/\/serveiseducatius.xtec.cat\/altmaresme\/wp-json\/wp\/v2\/pages\/10308","targetHints":{"allow":["GET"]}}],"collection":[{"href":"https:\/\/serveiseducatius.xtec.cat\/altmaresme\/wp-json\/wp\/v2\/pages"}],"about":[{"href":"https:\/\/serveiseducatius.xtec.cat\/altmaresme\/wp-json\/wp\/v2\/types\/page"}],"author":[{"embeddable":true,"href":"https:\/\/serveiseducatius.xtec.cat\/altmaresme\/wp-json\/wp\/v2\/users\/6"}],"replies":[{"embeddable":true,"href":"https:\/\/serveiseducatius.xtec.cat\/altmaresme\/wp-json\/wp\/v2\/comments?post=10308"}],"version-history":[{"count":9,"href":"https:\/\/serveiseducatius.xtec.cat\/altmaresme\/wp-json\/wp\/v2\/pages\/10308\/revisions"}],"predecessor-version":[{"id":18522,"href":"https:\/\/serveiseducatius.xtec.cat\/altmaresme\/wp-json\/wp\/v2\/pages\/10308\/revisions\/18522"}],"up":[{"embeddable":true,"href":"https:\/\/serveiseducatius.xtec.cat\/altmaresme\/wp-json\/wp\/v2\/pages\/13323"}],"wp:attachment":[{"href":"https:\/\/serveiseducatius.xtec.cat\/altmaresme\/wp-json\/wp\/v2\/media?parent=10308"}],"curies":[{"name":"wp","href":"https:\/\/api.w.org\/{rel}","templated":true}]}}