{"id":9978,"date":"2020-03-03T12:30:08","date_gmt":"2020-03-03T11:30:08","guid":{"rendered":"http:\/\/serveiseducatius.xtec.cat\/altemporda\/?page_id=9978"},"modified":"2022-10-21T10:34:01","modified_gmt":"2022-10-21T08:34:01","slug":"com-signar-electronicament","status":"publish","type":"page","link":"https:\/\/serveiseducatius.xtec.cat\/altemporda\/formacio\/zona-formadors\/com-signar-electronicament\/","title":{"rendered":"Com signar electr\u00f2nicament"},"content":{"rendered":"<h2 id=\"contenido\">Com signar electr\u00f2nicament<\/h2>\n<p>Quan signem un document amb un certificat digital aquest \u00e9s considerat l\u2019original perqu\u00e8 aquesta signatura t\u00e9 la mateixa validesa que una signatura manuscrita.<\/p>\n<p><strong>Per fer-ho cal:<\/strong><\/p>\n<p><strong>1. Disposar d\u2019un certificat digital de signatura electr\u00f2nica reconeguda<\/strong>.<\/p>\n<ul>\n<li style=\"list-style-type: none;\">\n<ul>\n<li><strong>DNIe<\/strong>. En pot disposar qualsevol persona f\u00edsica que activi el certificat del carnet de DNI en una oficina expedidora de DNI i disposi d\u2019un codi secret. L\u2019usuari el pot usar tant per a les tasques relacionades amb les seves funcions al Departament (caldr\u00e0 posar en el document que se signa el c\u00e0rrec del signatari de la mateixa manera que es fa en els documents signats en paper), com tamb\u00e9 per a qualsevol altra activitat personal.<\/li>\n<\/ul>\n<\/li>\n<\/ul>\n<p><strong>2. Disposar d\u2019un lector de targeta de certificats digitals.<\/strong><\/p>\n<p><strong>3. Disposar d\u2019un programari per usar el certificat digital.<\/strong><\/p>\n<ul>\n<li style=\"list-style-type: none;\">\n<ul>\n<li>Els programaris disponibles s\u00f3n\u00a0<strong>Acrobat Reader<\/strong>\u00a0i\u00a0<strong>Xolido Sign<\/strong>. Consulteu el pas a pas i els videotutorials per utilitzar-los.<\/li>\n<\/ul>\n<\/li>\n<\/ul>\n<table style=\"height: 310px;\" border=\"1\" width=\"1054\" cellspacing=\"1\" cellpadding=\"5\">\n<tbody>\n<tr style=\"height: 24px;\">\n<td style=\"height: 48px; width: 139.091px;\" rowspan=\"2\" align=\"center\" valign=\"middle\" bgcolor=\"#eeeeee\"><strong>Programari<\/strong><\/td>\n<td style=\"height: 48px; width: 438.182px;\" rowspan=\"2\" align=\"center\" valign=\"middle\" bgcolor=\"#eeeeee\"><strong>Caracter\u00edstiques<\/strong><\/td>\n<td style=\"height: 24px; width: 240px;\" colspan=\"2\" bgcolor=\"#eeeeee\">\u00a0<strong>Pas a pas<br \/>\n<\/strong><\/td>\n<td style=\"height: 24px; width: 230px;\" colspan=\"2\" bgcolor=\"#eeeeee\">\u00a0<strong>Videotutorials<\/strong><\/td>\n<\/tr>\n<tr style=\"height: 24px;\">\n<td style=\"height: 24px; width: 75.4545px;\" bgcolor=\"#eeeeee\"><strong>\u00a0DNIe<\/strong><\/td>\n<td style=\"height: 24px; width: 163.636px;\" bgcolor=\"#eeeeee\"><strong>TCAT<\/strong><\/td>\n<td style=\"height: 24px; width: 111.818px;\" bgcolor=\"#eeeeee\"><strong>\u00a0DNIe<\/strong><\/td>\n<td style=\"height: 24px; width: 117.273px;\" bgcolor=\"#eeeeee\"><strong>TCAT<\/strong><\/td>\n<\/tr>\n<tr style=\"height: 61px;\">\n<td style=\"height: 142px; width: 139.091px;\" rowspan=\"2\" align=\"center\" valign=\"middle\"><img loading=\"lazy\" decoding=\"async\" class=\"aligncenter wp-image-18246\" src=\"https:\/\/serveiseducatius.xtec.cat\/altemporda\/wp-content\/uploads\/usu1156\/2022\/10\/PDF.png\" alt=\"\" width=\"52\" height=\"64\" \/><\/td>\n<td style=\"height: 61px; width: 438.182px;\"><strong>M\u00f2dul de signatura digital<\/strong><br \/>\nDisponible com a programari base per a tots els usuaris i d&#8217;\u00fas preferent; no cal sol\u00b7licitar-lo.<\/td>\n<td style=\"height: 142px; width: 75.4545px;\" rowspan=\"2\" align=\"center\" valign=\"middle\">&nbsp;<\/p>\n<p>&nbsp;<\/p>\n<p><a class=\"descargar\" title=\"Obre finestra nova (descarregar pdf)\" href=\"https:\/\/documents.espai.educacio.gencat.cat\/IPCAministracioElectron\/AcrobatDNIe_Pas_a_pas.pdf\" target=\"_blank\" rel=\"noopener noreferrer\">pdf<\/a><\/p>\n<p>&nbsp;<\/td>\n<td style=\"height: 142px; width: 163.636px;\" rowspan=\"2\"><a class=\"descargar\" title=\"Obre finestra nova (descarregar pdf)\" href=\"https:\/\/documents.espai.educacio.gencat.cat\/IPCAministracioElectron\/AcrobatTCAT_Pas_a_pas.pdf\" target=\"_blank\" rel=\"noopener noreferrer\">signatura i aparen\u00e7a<\/a><\/p>\n<p><a class=\"descargar\" title=\"Obre finestra nova (descarregar pdf)\" href=\"https:\/\/documents.espai.educacio.gencat.cat\/IPCAministracioElectron\/Pas_a_pas_ocultar_DNI.pdf\" target=\"_blank\" rel=\"noopener noreferrer\">ocultar DNI<\/a><\/td>\n<td style=\"height: 61px; width: 111.818px;\">\u00a0<a class=\"ico_video\" title=\"Descarregar v\u00eddeo\" href=\"https:\/\/documents.espai.educacio.gencat.cat\/IPCAministracioElectron\/Acrobat_DNIe_v1.0.mp4\" target=\"_blank\" rel=\"noopener noreferrer\">video<\/a><\/td>\n<td style=\"height: 61px; width: 117.273px;\">\u00a0<a class=\"ico_video\" title=\"Descarregar v\u00eddeo\" href=\"http:\/\/educacio.gencat.cat\/documents\/IPCAministracioElectron\/Acrobat_TCAT_v1.0.mp4\" target=\"_blank\" rel=\"noopener noreferrer\">video<\/a><\/td>\n<\/tr>\n<tr style=\"height: 81px;\">\n<td style=\"height: 81px; width: 438.182px;\"><strong>Aparences<\/strong><br \/>\nOpci\u00f3 d&#8217;afegir aparences de la caixa de la signatura diferents de l&#8217;est\u00e0ndard (per ex. afegir una r\u00fabrica escanejada o ocultar el NIF).<\/td>\n<td style=\"height: 81px; width: 230px;\" colspan=\"2\"><a class=\"ico_video\" title=\"Descarregar v\u00eddeo\" href=\"https:\/\/documents.espai.educacio.gencat.cat\/IPCAministracioElectron\/Acrobat_Aparences_v1.0.mp4\" target=\"_blank\" rel=\"noopener noreferrer\">video<\/a><\/td>\n<\/tr>\n<tr style=\"height: 62px;\">\n<td style=\"height: 62px; width: 139.091px;\" align=\"center\" valign=\"middle\"><img loading=\"lazy\" decoding=\"async\" class=\"aligncenter wp-image-18248\" src=\"https:\/\/serveiseducatius.xtec.cat\/altemporda\/wp-content\/uploads\/usu1156\/2022\/10\/Xolido-Sign.png\" alt=\"\" width=\"64\" height=\"36\" srcset=\"https:\/\/serveiseducatius.xtec.cat\/altemporda\/wp-content\/uploads\/usu1156\/2022\/10\/Xolido-Sign.png 401w, https:\/\/serveiseducatius.xtec.cat\/altemporda\/wp-content\/uploads\/usu1156\/2022\/10\/Xolido-Sign-300x168.png 300w\" sizes=\"auto, (max-width: 64px) 100vw, 64px\" \/><\/td>\n<td style=\"height: 62px; width: 438.182px;\"><strong>M\u00f2dul de multisignatura digital<br \/>\n<\/strong>Disponible com a programari base per a tots els usuaris i d&#8217;\u00fas preferent; no cal sol\u00b7licitar-lo.<\/td>\n<td style=\"height: 62px; width: 75.4545px;\">\u00a0&#8212;<\/td>\n<td style=\"height: 62px; width: 163.636px;\">\u00a0&#8212;<\/td>\n<td style=\"height: 62px; width: 111.818px;\">\u00a0<a class=\"ico_video\" title=\"Descarregar v\u00eddeo\" href=\"https:\/\/documents.espai.educacio.gencat.cat\/IPCAministracioElectron\/Xolido_DNIe_v1.0.mp4\" target=\"_blank\" rel=\"noopener noreferrer\">video<\/a><\/td>\n<td style=\"height: 62px; width: 117.273px;\">\u00a0<a class=\"ico_video\" title=\"Descarregar v\u00eddeo\" href=\"https:\/\/documents.espai.educacio.gencat.cat\/IPCAministracioElectron\/Xolido_TCAT_v1.0.mp4\">video<\/a><\/td>\n<\/tr>\n<\/tbody>\n<\/table>\n<h4><\/h4>\n<h4 class=\"subtitle\">Q\u00fcestions que cal tenir en compte<\/h4>\n<ul>\n<li>Un document pot ser signat per diverses persones.<\/li>\n<li>En un document signat electr\u00f2nicament \u00e9s possible realitzar modificacions amb l\u2019Adobe professional, per\u00f2<strong>\u00a0tot canvi posterior a la signatura quedar\u00e0 indicat en el tauler de signatures<\/strong>\u00a0i per tant queda const\u00e0ncia de la modificaci\u00f3.<\/li>\n<li>La\u00a0<strong>validesa de la signatura<\/strong>\u00a0incrustada no ve determinada per la seva visibilitat (que es vegi la caixa de la signatura en el document). La informaci\u00f3 sobre la validesa es pot consultar al <em>Tauler de signatures<\/em> del document PDF signat:\n<ul>\n<li style=\"list-style-type: none;\">\n<ul>\n<li style=\"list-style-type: none;\">\n<ul style=\"list-style-type: circle;\">\n<li>si s&#8217;ha marcat l\u2019<strong>opci\u00f3 de verificar signatures<\/strong>\u00a0a l\u2019Adobe Reader, es veu autom\u00e0ticament;<\/li>\n<li>si est\u00e0 desmarcada, es mostra el missatge &#8220;<em>com a m\u00ednim una signatura requereix validaci\u00f3<\/em>&#8220;. Per validar-la cal clicar a &#8220;<em>Valida-ho tot<\/em>&#8220;. Si la signatura original \u00e9s v\u00e0lida, queda validada autom\u00e0ticament; si est\u00e0 revocada, informa d\u2019aquest estat de revocaci\u00f3.<\/li>\n<\/ul>\n<\/li>\n<\/ul>\n<\/li>\n<\/ul>\n<\/li>\n<li><span style=\"text-decoration: underline;\">La signatura sempre ha d&#8217;incorporar el <strong>segell de temps<\/strong>, amb la data i hora en qu\u00e8 s\u2019ha signat<\/span>. Per evitar confusions, el document no ha d&#8217;incloure la data en qu\u00e8 s&#8217;ha elaborat:\u00a0<strong>la data v\u00e0lida \u00e9s sempre la data de la signatura electr\u00f2nica<\/strong>.<\/li>\n<\/ul>\n","protected":false},"excerpt":{"rendered":"<p>Com signar electr\u00f2nicament Quan signem un document amb un certificat digital aquest \u00e9s considerat l\u2019original perqu\u00e8 aquesta signatura t\u00e9 la mateixa validesa que una signatura manuscrita. Per fer-ho cal: 1. Disposar d\u2019un certificat digital de signatura electr\u00f2nica reconeguda. DNIe. En pot disposar qualsevol persona f\u00edsica que activi el certificat del carnet de DNI en una [&hellip;]<\/p>\n","protected":false},"author":4,"featured_media":0,"parent":548,"menu_order":2,"comment_status":"closed","ping_status":"closed","template":"page-templates\/side-menu.php","meta":{"_bbp_topic_count":0,"_bbp_reply_count":0,"_bbp_total_topic_count":0,"_bbp_total_reply_count":0,"_bbp_voice_count":0,"_bbp_anonymous_reply_count":0,"_bbp_topic_count_hidden":0,"_bbp_reply_count_hidden":0,"_bbp_forum_subforum_count":0,"site-sidebar-layout":"default","site-content-layout":"","ast-site-content-layout":"","site-content-style":"default","site-sidebar-style":"default","ast-global-header-display":"","ast-banner-title-visibility":"","ast-main-header-display":"","ast-hfb-above-header-display":"","ast-hfb-below-header-display":"","ast-hfb-mobile-header-display":"","site-post-title":"","ast-breadcrumbs-content":"","ast-featured-img":"","footer-sml-layout":"","theme-transparent-header-meta":"","adv-header-id-meta":"","stick-header-meta":"","header-above-stick-meta":"","header-main-stick-meta":"","header-below-stick-meta":"","astra-migrate-meta-layouts":"default","ast-page-background-enabled":"default","ast-page-background-meta":{"desktop":{"background-color":"var(--ast-global-color-4)","background-image":"","background-repeat":"repeat","background-position":"center center","background-size":"auto","background-attachment":"scroll","background-type":"","background-media":"","overlay-type":"","overlay-color":"","overlay-opacity":"","overlay-gradient":""},"tablet":{"background-color":"","background-image":"","background-repeat":"repeat","background-position":"center center","background-size":"auto","background-attachment":"scroll","background-type":"","background-media":"","overlay-type":"","overlay-color":"","overlay-opacity":"","overlay-gradient":""},"mobile":{"background-color":"","background-image":"","background-repeat":"repeat","background-position":"center center","background-size":"auto","background-attachment":"scroll","background-type":"","background-media":"","overlay-type":"","overlay-color":"","overlay-opacity":"","overlay-gradient":""}},"ast-content-background-meta":{"desktop":{"background-color":"var(--ast-global-color-5)","background-image":"","background-repeat":"repeat","background-position":"center center","background-size":"auto","background-attachment":"scroll","background-type":"","background-media":"","overlay-type":"","overlay-color":"","overlay-opacity":"","overlay-gradient":""},"tablet":{"background-color":"var(--ast-global-color-5)","background-image":"","background-repeat":"repeat","background-position":"center center","background-size":"auto","background-attachment":"scroll","background-type":"","background-media":"","overlay-type":"","overlay-color":"","overlay-opacity":"","overlay-gradient":""},"mobile":{"background-color":"var(--ast-global-color-5)","background-image":"","background-repeat":"repeat","background-position":"center center","background-size":"auto","background-attachment":"scroll","background-type":"","background-media":"","overlay-type":"","overlay-color":"","overlay-opacity":"","overlay-gradient":""}},"footnotes":""},"class_list":["post-9978","page","type-page","status-publish","hentry"],"post_mailing_queue_ids":[],"_links":{"self":[{"href":"https:\/\/serveiseducatius.xtec.cat\/altemporda\/wp-json\/wp\/v2\/pages\/9978","targetHints":{"allow":["GET"]}}],"collection":[{"href":"https:\/\/serveiseducatius.xtec.cat\/altemporda\/wp-json\/wp\/v2\/pages"}],"about":[{"href":"https:\/\/serveiseducatius.xtec.cat\/altemporda\/wp-json\/wp\/v2\/types\/page"}],"author":[{"embeddable":true,"href":"https:\/\/serveiseducatius.xtec.cat\/altemporda\/wp-json\/wp\/v2\/users\/4"}],"replies":[{"embeddable":true,"href":"https:\/\/serveiseducatius.xtec.cat\/altemporda\/wp-json\/wp\/v2\/comments?post=9978"}],"version-history":[{"count":3,"href":"https:\/\/serveiseducatius.xtec.cat\/altemporda\/wp-json\/wp\/v2\/pages\/9978\/revisions"}],"predecessor-version":[{"id":18250,"href":"https:\/\/serveiseducatius.xtec.cat\/altemporda\/wp-json\/wp\/v2\/pages\/9978\/revisions\/18250"}],"up":[{"embeddable":true,"href":"https:\/\/serveiseducatius.xtec.cat\/altemporda\/wp-json\/wp\/v2\/pages\/548"}],"wp:attachment":[{"href":"https:\/\/serveiseducatius.xtec.cat\/altemporda\/wp-json\/wp\/v2\/media?parent=9978"}],"curies":[{"name":"wp","href":"https:\/\/api.w.org\/{rel}","templated":true}]}}