{"id":9946,"date":"2020-02-17T13:17:29","date_gmt":"2020-02-17T12:17:29","guid":{"rendered":"http:\/\/serveiseducatius.xtec.cat\/altemporda\/?page_id=9946"},"modified":"2024-10-02T14:04:41","modified_gmt":"2024-10-02T12:04:41","slug":"elic","status":"publish","type":"page","link":"https:\/\/serveiseducatius.xtec.cat\/altemporda\/el-servei-educatiu\/equip\/elic\/","title":{"rendered":"ELIC"},"content":{"rendered":"<div dir=\"ltr\">\n<p><strong>L&#8217;equip de suport i assessorament en llengua, interculturalitat i cohesi\u00f3 social <\/strong>est\u00e0 format per mestres i llicenciats que s&#8217;encarreguen de desenvolupar funcions de col\u00b7laboraci\u00f3, assessorament i suport escolar en relaci\u00f3 amb aspectes ling\u00fc\u00edstics, interculturals i de cohesi\u00f3 social en els diferents \u00e0mbits: centres educatius, alumnat i fam\u00edlies, entorn territorial i educatiu i formaci\u00f3.<\/p>\n<\/div>\n<p><strong><span style=\"font-size: 18pt;\"><a href=\"https:\/\/sites.google.com\/xtec.cat\/ets-i-uts-de-llengua\/inici?pli=1\" target=\"_blank\" rel=\"noopener\">Espai LIC Alt Empord\u00e0 <\/a><a style=\"color: #2795b6;\" href=\"https:\/\/sites.google.com\/xtec.cat\/ets-i-uts-de-llengua\/inici?pli=1\" target=\"_blank\" rel=\"noopener\"><img loading=\"lazy\" decoding=\"async\" class=\"alignnone wp-image-23838\" src=\"https:\/\/serveiseducatius.xtec.cat\/altemporda\/wp-content\/uploads\/usu1156\/2024\/10\/Enllac-capsa.png\" alt=\"\" width=\"15\" height=\"15\" srcset=\"https:\/\/serveiseducatius.xtec.cat\/altemporda\/wp-content\/uploads\/usu1156\/2024\/10\/Enllac-capsa.png 320w, https:\/\/serveiseducatius.xtec.cat\/altemporda\/wp-content\/uploads\/usu1156\/2024\/10\/Enllac-capsa-300x300.png 300w, https:\/\/serveiseducatius.xtec.cat\/altemporda\/wp-content\/uploads\/usu1156\/2024\/10\/Enllac-capsa-150x150.png 150w\" sizes=\"auto, (max-width: 15px) 100vw, 15px\" \/><\/a><\/span><\/strong><\/p>\n<div><\/div>\n<p><strong style=\"font-size: 1em;\">Funcions<\/strong><span style=\"font-size: 1em; font-weight: bold;\">:<\/span><\/p>\n<div dir=\"ltr\">\n<div><\/div>\n<ul>\n<li>Col\u00b7laborar en la implantaci\u00f3, seguiment i consolidaci\u00f3 de les aules d&#8217;acollida.<\/li>\n<li>Assessorar sobre el treball tutorial amb l&#8217;alumnat nouvingut o amb risc d&#8217;exclusi\u00f3 social.<\/li>\n<li>Vetllar pel pas de l&#8217;aula d&#8217;acollida a l&#8217;aula ordin\u00e0ria.<\/li>\n<li>Assessorar el professorat en la planificaci\u00f3 de la resposta educativa per a l&#8217;alumnat nouvingut.<\/li>\n<li>Donar suport en l&#8217;actualitzaci\u00f3 dels documents de centre en els aspectes relacionats amb llengua, interculturalitat i cohesi\u00f3 social.<\/li>\n<li>Col\u00b7laborar en la sensibilitzaci\u00f3, promoci\u00f3 i consolidaci\u00f3 de la llengua catalana com a eix vertebrador d&#8217;un projecte pluriling\u00fce.<\/li>\n<li>Sensibilitzar els equips directius i claustres de mestres i professors per promoure l&#8217;\u00fas de la llengua, l&#8217;educaci\u00f3 intercultural i cohesi\u00f3 social.<\/li>\n<li>Fer intervenci\u00f3 de modelitzaci\u00f3 a les aules per assessorar sobre temes de l&#8217;\u00e0mbit LIC.<\/li>\n<li>Col\u00b7laborar en el proc\u00e9s de transici\u00f3 de l&#8217;alumnat nouvingut entre les etapes d&#8217;educaci\u00f3 prim\u00e0ria i secund\u00e0ria.<\/li>\n<li>Fomentar i dinamitzar la figura del coordinador\/a de llengua, interculturalitat i cohesi\u00f3 social de centre.<\/li>\n<li>Impulsar, assessorar i donar suport t\u00e8cnic als plans educatius d&#8217;entorn.<\/li>\n<li>Col\u00b7laborar amb els plans de formaci\u00f3 de zona.<\/li>\n<\/ul>\n<h6><strong>Horari general<\/strong>:<\/h6>\n<ul>\n<li>Atenci\u00f3 directa als centres educatius: de 9.00 h a 14.00 h de dilluns a divendres<\/li>\n<li>Atenci\u00f3 al p\u00fablic al Servei Educatiu: dijous de 15.00 h a 18.00 h<\/li>\n<\/ul>\n<div><\/div>\n<h6><strong>Professionals de l&#8217;ELIC<\/strong>:<\/h6>\n<ul>\n<li style=\"list-style-type: none;\">\n<ul>\n<li>Laura Compte Pla &#8211; lcompte@xtec.cat<\/li>\n<li>J\u00falia Dan\u00e9s Guzm\u00e1n &#8211; jdanes2@xtec.cat<\/li>\n<li>Mireia Baix Coll &#8211; mbaix2@xtec.cat<\/li>\n<li>Mireia Martin Mach &#8211; mmar744@xtec.cat<\/li>\n<\/ul>\n<\/li>\n<\/ul>\n<\/div>\n","protected":false},"excerpt":{"rendered":"<p>L&#8217;equip de suport i assessorament en llengua, interculturalitat i cohesi\u00f3 social est\u00e0 format per mestres i llicenciats que s&#8217;encarreguen de desenvolupar funcions de col\u00b7laboraci\u00f3, assessorament i suport escolar en relaci\u00f3 amb aspectes ling\u00fc\u00edstics, interculturals i de cohesi\u00f3 social en els diferents \u00e0mbits: centres educatius, alumnat i fam\u00edlies, entorn territorial i educatiu i formaci\u00f3. Espai LIC [&hellip;]<\/p>\n","protected":false},"author":4,"featured_media":0,"parent":306,"menu_order":4,"comment_status":"closed","ping_status":"closed","template":"page-templates\/side-menu.php","meta":{"_bbp_topic_count":0,"_bbp_reply_count":0,"_bbp_total_topic_count":0,"_bbp_total_reply_count":0,"_bbp_voice_count":0,"_bbp_anonymous_reply_count":0,"_bbp_topic_count_hidden":0,"_bbp_reply_count_hidden":0,"_bbp_forum_subforum_count":0,"site-sidebar-layout":"default","site-content-layout":"","ast-site-content-layout":"","site-content-style":"default","site-sidebar-style":"default","ast-global-header-display":"","ast-banner-title-visibility":"","ast-main-header-display":"","ast-hfb-above-header-display":"","ast-hfb-below-header-display":"","ast-hfb-mobile-header-display":"","site-post-title":"","ast-breadcrumbs-content":"","ast-featured-img":"","footer-sml-layout":"","theme-transparent-header-meta":"","adv-header-id-meta":"","stick-header-meta":"","header-above-stick-meta":"","header-main-stick-meta":"","header-below-stick-meta":"","astra-migrate-meta-layouts":"default","ast-page-background-enabled":"default","ast-page-background-meta":{"desktop":{"background-color":"var(--ast-global-color-4)","background-image":"","background-repeat":"repeat","background-position":"center center","background-size":"auto","background-attachment":"scroll","background-type":"","background-media":"","overlay-type":"","overlay-color":"","overlay-opacity":"","overlay-gradient":""},"tablet":{"background-color":"","background-image":"","background-repeat":"repeat","background-position":"center center","background-size":"auto","background-attachment":"scroll","background-type":"","background-media":"","overlay-type":"","overlay-color":"","overlay-opacity":"","overlay-gradient":""},"mobile":{"background-color":"","background-image":"","background-repeat":"repeat","background-position":"center center","background-size":"auto","background-attachment":"scroll","background-type":"","background-media":"","overlay-type":"","overlay-color":"","overlay-opacity":"","overlay-gradient":""}},"ast-content-background-meta":{"desktop":{"background-color":"var(--ast-global-color-5)","background-image":"","background-repeat":"repeat","background-position":"center center","background-size":"auto","background-attachment":"scroll","background-type":"","background-media":"","overlay-type":"","overlay-color":"","overlay-opacity":"","overlay-gradient":""},"tablet":{"background-color":"var(--ast-global-color-5)","background-image":"","background-repeat":"repeat","background-position":"center center","background-size":"auto","background-attachment":"scroll","background-type":"","background-media":"","overlay-type":"","overlay-color":"","overlay-opacity":"","overlay-gradient":""},"mobile":{"background-color":"var(--ast-global-color-5)","background-image":"","background-repeat":"repeat","background-position":"center center","background-size":"auto","background-attachment":"scroll","background-type":"","background-media":"","overlay-type":"","overlay-color":"","overlay-opacity":"","overlay-gradient":""}},"footnotes":""},"class_list":["post-9946","page","type-page","status-publish","hentry"],"post_mailing_queue_ids":[],"_links":{"self":[{"href":"https:\/\/serveiseducatius.xtec.cat\/altemporda\/wp-json\/wp\/v2\/pages\/9946","targetHints":{"allow":["GET"]}}],"collection":[{"href":"https:\/\/serveiseducatius.xtec.cat\/altemporda\/wp-json\/wp\/v2\/pages"}],"about":[{"href":"https:\/\/serveiseducatius.xtec.cat\/altemporda\/wp-json\/wp\/v2\/types\/page"}],"author":[{"embeddable":true,"href":"https:\/\/serveiseducatius.xtec.cat\/altemporda\/wp-json\/wp\/v2\/users\/4"}],"replies":[{"embeddable":true,"href":"https:\/\/serveiseducatius.xtec.cat\/altemporda\/wp-json\/wp\/v2\/comments?post=9946"}],"version-history":[{"count":6,"href":"https:\/\/serveiseducatius.xtec.cat\/altemporda\/wp-json\/wp\/v2\/pages\/9946\/revisions"}],"predecessor-version":[{"id":23841,"href":"https:\/\/serveiseducatius.xtec.cat\/altemporda\/wp-json\/wp\/v2\/pages\/9946\/revisions\/23841"}],"up":[{"embeddable":true,"href":"https:\/\/serveiseducatius.xtec.cat\/altemporda\/wp-json\/wp\/v2\/pages\/306"}],"wp:attachment":[{"href":"https:\/\/serveiseducatius.xtec.cat\/altemporda\/wp-json\/wp\/v2\/media?parent=9946"}],"curies":[{"name":"wp","href":"https:\/\/api.w.org\/{rel}","templated":true}]}}