{"id":9781,"date":"2020-02-03T16:11:05","date_gmt":"2020-02-03T15:11:05","guid":{"rendered":"http:\/\/serveiseducatius.xtec.cat\/altemporda\/?page_id=9781"},"modified":"2024-12-13T10:43:43","modified_gmt":"2024-12-13T09:43:43","slug":"imatge-grafica","status":"publish","type":"page","link":"https:\/\/serveiseducatius.xtec.cat\/altemporda\/el-servei-educatiu\/imatge-grafica\/","title":{"rendered":"Imatge gr\u00e0fica"},"content":{"rendered":"<p style=\"text-align: justify;\">Per refor\u00e7ar la <b>identitat corporativa<\/b> dels centres docents p\u00fablics del Departament d&#8217;Educaci\u00f3 i Formaci\u00f3 Professional davant la comunitat educativa, es considera oport\u00fa que presentin, a les comunicacions i elements de projecci\u00f3 externa, elements comuns recollits a l&#8217;espai <a href=\"https:\/\/identitatcorporativa.gencat.cat\/ca\/identitat-visual\/\" target=\"_blank\" rel=\"noopener\">Identidat<\/a>.<\/p>\n<p style=\"text-align: justify;\">Pel que fa a la identificaci\u00f3 gr\u00e0fica dels webs dels centres docents de titularitat del Departament d\u2019Ensenyament, aquesta ha d&#8217;incloure, com a m\u00ednim, el\u00a0<a href=\"https:\/\/identitatcorporativa.gencat.cat\/ca\/descarregues\/departaments-i-imatges-propies\/Departament-dEducacio-i-Formacio-Professional\/Identificacions-del-Departament\/departament\/\" target=\"_blank\" rel=\"noopener noreferrer\">logotip<\/a> del Departament d&#8217;Educaci\u00f3 i Formaci\u00f3 Professional de la Generalitat de Catalunya. Aquest element s&#8217;haur\u00e0 de situar, preferentment, a la cap\u00e7alera o a la part inferior de la interf\u00edcie i ha de ser visible des de qualsevol dels nivells de navegaci\u00f3 del web. Aquesta recomanaci\u00f3 cal aplicar-la independentment de la tipologia del web o dels webs del centre (est\u00e0tic o din\u00e0mic) o del servidor on estigui hostatjat (XTEC, XTECBlocs, altres servidors aliens, etc.).<\/p>\n<p style=\"text-align: justify;\"><b><span style=\"font-size: medium;\">Per descarregar:<\/span><\/b><\/p>\n<table class=\"aligncenter\" style=\"height: 217px; text-align: center; border-collapse: collapse; border-color: #888888; border-width: 1px; width: 67.1555%;\" border=\"1\" width=\"76.3223%\" cellspacing=\"0\">\n<tbody>\n<tr style=\"height: 62px;\">\n<td style=\"width: 26.042%; height: 62px; text-align: center;\">\n<div style=\"display: block; text-align: left;\">\n<div style=\"display: block; text-align: justify;\"><img loading=\"lazy\" decoding=\"async\" class=\"aligncenter wp-image-23759 size-full\" src=\"https:\/\/serveiseducatius.xtec.cat\/altemporda\/wp-content\/uploads\/usu1156\/2024\/09\/educacio_i_-FP_h3_blanc.jpg\" alt=\"\" width=\"497\" height=\"100\" \/><\/div>\n<div style=\"display: block; text-align: left;\"><\/div>\n<\/div>\n<\/td>\n<td style=\"width: 24.7449%; height: 62px; text-align: center;\"><img loading=\"lazy\" decoding=\"async\" class=\"aligncenter size-full wp-image-21291\" src=\"https:\/\/serveiseducatius.xtec.cat\/altemporda\/wp-content\/uploads\/usu1156\/2024\/09\/Logo-SEAE-i-Departament-Educacio-FP.jpg\" alt=\"\" width=\"1708\" height=\"632\" \/><\/td>\n<td style=\"width: 26.1123%; height: 62px; text-align: center;\">\u00a0<img loading=\"lazy\" decoding=\"async\" class=\"aligncenter wp-image-21292\" src=\"https:\/\/serveiseducatius.xtec.cat\/altemporda\/wp-content\/uploads\/usu1156\/2023\/10\/LOGO_SEAE_CAPCALERA_SITES.jpg\" alt=\"\" width=\"151\" height=\"57\" \/><\/td>\n<td style=\"width: 32.4546%; height: 62px; text-align: center;\">\u00a0<img loading=\"lazy\" decoding=\"async\" class=\"aligncenter wp-image-21293\" src=\"https:\/\/serveiseducatius.xtec.cat\/altemporda\/wp-content\/uploads\/usu1156\/2023\/10\/LOGO_SEAE_NOU.jpg\" alt=\"\" width=\"200\" height=\"76\" srcset=\"https:\/\/serveiseducatius.xtec.cat\/altemporda\/wp-content\/uploads\/usu1156\/2023\/10\/LOGO_SEAE_NOU.jpg 1090w, https:\/\/serveiseducatius.xtec.cat\/altemporda\/wp-content\/uploads\/usu1156\/2023\/10\/LOGO_SEAE_NOU-300x114.jpg 300w, https:\/\/serveiseducatius.xtec.cat\/altemporda\/wp-content\/uploads\/usu1156\/2023\/10\/LOGO_SEAE_NOU-1024x390.jpg 1024w, https:\/\/serveiseducatius.xtec.cat\/altemporda\/wp-content\/uploads\/usu1156\/2023\/10\/LOGO_SEAE_NOU-768x292.jpg 768w\" sizes=\"auto, (max-width: 200px) 100vw, 200px\" \/><\/td>\n<\/tr>\n<tr style=\"height: 19px;\">\n<td style=\"width: 26.042%; height: 19px;\">\n<div><span style=\"font-size: 12pt;\"><a href=\"https:\/\/serveiseducatius.xtec.cat\/altemporda\/wp-content\/uploads\/usu1156\/2024\/09\/educacio_i_-FP_h3_blanc.jpg\" download=\"Logo Departament d'Educaci\u00f3 (blanc)\"><img loading=\"lazy\" decoding=\"async\" class=\"aligncenter wp-image-16801\" src=\"https:\/\/serveiseducatius.xtec.cat\/altemporda\/wp-content\/uploads\/usu1156\/2022\/03\/descargar.png\" alt=\"\" width=\"60\" height=\"60\" srcset=\"https:\/\/serveiseducatius.xtec.cat\/altemporda\/wp-content\/uploads\/usu1156\/2022\/03\/descargar.png 512w, https:\/\/serveiseducatius.xtec.cat\/altemporda\/wp-content\/uploads\/usu1156\/2022\/03\/descargar-300x300.png 300w, https:\/\/serveiseducatius.xtec.cat\/altemporda\/wp-content\/uploads\/usu1156\/2022\/03\/descargar-150x150.png 150w\" sizes=\"auto, (max-width: 60px) 100vw, 60px\" \/><\/a><span style=\"background-color: transparent;\">Format JPG (1500 x 240)\u00a0<\/span><\/span><\/div>\n<\/td>\n<td style=\"width: 24.7449%; height: 19px;\"><span style=\"font-size: 12pt;\"><a style=\"background-color: #ffffff; text-align: left;\" href=\"https:\/\/serveiseducatius.xtec.cat\/altemporda\/wp-content\/uploads\/usu1156\/2024\/09\/Logo-SEAE-i-Departament-Educacio-FP.jpg\" download=\"\"><img loading=\"lazy\" decoding=\"async\" class=\"aligncenter wp-image-16801\" src=\"https:\/\/serveiseducatius.xtec.cat\/altemporda\/wp-content\/uploads\/usu1156\/2022\/03\/descargar.png\" alt=\"\" width=\"60\" height=\"60\" srcset=\"https:\/\/serveiseducatius.xtec.cat\/altemporda\/wp-content\/uploads\/usu1156\/2022\/03\/descargar.png 512w, https:\/\/serveiseducatius.xtec.cat\/altemporda\/wp-content\/uploads\/usu1156\/2022\/03\/descargar-300x300.png 300w, https:\/\/serveiseducatius.xtec.cat\/altemporda\/wp-content\/uploads\/usu1156\/2022\/03\/descargar-150x150.png 150w\" sizes=\"auto, (max-width: 60px) 100vw, 60px\" \/><\/a>Format JPG (1708 x 630)<\/span><\/td>\n<td style=\"width: 26.1123%; height: 19px;\"><span style=\"font-size: 12pt;\"><a href=\"https:\/\/serveiseducatius.xtec.cat\/altemporda\/wp-content\/uploads\/usu1156\/2023\/10\/LOGO_SEAE_CAPCALERA_SITES.jpg\" download=\"\"><img loading=\"lazy\" decoding=\"async\" class=\"aligncenter wp-image-16801\" src=\"https:\/\/serveiseducatius.xtec.cat\/altemporda\/wp-content\/uploads\/usu1156\/2022\/03\/descargar.png\" alt=\"\" width=\"60\" height=\"60\" srcset=\"https:\/\/serveiseducatius.xtec.cat\/altemporda\/wp-content\/uploads\/usu1156\/2022\/03\/descargar.png 512w, https:\/\/serveiseducatius.xtec.cat\/altemporda\/wp-content\/uploads\/usu1156\/2022\/03\/descargar-300x300.png 300w, https:\/\/serveiseducatius.xtec.cat\/altemporda\/wp-content\/uploads\/usu1156\/2022\/03\/descargar-150x150.png 150w\" sizes=\"auto, (max-width: 60px) 100vw, 60px\" \/><\/a><span style=\"background-color: transparent; line-height: 1.6;\">Format JPG (281 x 107)<\/span><\/span><\/td>\n<td style=\"width: 32.4546%; height: 19px;\"><span style=\"font-size: 12pt;\"><a href=\"https:\/\/drive.google.com\/uc?export=download&amp;id=0B22pZTS9eeThWTQwVklrTGhKT1U\"><img loading=\"lazy\" decoding=\"async\" class=\"aligncenter wp-image-16801\" src=\"https:\/\/serveiseducatius.xtec.cat\/altemporda\/wp-content\/uploads\/usu1156\/2022\/03\/descargar.png\" alt=\"\" width=\"60\" height=\"60\" srcset=\"https:\/\/serveiseducatius.xtec.cat\/altemporda\/wp-content\/uploads\/usu1156\/2022\/03\/descargar.png 512w, https:\/\/serveiseducatius.xtec.cat\/altemporda\/wp-content\/uploads\/usu1156\/2022\/03\/descargar-300x300.png 300w, https:\/\/serveiseducatius.xtec.cat\/altemporda\/wp-content\/uploads\/usu1156\/2022\/03\/descargar-150x150.png 150w\" sizes=\"auto, (max-width: 60px) 100vw, 60px\" \/><\/a><span style=\"background-color: transparent; line-height: 1.6;\">Format JPG (1090 x 415)\u00a0<\/span><\/span><\/td>\n<\/tr>\n<\/tbody>\n<\/table>\n<div>\n<p>\u200b<\/p>\n<table class=\"aligncenter\" style=\"height: 209px; text-align: center; border-collapse: collapse; border-color: #888888; border-width: 1px; width: 66.3331%;\" border=\"1\" width=\"58.5%\" cellspacing=\"0\">\n<tbody>\n<tr style=\"height: 62px;\">\n<td style=\"width: 25.3916%; height: 67px; text-align: center; vertical-align: middle;\">\n<div style=\"display: block; text-align: left;\">\n<div style=\"display: block; text-align: justify;\"><\/div>\n<p><img loading=\"lazy\" decoding=\"async\" class=\"aligncenter wp-image-23761 size-full\" src=\"https:\/\/serveiseducatius.xtec.cat\/altemporda\/wp-content\/uploads\/usu1156\/2024\/09\/educacio_i_-FP_h3_-TRANSPARENT.png\" alt=\"\" width=\"497\" height=\"100\" srcset=\"https:\/\/serveiseducatius.xtec.cat\/altemporda\/wp-content\/uploads\/usu1156\/2024\/09\/educacio_i_-FP_h3_-TRANSPARENT.png 497w, https:\/\/serveiseducatius.xtec.cat\/altemporda\/wp-content\/uploads\/usu1156\/2024\/09\/educacio_i_-FP_h3_-TRANSPARENT-300x60.png 300w\" sizes=\"auto, (max-width: 497px) 100vw, 497px\" \/><\/p>\n<\/div>\n<\/td>\n<td style=\"width: 24.8457%; text-align: center; vertical-align: middle; height: 67px;\"><img loading=\"lazy\" decoding=\"async\" class=\"aligncenter wp-image-23770 size-full\" src=\"https:\/\/serveiseducatius.xtec.cat\/altemporda\/wp-content\/uploads\/usu1156\/2024\/09\/SEAE-Dept_FP-Transparent-1500x260-1.png\" alt=\"\" width=\"1500\" height=\"260\" srcset=\"https:\/\/serveiseducatius.xtec.cat\/altemporda\/wp-content\/uploads\/usu1156\/2024\/09\/SEAE-Dept_FP-Transparent-1500x260-1.png 1500w, https:\/\/serveiseducatius.xtec.cat\/altemporda\/wp-content\/uploads\/usu1156\/2024\/09\/SEAE-Dept_FP-Transparent-1500x260-1-300x52.png 300w, https:\/\/serveiseducatius.xtec.cat\/altemporda\/wp-content\/uploads\/usu1156\/2024\/09\/SEAE-Dept_FP-Transparent-1500x260-1-1024x177.png 1024w, https:\/\/serveiseducatius.xtec.cat\/altemporda\/wp-content\/uploads\/usu1156\/2024\/09\/SEAE-Dept_FP-Transparent-1500x260-1-768x133.png 768w\" sizes=\"auto, (max-width: 1500px) 100vw, 1500px\" \/><\/td>\n<td style=\"width: 26.1549%; height: 67px; text-align: center; vertical-align: middle;\"><img loading=\"lazy\" decoding=\"async\" class=\"aligncenter wp-image-12833\" src=\"https:\/\/serveiseducatius.xtec.cat\/altemporda\/wp-content\/uploads\/usu1156\/2021\/03\/Logo-SEAE-transparent-1000x359-300x108.png\" alt=\"\" width=\"177\" height=\"64\" srcset=\"https:\/\/serveiseducatius.xtec.cat\/altemporda\/wp-content\/uploads\/usu1156\/2021\/03\/Logo-SEAE-transparent-1000x359-300x108.png 300w, https:\/\/serveiseducatius.xtec.cat\/altemporda\/wp-content\/uploads\/usu1156\/2021\/03\/Logo-SEAE-transparent-1000x359-768x276.png 768w, https:\/\/serveiseducatius.xtec.cat\/altemporda\/wp-content\/uploads\/usu1156\/2021\/03\/Logo-SEAE-transparent-1000x359.png 1000w\" sizes=\"auto, (max-width: 177px) 100vw, 177px\" \/><\/td>\n<td style=\"width: 26.1549%; height: 67px; text-align: center; vertical-align: middle;\"><img loading=\"lazy\" decoding=\"async\" class=\"aligncenter size-full wp-image-22358\" src=\"https:\/\/serveiseducatius.xtec.cat\/altemporda\/wp-content\/uploads\/usu1156\/2024\/02\/Logo-SEAE-invers-gris-transparent-1000x359-1.png\" alt=\"\" width=\"1000\" height=\"359\" srcset=\"https:\/\/serveiseducatius.xtec.cat\/altemporda\/wp-content\/uploads\/usu1156\/2024\/02\/Logo-SEAE-invers-gris-transparent-1000x359-1.png 1000w, https:\/\/serveiseducatius.xtec.cat\/altemporda\/wp-content\/uploads\/usu1156\/2024\/02\/Logo-SEAE-invers-gris-transparent-1000x359-1-300x108.png 300w, https:\/\/serveiseducatius.xtec.cat\/altemporda\/wp-content\/uploads\/usu1156\/2024\/02\/Logo-SEAE-invers-gris-transparent-1000x359-1-768x276.png 768w\" sizes=\"auto, (max-width: 1000px) 100vw, 1000px\" \/><\/td>\n<\/tr>\n<tr style=\"height: 19px;\">\n<td style=\"width: 25.3916%; height: 19px; text-align: center; vertical-align: top;\">\n<div><a href=\"https:\/\/serveiseducatius.xtec.cat\/altemporda\/wp-content\/uploads\/usu1156\/2024\/09\/educacio_i_-FP_h3_-TRANSPARENT.png\" download=\"Logo Departament d'Educaci\u00f3 (transparent)\"><img loading=\"lazy\" decoding=\"async\" class=\"aligncenter wp-image-16801\" src=\"https:\/\/serveiseducatius.xtec.cat\/altemporda\/wp-content\/uploads\/usu1156\/2022\/03\/descargar.png\" alt=\"\" width=\"60\" height=\"60\" srcset=\"https:\/\/serveiseducatius.xtec.cat\/altemporda\/wp-content\/uploads\/usu1156\/2022\/03\/descargar.png 512w, https:\/\/serveiseducatius.xtec.cat\/altemporda\/wp-content\/uploads\/usu1156\/2022\/03\/descargar-300x300.png 300w, https:\/\/serveiseducatius.xtec.cat\/altemporda\/wp-content\/uploads\/usu1156\/2022\/03\/descargar-150x150.png 150w\" sizes=\"auto, (max-width: 60px) 100vw, 60px\" \/><\/a><span style=\"background-color: transparent; font-size: 10pt;\">(Transparent) Format PNG (1500 x 240)\u00a0<\/span><\/div>\n<\/td>\n<td style=\"width: 24.8457%; vertical-align: top; text-align: center; height: 19px;\"><a href=\"https:\/\/serveiseducatius.xtec.cat\/altemporda\/wp-content\/uploads\/usu1156\/2024\/09\/SEAE-Dept_FP-Transparent-1500x260-1.png\" download=\"\"><img loading=\"lazy\" decoding=\"async\" class=\"aligncenter wp-image-16801\" src=\"https:\/\/serveiseducatius.xtec.cat\/altemporda\/wp-content\/uploads\/usu1156\/2022\/03\/descargar.png\" alt=\"\" width=\"60\" height=\"60\" srcset=\"https:\/\/serveiseducatius.xtec.cat\/altemporda\/wp-content\/uploads\/usu1156\/2022\/03\/descargar.png 512w, https:\/\/serveiseducatius.xtec.cat\/altemporda\/wp-content\/uploads\/usu1156\/2022\/03\/descargar-300x300.png 300w, https:\/\/serveiseducatius.xtec.cat\/altemporda\/wp-content\/uploads\/usu1156\/2022\/03\/descargar-150x150.png 150w\" sizes=\"auto, (max-width: 60px) 100vw, 60px\" \/><\/a>(Transparent) Format PNG (1500 x 260)<\/td>\n<td style=\"width: 26.1549%; height: 19px; text-align: center; vertical-align: top;\"><a href=\"https:\/\/drive.google.com\/uc?export=download&amp;id=1f7bJdeJ8ZcPmyVUDkoy6cLP_sQKpKgBi\"><img loading=\"lazy\" decoding=\"async\" class=\"aligncenter wp-image-16801\" src=\"https:\/\/serveiseducatius.xtec.cat\/altemporda\/wp-content\/uploads\/usu1156\/2022\/03\/descargar.png\" alt=\"\" width=\"60\" height=\"60\" srcset=\"https:\/\/serveiseducatius.xtec.cat\/altemporda\/wp-content\/uploads\/usu1156\/2022\/03\/descargar.png 512w, https:\/\/serveiseducatius.xtec.cat\/altemporda\/wp-content\/uploads\/usu1156\/2022\/03\/descargar-300x300.png 300w, https:\/\/serveiseducatius.xtec.cat\/altemporda\/wp-content\/uploads\/usu1156\/2022\/03\/descargar-150x150.png 150w\" sizes=\"auto, (max-width: 60px) 100vw, 60px\" \/><\/a>(Transparent) Format PNG (1000 x 359)<\/td>\n<td style=\"width: 33.6163%; text-align: center; vertical-align: top; height: 19px;\"><a href=\"https:\/\/drive.google.com\/uc?export=download&amp;id=1d3PxXSanrhI-x1d3foYad_hgOsLG6EIY\"><img loading=\"lazy\" decoding=\"async\" class=\"aligncenter wp-image-16801\" src=\"https:\/\/serveiseducatius.xtec.cat\/altemporda\/wp-content\/uploads\/usu1156\/2022\/03\/descargar.png\" alt=\"\" width=\"60\" height=\"60\" srcset=\"https:\/\/serveiseducatius.xtec.cat\/altemporda\/wp-content\/uploads\/usu1156\/2022\/03\/descargar.png 512w, https:\/\/serveiseducatius.xtec.cat\/altemporda\/wp-content\/uploads\/usu1156\/2022\/03\/descargar-300x300.png 300w, https:\/\/serveiseducatius.xtec.cat\/altemporda\/wp-content\/uploads\/usu1156\/2022\/03\/descargar-150x150.png 150w\" sizes=\"auto, (max-width: 60px) 100vw, 60px\" \/><\/a>(Transparent) Text blanc. Format PNG (1000 x 359)<\/td>\n<\/tr>\n<\/tbody>\n<\/table>\n<\/div>\n<p>&nbsp;<\/p>\n<div>\n<hr \/>\n<\/div>\n<p><img loading=\"lazy\" decoding=\"async\" class=\"aligncenter size-full wp-image-22359\" src=\"https:\/\/serveiseducatius.xtec.cat\/altemporda\/wp-content\/uploads\/usu1156\/2024\/02\/Presentacion4.png\" alt=\"\" width=\"677\" height=\"205\" srcset=\"https:\/\/serveiseducatius.xtec.cat\/altemporda\/wp-content\/uploads\/usu1156\/2024\/02\/Presentacion4.png 677w, https:\/\/serveiseducatius.xtec.cat\/altemporda\/wp-content\/uploads\/usu1156\/2024\/02\/Presentacion4-300x91.png 300w\" sizes=\"auto, (max-width: 677px) 100vw, 677px\" \/><\/p>\n<p><span style=\"font-size: 10pt;\"><span style=\"color: #3d85c6;\"><b><span style=\"font-family: arial,sans-serif;\">En refer\u00e8ncia a les Xarxes socials ens trobareu a:\u00a0<\/span><\/b><\/span><span style=\"font-family: arial,sans-serif; text-align: center; background-color: transparent;\">Facebook\u00a0<\/span><span style=\"background-color: transparent; font-family: arial, sans-serif; text-align: center;\">[Servei educatiu de l&#8217;Alt Empord\u00e0]\u00a0<\/span><i style=\"background-color: transparent; font-family: arial, sans-serif; text-align: center;\">Twitter<\/i><span style=\"background-color: transparent; font-family: arial, sans-serif; text-align: center;\"> [@sealtempord\u00e0]<\/span><\/span><\/p>\n<table class=\"aligncenter\" style=\"height: 471px; border-collapse: collapse; border-color: #888888; border-width: 1px; width: 44.1805%;\" border=\"1\" cellspacing=\"0\">\n<tbody>\n<tr>\n<td style=\"text-align: center; width: 1.63934%; height: 46px;\"><span style=\"font-size: x-large;\">#oficials<\/span><\/td>\n<td style=\"text-align: center; width: 2.95082%;\"><span style=\"font-size: x-large;\">@<\/span><\/td>\n<\/tr>\n<tr>\n<td style=\"width: 1.63934%; height: 425px;\">#LescolaParla<br \/>\n#TeixintMons<br \/>\n#rodajoc<br \/>\n#rodajocCAT<br \/>\n#CienciaPlec<br \/>\n#Ci\u00e8nciaCompromesa<br \/>\n#Apuntdellegir<br \/>\n#BibliotecAE<br \/>\n#Comarcademuseu<br \/>\n#Trenant<br \/>\n#EnglishTimeSEC<br \/>\n#FTR<br \/>\n#F\u00f2rumtreballsderecercaAE<br \/>\n#SEAE<br \/>\n#jugamat<br \/>\n#ContePerRelleus<br \/>\n#TEC<br \/>\n#MostraPoesiaSEC<br \/>\n#ClubsdeLecturaSEC<br \/>\n#Cantarella<br \/>\n#Cant\u00e0niaAE<\/td>\n<td style=\"width: 2.95082%; height: 425px;\">@sealtemporda<br \/>\n@jugamat<\/td>\n<\/tr>\n<\/tbody>\n<\/table>\n<p>&nbsp;<\/p>\n<p><img loading=\"lazy\" decoding=\"async\" class=\"aligncenter size-full wp-image-22360\" src=\"https:\/\/serveiseducatius.xtec.cat\/altemporda\/wp-content\/uploads\/usu1156\/2024\/02\/Mural-2Petit.jpg\" alt=\"\" width=\"900\" height=\"138\" srcset=\"https:\/\/serveiseducatius.xtec.cat\/altemporda\/wp-content\/uploads\/usu1156\/2024\/02\/Mural-2Petit.jpg 900w, https:\/\/serveiseducatius.xtec.cat\/altemporda\/wp-content\/uploads\/usu1156\/2024\/02\/Mural-2Petit-300x46.jpg 300w, https:\/\/serveiseducatius.xtec.cat\/altemporda\/wp-content\/uploads\/usu1156\/2024\/02\/Mural-2Petit-768x118.jpg 768w\" sizes=\"auto, (max-width: 900px) 100vw, 900px\" \/><\/p>\n<div style=\"display: block; text-align: center; margin-right: auto; margin-left: auto;\"><\/div>\n<p><i><span style=\"font-size: xx-small;\"><span style=\"font-size: 8pt;\">Com a cap\u00e7alera del nostre web utilitzem una reproducci\u00f3 del mural de la pla\u00e7a de la vila d&#8217;Ordis, a Figueres, obra dels artistes Ricard Ans\u00f3n, Daniel Lleix\u00e0, Josep Ministral, Llu\u00eds Roura i Ramon Pujolboira, i que porta per nom &#8220;Cinc visions d&#8217;un espai empordan\u00e8s&#8221;. La reproducci\u00f3 en mosaic \u00e9s obra de l&#8217;artes\u00e0 Armand Oliv\u00e9.<\/span><br \/>\n<\/span><\/i><\/p>\n<hr \/>\n","protected":false},"excerpt":{"rendered":"<p>Per refor\u00e7ar la identitat corporativa dels centres docents p\u00fablics del Departament d&#8217;Educaci\u00f3 i Formaci\u00f3 Professional davant la comunitat educativa, es considera oport\u00fa que presentin, a les comunicacions i elements de projecci\u00f3 externa, elements comuns recollits a l&#8217;espai Identidat. Pel que fa a la identificaci\u00f3 gr\u00e0fica dels webs dels centres docents de titularitat del Departament d\u2019Ensenyament, [&hellip;]<\/p>\n","protected":false},"author":1,"featured_media":0,"parent":806,"menu_order":5,"comment_status":"closed","ping_status":"closed","template":"page-templates\/side-menu.php","meta":{"_bbp_topic_count":0,"_bbp_reply_count":0,"_bbp_total_topic_count":0,"_bbp_total_reply_count":0,"_bbp_voice_count":0,"_bbp_anonymous_reply_count":0,"_bbp_topic_count_hidden":0,"_bbp_reply_count_hidden":0,"_bbp_forum_subforum_count":0,"site-sidebar-layout":"default","site-content-layout":"","ast-site-content-layout":"","site-content-style":"default","site-sidebar-style":"default","ast-global-header-display":"","ast-banner-title-visibility":"","ast-main-header-display":"","ast-hfb-above-header-display":"","ast-hfb-below-header-display":"","ast-hfb-mobile-header-display":"","site-post-title":"","ast-breadcrumbs-content":"","ast-featured-img":"","footer-sml-layout":"","theme-transparent-header-meta":"","adv-header-id-meta":"","stick-header-meta":"","header-above-stick-meta":"","header-main-stick-meta":"","header-below-stick-meta":"","astra-migrate-meta-layouts":"default","ast-page-background-enabled":"default","ast-page-background-meta":{"desktop":{"background-color":"var(--ast-global-color-4)","background-image":"","background-repeat":"repeat","background-position":"center center","background-size":"auto","background-attachment":"scroll","background-type":"","background-media":"","overlay-type":"","overlay-color":"","overlay-opacity":"","overlay-gradient":""},"tablet":{"background-color":"","background-image":"","background-repeat":"repeat","background-position":"center center","background-size":"auto","background-attachment":"scroll","background-type":"","background-media":"","overlay-type":"","overlay-color":"","overlay-opacity":"","overlay-gradient":""},"mobile":{"background-color":"","background-image":"","background-repeat":"repeat","background-position":"center center","background-size":"auto","background-attachment":"scroll","background-type":"","background-media":"","overlay-type":"","overlay-color":"","overlay-opacity":"","overlay-gradient":""}},"ast-content-background-meta":{"desktop":{"background-color":"var(--ast-global-color-5)","background-image":"","background-repeat":"repeat","background-position":"center center","background-size":"auto","background-attachment":"scroll","background-type":"","background-media":"","overlay-type":"","overlay-color":"","overlay-opacity":"","overlay-gradient":""},"tablet":{"background-color":"var(--ast-global-color-5)","background-image":"","background-repeat":"repeat","background-position":"center center","background-size":"auto","background-attachment":"scroll","background-type":"","background-media":"","overlay-type":"","overlay-color":"","overlay-opacity":"","overlay-gradient":""},"mobile":{"background-color":"var(--ast-global-color-5)","background-image":"","background-repeat":"repeat","background-position":"center center","background-size":"auto","background-attachment":"scroll","background-type":"","background-media":"","overlay-type":"","overlay-color":"","overlay-opacity":"","overlay-gradient":""}},"footnotes":""},"class_list":["post-9781","page","type-page","status-publish","hentry"],"post_mailing_queue_ids":[],"_links":{"self":[{"href":"https:\/\/serveiseducatius.xtec.cat\/altemporda\/wp-json\/wp\/v2\/pages\/9781","targetHints":{"allow":["GET"]}}],"collection":[{"href":"https:\/\/serveiseducatius.xtec.cat\/altemporda\/wp-json\/wp\/v2\/pages"}],"about":[{"href":"https:\/\/serveiseducatius.xtec.cat\/altemporda\/wp-json\/wp\/v2\/types\/page"}],"author":[{"embeddable":true,"href":"https:\/\/serveiseducatius.xtec.cat\/altemporda\/wp-json\/wp\/v2\/users\/1"}],"replies":[{"embeddable":true,"href":"https:\/\/serveiseducatius.xtec.cat\/altemporda\/wp-json\/wp\/v2\/comments?post=9781"}],"version-history":[{"count":6,"href":"https:\/\/serveiseducatius.xtec.cat\/altemporda\/wp-json\/wp\/v2\/pages\/9781\/revisions"}],"predecessor-version":[{"id":24379,"href":"https:\/\/serveiseducatius.xtec.cat\/altemporda\/wp-json\/wp\/v2\/pages\/9781\/revisions\/24379"}],"up":[{"embeddable":true,"href":"https:\/\/serveiseducatius.xtec.cat\/altemporda\/wp-json\/wp\/v2\/pages\/806"}],"wp:attachment":[{"href":"https:\/\/serveiseducatius.xtec.cat\/altemporda\/wp-json\/wp\/v2\/media?parent=9781"}],"curies":[{"name":"wp","href":"https:\/\/api.w.org\/{rel}","templated":true}]}}